{"id":4724,"date":"2023-11-11T14:33:57","date_gmt":"2023-11-11T13:33:57","guid":{"rendered":"https:\/\/vetomshop.hu\/termek\/gyulladascsokkento-jelado\/"},"modified":"2023-11-11T14:33:57","modified_gmt":"2023-11-11T13:33:57","slug":"gyulladascsokkento-jelado","status":"publish","type":"product","link":"https:\/\/vetomshop.hu\/en\/product\/gyulladascsokkento-jelado\/","title":{"rendered":"Anti-inflammatory beacon"},"content":{"rendered":"<h4>Anti-inflammatory radiator, No 26.<\/h4>\n<p>Operating time: 13 minutes<\/p>\n<p><strong>Impact:<\/strong><\/p>\n<p>It acts on the immune system, with a frequency that matches the frequency of the lymphatic system and some structures of the autonomic nervous system (peripheral, segmental, suprasegmental chains).<\/p>\n<ul>\n<li>Improves lymphatic circulation,<\/li>\n<li>the quality of lymphocytes,<\/li>\n<li>accelerates the elimination of toxic substances from the intercellular fluid,<\/li>\n<li>accelerates wound healing, cell and tissue regeneration,<\/li>\n<li>helps detoxify the body,<\/li>\n<li>has an anti-edema effect,<\/li>\n<li>analgesic effect,<\/li>\n<li>immune system boosting effect,<\/li>\n<li>anti-inflammatory effect,<\/li>\n<li>eliminates scarring,<\/li>\n<li>activates bone marrow function,<\/li>\n<li>increases the body's resistance,<\/li>\n<li>structures water.<\/li>\n<\/ul>\n<div class=\"su-spoiler su-spoiler-style-defoult su-spoiler-icon-caret su-spoiler-closed\" data-scroll-offset=\"0\" data-anchor-in-url=\"no\"><div class=\"su-spoiler-title\" tabindex=\"0\" role=\"button\"><span class=\"su-spoiler-icon\"><\/span>All<\/div><div class=\"su-spoiler-content su-u-clearfix su-u-trim\">\n<p>Recommended application areas: lymphatic surface zones, lymph node projections, wound surfaces, biologically active sites (BAT).<\/p>\n<p>Applicable to:<\/p>\n<ul>\n<li>detoxifying the body<\/li>\n<li>accelerate the regeneration process after surgery or fractures<\/li>\n<li>normalisation of blood count after chemotherapy and radiotherapy<\/li>\n<li>in the rehabilitation phase after serious illnesses and physical exertion<\/li>\n<li>regulation of the immune system in acute and chronic diseases<\/li>\n<li>slowing of lymphatic circulation of various origins (including oedema), inflammatory processes<\/li>\n<li>in cosmetics: improving the lymphatic circulation of the skin<\/li>\n<li>elimination of intoxication from various causes (alcohol, narcotic, food, chemical, serious illness)<\/li>\n<li>in allergic reactions.<\/li>\n<\/ul>\n<\/div><\/div>","protected":false},"excerpt":{"rendered":"<p>Gyullad\u00e1scs\u00f6kkent\u0151 sug\u00e1rz\u00f3, 26. sz. M\u0171k\u00f6d\u00e9s\u00e9nek ideje: 13 perc Hat\u00e1sa: Hat az immunrendszerre, rezg\u00e9se megegyezik a nyirokrendszer frekvenci\u00e1j\u00e1val, valamint a vegetat\u00edv idegrendszer n\u00e9h\u00e1ny strukt\u00far\u00e1j\u00e1val (perif\u00e9ri\u00e1s, szegment\u00e1lis, szegmens feletti l\u00e1ncok). Jav\u00edtja a nyirokkering\u00e9st, a limfocit\u00e1k min\u0151s\u00e9g\u00e9t, gyors\u00edtja a toxikus anyagok ki\u00fcr\u00edt\u00e9s\u00e9t a sejtk\u00f6zti folyad\u00e9kb\u00f3l, gyors\u00edtja a sebek begy\u00f3gyul\u00e1s\u00e1t, a sejtek \u00e9s sz\u00f6vetek regener\u00e1l\u00f3d\u00e1s\u00e1t, el\u0151seg\u00edti a szervezet m\u00e9regtelen\u00edt\u00e9s\u00e9t, [&hellip;]<\/p>\n","protected":false},"featured_media":4723,"comment_status":"open","ping_status":"closed","template":"","meta":[],"product_brand":[],"product_cat":[35,32],"product_tag":[],"class_list":{"0":"post-4724","1":"product","2":"type-product","3":"status-publish","4":"has-post-thumbnail","6":"product_cat-csatlakoztathato-jeladok","7":"product_cat-triomed","9":"first","10":"instock","11":"taxable","12":"shipping-taxable","13":"purchasable","14":"product-type-simple"},"_links":{"self":[{"href":"https:\/\/vetomshop.hu\/en\/wp-json\/wp\/v2\/product\/4724","targetHints":{"allow":["GET"]}}],"collection":[{"href":"https:\/\/vetomshop.hu\/en\/wp-json\/wp\/v2\/product"}],"about":[{"href":"https:\/\/vetomshop.hu\/en\/wp-json\/wp\/v2\/types\/product"}],"replies":[{"embeddable":true,"href":"https:\/\/vetomshop.hu\/en\/wp-json\/wp\/v2\/comments?post=4724"}],"wp:featuredmedia":[{"embeddable":true,"href":"https:\/\/vetomshop.hu\/en\/wp-json\/wp\/v2\/media\/4723"}],"wp:attachment":[{"href":"https:\/\/vetomshop.hu\/en\/wp-json\/wp\/v2\/media?parent=4724"}],"wp:term":[{"taxonomy":"product_brand","embeddable":true,"href":"https:\/\/vetomshop.hu\/en\/wp-json\/wp\/v2\/product_brand?post=4724"},{"taxonomy":"product_cat","embeddable":true,"href":"https:\/\/vetomshop.hu\/en\/wp-json\/wp\/v2\/product_cat?post=4724"},{"taxonomy":"product_tag","embeddable":true,"href":"https:\/\/vetomshop.hu\/en\/wp-json\/wp\/v2\/product_tag?post=4724"}],"curies":[{"name":"wp","href":"https:\/\/api.w.org\/{rel}","templated":true}]}}