{"id":4726,"date":"2023-11-11T14:33:58","date_gmt":"2023-11-11T13:33:58","guid":{"rendered":"https:\/\/vetomshop.hu\/termek\/infravoros-jelado\/"},"modified":"2023-11-11T14:33:58","modified_gmt":"2023-11-11T13:33:58","slug":"infravoros-jelado","status":"publish","type":"product","link":"https:\/\/vetomshop.hu\/en\/product\/infravoros-jelado\/","title":{"rendered":"Infrared beacon"},"content":{"rendered":"<h4>Infrared emitter IV<\/h4>\n<p>Infrared radiation (IV radiation) - electromagnetic radiation, part of the Sun's rays. IV rays have anti-inflammatory, antispasmodic, dispersing (absorption), analgesic effects.<\/p>\n<p><strong>The benefits of the Triomed Universal IV radiator:<\/strong><\/p>\n<p>Thanks to new materials and technologies, we have succeeded in creating a low-intensity pulsed, modulated-acting IV radiation source operating in a specific programme, which can be used to exert an energy-informing effect primarily at the cellular level - and at the level of the cell's constituents.<\/p>\n<p>It provides the cell with energy through resonance, which activates the metabolic processes and increases energy levels in case of oxygen deficiency.<br \/>\nThese processes, in addition to being positive in themselves, help the body to millimetre - therapy and in many cases increase its effectiveness.<\/p>\n<p>IV radiotherapy is indicated for: chronic and post-acute (pre-acute) non-purulent inflammatory internal organ diseases, poorly healing wounds and wounds caused by thrombosis, painful diseases of the peripheral nervous system, post-operative treatment of burns and frostbite, vegetative dysfunction, sympathalgia.<\/p>\n<p>Contraindications to the use of IV radiotherapy: benign or malignant neoplasms, active phase of tuberculosis, stage III hypertension, haemorrhage and grade IIIII circulatory disorders.<\/p>\n<div class=\"su-spoiler su-spoiler-style-defoult su-spoiler-icon-caret su-spoiler-closed\" data-scroll-offset=\"0\" data-anchor-in-url=\"no\"><div class=\"su-spoiler-title\" tabindex=\"0\" role=\"button\"><span class=\"su-spoiler-icon\"><\/span>All<\/div><div class=\"su-spoiler-content su-u-clearfix su-u-trim\"><strong>The main clinical effects of the Triomed Universal IV irradiator:<\/strong><\/p>\n<ul>\n<li>improves blood circulation,<\/li>\n<li>normalises microcirculation,<\/li>\n<li>optimises the activity of the nervous, hormonal and immune systems,<\/li>\n<li>helps cell regeneration.<\/li>\n<\/ul>\n<p><strong>How to use:<\/strong><\/p>\n<ul>\n<li>The infrared light diode is used to target the points and areas that need to be prepared, or \u201ewarmed up\u201d, before the special millimetre treatment. The treatment takes 5 minutes per area.<\/li>\n<li>It can be used to promote the absorption of scars for 10 minutes a day for 2 weeks.<\/li>\n<li>For the treatment of chronic, slow inflammatory diseases (at the focus of the disease). The treatment lasts 10 minutes, applied to the affected organ, for 2 weeks.<\/li>\n<li>In type II diabetes to promote insulin sensitivity and to promote insulin production. Treat the projection of the pancreas for 5 minutes a day for 2 weeks.<\/li>\n<li>To promote the healing of various wounds and trophic wounds, it is recommended to treat the eye area and the focus of the tumours for 5 minutes over 2 weeks before the millimetre therapy.<\/li>\n<\/ul>\n<\/div><\/div>","protected":false},"excerpt":{"rendered":"<p>Infrav\u00f6r\u00f6s sug\u00e1rz\u00f3 IV Az infrav\u00f6r\u00f6s sug\u00e1rz\u00e1s (IV-sug\u00e1rz\u00e1s) \u2013 elektrom\u00e1gneses sug\u00e1rz\u00e1s, a Nap sugarainak r\u00e9sze. Az IV-sugarak gyullad\u00e1scs\u00f6kkent\u0151, g\u00f6rcsold\u00f3, sz\u00e9toszlat\u00f3 (felsz\u00edv\u00f3d\u00e1st el\u0151seg\u00edt\u0151), f\u00e1jdalomcsillap\u00edt\u00f3 hat\u00e1ssal rendelkeznek. A Triomed Universal k\u00e9sz\u00fcl\u00e9k IV-sug\u00e1rz\u00f3j\u00e1nak el\u0151nyei: Az \u00faj anyagoknak \u00e9s technol\u00f3gi\u00e1knak k\u00f6sz\u00f6nhet\u0151en siker\u00fclt l\u00e9trehozni olyan speci\u00e1lis programban m\u0171k\u00f6d\u0151 alacsony intenzit\u00e1s\u00fa pulz\u00e1l\u00f3, modul\u00e1lt hat\u00e1s\u00fa IV-sug\u00e1rz\u00f3t, mely seg\u00edts\u00e9g\u00e9vel els\u0151sorban energoinform\u00e1ci\u00f3s hat\u00e1st tudunk gyakorolni [&hellip;]<\/p>\n","protected":false},"featured_media":4725,"comment_status":"open","ping_status":"closed","template":"","meta":[],"product_brand":[],"product_cat":[35,32],"product_tag":[],"class_list":{"0":"post-4726","1":"product","2":"type-product","3":"status-publish","4":"has-post-thumbnail","6":"product_cat-csatlakoztathato-jeladok","7":"product_cat-triomed","9":"first","10":"instock","11":"taxable","12":"shipping-taxable","13":"purchasable","14":"product-type-simple"},"_links":{"self":[{"href":"https:\/\/vetomshop.hu\/en\/wp-json\/wp\/v2\/product\/4726","targetHints":{"allow":["GET"]}}],"collection":[{"href":"https:\/\/vetomshop.hu\/en\/wp-json\/wp\/v2\/product"}],"about":[{"href":"https:\/\/vetomshop.hu\/en\/wp-json\/wp\/v2\/types\/product"}],"replies":[{"embeddable":true,"href":"https:\/\/vetomshop.hu\/en\/wp-json\/wp\/v2\/comments?post=4726"}],"wp:featuredmedia":[{"embeddable":true,"href":"https:\/\/vetomshop.hu\/en\/wp-json\/wp\/v2\/media\/4725"}],"wp:attachment":[{"href":"https:\/\/vetomshop.hu\/en\/wp-json\/wp\/v2\/media?parent=4726"}],"wp:term":[{"taxonomy":"product_brand","embeddable":true,"href":"https:\/\/vetomshop.hu\/en\/wp-json\/wp\/v2\/product_brand?post=4726"},{"taxonomy":"product_cat","embeddable":true,"href":"https:\/\/vetomshop.hu\/en\/wp-json\/wp\/v2\/product_cat?post=4726"},{"taxonomy":"product_tag","embeddable":true,"href":"https:\/\/vetomshop.hu\/en\/wp-json\/wp\/v2\/product_tag?post=4726"}],"curies":[{"name":"wp","href":"https:\/\/api.w.org\/{rel}","templated":true}]}}