{"id":4730,"date":"2023-11-11T14:33:58","date_gmt":"2023-11-11T13:33:58","guid":{"rendered":"https:\/\/vetomshop.hu\/termek\/oxigenizalo-jelado\/"},"modified":"2023-11-11T14:33:58","modified_gmt":"2023-11-11T13:33:58","slug":"oxigenizalo-jelado","status":"publish","type":"product","link":"https:\/\/vetomshop.hu\/en\/product\/oxigenizalo-jelado\/","title":{"rendered":"Oxygenating transmitter"},"content":{"rendered":"<h4>Oxygen emitter, no. 11.<\/h4>\n<p><strong>Operating time:<\/strong> 10 minutes.<\/p>\n<p>The wavelength corresponds to the frequencies of the respiratory chain (blood hemoglobin, mitochondria, ferments), improves oxygen transport and utilization, increases ATP synthesis, promotes cellular respiration in the tissue. The low frequency corresponds to the frequency of the immune system.<\/p>\n<ul>\n<li>Improves microcirculation,<\/li>\n<li>It has an immune-modulating effect,<\/li>\n<li>It reduces oxygen deficiency in tissues, oxygenates tissues, has a disaggregating effect (prevents the aggregation of erythrocytes and other blood cells), reduces blood clotting,<\/li>\n<li>It promotes the healing of wounds,<\/li>\n<li>It helps to eliminate scarring,<\/li>\n<li>It has an analgesic effect,<\/li>\n<li>It helps detoxify the body,<\/li>\n<li>Antispasmodic effect,<\/li>\n<li>Promotes blood formation, normalises the blood count,<\/li>\n<li>improves microcirculation,<\/li>\n<li>It has an immune-modulating effect,<\/li>\n<li>Reduces oxygen deficiency in tissues, enriches tissues with oxygen,<\/li>\n<li>It has a disaggregating effect (prevents the aggregation of erythrocytes and other blood cells), reduces blood clotting,<\/li>\n<li>It promotes the healing of wounds,<\/li>\n<li>It helps to eliminate scarring,<\/li>\n<li>It has an analgesic effect,<\/li>\n<li>It helps detoxify the body,<\/li>\n<li>Antispasmodic effect,<\/li>\n<li>Promotes blood formation, normalises the blood count,<\/li>\n<li>It has a rejuvenating effect,<\/li>\n<li>It structures the water.<\/li>\n<\/ul>\n<div class=\"su-spoiler su-spoiler-style-defoult su-spoiler-icon-caret su-spoiler-closed\" data-scroll-offset=\"0\" data-anchor-in-url=\"no\"><div class=\"su-spoiler-title\" tabindex=\"0\" role=\"button\"><span class=\"su-spoiler-icon\"><\/span>All<\/div><div class=\"su-spoiler-content su-u-clearfix su-u-trim\">\n<p>Recommended area of application: large blood vessel zones - veins, arteries, biologically active points.<\/p>\n<p><strong>Applicable to:<\/strong><\/p>\n<ul>\n<li>to normalise the immune system in acute and chronic diseases,<\/li>\n<li>improve general well-being, stamina, concentration in case of physical and mental stress,<\/li>\n<li>prevention of heart attack, stroke,<\/li>\n<li>post-infarction, post-stroke care,<\/li>\n<li>accelerate regeneration processes,<\/li>\n<li>treatment of wounds and post-operative scars,<\/li>\n<li>fracture management,<\/li>\n<li>normalisation of the blood count,<\/li>\n<li>after radiotherapy,<\/li>\n<li>rehabilitation after serious illness and heavy physical work,<\/li>\n<li>stimulating cerebral circulation,2<\/li>\n<li>in cosmetics: helps the skin to absorb nutrients,<\/li>\n<li>for athletes: increases endurance,<\/li>\n<li>helps schoolchildren and students to learn,<\/li>\n<li>to counter the harmful effects of computers,<\/li>\n<li>in the treatment of stress and chronic fatigue syndrome,<\/li>\n<li>in the field of cosmetics to improve the condition of the skin,<\/li>\n<li>treatment or prevention of animal diseases<\/li>\n<\/ul>\n<\/div><\/div>","protected":false},"excerpt":{"rendered":"<p>Oxig\u00e9n sug\u00e1rz\u00f3, 11. sz. M\u0171k\u00f6d\u00e9si ideje: 10 perc. A hull\u00e1mhossz megfelel a l\u00e9gz\u00e9si l\u00e1nc frekvenci\u00e1inak (a v\u00e9r hemoglobinja, mitokondriumok, fermentumok), javul az oxig\u00e9n sz\u00e1ll\u00edt\u00e1sa \u00e9s hasznos\u00edt\u00e1sa, n\u00f6vekszik ATP-szint\u00e9zis, el\u0151seg\u00edti a sz\u00f6vetben a sejtek l\u00e9gz\u00e9s\u00e9t. Az alacsony frekvencia megfelel az immunrendszer frekvenci\u00e1j\u00e1nak. Jav\u00edtja a mikrokering\u00e9st, Immun-modul\u00e1ci\u00f3s hat\u00e1sa van, Cs\u00f6kkenti az oxig\u00e9nhi\u00e1nyt a sz\u00f6vetekben, oxig\u00e9nnel d\u00fas\u00edtja a [&hellip;]<\/p>\n","protected":false},"featured_media":4729,"comment_status":"open","ping_status":"closed","template":"","meta":[],"product_brand":[],"product_cat":[35,32],"product_tag":[],"class_list":{"0":"post-4730","1":"product","2":"type-product","3":"status-publish","4":"has-post-thumbnail","6":"product_cat-csatlakoztathato-jeladok","7":"product_cat-triomed","9":"first","10":"instock","11":"taxable","12":"shipping-taxable","13":"purchasable","14":"product-type-simple"},"_links":{"self":[{"href":"https:\/\/vetomshop.hu\/en\/wp-json\/wp\/v2\/product\/4730","targetHints":{"allow":["GET"]}}],"collection":[{"href":"https:\/\/vetomshop.hu\/en\/wp-json\/wp\/v2\/product"}],"about":[{"href":"https:\/\/vetomshop.hu\/en\/wp-json\/wp\/v2\/types\/product"}],"replies":[{"embeddable":true,"href":"https:\/\/vetomshop.hu\/en\/wp-json\/wp\/v2\/comments?post=4730"}],"wp:featuredmedia":[{"embeddable":true,"href":"https:\/\/vetomshop.hu\/en\/wp-json\/wp\/v2\/media\/4729"}],"wp:attachment":[{"href":"https:\/\/vetomshop.hu\/en\/wp-json\/wp\/v2\/media?parent=4730"}],"wp:term":[{"taxonomy":"product_brand","embeddable":true,"href":"https:\/\/vetomshop.hu\/en\/wp-json\/wp\/v2\/product_brand?post=4730"},{"taxonomy":"product_cat","embeddable":true,"href":"https:\/\/vetomshop.hu\/en\/wp-json\/wp\/v2\/product_cat?post=4730"},{"taxonomy":"product_tag","embeddable":true,"href":"https:\/\/vetomshop.hu\/en\/wp-json\/wp\/v2\/product_tag?post=4730"}],"curies":[{"name":"wp","href":"https:\/\/api.w.org\/{rel}","templated":true}]}}