{"id":4739,"date":"2023-11-11T14:34:00","date_gmt":"2023-11-11T13:34:00","guid":{"rendered":"https:\/\/vetomshop.hu\/termek\/trio-women-jelado\/"},"modified":"2023-11-11T14:34:00","modified_gmt":"2023-11-11T13:34:00","slug":"trio-women-jelado","status":"publish","type":"product","link":"https:\/\/vetomshop.hu\/en\/product\/trio-women-jelado\/","title":{"rendered":"Trio-women beacon"},"content":{"rendered":"<h4>Special Trio-Women radiator<\/h4>\n<p>For women, no. 8.<\/p>\n<p>Recommended: to optimise the functional reserves and adaptive capacity of the human body as a result of negative environmental influences, lifestyle or disease.<\/p>\n<p><strong>Recommended for: <\/strong>for girls, women.<\/p>\n<p><strong>Impact:<\/strong> general health-promoting effect taking into account the characteristics of the female organism (psycho-emotional sphere, neurohumoral regulation).<\/p>\n<p><strong>Mechanism of action:<\/strong> The programme (carrier frequency, low frequency modulation and amplitude parameters) has been specifically designed to help the female body when used in a system.<\/p>\n<p>The application of radiotherapy in a course of treatment normalises trophic and metabolic processes in cells and tissues, regenerates them, has a general harmonising effect on organs, organ systems and the body as a whole, and increases the non-specific resistance of the body. The positive results are due to the bioresonance feedback from the cells, the atomic physiological system and the neurogumoral regulatory system, on the one hand, and to the activation of the adaptation mechanism (general adaptation syndrome), on the other.<\/p>\n<div class=\"su-spoiler su-spoiler-style-defoult su-spoiler-icon-caret su-spoiler-closed\" data-scroll-offset=\"0\" data-anchor-in-url=\"no\"><div class=\"su-spoiler-title\" tabindex=\"0\" role=\"button\"><span class=\"su-spoiler-icon\"><\/span>All<\/div><div class=\"su-spoiler-content su-u-clearfix su-u-trim\">\n<p><strong>Recommended for:<\/strong><\/p>\n<ol>\n<li>For reduced work capacity and moodiness, psycho-emotional instability, insomnia as a consequence of chronic fatigue.<\/li>\n<li>For the treatment and prevention of female genital disorders and the unpleasant symptoms that accompany menopause, and to strengthen fertility and sexual health.<\/li>\n<li>Common in colds.<\/li>\n<li>Aspecific prevention of influenza and colds.<\/li>\n<li>Weakening of the immune system during recovery or rehabilitation after illness.<\/li>\n<\/ol>\n<\/div><\/div>","protected":false},"excerpt":{"rendered":"<p>Speci\u00e1lis Trio-Women sug\u00e1rz\u00f3 N\u0151k sz\u00e1m\u00e1ra, 8.sz. Javasolt: a funkcion\u00e1lis tartal\u00e9kok \u00e9s az emberi szervezet adapt\u00e1ci\u00f3s lehet\u0151s\u00e9geinek optimiz\u00e1l\u00e1s\u00e1hoz, melyek a negat\u00edv k\u00f6rnyezeti hat\u00e1sok, \u00e9letm\u00f3d vagy betegs\u00e9g k\u00f6vetkezt\u00e9ben l\u00e9ptek fel. Aj\u00e1nlott: l\u00e1nyok, n\u0151k sz\u00e1m\u00e1ra. Hat\u00e1sa: a n\u0151i szervezet jellemz\u0151it figyelembe vev\u0151 (pszicho-emocion\u00e1lis szf\u00e9ra, neurohumor\u00e1lis szab\u00e1lyoz\u00e1s) \u00e1ltal\u00e1nos eg\u00e9szs\u00e9gmeger\u0151s\u00edt\u0151 hat\u00e1s. Hat\u00e1smechanizmus: A program (hordoz\u00f3 frekvencia, alacsony frekvenci\u00e1j\u00fa modul\u00e1ci\u00f3 \u00e9s [&hellip;]<\/p>\n","protected":false},"featured_media":4738,"comment_status":"open","ping_status":"closed","template":"","meta":[],"product_brand":[],"product_cat":[35,32],"product_tag":[],"class_list":{"0":"post-4739","1":"product","2":"type-product","3":"status-publish","4":"has-post-thumbnail","6":"product_cat-csatlakoztathato-jeladok","7":"product_cat-triomed","9":"first","10":"instock","11":"taxable","12":"shipping-taxable","13":"purchasable","14":"product-type-simple"},"_links":{"self":[{"href":"https:\/\/vetomshop.hu\/en\/wp-json\/wp\/v2\/product\/4739","targetHints":{"allow":["GET"]}}],"collection":[{"href":"https:\/\/vetomshop.hu\/en\/wp-json\/wp\/v2\/product"}],"about":[{"href":"https:\/\/vetomshop.hu\/en\/wp-json\/wp\/v2\/types\/product"}],"replies":[{"embeddable":true,"href":"https:\/\/vetomshop.hu\/en\/wp-json\/wp\/v2\/comments?post=4739"}],"wp:featuredmedia":[{"embeddable":true,"href":"https:\/\/vetomshop.hu\/en\/wp-json\/wp\/v2\/media\/4738"}],"wp:attachment":[{"href":"https:\/\/vetomshop.hu\/en\/wp-json\/wp\/v2\/media?parent=4739"}],"wp:term":[{"taxonomy":"product_brand","embeddable":true,"href":"https:\/\/vetomshop.hu\/en\/wp-json\/wp\/v2\/product_brand?post=4739"},{"taxonomy":"product_cat","embeddable":true,"href":"https:\/\/vetomshop.hu\/en\/wp-json\/wp\/v2\/product_cat?post=4739"},{"taxonomy":"product_tag","embeddable":true,"href":"https:\/\/vetomshop.hu\/en\/wp-json\/wp\/v2\/product_tag?post=4739"}],"curies":[{"name":"wp","href":"https:\/\/api.w.org\/{rel}","templated":true}]}}