{"id":4741,"date":"2023-11-11T14:34:00","date_gmt":"2023-11-11T13:34:00","guid":{"rendered":"https:\/\/vetomshop.hu\/termek\/sigma-medal\/"},"modified":"2023-11-11T14:34:00","modified_gmt":"2023-11-11T13:34:00","slug":"sigma-medal","status":"publish","type":"product","link":"https:\/\/vetomshop.hu\/en\/product\/sigma-medal\/","title":{"rendered":"Sigma Medal"},"content":{"rendered":"<p>The <strong>SIGMA Health Medal<\/strong> is to restore the normal physiological processes of the hair follicles, to increase their resistance to adverse environmental factors and increased stress, to prolong the hair growth phase and thus increase overall hair density.<\/p>\n<p><strong>Effects:<\/strong><\/p>\n<ul>\n<li>normalises blood circulation, immune status and metabolism in the hair follicles, preventing the development of atrophy;<\/li>\n<li>reduces the severity of inflammatory processes in the skin and hair follicles;<\/li>\n<li>helps to normalise metabolic processes in the skin and the body as a whole; prevents the development of alopecia areata (patchy hair loss).<\/li>\n<\/ul>\n<p>The SIGMA health pendant has a positive effect on the state of the body's functions, can be used as a tool for optimization and correction in combination with other alopecia areata (patchy hair loss) treatments<br \/>\nand other methods of prevention.<\/p>\n<div class=\"su-spoiler su-spoiler-style-defoult su-spoiler-icon-caret su-spoiler-closed\" data-scroll-offset=\"0\" data-anchor-in-url=\"no\"><div class=\"su-spoiler-title\" tabindex=\"0\" role=\"button\"><span class=\"su-spoiler-icon\"><\/span>All<\/div><div class=\"su-spoiler-content su-u-clearfix su-u-trim\">\n<p><strong>Types of patchy hair loss:<\/strong><\/p>\n<p>Based on the extent of hair loss, patchy hair loss is divided into the following types:<\/p>\n<ul>\n<li>Alopecia areata unilocularis: hair falls out in only one patch<\/li>\n<li>Alopecia areata multilocularis: multiple patches of scarring<\/li>\n<li>Alopecia areata subtotalis: hair falls out almost all over the scalp3<\/li>\n<li>Alopecia areata totalis: all the hairs fall out of the scalp Alopecia areata universalis: hair loss affects the scalp and the whole body<\/li>\n<li>Ophiasis type: a specific form of alopecia areata, characterised by hair falling out mainly from the outer areas of the scalp, usually from the back of the head, sometimes from the<br \/>\nfrom the temples or the forehead.<\/li>\n<\/ul>\n<p>In addition to the types listed above, the SIGMA Medallion can be used in cases of hair loss caused by chemotherapy, radiotherapy or endocrine dysfunction.<\/p>\n<\/div><\/div>","protected":false},"excerpt":{"rendered":"<p>A SIGMA Eg\u00e9szs\u00e9g Med\u00e1l feladata a sz\u0151rt\u00fcsz\u0151k norm\u00e1l fiziol\u00f3giai folyamatainak helyre\u00e1ll\u00edt\u00e1sa, a kedvez\u0151tlen k\u00f6rnyezeti t\u00e9nyez\u0151kkel \u00e9s a megn\u00f6vekedett stresszterhel\u00e9ssel szembeni ellen\u00e1ll\u00f3 k\u00e9pess\u00e9g\u00fck n\u00f6vel\u00e9se, a hajn\u00f6veked\u00e9s szakasz\u00e1nak meghosszabb\u00edt\u00e1sa, ez\u00e1ltal a teljes hajs\u0171r\u0171s\u00e9g n\u00f6vel\u00e9se. Hat\u00e1sok: normaliz\u00e1lja a v\u00e9rkering\u00e9st, az immun\u00e1llapotot \u00e9s az anyagcser\u00e9t a sz\u0151rt\u00fcsz\u0151kben, megel\u0151zve az atr\u00f3fia kialakul\u00e1s\u00e1t; cs\u00f6kkenti a b\u0151r \u00e9s a sz\u0151rt\u00fcsz\u0151k gyullad\u00e1sos folyamatainak [&hellip;]<\/p>\n","protected":false},"featured_media":4740,"comment_status":"open","ping_status":"closed","template":"","meta":[],"product_brand":[],"product_cat":[33,32],"product_tag":[],"class_list":{"0":"post-4741","1":"product","2":"type-product","3":"status-publish","4":"has-post-thumbnail","6":"product_cat-egeszseg-medalok","7":"product_cat-triomed","9":"first","10":"instock","11":"taxable","12":"shipping-taxable","13":"purchasable","14":"product-type-simple"},"_links":{"self":[{"href":"https:\/\/vetomshop.hu\/en\/wp-json\/wp\/v2\/product\/4741","targetHints":{"allow":["GET"]}}],"collection":[{"href":"https:\/\/vetomshop.hu\/en\/wp-json\/wp\/v2\/product"}],"about":[{"href":"https:\/\/vetomshop.hu\/en\/wp-json\/wp\/v2\/types\/product"}],"replies":[{"embeddable":true,"href":"https:\/\/vetomshop.hu\/en\/wp-json\/wp\/v2\/comments?post=4741"}],"wp:featuredmedia":[{"embeddable":true,"href":"https:\/\/vetomshop.hu\/en\/wp-json\/wp\/v2\/media\/4740"}],"wp:attachment":[{"href":"https:\/\/vetomshop.hu\/en\/wp-json\/wp\/v2\/media?parent=4741"}],"wp:term":[{"taxonomy":"product_brand","embeddable":true,"href":"https:\/\/vetomshop.hu\/en\/wp-json\/wp\/v2\/product_brand?post=4741"},{"taxonomy":"product_cat","embeddable":true,"href":"https:\/\/vetomshop.hu\/en\/wp-json\/wp\/v2\/product_cat?post=4741"},{"taxonomy":"product_tag","embeddable":true,"href":"https:\/\/vetomshop.hu\/en\/wp-json\/wp\/v2\/product_tag?post=4741"}],"curies":[{"name":"wp","href":"https:\/\/api.w.org\/{rel}","templated":true}]}}