{"id":4743,"date":"2023-11-11T14:34:00","date_gmt":"2023-11-11T13:34:00","guid":{"rendered":"https:\/\/vetomshop.hu\/termek\/siker-medal\/"},"modified":"2023-11-11T14:34:00","modified_gmt":"2023-11-11T13:34:00","slug":"siker-medal","status":"publish","type":"product","link":"https:\/\/vetomshop.hu\/en\/product\/siker-medal\/","title":{"rendered":"Success Medal"},"content":{"rendered":"<h4>Success Medal for children<\/h4>\n<p><strong>Purpose:<\/strong><\/p>\n<p>Cognitive functions (cognitive processes) -<\/p>\n<ol>\n<li>attention, observation<\/li>\n<li>detection-detection<\/li>\n<li>memory<\/li>\n<li>thinking functions<\/li>\n<\/ol>\n<p>- as a complementary tool to help activate, counteract learning fatigue and improve emotional well-being.<\/p>\n<p>It supports recovery from significant information overload, preventing chronic fatigue and exhaustion syndrome.<\/p>\n<div class=\"su-spoiler su-spoiler-style-defoult su-spoiler-icon-caret su-spoiler-closed\" data-scroll-offset=\"0\" data-anchor-in-url=\"no\"><div class=\"su-spoiler-title\" tabindex=\"0\" role=\"button\"><span class=\"su-spoiler-icon\"><\/span>All<\/div><div class=\"su-spoiler-content su-u-clearfix su-u-trim\">\n<h4>Short description<\/h4>\n<p>The information recorded on the electronic information carrier - the SIKER Health Medal - corresponds to the spectrum of electromagnetic vibrations of the cells and tissues of the central nervous system and the vibrations (electromagnetic spectrum) of antihomotoxic substances that increase mental work capacity, anti-stress stability of students and intellectual workers and maintain an optimal psycho-emotional background. The activities of students are accompanied by a high intensity of mental processes under conditions of time pressure and high information density, which have the character of stress. Thinking involves the active aspects of cognition: attention, perception, association processes, the formation of concepts and evaluations, a component of the realistic activity of the social person.<\/p>\n<p>Thinking is related to the activity of the brain, but the ability to think abstractly comes from the acquisition of practical existence, language rules, logic, culture. Thinking takes place in different forms of intellectual and practical activity, in the course of which people's cognitive experiences are generalised and aggregated. Thinking is considered to be the source and fundamental means of real human existence.<\/p>\n<\/div><\/div>","protected":false},"excerpt":{"rendered":"<p>Siker Med\u00e1l gyerekeknek Rendeltet\u00e9se: A kognit\u00edv funkci\u00f3k (megismer\u0151 folyamatok) &#8211; figyelem, megfigyel\u0151k\u00e9pess\u00e9g \u00e9rz\u00e9kel\u00e9s-\u00e9szlel\u00e9s eml\u00e9kezet gondolkod\u00e1si funkci\u00f3k &#8211; aktiv\u00e1l\u00e1s\u00e1t seg\u00edt\u0151, a tanul\u00e1st k\u00eds\u00e9r\u0151 f\u00e1radts\u00e1g ellens\u00falyoz\u00e1s\u00e1t \u00e9s az emocion\u00e1lis k\u00f6z\u00e9rzet jav\u00edt\u00e1s\u00e1t szolg\u00e1l\u00f3 kieg\u00e9sz\u00edt\u0151 eszk\u00f6z. T\u00e1mogatja a jelent\u0151s inform\u00e1ci\u00f3s megterhel\u00e9s ut\u00e1ni helyre\u00e1ll\u00edt\u00e1st, a kr\u00f3nikus f\u00e1radts\u00e1g \u00e9s kimer\u00fclts\u00e9g szindr\u00f3ma megel\u0151z\u00e9s\u00e9t.<\/p>","protected":false},"featured_media":4742,"comment_status":"open","ping_status":"closed","template":"","meta":[],"product_brand":[],"product_cat":[33,32],"product_tag":[],"class_list":{"0":"post-4743","1":"product","2":"type-product","3":"status-publish","4":"has-post-thumbnail","6":"product_cat-egeszseg-medalok","7":"product_cat-triomed","9":"first","10":"instock","11":"taxable","12":"shipping-taxable","13":"purchasable","14":"product-type-simple"},"_links":{"self":[{"href":"https:\/\/vetomshop.hu\/en\/wp-json\/wp\/v2\/product\/4743","targetHints":{"allow":["GET"]}}],"collection":[{"href":"https:\/\/vetomshop.hu\/en\/wp-json\/wp\/v2\/product"}],"about":[{"href":"https:\/\/vetomshop.hu\/en\/wp-json\/wp\/v2\/types\/product"}],"replies":[{"embeddable":true,"href":"https:\/\/vetomshop.hu\/en\/wp-json\/wp\/v2\/comments?post=4743"}],"wp:featuredmedia":[{"embeddable":true,"href":"https:\/\/vetomshop.hu\/en\/wp-json\/wp\/v2\/media\/4742"}],"wp:attachment":[{"href":"https:\/\/vetomshop.hu\/en\/wp-json\/wp\/v2\/media?parent=4743"}],"wp:term":[{"taxonomy":"product_brand","embeddable":true,"href":"https:\/\/vetomshop.hu\/en\/wp-json\/wp\/v2\/product_brand?post=4743"},{"taxonomy":"product_cat","embeddable":true,"href":"https:\/\/vetomshop.hu\/en\/wp-json\/wp\/v2\/product_cat?post=4743"},{"taxonomy":"product_tag","embeddable":true,"href":"https:\/\/vetomshop.hu\/en\/wp-json\/wp\/v2\/product_tag?post=4743"}],"curies":[{"name":"wp","href":"https:\/\/api.w.org\/{rel}","templated":true}]}}