{"id":1020,"date":"2020-02-17T14:15:30","date_gmt":"2020-02-17T14:15:30","guid":{"rendered":"https:\/\/vetomshop.hu\/?page_id=1020"},"modified":"2024-09-26T18:57:13","modified_gmt":"2024-09-26T16:57:13","slug":"gyakori-kerdesek","status":"publish","type":"page","link":"https:\/\/vetomshop.hu\/es\/gyakori-kerdesek\/","title":{"rendered":"Preguntas m\u00e1s frecuentes"},"content":{"rendered":"<div class=\"wpb-content-wrapper\">\n<div  data-mk-stretch-content=\"true\" class=\"wpb_row vc_row vc_row-fluid jupiter-donut- mk-fullwidth-false  attched-false     js-master-row  mk-grid\">\n\t\t\t\t\n<div class=\"vc_col-sm-12 wpb_column column_container  jupiter-donut- _ jupiter-donut-height-full\">\n\t\n<div data-style=\"accordion-style\" data-initialindex=\"0\" id=\"mk-accordion-2\" class=\"mk-accordion mobile-false fancy-style\">\n\t<div class=\"wpb_accordion_wrapper\">\n\t\t\n<div id=\"\"class=\"mk-accordion-single\">\n\n\t<div class=\"mk-accordion-tab\">\n\t\t<i><svg  class=\"mk-svg-icon\" data-name=\"mk-icon-medkit\" data-cacheid=\"icon-69f7e6df13623\" xmlns=\"http:\/\/www.w3.org\/2000\/svg\" viewbox=\"0 0 1792 1792\"><path d=\"M1280 1120v-192q0-14-9-23t-23-9h-224v-224q0-14-9-23t-23-9h-192q-14 0-23 9t-9 23v224h-224q-14 0-23 9t-9 23v192q0 14 9 23t23 9h224v224q0 14 9 23t23 9h192q14 0 23-9t9-23v-224h224q14 0 23-9t9-23zm-640-736h512v-128h-512v128zm-384 0v1280h-32q-92 0-158-66t-66-158v-832q0-92 66-158t158-66h32zm1184 0v1280h-1088v-1280h160v-160q0-40 28-68t68-28h576q40 0 68 28t28 68v160h160zm352 224v832q0 92-66 158t-158 66h-32v-1280h32q92 0 158 66t66 158z\"\/><\/svg><\/i>\t\t<span>\u00bfQu\u00e9 es Vetom?<\/span>\n\t\t<svg  class=\"mk-svg-icon\" data-name=\"mk-icon-chevron-right\" data-cacheid=\"icon-69f7e6df138d9\" style=\" height:13px; width: 9.2857142857143px; \"  xmlns=\"http:\/\/www.w3.org\/2000\/svg\" viewbox=\"0 0 1280 1792\"><path d=\"M1107 877l-742 742q-19 19-45 19t-45-19l-166-166q-19-19-19-45t19-45l531-531-531-531q-19-19-19-45t19-45l166-166q19-19 45-19t45 19l742 742q19 19 19 45t-19 45z\"\/><\/svg>\t<\/div>\n\n\t<div class=\"mk-accordion-pane\">\n\t\t\t<div class=\"vc_custom_1716651722549\">\n\n<div id=\"text-block-3\" class=\"mk-text-block  jupiter-donut-\">\n\n\t\n\t<p><span style=\"color: #a58904;\"><strong>VETOM<\/strong><\/span>\u00a0- un probi\u00f3tico muy potente que restaura y preserva la estructura de la mucosa intestinal y la microflora del est\u00f3mago.<\/p>\n<p><img loading=\"lazy\" decoding=\"async\" class=\"size-full wp-image-623 aligncenter\" src=\"https:\/\/vetomshop.hu\/wp-content\/uploads\/2024\/05\/vetom-laboratorium.jpg\" alt=\"\" width=\"1464\" height=\"560\" \/><\/p>\n<p><strong><span style=\"color: #a58904;\">\u00bfC\u00f3mo combate Vetom las infecciones v\u00edricas y bacterianas?<\/span><\/strong><\/p>\n<p>El principio activo de Vetom es Bacillus subtilis cepa VKPM B 10641. Las bacterias pertenecientes a esta especie suprimen espec\u00edficamente el crecimiento y el desarrollo de la microflora fuera del tracto gastrointestinal por antagonismo directo con los agentes infecciosos e indirectamente optimizando el sistema inmunitario del organismo mediante la producci\u00f3n de interfer\u00f3n \u03b1-2 leucocitario humano.<\/p>\n<p>Interfer\u00f3n: \u00a1una mol\u00e9cula prote\u00ednica que proporciona inmunidad antiv\u00edrica!<\/p>\n<p>El principal mecanismo de acci\u00f3n del interfer\u00f3n es la supresi\u00f3n del desarrollo y la divisi\u00f3n. A dosis fisiol\u00f3gicas, esta acci\u00f3n regula la replicaci\u00f3n de los virus.<\/p>\n<p>El organismo sano responde a la invasi\u00f3n de virus produciendo interferones, que impiden el posterior desarrollo de la infecci\u00f3n.<\/p>\n<p><img loading=\"lazy\" decoding=\"async\" class=\"size-full wp-image-5647 aligncenter\" src=\"https:\/\/vetomshop.hu\/wp-content\/uploads\/2024\/05\/laborator.jpg\" alt=\"\" width=\"1000\" height=\"534\" srcset=\"https:\/\/vetomshop.hu\/wp-content\/uploads\/2024\/05\/laborator.jpg 1000w, https:\/\/vetomshop.hu\/wp-content\/uploads\/2024\/05\/laborator-300x160.jpg 300w, https:\/\/vetomshop.hu\/wp-content\/uploads\/2024\/05\/laborator-768x410.jpg 768w, https:\/\/vetomshop.hu\/wp-content\/uploads\/2024\/05\/laborator-600x320.jpg 600w\" sizes=\"auto, (max-width: 1000px) 100vw, 1000px\" \/>Dado que Vetom estimula la producci\u00f3n de interfer\u00f3n, tambi\u00e9n se utiliza para combatir virus e infecciones, incluido el coronavirus:<\/p>\n<ul>\n<li>SARS (rinovirus, infecci\u00f3n por coronavirus, virus de la gripe y parainfluenza);<\/li>\n<li>Enfermedades infecciosas: diversas formas de lesiones herp\u00e9ticas (queratoconjuntivitis y queratitis v\u00edricas, queratouve\u00edtis, herpes genital, herpes z\u00f3ster);<\/li>\n<li>hepatitis v\u00edricas agudas y cr\u00f3nicas (A, B, C, D (delta)).<\/li>\n<\/ul>\n\n\t<div class=\"clearboth\"><\/div>\n<\/div>\n\n\t<\/div>\n\n\t\t<div class=\"clearboth\"><\/div>\n\t<\/div>\n\n<\/div>\n\n<div id=\"\"class=\"mk-accordion-single\">\n\n\t<div class=\"mk-accordion-tab\">\n\t\t<i><svg  class=\"mk-svg-icon\" data-name=\"mk-icon-medkit\" data-cacheid=\"icon-69f7e6df143da\" xmlns=\"http:\/\/www.w3.org\/2000\/svg\" viewbox=\"0 0 1792 1792\"><path d=\"M1280 1120v-192q0-14-9-23t-23-9h-224v-224q0-14-9-23t-23-9h-192q-14 0-23 9t-9 23v224h-224q-14 0-23 9t-9 23v192q0 14 9 23t23 9h224v224q0 14 9 23t23 9h192q14 0 23-9t9-23v-224h224q14 0 23-9t9-23zm-640-736h512v-128h-512v128zm-384 0v1280h-32q-92 0-158-66t-66-158v-832q0-92 66-158t158-66h32zm1184 0v1280h-1088v-1280h160v-160q0-40 28-68t68-28h576q40 0 68 28t28 68v160h160zm352 224v832q0 92-66 158t-158 66h-32v-1280h32q92 0 158 66t66 158z\"\/><\/svg><\/i>\t\t<span>\u00bfEs Vetom adecuado para los ni\u00f1os?<\/span>\n\t\t<svg  class=\"mk-svg-icon\" data-name=\"mk-icon-chevron-right\" data-cacheid=\"icon-69f7e6df144a8\" style=\" height:13px; width: 9.2857142857143px; \"  xmlns=\"http:\/\/www.w3.org\/2000\/svg\" viewbox=\"0 0 1280 1792\"><path d=\"M1107 877l-742 742q-19 19-45 19t-45-19l-166-166q-19-19-19-45t19-45l531-531-531-531q-19-19-19-45t19-45l166-166q19-19 45-19t45 19l742 742q19 19 19 45t-19 45z\"\/><\/svg>\t<\/div>\n\n\t<div class=\"mk-accordion-pane\">\n\t\t\t<div class=\"vc_custom_1675849573805\">\n\n<div id=\"text-block-4\" class=\"mk-text-block  jupiter-donut-\">\n\n\t\n\t<p><img loading=\"lazy\" decoding=\"async\" class=\"size-full wp-image-612 aligncenter\" src=\"\/\/vetom-egeszsegshop.hu\/wp-content\/uploads\/2023\/02\/probio-dity.jpg\" alt=\"\" width=\"1105\" height=\"600\" \/><\/p>\n<p>El probi\u00f3tico no tiene l\u00edmite de edad, por lo que pueden tomarlo adultos y ni\u00f1os.<\/p>\n<p>Puede utilizar la forma l\u00edquida de probi\u00f3tico : 1-2 gotas 2-3 veces al d\u00eda, diluido en un poco de agua. Preferiblemente como una cura durante 10-14 d\u00edas.<\/p>\n<p>O se administra en forma de polvo, 1 g de polvo por cada 10 kg de peso del ni\u00f1o, 2-3 veces al d\u00eda. El polvo puede diluirse en una peque\u00f1a cantidad de l\u00edquido.<\/p>\n<p>Preferiblemente una cura que dure entre 10 y 14 d\u00edas.<\/p>\n\n\t<div class=\"clearboth\"><\/div>\n<\/div>\n\n\t<\/div>\n\n\t\t<div class=\"clearboth\"><\/div>\n\t<\/div>\n\n<\/div>\n\n<div id=\"\"class=\"mk-accordion-single\">\n\n\t<div class=\"mk-accordion-tab\">\n\t\t<i><svg  class=\"mk-svg-icon\" data-name=\"mk-icon-medkit\" data-cacheid=\"icon-69f7e6df15def\" xmlns=\"http:\/\/www.w3.org\/2000\/svg\" viewbox=\"0 0 1792 1792\"><path d=\"M1280 1120v-192q0-14-9-23t-23-9h-224v-224q0-14-9-23t-23-9h-192q-14 0-23 9t-9 23v224h-224q-14 0-23 9t-9 23v192q0 14 9 23t23 9h224v224q0 14 9 23t23 9h192q14 0 23-9t9-23v-224h224q14 0 23-9t9-23zm-640-736h512v-128h-512v128zm-384 0v1280h-32q-92 0-158-66t-66-158v-832q0-92 66-158t158-66h32zm1184 0v1280h-1088v-1280h160v-160q0-40 28-68t68-28h576q40 0 68 28t28 68v160h160zm352 224v832q0 92-66 158t-158 66h-32v-1280h32q92 0 158 66t66 158z\"\/><\/svg><\/i>\t\t<span>\u00bfC\u00f3mo tomar los productos Vetom?<\/span>\n\t\t<svg  class=\"mk-svg-icon\" data-name=\"mk-icon-chevron-right\" data-cacheid=\"icon-69f7e6df15eb2\" style=\" height:13px; width: 9.2857142857143px; \"  xmlns=\"http:\/\/www.w3.org\/2000\/svg\" viewbox=\"0 0 1280 1792\"><path d=\"M1107 877l-742 742q-19 19-45 19t-45-19l-166-166q-19-19-19-45t19-45l531-531-531-531q-19-19-19-45t19-45l166-166q19-19 45-19t45 19l742 742q19 19 19 45t-19 45z\"\/><\/svg>\t<\/div>\n\n\t<div class=\"mk-accordion-pane\">\n\t\t\t<div class=\"vc_custom_1716651401497\">\n\n<div id=\"text-block-5\" class=\"mk-text-block  jupiter-donut-\">\n\n\t\n\t<p>Para obtener el m\u00e1ximo efecto, tome Vetom una hora antes de las comidas con un poco de agua. Es aconsejable excluir el alcohol y los alimentos picantes durante el per\u00edodo de toma. A la hora de elegir la dosis y la frecuencia de administraci\u00f3n, debe tenerse en cuenta que el efecto terap\u00e9utico no depende directamente de la cantidad de producto tomada de una sola vez, sino de la frecuencia de administraci\u00f3n en un r\u00e9gimen de cura: cuanto m\u00e1s frecuente sea la dosis, m\u00e1s fuerte ser\u00e1 el efecto.<\/p>\n<p><img decoding=\"async\" class=\"alignnone size-full wp-image-5645\" src=\"https:\/\/vetomshop.hu\/wp-content\/uploads\/2024\/05\/gettyimages.jpg\" alt=\"\" width=\"100%\" srcset=\"https:\/\/vetomshop.hu\/wp-content\/uploads\/2024\/05\/gettyimages.jpg 1920w, https:\/\/vetomshop.hu\/wp-content\/uploads\/2024\/05\/gettyimages-300x171.jpg 300w, https:\/\/vetomshop.hu\/wp-content\/uploads\/2024\/05\/gettyimages-1024x585.jpg 1024w, https:\/\/vetomshop.hu\/wp-content\/uploads\/2024\/05\/gettyimages-768x438.jpg 768w, https:\/\/vetomshop.hu\/wp-content\/uploads\/2024\/05\/gettyimages-1536x877.jpg 1536w, https:\/\/vetomshop.hu\/wp-content\/uploads\/2024\/05\/gettyimages-1320x754.jpg 1320w, https:\/\/vetomshop.hu\/wp-content\/uploads\/2024\/05\/gettyimages-600x343.jpg 600w\" sizes=\"(max-width: 1920px) 100vw, 1920px\" \/><\/p>\n<p>Una dosis debe contener al menos 5 millones de microorganismos, es decir, al menos 5 g de polvo (aproximadamente 1 cucharadita), 1 sobre o 1 c\u00e1psula. Si toma Vetom en forma l\u00edquida, 1 dosis = 1 gota.<\/p>\n<p><span style=\"color: #a58904;\"><strong>La sobredosis no tiene efectos negativos.<\/strong><\/span><\/p>\n<p>Dosificaci\u00f3n preventiva en personas sanas para evitar posibles enfermedades<em>:\u00a0<\/em><\/p>\n<ul>\n<li>Tome el Vetom <span style=\"color: #ff0000;\">1.1<\/span>-et o Veto <span style=\"color: #ff0000;\">1.23<\/span>-(usted elige su propia formulaci\u00f3n - la presencia del ingrediente activo es importante - Bacillus subtilis VKPM B-10641 (DSM 24613) cepa) durante 10-14 d\u00edas, en dosis m\u00faltiples de 7-10 veces al d\u00eda, a intervalos aproximadamente iguales.Por ejemplo, se toma durante 2 semanas, luego tomar un descanso de 3 semanas y repetir el tratamiento de nuevo. .<\/li>\n<li>Repita el r\u00e9gimen al menos 2 veces al a\u00f1o, preferiblemente en el periodo anterior a los resfriados.<\/li>\n<li>Recomendado para Vetom <span style=\"color: #ff0000;\">1.1<\/span> c\u00e1psula - gota Vetom <span style=\"color: #ff0000;\">1.23<\/span> entre curas, consumir Vetom <span style=\"color: #ff0000;\">3<\/span>-en y <span style=\"color: #ff0000;\">4<\/span>-(o tomo <span style=\"color: #ff0000;\">2<\/span>-t) 2-3 dosis al d\u00eda durante 10-14 d\u00edas.<\/li>\n<li>En lugar de Vetom en polvo o c\u00e1psulas, puede tomar un probi\u00f3tico l\u00edquido, que puede tomar cualquier persona: Vetom <span style=\"color: #ff0000;\">1.23<\/span> Vetom <span style=\"color: #ff0000;\">3.22<\/span>, Vetom <span style=\"color: #ff0000;\">4.24<\/span> o Veto <span style=\"color: #ff0000;\">2.25<\/span>, Vetom <span style=\"color: #ff0000;\">2.26<\/span>.<\/li>\n<\/ul>\n<p>Si usted tiene muy buena inmunidad, a continuaci\u00f3n, un curso de 1 -2 cursos de 10-14 d\u00edas de Vetom <span style=\"color: #ff0000;\">1.1<\/span> no notar\u00e1 ning\u00fan efecto especial despu\u00e9s del tratamiento.<\/p>\n<p><strong><span style=\"color: #a58904;\">Recogida terap\u00e9utica:<\/span><\/strong><\/p>\n<ul>\n<li>Toma Vetom <span style=\"color: #ff0000;\">1.1<\/span> c\u00e1psulas o Vetom <span style=\"color: #ff0000;\">1.23<\/span> 10 gotas al d\u00eda (10 c\u00e1psulas - 10 gotas) durante 10-14 d\u00edas. Entonces min 14 d\u00edas de descanso .<\/li>\n<li>El r\u00e9gimen de ingesta debe repetirse al cabo de 1 \u00f3 2 meses .<\/li>\n<li>El Vetom <span style=\"color: #ff0000;\">1.1<\/span> (Vetom <span style=\"color: #ff0000;\">1.23<\/span> ) entre tratamientos intente Vetom <span style=\"color: #ff0000;\">3<\/span>-en y <span style=\"color: #ff0000;\">4<\/span>-(o tomo <span style=\"color: #ff0000;\">2<\/span>-) durante 10-14 d\u00edas al d\u00eda.<\/li>\n<li>Para que te sientas mejor, Vetom <span style=\"color: #ff0000;\">1.1<\/span> el intervalo entre tratamientos debe aumentarse a 2-3 al a\u00f1o. En consecuencia, el sistema Vetom <span style=\"color: #ff0000;\">2<\/span> La frecuencia de las tomas 3 y 4 tambi\u00e9n puede reducirse gradualmente con el tiempo de 10 a 2-3 dosis.<\/li>\n<\/ul>\n\n\t<div class=\"clearboth\"><\/div>\n<\/div>\n\n\t<\/div>\n\n\t\t<div class=\"clearboth\"><\/div>\n\t<\/div>\n\n<\/div>\n\n<div id=\"\"class=\"mk-accordion-single\">\n\n\t<div class=\"mk-accordion-tab\">\n\t\t<i><svg  class=\"mk-svg-icon\" data-name=\"mk-icon-medkit\" data-cacheid=\"icon-69f7e6df1646f\" xmlns=\"http:\/\/www.w3.org\/2000\/svg\" viewbox=\"0 0 1792 1792\"><path d=\"M1280 1120v-192q0-14-9-23t-23-9h-224v-224q0-14-9-23t-23-9h-192q-14 0-23 9t-9 23v224h-224q-14 0-23 9t-9 23v192q0 14 9 23t23 9h224v224q0 14 9 23t23 9h192q14 0 23-9t9-23v-224h224q14 0 23-9t9-23zm-640-736h512v-128h-512v128zm-384 0v1280h-32q-92 0-158-66t-66-158v-832q0-92 66-158t158-66h32zm1184 0v1280h-1088v-1280h160v-160q0-40 28-68t68-28h576q40 0 68 28t28 68v160h160zm352 224v832q0 92-66 158t-158 66h-32v-1280h32q92 0 158 66t66 158z\"\/><\/svg><\/i>\t\t<span>\u00bfQu\u00e9 Vetom es el mejor?<\/span>\n\t\t<svg  class=\"mk-svg-icon\" data-name=\"mk-icon-chevron-right\" data-cacheid=\"icon-69f7e6df1654f\" style=\" height:13px; width: 9.2857142857143px; \"  xmlns=\"http:\/\/www.w3.org\/2000\/svg\" viewbox=\"0 0 1280 1792\"><path d=\"M1107 877l-742 742q-19 19-45 19t-45-19l-166-166q-19-19-19-45t19-45l531-531-531-531q-19-19-19-45t19-45l166-166q19-19 45-19t45 19l742 742q19 19 19 45t-19 45z\"\/><\/svg>\t<\/div>\n\n\t<div class=\"mk-accordion-pane\">\n\t\t\t<div class=\"vc_custom_1727369822448\">\n\n<div id=\"text-block-6\" class=\"mk-text-block  jupiter-donut-\">\n\n\t\n\t<p><img decoding=\"async\" class=\"wp-image-621 aligncenter\" src=\"https:\/\/vetomshop.hu\/wp-content\/uploads\/2024\/05\/nutrigenomics.jpg\" alt=\"\" width=\"100%\" \/><\/p>\n<p>Es imposible determinar cu\u00e1l de estos probi\u00f3ticos es mejor. Se utilizan casi para las mismas enfermedades, pero cada Vetom tiene un efecto diferente.  Se complementan entre s\u00ed.<\/p>\n<p>Todo depende de las caracter\u00edsticas individuales y del estado del organismo. La mejor soluci\u00f3n ser\u00eda utilizar el ciclo completo de todos los productos Vetom.<\/p>\n<p>Las 4 c\u00e1psulas diferentes forman en realidad un gran conjunto.<\/p>\n\n\t<div class=\"clearboth\"><\/div>\n<\/div>\n\n\t<\/div>\n\n\t\t<div class=\"clearboth\"><\/div>\n\t<\/div>\n\n<\/div>\n\n<div id=\"\"class=\"mk-accordion-single\">\n\n\t<div class=\"mk-accordion-tab\">\n\t\t<i><svg  class=\"mk-svg-icon\" data-name=\"mk-icon-medkit\" data-cacheid=\"icon-69f7e6df17a89\" xmlns=\"http:\/\/www.w3.org\/2000\/svg\" viewbox=\"0 0 1792 1792\"><path d=\"M1280 1120v-192q0-14-9-23t-23-9h-224v-224q0-14-9-23t-23-9h-192q-14 0-23 9t-9 23v224h-224q-14 0-23 9t-9 23v192q0 14 9 23t23 9h224v224q0 14 9 23t23 9h192q14 0 23-9t9-23v-224h224q14 0 23-9t9-23zm-640-736h512v-128h-512v128zm-384 0v1280h-32q-92 0-158-66t-66-158v-832q0-92 66-158t158-66h32zm1184 0v1280h-1088v-1280h160v-160q0-40 28-68t68-28h576q40 0 68 28t28 68v160h160zm352 224v832q0 92-66 158t-158 66h-32v-1280h32q92 0 158 66t66 158z\"\/><\/svg><\/i>\t\t<span>\u00bfEn qu\u00e9 envases est\u00e1 disponible Vetom?<\/span>\n\t\t<svg  class=\"mk-svg-icon\" data-name=\"mk-icon-chevron-right\" data-cacheid=\"icon-69f7e6df1808e\" style=\" height:13px; width: 9.2857142857143px; \"  xmlns=\"http:\/\/www.w3.org\/2000\/svg\" viewbox=\"0 0 1280 1792\"><path d=\"M1107 877l-742 742q-19 19-45 19t-45-19l-166-166q-19-19-19-45t19-45l531-531-531-531q-19-19-19-45t19-45l166-166q19-19 45-19t45 19l742 742q19 19 19 45t-19 45z\"\/><\/svg>\t<\/div>\n\n\t<div class=\"mk-accordion-pane\">\n\t\t\t<div class=\"vc_custom_1716650901197\">\n\n<div id=\"text-block-7\" class=\"mk-text-block  jupiter-donut-\">\n\n\t\n\t<p><strong>\u00bfEn qu\u00e9 envases est\u00e1 disponible Vetom?<\/strong><\/p>\n<p>Vetom est\u00e1 disponible en tres formas farmac\u00e9uticas:<\/p>\n<ul>\n<li>Polvo 5, envase de 500 g<\/li>\n<li>C\u00e1psulas en paquetes de 50 granos<\/li>\n<li>L\u00edquido 10 ml<\/li>\n<\/ul>\n<p><img loading=\"lazy\" decoding=\"async\" class=\"wp-image-625 aligncenter\" src=\"https:\/\/vetomshop.hu\/wp-content\/uploads\/2024\/05\/biotech-deepdive.webp\" alt=\"\" width=\"869\" height=\"365\" \/><\/p>\n\n\t<div class=\"clearboth\"><\/div>\n<\/div>\n\n\t<\/div>\n\n\t\t<div class=\"clearboth\"><\/div>\n\t<\/div>\n\n<\/div>\n\n<div id=\"\"class=\"mk-accordion-single\">\n\n\t<div class=\"mk-accordion-tab\">\n\t\t<i><svg  class=\"mk-svg-icon\" data-name=\"mk-icon-medkit\" data-cacheid=\"icon-69f7e6df18ae4\" xmlns=\"http:\/\/www.w3.org\/2000\/svg\" viewbox=\"0 0 1792 1792\"><path d=\"M1280 1120v-192q0-14-9-23t-23-9h-224v-224q0-14-9-23t-23-9h-192q-14 0-23 9t-9 23v224h-224q-14 0-23 9t-9 23v192q0 14 9 23t23 9h224v224q0 14 9 23t23 9h192q14 0 23-9t9-23v-224h224q14 0 23-9t9-23zm-640-736h512v-128h-512v128zm-384 0v1280h-32q-92 0-158-66t-66-158v-832q0-92 66-158t158-66h32zm1184 0v1280h-1088v-1280h160v-160q0-40 28-68t68-28h576q40 0 68 28t28 68v160h160zm352 224v832q0 92-66 158t-158 66h-32v-1280h32q92 0 158 66t66 158z\"\/><\/svg><\/i>\t\t<span>\u00bfEn qu\u00e9 se diferencian los probi\u00f3ticos de las semillas?<\/span>\n\t\t<svg  class=\"mk-svg-icon\" data-name=\"mk-icon-chevron-right\" data-cacheid=\"icon-69f7e6df18ba1\" style=\" height:13px; width: 9.2857142857143px; \"  xmlns=\"http:\/\/www.w3.org\/2000\/svg\" viewbox=\"0 0 1280 1792\"><path d=\"M1107 877l-742 742q-19 19-45 19t-45-19l-166-166q-19-19-19-45t19-45l531-531-531-531q-19-19-19-45t19-45l166-166q19-19 45-19t45 19l742 742q19 19 19 45t-19 45z\"\/><\/svg>\t<\/div>\n\n\t<div class=\"mk-accordion-pane\">\n\t\t\t<div class=\"vc_custom_1722780911439\">\n\n<div id=\"text-block-8\" class=\"mk-text-block  jupiter-donut-\">\n\n\t\n\t<h3><span style=\"color: #a58904;\">Los probi\u00f3ticos Vetom tambi\u00e9n pueden variar en sus ingredientes bacterianos y en su envase.<\/span><\/h3>\n<p><span style=\"color: #a58904;\"><strong>La diferencia de microorganismos probi\u00f3ticos en los productos Vetom:<\/strong><\/span><\/p>\n<p>Los legendarios Probi\u00f3ticos VETOM se fabrican desde hace m\u00e1s de 20 a\u00f1os, pero pocas personas saben por qu\u00e9 el curso se compone de 4 n\u00fameros y cu\u00e1l es la diferencia entre ellos.<\/p>\n<p><img loading=\"lazy\" decoding=\"async\" class=\"size-full wp-image-623 aligncenter\" src=\"https:\/\/vetomshop.hu\/wp-content\/uploads\/2024\/05\/tech-biotechnology.webp\" alt=\"\" width=\"1464\" height=\"560\" \/><\/p>\n<p>As\u00ed que est\u00e1n intentando averiguarlo.<\/p>\n<p>\u2713 A VETOM <span style=\"color: #ff0000;\">1<\/span> en c\u00e1psulas y gotas <span style=\"color: #ff0000;\">1.23<\/span> act\u00faa como una escoba en la parte m\u00e1s qu\u00edstica del intestino grueso. Estimula la producci\u00f3n de interfer\u00f3n.<\/p>\n<p>Los org\u00e1nulos de los ganglios linf\u00e1ticos del intestino delgado se encuentran a menudo en estado latente debido al estr\u00e9s, la terapia con antibi\u00f3ticos, los factores ambientales, etc.<\/p>\n<p>EL VETOM <span style=\"color: #ff0000;\">1.1<\/span> Las bacterias tienen pl\u00e1smidos incrustados en su composici\u00f3n que despiertan estos org\u00e1nulos, oblig\u00e1ndonos a producir nuestro propio interfer\u00f3n en cantidades adecuadas al estado actual del organismo.<\/p>\n<p>\u2713 A VETOM <span style=\"color: #ff0000;\">2<\/span> en c\u00e1psulas y gotas <span style=\"color: #ff0000;\">2.25<\/span> o <span style=\"color: #ff0000;\">2.26<\/span> Contiene 2 cepas de bacterias, una que sigue desinfectando el colon y otra que act\u00faa en el intestino delgado (eliminando los intentos de la flora pat\u00f3gena de \u201eescapar\u201d del colon al intestino delgado).<\/p>\n<p>\u2713 A VETOM <span style=\"color: #ff0000;\">3<\/span> en c\u00e1psulas y gotas <span style=\"color: #ff0000;\">3.22<\/span>\u00a0 el \u201em\u00e1s agresivo\u201d, limpia el colon.<\/p>\n<p>\u2713 A VETOM <span style=\"color: #ff0000;\">4<\/span> en c\u00e1psulas y gotas <span style=\"color: #ff0000;\">4.24<\/span> es el m\u00e1s r\u00e1pido y completo, completando lo que los 3 primeros VETOM no hicieron, actuando como un tronco \u201efijador\u201d.<\/p>\n<p>As\u00ed, aplicando todos los VETOM sucesivamente, se eliminan los procesos putrefactivos en los intestinos, ya que tiene un efecto permanente sobre la flora pat\u00f3gena restante.<\/p>\n<p>Al descargar el p\u00e1ncreas y el h\u00edgado, permitimos que el organismo repare el propio sistema, mejore el metabolismo y favorezca la inmunidad general.<\/p>\n<p>\u00a1Salud!<\/p>\n<p>VETOM <span style=\"color: #ff0000;\">1.1<\/span> polvo, Vetom <span style=\"color: #ff0000;\">1.1<\/span> c\u00e1psula, Vetom <span style=\"color: #ff0000;\">1.23<\/span> gota - contiene la cepa bacteriana Subtilis Bacilluis B-10641<\/p>\n<p>VETOM <span style=\"color: #ff0000;\">2<\/span>, Vetom <span style=\"color: #ff0000;\">2<\/span> c\u00e1psula, Vetom <span style=\"color: #ff0000;\">2.25<\/span>\u00a0 gota - Bacillus amyloliquefaciens cepa B-10642 (Dsm 24614) y Bacillus amyloliquefaciens cepa B-10643 (Dsm 24615)<\/p>\n<p>Vetom <span style=\"color: #ff0000;\">2.26<\/span>\u00a0 la gota contiene Bacillus Subtilis 10641 y Bacillus amylolique faciens 10643<\/p>\n<p>VETOM <span style=\"color: #ff0000;\">3<\/span>, Vetom <span style=\"color: #ff0000;\">3<\/span> c\u00e1psula, Vetom <span style=\"color: #ff0000;\">3.22<\/span> gotita - Bacillus amyloliquefaciens cepa B-10642 (Dsm 24614)<\/p>\n<p>VETOM <span style=\"color: #ff0000;\">4<\/span>, Vetom <span style=\"color: #ff0000;\">4<\/span> c\u00e1psulas o Vetom <span style=\"color: #ff0000;\">4.24<\/span> gotita - Bacillus amyloliquefaciens cepa B-10643 (Dsm 24614)<\/p>\n<p>Envasado de los productos: en paquetes de pl\u00e1stico de 500 gr de polvo, 50 c\u00e1psulas de 50 gr de polvo, o en forma l\u00edquida de 10 ml.<\/p>\n<p>Para pacientes con c\u00e1ncer -pesados, pacientes diab\u00e9ticos, pacientes con muy malos problemas digestivos, se recomienda consumirlo en forma de l\u00edquido. <span style=\"color: #ff0000;\">1.23<\/span>,Vetom <span style=\"color: #ff0000;\">2.26<\/span>, Vetom <span style=\"color: #ff0000;\">3.22<\/span>, Vetom <span style=\"color: #ff0000;\">4.24<\/span>)<\/p>\n<p>El Vetom <span style=\"color: #ff0000;\">1.23<\/span>, Vetom <span style=\"color: #ff0000;\">2.25<\/span>, Vetom <span style=\"color: #ff0000;\">2.26<\/span>, Vetom <span style=\"color: #ff0000;\">3.22<\/span>, Vetom <span style=\"color: #ff0000;\">4.24<\/span> son id\u00e9nticos en sus efectos. Contienen diversos microorganismos que act\u00faan en el tracto intestinal y suministran diversas sustancias biol\u00f3gicamente activas a los \u00f3rganos circundantes. En consecuencia, su efecto global sobre el organismo humano es diferente. Para conseguir el m\u00e1ximo efecto positivo, se recomienda utilizar todos los productos Vetom alternativamente, a fin de depurar el tracto intestinal y los sistemas pat\u00f3genos en su conjunto.<\/p>\n\n\t<div class=\"clearboth\"><\/div>\n<\/div>\n\n\t<\/div>\n\n\t\t<div class=\"clearboth\"><\/div>\n\t<\/div>\n\n<\/div>\n\t<\/div>\n<\/div>\n\n\n\t<div class=\"vc_custom_1675852632641\">\n\n<div id=\"text-block-9\" class=\"mk-text-block  jupiter-donut-\">\n\n\t\n\t<hr \/>\n<h3 style=\"padding-left: 40px;\"><span style=\"color: #9c810c;\"><strong>Puede encargar probi\u00f3ticos VETOM en nuestro sitio web<\/strong>:<\/span><\/h3>\n<p style=\"padding-left: 80px;\"><a href=\"https:\/\/vetomshop.hu\/es\/\">Vetomshop.hu<\/a><\/p>\n<p style=\"padding-left: 80px;\"><a href=\"https:\/\/vetom-egeszsegshop.hu\" target=\"_blank\" rel=\"noopener noreferrer nofollow\">Vetomegeszsegshop.hu<\/a><\/p>\n<p style=\"padding-left: 80px;\"><a href=\"https:\/\/www.facebook.com\/Vetomshop.hu\" target=\"_blank\" rel=\"noopener noreferrer nofollow\">Facebook (Vetom-Hungr\u00eda)<\/a><\/p>\n<p style=\"padding-left: 40px;\">Emag<\/p>\n<hr \/>\n\n\t<div class=\"clearboth\"><\/div>\n<\/div>\n\n\t<\/div>\n<\/div>\n\t<\/div>\n\n<\/div>","protected":false},"excerpt":{"rendered":"Mi az a Vetom? VETOM\u00a0\u2014 egy nagyon er\u0151s probiotikum, amely helyre\u00e1ll\u00edtja \u00e9s meg\u0151rzi a b\u00e9lny\u00e1lkah\u00e1rtya szerkezet\u00e9t \u00e9s a gyomor mikrofl\u00f3r\u00e1j\u00e1t. Hogyan harcol a Vetom a v\u00edrusos \u00e9s bakteri\u00e1lis fert\u0151z\u00e9sekkel? A Vetom k\u00e9sz\u00edtm\u00e9ny hat\u00f3anyaga a Bacillus subtilis VKPM B 10641 t\u00f6rzs. Az ezen fajokhoz tartoz\u00f3 bakt\u00e9riumok kifejezetten elnyomj\u00e1k a gyomor-b\u00e9l traktuson k\u00edv\u00fcli mikrofl\u00f3ra n\u00f6veked\u00e9s\u00e9t \u00e9s fejl\u0151d\u00e9s\u00e9t [...]","protected":false},"author":1,"featured_media":0,"parent":0,"menu_order":0,"comment_status":"closed","ping_status":"closed","template":"","meta":{"footnotes":""},"class_list":["post-1020","page","type-page","status-publish","hentry"],"_links":{"self":[{"href":"https:\/\/vetomshop.hu\/es\/wp-json\/wp\/v2\/pages\/1020","targetHints":{"allow":["GET"]}}],"collection":[{"href":"https:\/\/vetomshop.hu\/es\/wp-json\/wp\/v2\/pages"}],"about":[{"href":"https:\/\/vetomshop.hu\/es\/wp-json\/wp\/v2\/types\/page"}],"author":[{"embeddable":true,"href":"https:\/\/vetomshop.hu\/es\/wp-json\/wp\/v2\/users\/1"}],"replies":[{"embeddable":true,"href":"https:\/\/vetomshop.hu\/es\/wp-json\/wp\/v2\/comments?post=1020"}],"version-history":[{"count":0,"href":"https:\/\/vetomshop.hu\/es\/wp-json\/wp\/v2\/pages\/1020\/revisions"}],"wp:attachment":[{"href":"https:\/\/vetomshop.hu\/es\/wp-json\/wp\/v2\/media?parent=1020"}],"curies":[{"name":"wp","href":"https:\/\/api.w.org\/{rel}","templated":true}]}}