{"id":389,"date":"2019-11-07T12:36:23","date_gmt":"2019-11-07T12:36:23","guid":{"rendered":"https:\/\/vetomshop.hu\/my-account\/"},"modified":"2024-03-06T15:55:51","modified_gmt":"2024-03-06T14:55:51","slug":"sajat-fiok","status":"publish","type":"page","link":"https:\/\/vetomshop.hu\/es\/sajat-fiok\/","title":{"rendered":"Mi cuenta"},"content":{"rendered":"<div class=\"su-spoiler su-spoiler-style-fancy su-spoiler-icon-chevron su-spoiler-closed\" data-scroll-offset=\"0\" data-anchor-in-url=\"no\"><div class=\"su-spoiler-title\" tabindex=\"0\" role=\"button\"><span class=\"su-spoiler-icon\"><\/span> Entrega y pago<\/div><div class=\"su-spoiler-content su-u-clearfix su-u-trim\">\n<h2>Recibo personal<\/h2>\n<p style=\"padding-left: 40px;\">8112, Zichy\u00fajfalu, Kast\u00e9lykert 1<\/p>\n<p style=\"padding-left: 40px;\">Hora de recogida personal: s\u00f3lo con cita previa en los siguientes datos de contacto<\/p>\n<ul>\n<li style=\"list-style-type: none;\">\n<ul>\n<li><strong>Tel\u00e9fono<\/strong>:\u00a0<a href=\"http:\/\/Tel:+36305573846\" target=\"_blank\" rel=\"noopener noreferrer nofollow\">+36305573846<\/a> Tam\u00e1s Pap<\/li>\n<li><strong>Correo electr\u00f3nico-1<\/strong>: i<a href=\"mailto:infoshop.vetom.magyarorszag@gmail.com\" target=\"_blank\" rel=\"noopener\">nfoshop.vetom.magyarorszag@<wbr \/>gmail.com<\/a><\/li>\n<li><strong>Correo electr\u00f3nico 2<\/strong>:\u00a0 <a href=\"mailto:vetomshop.hu@gmail.com\" target=\"_blank\" rel=\"noopener\">vetomshop.hu@gmail.com<\/a><\/li>\n<li>o a trav\u00e9s de nuestros socios en todo el pa\u00eds, cuyos datos de contacto figuran en nuestro sitio web<\/li>\n<\/ul>\n<\/li>\n<\/ul>\n<h2><span style=\"color: #ff0000;\">Entrega:<\/span><\/h2>\n<p>En nuestra tienda puede elegir entre las siguientes opciones de entrega y pago:<\/p>\n<p style=\"padding-left: 40px;\"><span style=\"color: #339966;\"><strong>Servicio de mensajer\u00eda GLS<\/strong><\/span> y <span style=\"color: #339966;\"><strong>M\u00e1quina de paquetes Foxpost<\/strong><\/span><\/p>\n<p style=\"padding-left: 40px;\"><em><strong>30.000<\/strong> Env\u00edo gratuito a partir de un pedido de HUF<\/em><\/p>\n<h2><span style=\"color: #008000;\">Servicio de mensajer\u00eda GLS:<\/span><\/h2>\n<p>Para los pedidos GLS ParcelPoint, puede pagar en efectivo y con tarjeta de cr\u00e9dito en algunos lugares (consulte previamente con el ParcelPoint) <b>Si solicita la entrega a un GLS ParcelService o GLS ParcelPoint, debe introducir la direcci\u00f3n de la m\u00e1quina de paquetes en el campo de direcci\u00f3n de entrega.<\/b><\/p>\n<ul>\n<li>Cuando se env\u00ede el paquete, el sistema GLS Courier notificar\u00e1 al destinatario por correo electr\u00f3nico que el paquete se entregar\u00e1 el siguiente d\u00eda laborable. El correo electr\u00f3nico contendr\u00e1 el n\u00famero del paquete y el importe del pago contra reembolso. En la ma\u00f1ana del d\u00eda de la entrega, el destinatario recibir\u00e1 una notificaci\u00f3n con el n\u00famero de tel\u00e9fono del servicio de mensajer\u00eda, el n\u00famero de tel\u00e9fono del servicio de atenci\u00f3n al cliente de GLS y un plazo de 3 horas para la entrega prevista. En caso de intento de entrega fallido, se enviar\u00e1 una notificaci\u00f3n por correo electr\u00f3nico al destinatario.<\/li>\n<li><b>B\u00fasqueda GLS ParcelSpot:<\/b> <a href=\"https:\/\/gls-group.com\/HU\/hu\/depo-csomagpont-kereses\" target=\"_blank\" rel=\"noopener noreferrer nofollow\">https:\/\/gls-group.com\/HU\/hu\/depo-csomagpont-kereses<\/a><br \/>\n<b>Plazo de entrega:<\/b> 1-3 d\u00edas laborables<br \/>\n<b>Gastos de env\u00edo:<\/b> 1590, - Ft,<br \/>\n<strong>Pago:<\/strong> Prepago (0,- Ft) o Postpago, que cuesta + 400, - Ft<\/li>\n<\/ul>\n<p>Estos precios s\u00f3lo se aplican a env\u00edos dentro de Hungr\u00eda. Si desea enviar su paquete al extranjero, p\u00f3ngase directamente en contacto con nosotros por correo electr\u00f3nico antes o despu\u00e9s de realizar su pedido para informarse sobre los gastos de env\u00edo.<\/p>\n<h2><span style=\"color: #008000;\">Servicio de mensajer\u00eda FOXPOST:<\/span><\/h2>\n<p>Tambi\u00e9n puede solicitar la entrega en una m\u00e1quina de paqueter\u00eda Foxpost de nuestra tienda.<\/p>\n<p style=\"padding-left: 40px;\"><a href=\"https:\/\/foxpost.hu\/csomagautomatak\" target=\"_blank\" rel=\"noopener noreferrer nofollow\" data-saferedirecturl=\"https:\/\/www.google.com\/url?q=https:\/\/foxpost.hu\/csomagautomatak&amp;source=gmail&amp;ust=1709714712502000&amp;usg=AOvVaw1Y_RPFbUPlHU38HiM-T9Re\">https:\/\/foxpost.hu\/<wbr \/>maletero del coche<\/a><\/p>\n<p><strong>Si solicita la entrega en una m\u00e1quina de paqueter\u00eda Foxpost, debe introducir la direcci\u00f3n de la m\u00e1quina de paqueter\u00eda en el campo de direcci\u00f3n de entrega.<\/strong><\/p>\n<h3>Formas de pago:<\/h3>\n<p><strong>Plazo de entrega:<\/strong> 1-3 d\u00edas laborables<br \/>\n<strong>Gastos de env\u00edo:<\/strong> 1390, - Ft,<br \/>\n<strong>Pago:<\/strong> Prepago (0, - Ft) o Postpago, que cuesta +350, - Ft<\/p>\n<h3>Formas de pago:<\/h3>\n<h4 style=\"padding-left: 40px;\">Seguimiento<\/h4>\n<p>Si elige el m\u00e9todo de pago contra reembolso, el pago se realiza en el punto de recepci\u00f3n (mensajero o punto postal\/punto de paquete). Este m\u00e9todo de pago tiene unos gastos de gesti\u00f3n, por lo que cobramos 350 o 400 HUF adicionales por paquete, adem\u00e1s de los gastos de env\u00edo b\u00e1sicos. Si paga en efectivo, tenga a mano el importe exacto, ya que el mensajero no siempre dispone de cambio suficiente.<\/p>\n<h4 style=\"padding-left: 40px;\">Transferencia bancaria por adelantado<\/h4>\n<p>Si elige pagar por transferencia bancaria por adelantado, le enviaremos una factura por correo electr\u00f3nico despu\u00e9s de comprobar las existencias, en la que figurar\u00e1n los datos necesarios para la transferencia y el importe exacto final. Le rogamos que transfiera el precio de compra a nuestra cuenta bancaria en un plazo de 72 horas a partir del env\u00edo de la factura; de lo contrario, su pedido se considerar\u00e1 nulo. Le recordamos que no debe iniciar la transferencia bancaria hasta que la factura haya llegado a su buz\u00f3n. Los datos necesarios para realizar la transferencia figuran en la factura emitida.<\/p>\n<h4 style=\"padding-left: 40px;\">Tenga tambi\u00e9n en cuenta lo siguiente:<\/h4>\n<p>Se le notificar\u00e1 por correo electr\u00f3nico el env\u00edo y la llegada prevista de su paquete, por lo que le rogamos que compruebe regularmente su bandeja de entrada despu\u00e9s de realizar el pedido para evitar cualquier malentendido o inconveniente. Si experimenta alguna irregularidad con su pedido, p\u00f3ngase en contacto con nosotros en <a href=\"mailto:vetomshop.hu@gmail.com\" target=\"_blank\" rel=\"noopener\">vetomshop.hu@gmail.com<\/a> en. Al hacer el pedido, aseg\u00farese de indicar correctamente su nombre, direcci\u00f3n, direcci\u00f3n de correo electr\u00f3nico y n\u00famero de tel\u00e9fono. Es posible que la persona encargada de la entrega del paquete no est\u00e9 familiarizada con las particularidades locales, por lo que le rogamos que facilite informaci\u00f3n adicional para facilitar el \u00e9xito de la entrega en caso necesario. Si la entrega falla por su culpa, s\u00f3lo podremos volver a entregar el paquete al transportista despu\u00e9s de que haya abonado de nuevo los gastos de env\u00edo. Es importante que si el paquete est\u00e1 visiblemente da\u00f1ado o abierto, no lo reciba y nos lo notifique lo antes posible.<\/p>\n<\/div><\/div>\n<div class=\"woocommerce\"><\/div>","protected":false},"excerpt":{"rendered":"Sz\u00e1ll\u00edt\u00e1s \u00e9s fizet\u00e9s Szem\u00e9lyes \u00e1tv\u00e9tel 8112, Zichy\u00fajfalu, Kast\u00e9lykert 1 A szem\u00e9lyes \u00e1tv\u00e9tel ideje: kiz\u00e1r\u00f3lag el\u0151zetes egyeztet\u00e9ssel a k\u00f6vetkez\u0151 el\u00e9rhet\u0151s\u00e9geken Telefon:\u00a0+36305573846 Pap Tam\u00e1s Email-1: infoshop.vetom.magyarorszag@gmail.com Email-2:\u00a0 vetomshop.hu@gmail.com vagy orsz\u00e1gszerte a partnereinkt\u0151l, melyeknek el\u00e9rhet\u0151s\u00e9g\u00fck a weboldalunkon is megtal\u00e1lhat\u00f3 Kisz\u00e1ll\u00edt\u00e1s: \u00c1ruh\u00e1zunkban az al\u00e1bbi kisz\u00e1ll\u00edt\u00e1si \u00e9s fizet\u00e9si lehet\u0151s\u00e9gek k\u00f6z\u00fcl v\u00e1laszthat: GLS fut\u00e1rszolg\u00e1lat \u00e9s Foxpost csomagautomata 30.000 Forint rendel\u00e9si \u00e9rt\u00e9k [...]","protected":false},"author":1,"featured_media":0,"parent":0,"menu_order":0,"comment_status":"closed","ping_status":"closed","template":"","meta":{"footnotes":""},"class_list":["post-389","page","type-page","status-publish","hentry"],"_links":{"self":[{"href":"https:\/\/vetomshop.hu\/es\/wp-json\/wp\/v2\/pages\/389","targetHints":{"allow":["GET"]}}],"collection":[{"href":"https:\/\/vetomshop.hu\/es\/wp-json\/wp\/v2\/pages"}],"about":[{"href":"https:\/\/vetomshop.hu\/es\/wp-json\/wp\/v2\/types\/page"}],"author":[{"embeddable":true,"href":"https:\/\/vetomshop.hu\/es\/wp-json\/wp\/v2\/users\/1"}],"replies":[{"embeddable":true,"href":"https:\/\/vetomshop.hu\/es\/wp-json\/wp\/v2\/comments?post=389"}],"version-history":[{"count":0,"href":"https:\/\/vetomshop.hu\/es\/wp-json\/wp\/v2\/pages\/389\/revisions"}],"wp:attachment":[{"href":"https:\/\/vetomshop.hu\/es\/wp-json\/wp\/v2\/media?parent=389"}],"curies":[{"name":"wp","href":"https:\/\/api.w.org\/{rel}","templated":true}]}}