{"id":225,"date":"2016-09-02T11:41:41","date_gmt":"2016-09-02T09:41:41","guid":{"rendered":"https:\/\/demos.artbees.net\/jupiter\/herse\/?post_type=product&#038;p=225"},"modified":"2026-04-12T08:29:44","modified_gmt":"2026-04-12T06:29:44","slug":"vetom1-1-etrend-kiegeszito","status":"publish","type":"product","link":"https:\/\/vetomshop.hu\/es\/producto\/vetom1-1-etrend-kiegeszito\/","title":{"rendered":"Probi\u00f3tico Vetom <span style=\"color:red\">1.1<\/span><br> c\u00e1psula <span style=\"color:red\">50 granos<\/span> (complemento alimenticio)"},"content":{"rendered":"<h2>Vetom 1.1 c\u00e1psulas probi\u00f3ticas 50 granos (complemento alimenticio)<\/h2>\n<p>En esencia, los probi\u00f3ticos VETOM pueden utilizarse para cualquier tipo de enfermedad, ya que son capaces de resolver problemas graves, restaurando la microflora y optimizando la actividad del sistema inmunitario.<\/p>\n<p>Los efectos beneficiosos de Vetom 1.1 se deben a las bacterias *Bacillus subtilis* que contiene. Estas bacterias beneficiosas se multiplican en el intestino grueso y producen diversas enzimas y sustancias biol\u00f3gicamente activas que:<\/p>\n<p>* inhiben el crecimiento de bacterias y hongos nocivos,<br \/>\n* ayudan a descomponer las prote\u00ednas, el almid\u00f3n y la fibra vegetal,<br \/>\n* Ayuda al sistema inmunitario,<br \/>\n* ayudan a desintoxicar el organismo,<br \/>\n* favorecen una mejor absorci\u00f3n de los nutrientes.<\/p>\n<h2>Uso regular del producto:<\/h2>\n<p>* restablece un equilibrio saludable de la flora intestinal,<br \/>\n* mejora la digesti\u00f3n,<br \/>\n* alivia los s\u00edntomas de la alergia,<br \/>\n* favorece la regeneraci\u00f3n del organismo y la eliminaci\u00f3n de las c\u00e9lulas enfermas,<br \/>\n* potencia los efectos de otros medicamentos al tiempo que reduce sus efectos secundarios.<br \/>\n* Protege el organismo a nivel celular, ayuda a prevenir el desarrollo de tumores<\/p>\n<h2>Caracter\u00edsticas:<\/h2>\n<p>* Antibacteriano y antif\u00fangico<br \/>\n* Antiviral, inmunoestimulante, antitumoral<br \/>\n* Sin efectos secundarios<br \/>\n* Sin adicci\u00f3n<br \/>\n* No sobredosificar<\/p>\n<h2>Aplicaci\u00f3n:<\/h2>\n<p>Vetom 1.1 se recomienda para mejorar el estado del tracto gastrointestinal y restablecer el equilibrio de la flora intestinal.<\/p>\n<h2>Dosificaci\u00f3n:<\/h2>\n<p>* Se recomienda tomar 1 c\u00e1psula 2-3 veces al d\u00eda durante 10 d\u00edas, antes, durante o despu\u00e9s de las comidas, con una peque\u00f1a cantidad de l\u00edquido (agua, t\u00e9 o zumo). Controlar la respuesta del organismo durante el curso del tratamiento y aumentar la dosis gradualmente si es necesario, hasta 5-10 c\u00e1psulas al d\u00eda.<\/p>\n<p>* El tratamiento puede repetirse en cualquier momento tras una pausa de 1-2 semanas. Ocasionalmente se recomienda alternar el uso con otros tipos de productos Vetom para apoyar todo el organismo.<\/p>\n<h2>Contraindicaciones:<\/h2>\n<p>* Hipersensibilidad a cualquiera de los ingredientes<br \/>\n* No utilizar con antibi\u00f3ticos u otros probi\u00f3ticos.<br \/>\n* Durante el embarazo y la lactancia s\u00f3lo con autorizaci\u00f3n m\u00e9dica.<\/p>\n<h2>Otras informaciones:<\/h2>\n<p>* No afecta a la conducci\u00f3n ni al manejo de maquinaria peligrosa<br \/>\n* Almacenamiento: en lugar seco y fresco (m\u00e1x. 30 \u00b0C), fuera del alcance de los ni\u00f1os.<br \/>\n* Garant\u00eda: 2 a\u00f1os a partir de la fecha de fabricaci\u00f3n<br \/>\n* Presentaci\u00f3n: 10 c\u00e1psulas en bl\u00edster, 5 paquetes en una caja (50 c\u00e1psulas en total)<\/p>\n<h2>Composici\u00f3n por c\u00e1psula:<\/h2>\n<p>* extracto de ma\u00edz: 133 mg<br \/>\n* F\u00e9cula de patata: 100 mg<br \/>\n* Az\u00facar en polvo: 67 mg<br \/>\n* Cepa de Bacillus subtilis: 0,03 mg<\/p>\n<p>Equivalente alternativo en forma de gotas: Vetom 1,23 (10 ml)<\/p>\n<p>Lugar de origen: <strong>Rusia<\/strong><\/p>","protected":false},"excerpt":{"rendered":"<h5>Vetom <span style=\"color: red;\">1.1<\/span> c\u00e1psulas probi\u00f3ticas 50 granos (complemento alimenticio)<\/h5>\n<p>Sus efectos beneficiosos se deben a la acci\u00f3n de las bacterias beneficiosas Bacillus subtilis, que se producen principalmente multiplic\u00e1ndose en el intestino grueso:<\/p>\n<ul class=\"vetom-list\">\n<li>enzimas proteol\u00edticas, amilol\u00edticas y celulosol\u00edticas;<\/li>\n<li>interfer\u00f3n a-2 en leucocitos humanos;<\/li>\n<li>mg de bacitracina, que inhiben el crecimiento y el desarrollo de la microflora pat\u00f3gena y potencialmente pat\u00f3gena;<\/li>\n<li>y otras sustancias biol\u00f3gicamente activas.<\/li>\n<\/ul>\n<div class=\"plashka\">Como consecuencia, la composici\u00f3n bacteriana del contenido intestinal se transforma en la norma de desarrollo adecuada, las paredes intestinales se limpian de residuos no digeridos, lo que contribuye a la eliminaci\u00f3n activa de toxinas del organismo, al transporte sin trabas de nutrientes biol\u00f3gicamente activos.<\/div>\n<p>A <strong>Vetom <span style=\"color: red;\">1.1<\/span><\/strong> normaliza el metabolismo, la digesti\u00f3n y la absorci\u00f3n de los componentes biol\u00f3gicamente activos de los alimentos en el tracto gastrointestinal.<\/p>\n<p>A <strong>Vetom <span style=\"color: red;\">1.1<\/span><\/strong> aumenta la eficacia de los medicamentos y reduce sus efectos secundarios negativos en el organismo humano.<\/p>\n<div class=\"plashka\"><strong>Efectos farmacol\u00f3gicos:<\/strong> inmunomoduladora, antitumoral, antiv\u00edrica, antiproliferativa, bactericida, fungicida, anticlamidiana.<\/div>\n<h5>Caracter\u00edsticas:<\/h5>\n<ul class=\"vetom-list\">\n<li>Posee una elevada actividad antagonista contra hongos y bacterias pat\u00f3genos y condicionalmente pat\u00f3genos, propiedades antivirales, proteol\u00edticas, amil\u00edticas y celulol\u00edticas.<\/li>\n<li>estimula los factores celulares y humorales de la inmunidad<\/li>\n<li>aumenta la resistencia inespec\u00edfica del organismo<\/li>\n<li>estabiliza la resistencia al\u00e9rgica<\/li>\n<li>normaliza el metabolismo<\/li>\n<li>estimula los procesos de regeneraci\u00f3n, ataca y elimina las c\u00e9lulas cancerosas y enfermas<\/li>\n<\/ul>","protected":false},"featured_media":6597,"comment_status":"open","ping_status":"closed","template":"","meta":[],"product_brand":[],"product_cat":[22],"product_tag":[],"class_list":{"0":"post-225","1":"product","2":"type-product","3":"status-publish","4":"has-post-thumbnail","6":"product_cat-vetom-probiotikumok","8":"first","9":"instock","10":"featured","11":"taxable","12":"shipping-taxable","13":"purchasable","14":"product-type-simple"},"_links":{"self":[{"href":"https:\/\/vetomshop.hu\/es\/wp-json\/wp\/v2\/product\/225","targetHints":{"allow":["GET"]}}],"collection":[{"href":"https:\/\/vetomshop.hu\/es\/wp-json\/wp\/v2\/product"}],"about":[{"href":"https:\/\/vetomshop.hu\/es\/wp-json\/wp\/v2\/types\/product"}],"replies":[{"embeddable":true,"href":"https:\/\/vetomshop.hu\/es\/wp-json\/wp\/v2\/comments?post=225"}],"wp:featuredmedia":[{"embeddable":true,"href":"https:\/\/vetomshop.hu\/es\/wp-json\/wp\/v2\/media\/6597"}],"wp:attachment":[{"href":"https:\/\/vetomshop.hu\/es\/wp-json\/wp\/v2\/media?parent=225"}],"wp:term":[{"taxonomy":"product_brand","embeddable":true,"href":"https:\/\/vetomshop.hu\/es\/wp-json\/wp\/v2\/product_brand?post=225"},{"taxonomy":"product_cat","embeddable":true,"href":"https:\/\/vetomshop.hu\/es\/wp-json\/wp\/v2\/product_cat?post=225"},{"taxonomy":"product_tag","embeddable":true,"href":"https:\/\/vetomshop.hu\/es\/wp-json\/wp\/v2\/product_tag?post=225"}],"curies":[{"name":"wp","href":"https:\/\/api.w.org\/{rel}","templated":true}]}}