{"id":2478,"date":"2020-10-20T18:54:23","date_gmt":"2020-10-20T16:54:23","guid":{"rendered":"https:\/\/vetomshop.hu\/?post_type=product&#038;p=2478"},"modified":"2026-04-12T08:28:28","modified_gmt":"2026-04-12T06:28:28","slug":"vetom-2-25-probiotikum-10-ml-csepp","status":"publish","type":"product","link":"https:\/\/vetomshop.hu\/es\/producto\/vetom-2-25-probiotikum-10-ml-csepp\/","title":{"rendered":"Probi\u00f3tico Vetom <span style=\"color: red\">2.25<\/span><br>drop <span style=\"color: red\">10 ml<\/span> (complemento alimenticio)"},"content":{"rendered":"<h3>Vetom 2.25 gotas probi\u00f3ticas 10 ml (complemento alimenticio)<\/h3>\n<p>Dos cepas de Bacillus amyloliquefaciens (VKPM B-10642 y B-10643)<\/p>\n<p>Vetom 2.25 es un probi\u00f3tico l\u00edquido de origen natural que restablece la flora intestinal, favorece la salud digestiva y refuerza las defensas generales del organismo. Su extraordinaria eficacia se debe a las dos cepas de bacterias *Bacillus amyloliquefaciens* que contiene.<\/p>\n<h2>Principales efectos y beneficios:<\/h2>\n<p>*Efectos antibacterianos, antivirales, antif\u00fangicos y anticlamidianos.<br \/>\n*Ayuda al funcionamiento del intestino grueso y delgado, restablece la flora intestinal normal<br \/>\n*Apoya el sistema inmunitario, tanto a nivel celular como a nivel de defensa general.<br \/>\n* Normaliza el metabolismo, especialmente el equilibrio agua-sal<br \/>\n*Efecto detoxificante, ayuda a eliminar los procesos de descomposici\u00f3n en el intestino<br \/>\n* Reduce el mal aliento y los s\u00edntomas de sudoraci\u00f3n<br \/>\n*Utilizar como suplemento para diversas afecciones como enfermedades hep\u00e1ticas, inflamaci\u00f3n del intestino, \u00falceras de est\u00f3mago, hepatitis cr\u00f3nica<br \/>\n*Los leucocitos humanos producen interfer\u00f3n, que protege al organismo de las infecciones v\u00edricas<br \/>\n*Sin adicci\u00f3n, sobredosis ni efectos secundarios<br \/>\n*Para ni\u00f1os y adultos<\/p>\n<h2>\u00bfCu\u00e1ndo se recomienda su uso?<\/h2>\n<p>* despu\u00e9s de un tratamiento antibi\u00f3tico, para regenerar la flora intestinal<br \/>\n*Para complementar la terapia en caso de c\u00e1ncer<br \/>\n*Trastornos digestivos, diarrea, estre\u00f1imiento, molestias estomacales.<br \/>\n*En estados de inmunodeficiencia<br \/>\n*En caso de olor corporal o aliento desagradables<br \/>\n*Tratamiento adicional de c\u00e1lculos renales, enfermedades hep\u00e1ticas, problemas gastrointestinales<\/p>\n<h2>\nRecomendaci\u00f3n de dosificaci\u00f3n:<\/h2>\n<p>*Suplemento para adultos y ni\u00f1os: se recomiendan 2 gotas durante los primeros d\u00edas, despu\u00e9s la dosis puede aumentarse gradualmente hasta 4-6 gotas. Observar las reacciones del organismo durante la toma.<br \/>\n*Para enfermedades comunes: 10 gotas diarias durante 10 d\u00edas<br \/>\n* El tratamiento puede repetirse al cabo de 1-2 semanas<br \/>\n* Se recomienda utilizarlo alternativamente con otros productos Vetom (por ejemplo, Vetom 1, 3, 4, etc.)<\/p>\n<p>Importante:<br \/>\nNo debe tomarse con otros probi\u00f3ticos o antibi\u00f3ticos orales, especialmente sulfanilamida, agentes anticancer\u00edgenos.<\/p>\n<h2>Ingredientes:<\/h2>\n<p>* Extracto de ma\u00edz fermentado con las siguientes cepas bacterianas:<br \/>\n*Bacillus amyloliquefaciens* VKPM B-10642 (DSM 24614)<br \/>\n*Bacillus amyloliquefaciens* VKPM B-10643 (DSM 24615)<br \/>\n* Viveware<\/p>\n<h2>Embalaje y aspecto:<\/h2>\n<p>* 10 ml de l\u00edquido en una botella de vidrio o pl\u00e1stico, envasados en una caja de cart\u00f3n<br \/>\n* Color: de amarillo claro a marr\u00f3n oscuro<br \/>\n* Olor t\u00edpico, a veces pueden aparecer ligeros sedimentos (no es un defecto de calidad)<\/p>\n<p>*Peso: 0,02 kg<br \/>\n*Dimensiones: 3 \u00d7 3 \u00d7 7 cm<br \/>\n*Lugar de trabajo: <strong>Rusia<\/strong><\/p>\n<h2>Condiciones de almacenamiento y transporte:<\/h2>\n<p>*Almacenamiento: 0-10 \u00b0C, humedad m\u00e1x. 75%<br \/>\n*Se puede almacenar a 10-30 \u00b0C hasta 18 d\u00edas<br \/>\n*Despu\u00e9s del desmontaje: mantener refrigerado (0-10 \u00b0C)<\/p>","protected":false},"excerpt":{"rendered":"<h5>Composici\u00f3n:<\/h5>\n<p>Bacillus amyloliquefaciens, VKPM B- 10642 <strong>(DSM 24614)<\/strong> y VKPM B- 10643 <strong>(DSM 24615)<\/strong> extracto bacteriano de ma\u00edz fermentado de cepas de bacilos, portador.<br \/>\n<strong>Qu\u00e9 aspecto tiene el producto: <\/strong>A <strong>Vetom<\/strong> <span style=\"color: red; font-weight: 800;\">2.25<\/span> <strong>Gotas probi\u00f3ticas<\/strong> un l\u00edquido con un olor espec\u00edfico, cuyo color var\u00eda del amarillo claro al marr\u00f3n oscuro.<\/p>\n<p><strong>Desembalaje:<\/strong>\u00a0 botella de vidrio o pl\u00e1stico en una caja de cart\u00f3n.<\/p>\n<div class=\"plashka\">A <strong>Vetom<\/strong> <span style=\"color: red; font-weight: 800;\">2.25<\/span> aumenta la eficacia de los medicamentos y reduce sus efectos secundarios negativos en el organismo humano.<\/div>\n<h6>Caracter\u00edsticas:<\/h6>\n<ul class=\"vetom-list\">\n<li>estimula los factores celulares y humorales de la inmunidad<\/li>\n<li>aumenta la resistencia inespec\u00edfica del organismo<\/li>\n<li>estabiliza la resistencia al\u00e9rgica<\/li>\n<li>normaliza el metabolismo<\/li>\n<li>estimula los procesos de regeneraci\u00f3n, ataca y destruye las c\u00e9lulas cancerosas y enfermas<\/li>\n<\/ul>\n<div class=\"plashka\">Altera la membrana y el metabolismo del esqueleto celular, impidiendo el desarrollo de c\u00e9lulas cancerosas.<\/div>","protected":false},"featured_media":6611,"comment_status":"open","ping_status":"closed","template":"","meta":[],"product_brand":[],"product_cat":[22],"product_tag":[],"class_list":{"0":"post-2478","1":"product","2":"type-product","3":"status-publish","4":"has-post-thumbnail","6":"product_cat-vetom-probiotikumok","8":"first","9":"instock","10":"featured","11":"taxable","12":"shipping-taxable","13":"purchasable","14":"product-type-simple"},"_links":{"self":[{"href":"https:\/\/vetomshop.hu\/es\/wp-json\/wp\/v2\/product\/2478","targetHints":{"allow":["GET"]}}],"collection":[{"href":"https:\/\/vetomshop.hu\/es\/wp-json\/wp\/v2\/product"}],"about":[{"href":"https:\/\/vetomshop.hu\/es\/wp-json\/wp\/v2\/types\/product"}],"replies":[{"embeddable":true,"href":"https:\/\/vetomshop.hu\/es\/wp-json\/wp\/v2\/comments?post=2478"}],"wp:featuredmedia":[{"embeddable":true,"href":"https:\/\/vetomshop.hu\/es\/wp-json\/wp\/v2\/media\/6611"}],"wp:attachment":[{"href":"https:\/\/vetomshop.hu\/es\/wp-json\/wp\/v2\/media?parent=2478"}],"wp:term":[{"taxonomy":"product_brand","embeddable":true,"href":"https:\/\/vetomshop.hu\/es\/wp-json\/wp\/v2\/product_brand?post=2478"},{"taxonomy":"product_cat","embeddable":true,"href":"https:\/\/vetomshop.hu\/es\/wp-json\/wp\/v2\/product_cat?post=2478"},{"taxonomy":"product_tag","embeddable":true,"href":"https:\/\/vetomshop.hu\/es\/wp-json\/wp\/v2\/product_tag?post=2478"}],"curies":[{"name":"wp","href":"https:\/\/api.w.org\/{rel}","templated":true}]}}