{"id":2483,"date":"2020-10-20T19:35:14","date_gmt":"2020-10-20T17:35:14","guid":{"rendered":"https:\/\/vetomshop.hu\/?post_type=product&#038;p=2483"},"modified":"2026-04-12T08:28:16","modified_gmt":"2026-04-12T06:28:16","slug":"vetomgin-8-21","status":"publish","type":"product","link":"https:\/\/vetomshop.hu\/es\/producto\/vetomgin-8-21\/","title":{"rendered":"Probi\u00f3tico Vetomgin <span style=\"color:red\">8.21<\/span> tableta de champ\u00e1n <span style=\"color:red\">15 piezas<\/span> (complemento alimenticio )"},"content":{"rendered":"<h2><strong>Vetomgin 8.21 probi\u00f3tico comprimidos efervescentes 15 (complemento alimenticio)<\/strong><\/h2>\n<p><span style=\"color: #ff0000;\">Composici\u00f3n<\/span><\/p>\n<p>1 porci\u00f3n (1 comprimido efervescente) contiene: aditivo: \u0415500 (carbonato de sodio) - 1200 \u00b5g \u0415330(barra de lim\u00f3n) - 750 \u00b5g ; cultivos probi\u00f3ticos desecados de Bacillus subtilis, VKPM B - 10641(DSM 24613),Bacillus amyloliquefaciens, VKPM B - 10642(DSM 24614) , Bacillus amyloliquefaciens, VKPM B - 10643 (DSM 24615) 1\u0445106 KTJ\/g - 50 mg.<\/p>\n<p>Sus efectos beneficiosos se deben a las propiedades de los componentes de Vetomgin 8.21. Bajo su acci\u00f3n, se forma una composici\u00f3n microbiana espec\u00edfica en el intestino de cada persona y se activa el ciclo de Krebs. Este proceso da lugar a la optimizaci\u00f3n del funcionamiento de los sistemas que protegen al organismo de invasores extra\u00f1os, incluidos los microorganismos infecciosos, y optimiza el sistema regulador del organismo, que garantiza un suministro activo de ox\u00edgeno a las c\u00e9lulas; la formaci\u00f3n de reservas de energ\u00eda; la activaci\u00f3n de la s\u00edntesis de mol\u00e9culas esenciales para el organismo: amino\u00e1cidos, hidratos de carbono, \u00e1cidos grasos, etc.<\/p>\n<p>Vetomgin 8.21 aumenta la eficacia de los medicamentos y reduce sus efectos secundarios negativos en el organismo humano.<\/p>\n<h5>Caracter\u00edsticas:<\/h5>\n<ul>\n<li>\u00a0SIN EFECTOS SECUNDARIOS<\/li>\n<li>\u00a0SIN RESTRICCI\u00d3N DE EDAD<\/li>\n<li>SIN SOBREDOSIS<\/li>\n<li>NO ADICTIVO<\/li>\n<\/ul>\n<ul class=\"vetom-list\">\n<li>Posee una elevada actividad antagonista contra hongos y bacterias pat\u00f3genos y condicionalmente pat\u00f3genos, propiedades antivirales, proteol\u00edticas, amil\u00edticas y celulol\u00edticas.<\/li>\n<li>estimula los factores celulares y humorales de la inmunidad<\/li>\n<li>aumenta la resistencia inespec\u00edfica del organismo<\/li>\n<li>estabiliza la resistencia al\u00e9rgica<\/li>\n<li>normaliza el metabolismo<\/li>\n<li>estimula los procesos de regeneraci\u00f3n, ataca y destruye las c\u00e9lulas cancerosas y enfermas<\/li>\n<\/ul>\n<p><span style=\"color: #ff0000;\">\u00c1rea de uso<\/span><br \/>\nLos microorganismos probi\u00f3ticos son una fuente complementaria para mejorar la calidad de vida.<br \/>\n<span style=\"color: #ff0000;\">Solicitar en<\/span><br \/>\nSe recomiendan 3 comprimidos efervescentes al d\u00eda durante 10 d\u00edas a intervalos regulares.<br \/>\n1 comprimido disuelto en un vaso de agua .<br \/>\nEl comprimido no debe tragarse, masticarse ni chuparse.<br \/>\n<span style=\"color: #ff0000;\">Contraindicaciones<\/span><br \/>\nHipersensibilidad a determinados ingredientes del medicamento.<br \/>\nInstrucciones especiales<br \/>\nUtilizar durante el embarazo y la lactancia s\u00f3lo previa consulta m\u00e9dica. El preparado no afecta a la capacidad para conducir o manejar mecanismos potencialmente peligrosos.<br \/>\n<span style=\"color: #ff0000;\">Dispensaci\u00f3n<\/span><br \/>\n15 comprimidos de champ\u00e1n de 2 gramos , 3 por comprimido, envasados en una caja de cart\u00f3n envuelta en papel pergamino. Se adjuntan instrucciones de uso.<br \/>\n<span style=\"color: #ff0000;\">Condiciones de almacenamiento<\/span><br \/>\nPuede almacenarse a una humedad relativa del 75 % por debajo de 30\u00b0C. Mantener fuera del alcance de los ni\u00f1os.<br \/>\n<span style=\"color: #ff0000;\">Caducidad<\/span><br \/>\n4 a\u00f1os a partir de la fecha de fabricaci\u00f3n. No consumir despu\u00e9s de la fecha de caducidad.<br \/>\nVetomgin 8.21 no es un medicamento.<\/p>\n<p><span style=\"color: #0000ff;\">Compro Probi\u00f3ticos Directamente De F\u00e1brica Al Mejor Precio , -Calidad Premium.<\/span><\/p>\n<h3><strong><span style=\"color: #ff0000;\">\u00a1Cemmedic Europe Kft \u201eDistribuidor Oficial de Hungr\u00eda\u201d !<\/span><\/strong><\/h3>","protected":false},"excerpt":{"rendered":"<h5>Composici\u00f3n<\/h5>\n<p>1 porci\u00f3n (<strong>1 comprimido efervescente<\/strong>) contiene un aditivo:<\/p>\n<ul>\n<li><strong>\u0415500<\/strong> (carbonato s\u00f3dico) - 1200 mg<\/li>\n<li><strong>\u0415330<\/strong> (barra de lim\u00f3n) - 750 mg;<\/li>\n<li>cultivos probi\u00f3ticos desecados <strong>Bacillus subtilis<\/strong>, VKPM B - 10641(DSM 24613),<\/li>\n<li><strong>Bacillus amyloliquefaciens<\/strong>, VKPM B - 10642 (DSM 24614),<\/li>\n<li><strong>Bacillus amyloliquefaciens<\/strong>, VKPM B - 10643 (DSM 24615) 1X106 KTJ\/g - 50 mg.<\/li>\n<\/ul>\n<p>Los efectos beneficiosos de la <strong>Vetomgin <span style=\"color:red\">8.21<\/span><\/strong> propiedades de los elementos constitutivos. Bajo su influencia, se forma en el intestino la composici\u00f3n microbiana espec\u00edfica de cada persona y se activa el ciclo de Krebs. Este proceso tiene como resultado la optimizaci\u00f3n de los sistemas que protegen al organismo de invasores extra\u00f1os, incluidos los microorganismos infecciosos, y optimiza el sistema regulador del organismo que garantiza un suministro activo de ox\u00edgeno a las c\u00e9lulas; la formaci\u00f3n de reservas energ\u00e9ticas; la activaci\u00f3n de la s\u00edntesis de mol\u00e9culas esenciales para el organismo: amino\u00e1cidos, hidratos de carbono, \u00e1cidos grasos, etc.<\/p>\n<div class=\"plashka\">A <strong>Vetomgin <span style=\"color:red\">8.21<\/span><\/strong> aumenta la eficacia de los medicamentos y reduce sus efectos secundarios negativos en el organismo humano.<\/div>\n<h6>Caracter\u00edsticas:<\/h6>\n<ul class=\"vetom-list\">\n<li>Posee una elevada actividad antagonista contra hongos y bacterias pat\u00f3genos y condicionalmente pat\u00f3genos, propiedades antivirales, proteol\u00edticas, amil\u00edticas y celulol\u00edticas.<\/li>\n<li>estimula los factores celulares y humorales de la inmunidad<\/li>\n<li>aumenta la resistencia inespec\u00edfica del organismo<\/li>\n<li>estabiliza la resistencia al\u00e9rgica<\/li>\n<li>normaliza el metabolismo<\/li>\n<li>estimula los procesos de regeneraci\u00f3n, ataca y elimina las c\u00e9lulas cancerosas y enfermas<\/li>\n<\/ul>\n<div class=\"plashka\"><strong>\u00c1rea de uso<\/strong><br \/>\nLos microorganismos probi\u00f3ticos son una fuente complementaria para mejorar la calidad de vida.<\/div>","protected":false},"featured_media":5558,"comment_status":"open","ping_status":"closed","template":"","meta":[],"product_brand":[],"product_cat":[22],"product_tag":[],"class_list":{"0":"post-2483","1":"product","2":"type-product","3":"status-publish","4":"has-post-thumbnail","6":"product_cat-vetom-probiotikumok","8":"first","9":"instock","10":"featured","11":"taxable","12":"shipping-taxable","13":"purchasable","14":"product-type-simple"},"_links":{"self":[{"href":"https:\/\/vetomshop.hu\/es\/wp-json\/wp\/v2\/product\/2483","targetHints":{"allow":["GET"]}}],"collection":[{"href":"https:\/\/vetomshop.hu\/es\/wp-json\/wp\/v2\/product"}],"about":[{"href":"https:\/\/vetomshop.hu\/es\/wp-json\/wp\/v2\/types\/product"}],"replies":[{"embeddable":true,"href":"https:\/\/vetomshop.hu\/es\/wp-json\/wp\/v2\/comments?post=2483"}],"wp:featuredmedia":[{"embeddable":true,"href":"https:\/\/vetomshop.hu\/es\/wp-json\/wp\/v2\/media\/5558"}],"wp:attachment":[{"href":"https:\/\/vetomshop.hu\/es\/wp-json\/wp\/v2\/media?parent=2483"}],"wp:term":[{"taxonomy":"product_brand","embeddable":true,"href":"https:\/\/vetomshop.hu\/es\/wp-json\/wp\/v2\/product_brand?post=2483"},{"taxonomy":"product_cat","embeddable":true,"href":"https:\/\/vetomshop.hu\/es\/wp-json\/wp\/v2\/product_cat?post=2483"},{"taxonomy":"product_tag","embeddable":true,"href":"https:\/\/vetomshop.hu\/es\/wp-json\/wp\/v2\/product_tag?post=2483"}],"curies":[{"name":"wp","href":"https:\/\/api.w.org\/{rel}","templated":true}]}}