{"id":2704,"date":"2021-05-05T21:50:09","date_gmt":"2021-05-05T19:50:09","guid":{"rendered":"https:\/\/vetomshop.hu\/?post_type=product&#038;p=2704"},"modified":"2026-02-28T11:46:57","modified_gmt":"2026-02-28T10:46:57","slug":"21-napos-kura-4-tubus-225-gramm","status":"publish","type":"product","link":"https:\/\/vetomshop.hu\/es\/producto\/21-napos-kura-4-tubus-225-gramm\/","title":{"rendered":"Enterosgel: cura de 21 d\u00edas 4 tubos (225 gramos)"},"content":{"rendered":"<p>En\u00a0<strong>Enterosgel\u00a0<\/strong>Elimina las sustancias nocivas para el organismo, pero no absorbe los ingredientes beneficiosos para el organismo. Producto desinfectante, protector y desintoxicante. Es una sustancia org\u00e1nica con propiedades f\u00edsicas y qu\u00edmicas similares a las del carb\u00f3n, por lo que es respetuosa con el organismo.<\/p>\n<p>Ayuda a desintoxicar e incluso a eliminar virus, bacterias, hongos y par\u00e1sitos cuyos residuos acechan y provocan s\u00edntomas que pueden ser muy dif\u00edciles de encontrar.<\/p>\n<p>F\u00e1cil de usar, se puede mezclar con agua u otros l\u00edquidos \/ 1-2 dl\/<br \/>\nPara los adultos, una cucharada sopera \/15 gr\/ 3 veces al d\u00eda, una hora y media o dos horas antes o despu\u00e9s de las comidas.<br \/>\nPara los ni\u00f1os, una cucharadita \/5-10 gr\/ 1-3 veces al d\u00eda.<br \/>\nUso recomendado: 7-14 d\u00edas.<\/p>","protected":false},"excerpt":{"rendered":"<p>En\u00a0<strong>Enterosgel\u00a0<\/strong>Elimina las sustancias nocivas para el organismo, pero no absorbe los ingredientes beneficiosos para el organismo. Producto desinfectante, protector y desintoxicante. Es una sustancia org\u00e1nica con propiedades f\u00edsicas y qu\u00edmicas similares a las del carb\u00f3n, por lo que es respetuosa con el organismo.<\/p>\n<p>Ayuda a desintoxicar e incluso a eliminar virus, bacterias, hongos y par\u00e1sitos cuyos residuos acechan y provocan s\u00edntomas que pueden ser muy dif\u00edciles de encontrar.<\/p>","protected":false},"featured_media":2705,"comment_status":"open","ping_status":"closed","template":"","meta":[],"product_brand":[],"product_cat":[28],"product_tag":[],"class_list":{"0":"post-2704","1":"product","2":"type-product","3":"status-publish","4":"has-post-thumbnail","6":"product_cat-enterosgel","8":"first","9":"instock","10":"sale","11":"taxable","12":"shipping-taxable","13":"purchasable","14":"product-type-simple"},"_links":{"self":[{"href":"https:\/\/vetomshop.hu\/es\/wp-json\/wp\/v2\/product\/2704","targetHints":{"allow":["GET"]}}],"collection":[{"href":"https:\/\/vetomshop.hu\/es\/wp-json\/wp\/v2\/product"}],"about":[{"href":"https:\/\/vetomshop.hu\/es\/wp-json\/wp\/v2\/types\/product"}],"replies":[{"embeddable":true,"href":"https:\/\/vetomshop.hu\/es\/wp-json\/wp\/v2\/comments?post=2704"}],"wp:featuredmedia":[{"embeddable":true,"href":"https:\/\/vetomshop.hu\/es\/wp-json\/wp\/v2\/media\/2705"}],"wp:attachment":[{"href":"https:\/\/vetomshop.hu\/es\/wp-json\/wp\/v2\/media?parent=2704"}],"wp:term":[{"taxonomy":"product_brand","embeddable":true,"href":"https:\/\/vetomshop.hu\/es\/wp-json\/wp\/v2\/product_brand?post=2704"},{"taxonomy":"product_cat","embeddable":true,"href":"https:\/\/vetomshop.hu\/es\/wp-json\/wp\/v2\/product_cat?post=2704"},{"taxonomy":"product_tag","embeddable":true,"href":"https:\/\/vetomshop.hu\/es\/wp-json\/wp\/v2\/product_tag?post=2704"}],"curies":[{"name":"wp","href":"https:\/\/api.w.org\/{rel}","templated":true}]}}