{"id":4392,"date":"2023-08-06T13:27:56","date_gmt":"2023-08-06T11:27:56","guid":{"rendered":"https:\/\/vetomshop.hu\/?post_type=product&#038;p=4392"},"modified":"2026-04-12T08:28:06","modified_gmt":"2026-04-12T06:28:06","slug":"komarov-por-etrend-kiegeszito-40-tasak","status":"publish","type":"product","link":"https:\/\/vetomshop.hu\/es\/producto\/komarov-por-etrend-kiegeszito-40-tasak\/","title":{"rendered":"Probi\u00f3tico en polvo Komarov <span style=\"color: red\">40 tassaq<\/span> (complemento alimenticio )"},"content":{"rendered":"<h2><strong>Komarov en polvo - 40 sobres (Suplemento diet\u00e9tico)<\/strong><\/h2>\n<p>Probi\u00f3tico natural con vitaminas y espirulina - para reforzar el sistema digestivo e inmunitario<\/p>\n<p>Komarov en polvo es un complemento alimenticio complejo que contiene probi\u00f3ticos, fibra diet\u00e9tica, vitaminas, minerales y espirulina. Sus ingredientes activos favorecen el equilibrio de la flora intestinal, la desintoxicaci\u00f3n, el metabolismo y refuerzan las defensas del organismo.<\/p>\n<p>&nbsp;<\/p>\n<h2><strong>Ingredientes principales:<\/strong><\/h2>\n<p>*Bacillus subtilis VKPM V-10641 (DSM 24613) - bacterias intestinales beneficiosas<\/p>\n<p>*Spirulina (alga verde azulada): fuente natural de vitaminas y prote\u00ednas.<\/p>\n<p>*Salvado de trigo: fuente de fibra alimentaria.<\/p>\n<p>*\u00c1cido c\u00edtrico, cloruro s\u00f3dico - portadores naturales<\/p>\n<p>&nbsp;<\/p>\n<h2><strong>Tambi\u00e9n incluido en el producto:<\/strong><\/h2>\n<p>*Vitaminas: A, B1, B2, B6, B12, B5, B9, biotina<\/p>\n<p>*Minerales:calcio, potasio, magnesio, f\u00f3sforo, hierro, zinc, cobre, manganeso, selenio, molibdeno<\/p>\n<p>*\u00e1cidos grasos insaturados: \u00e1cido linoleico, \u00e1cido linol\u00e9nico, \u00e1cido araquid\u00f3nico<\/p>\n<p>&nbsp;<\/p>\n<h2><strong>Efectos beneficiosos:<\/strong><\/h2>\n<p>\u2705 Favorece la digesti\u00f3n y una mejor absorci\u00f3n de los nutrientes<\/p>\n<p>\u2705 Favorece el equilibrio de la flora intestinal, tiene un efecto desintoxicante.<\/p>\n<p>\u2705 Refuerza el sistema inmunitario, aumenta la resistencia del organismo.<\/p>\n<p>Normaliza el metabolismo<\/p>\n<p>\u2705 Favorece los procesos de regeneraci\u00f3n y puede contribuir a la lucha contra las c\u00e9lulas nocivas<\/p>\n<p>\u2705 Activa el ciclo de Krebs (producci\u00f3n de energ\u00eda celular).<\/p>\n<p>Propiedades antibacterianas, antivirales y antif\u00fangicas<\/p>\n<p>&nbsp;<\/p>\n<h2><strong>Recomendaci\u00f3n de dosificaci\u00f3n:<\/strong><\/h2>\n<p>*Para un organismo sano: m\u00edn. 2-3 sobres al d\u00eda durante 10-14 d\u00edas Controlar las reacciones del organismo durante la toma y aumentar gradualmente la dosis si es necesario.<\/p>\n<p>* Para ciertas enfermedades: 7-10 sobres al d\u00eda durante 10 d\u00edas<\/p>\n<p>* 1 raci\u00f3n = 1 sobre<\/p>\n<p>* El polvo debe tomarse por v\u00eda oral y se recomienda con o despu\u00e9s de las comidas. Es m\u00e1s c\u00f3modo tomarlo a cucharadas mezclado con yogur, crema agria o k\u00e9fir.<\/p>\n<p>&nbsp;<\/p>\n<h2><strong>Informaci\u00f3n importante:<\/strong><\/h2>\n<p>*Sin efectos secundarios, sin sobredosis, no adictivo<\/p>\n<p>*Sin restricciones de edad<\/p>\n<p>*No debe tomarse con antibi\u00f3ticos u otros probi\u00f3ticos.<\/p>\n<p>*No recomendado en caso de hipersensibilidad a alguno de los ingredientes<\/p>\n<p>&nbsp;<\/p>\n<h2><strong>Dispensaci\u00f3n:<\/strong><\/h2>\n<p>40 sobres de 2,5 g de polvo , en envase laminado<\/p>\n<p>Peso: 0,17 kg<\/p>\n<p>Tama\u00f1o: 18 \u00d7 7 \u00d7 7 cm<\/p>\n<p>Lugar de origen: Rusia<\/p>\n<p>&nbsp;<\/p>\n<h2><strong>Almacenamiento:<\/strong><\/h2>\n<p>Almacenar en un lugar seco y fresco entre 0-30 \u00b0C, con una humedad m\u00e1xima de 75%.<\/p>\n<p>Garant\u00eda: 4<strong> a\u00f1os a partir de la fecha de fabricaci\u00f3n<\/strong>.<\/p>\n<p>Lugar de origen : <strong>Rusia<\/strong><\/p>","protected":false},"excerpt":{"rendered":"<h5>Bacilus subtilis cepa VKPM V 10 641 (DSM 24613)<\/h5>\n<div class=\"plashka\"><strong>Material vivo:<\/strong> salvado de trigo, cloruro s\u00f3dico, alga verde azulada espirulina, \u00e1cido c\u00edtrico.<br \/>\nPolvo envasado en bolsita de papel plastificado de 2,5 g.<\/div>\n<h5>Aplicaci\u00f3n:<\/h5>\n<p>El polvo de Komarov es una sustancia biol\u00f3gicamente activa que contiene microorganismos probi\u00f3ticos, fibras alimentarias, vitaminas (<strong>A, B1, B2, B6, B12, B5, B9, biotina<\/strong>), macronutrientes (calcio, magnesio, f\u00f3sforo, potasio) y micronutrientes (hierro, manganeso, cobre, zinc, molibdeno, selenio), \u00e1cidos grasos insaturados (\u00e1cido linoleico, \u00e1cido linol\u00e9nico, \u00e1cido araquid\u00f3nico).<\/p>\n<h6>Caracter\u00edsticas:<\/h6>\n<ul class=\"vetom-list\">\n<li>Posee una elevada actividad antagonista contra hongos y bacterias pat\u00f3genos y condicionalmente pat\u00f3genos, propiedades antivirales, proteol\u00edticas, amil\u00edticas y celulol\u00edticas.<\/li>\n<li>estimula los factores celulares y humorales de la inmunidad<\/li>\n<li>aumenta la resistencia inespec\u00edfica del organismo<\/li>\n<li>estabiliza la resistencia al\u00e9rgica<\/li>\n<li>normaliza el metabolismo<\/li>\n<li>estimula los procesos de regeneraci\u00f3n, ataca y destruye las c\u00e9lulas cancerosas y enfermas<\/li>\n<\/ul>","protected":false},"featured_media":5557,"comment_status":"open","ping_status":"closed","template":"","meta":[],"product_brand":[],"product_cat":[22],"product_tag":[],"class_list":{"0":"post-4392","1":"product","2":"type-product","3":"status-publish","4":"has-post-thumbnail","6":"product_cat-vetom-probiotikumok","8":"first","9":"instock","10":"featured","11":"taxable","12":"shipping-taxable","13":"purchasable","14":"product-type-simple"},"_links":{"self":[{"href":"https:\/\/vetomshop.hu\/es\/wp-json\/wp\/v2\/product\/4392","targetHints":{"allow":["GET"]}}],"collection":[{"href":"https:\/\/vetomshop.hu\/es\/wp-json\/wp\/v2\/product"}],"about":[{"href":"https:\/\/vetomshop.hu\/es\/wp-json\/wp\/v2\/types\/product"}],"replies":[{"embeddable":true,"href":"https:\/\/vetomshop.hu\/es\/wp-json\/wp\/v2\/comments?post=4392"}],"wp:featuredmedia":[{"embeddable":true,"href":"https:\/\/vetomshop.hu\/es\/wp-json\/wp\/v2\/media\/5557"}],"wp:attachment":[{"href":"https:\/\/vetomshop.hu\/es\/wp-json\/wp\/v2\/media?parent=4392"}],"wp:term":[{"taxonomy":"product_brand","embeddable":true,"href":"https:\/\/vetomshop.hu\/es\/wp-json\/wp\/v2\/product_brand?post=4392"},{"taxonomy":"product_cat","embeddable":true,"href":"https:\/\/vetomshop.hu\/es\/wp-json\/wp\/v2\/product_cat?post=4392"},{"taxonomy":"product_tag","embeddable":true,"href":"https:\/\/vetomshop.hu\/es\/wp-json\/wp\/v2\/product_tag?post=4392"}],"curies":[{"name":"wp","href":"https:\/\/api.w.org\/{rel}","templated":true}]}}