{"id":443,"date":"2019-11-12T14:57:08","date_gmt":"2019-11-12T13:57:08","guid":{"rendered":"https:\/\/vetomshop.hu\/?post_type=product&#038;p=443"},"modified":"2026-04-12T08:29:34","modified_gmt":"2026-04-12T06:29:34","slug":"vetom-2-etrend-kiegeszito","status":"publish","type":"product","link":"https:\/\/vetomshop.hu\/es\/producto\/vetom-2-etrend-kiegeszito\/","title":{"rendered":"Probi\u00f3tico Vetom <span style=\"color:red\">2<\/span><br> c\u00e1psula <span style=\"color:red\">50 granos<\/span> (complemento alimenticio)"},"content":{"rendered":"<h2>Vetom 2 c\u00e1psulas probi\u00f3ticas 50 granos (complemento alimenticio)<\/h2>\n<p>Los 2 principales principios activos de Vetom son las cepas bacterianas beneficiosas de *Bacillus amyloliquefaciens* , que act\u00faan principalmente en el intestino grueso, donde se multiplican para producir diversas enzimas (enzimas degradadoras de prote\u00ednas, almid\u00f3n y fibra) y compuestos activos que:<\/p>\n<p>* suprimen las bacterias y los hongos nocivos,<br \/>\n* limpiar la pared intestinal de residuos no digeridos,<br \/>\n* favorecen una mejor absorci\u00f3n de los nutrientes,<br \/>\n* ayudan a desintoxicar el organismo.<\/p>\n<p>El uso regular de Vetom 2 ayuda a restablecer un equilibrio saludable de la flora intestinal, estimula la digesti\u00f3n y mejora la funci\u00f3n inmunitaria. El probi\u00f3tico favorece los procesos de regeneraci\u00f3n, ayuda a la renovaci\u00f3n celular e incluso puede prevenir el desarrollo de c\u00e9lulas cancerosas.<\/p>\n<p>Tambi\u00e9n potencia los efectos de los medicamentos al tiempo que reduce sus efectos secundarios.<\/p>\n<h2>Caracter\u00edsticas ventajosas:<\/h2>\n<p>* Fuerte acci\u00f3n antibacteriana y antif\u00fangica<br \/>\n* Antiviral, digestivo, refuerzo inmunol\u00f3gico<br \/>\n* Protecci\u00f3n celular y prevenci\u00f3n de tumores<br \/>\n* Normaliza el metabolismo<br \/>\n* Refuerza la resistencia a las alergias<br \/>\n* Regenera el organismo a nivel celular<br \/>\n* No provoca efectos secundarios, sobredosis ni adicci\u00f3n<br \/>\n* Protege el organismo a nivel celular, ayuda a prevenir el desarrollo de tumores<\/p>\n<h2>Uso recomendado:<\/h2>\n<p>Vetom 2 se recomienda para restablecer el equilibrio de la flora intestinal, favorecer la salud intestinal y reforzar la inmunidad.<\/p>\n<h2>Dosificaci\u00f3n:<\/h2>\n<p>* Se recomienda tomar 1 c\u00e1psula 2-3 veces al d\u00eda durante 10 d\u00edas, antes, durante o despu\u00e9s de las comidas, con una peque\u00f1a cantidad de l\u00edquido (agua, t\u00e9 o zumo). Controlar la respuesta del organismo durante el curso del tratamiento y aumentar la dosis gradualmente si es necesario, hasta 5-10 c\u00e1psulas al d\u00eda.<\/p>\n<p>* El tratamiento puede repetirse tras una pausa de 1-2 semanas. Ocasionalmente se recomienda cambiar a otro producto Vetom numerado para un apoyo general del organismo.<\/p>\n<h2>Contraindicaciones:<\/h2>\n<p>* No recomendado en caso de sensibilidad a alguno de los ingredientes.<br \/>\n* Utilizar durante el embarazo y la lactancia s\u00f3lo bajo consejo m\u00e9dico.<br \/>\n* No afecta a la conducci\u00f3n ni al manejo de maquinaria peligrosa.<\/p>\n<h2>Dosis e ingredientes:<\/h2>\n<p>* 10 c\u00e1psulas en bl\u00edster, 5 paquetes en cart\u00f3n (50 c\u00e1psulas en total)<br \/>\n* Contenido de 1 c\u00e1psula:<\/p>\n<p>* extracto de ma\u00edz - 133 mg<br \/>\n* F\u00e9cula de patata - 100 mg<br \/>\n* sacarosa (az\u00facar en polvo) - 67 mg<br \/>\n* Cultivo bacteriano de Bacillus amyloliquefaciens (DSM 24614) y cepas DSM 24615 - 30 mg (1\u00d710\u2079 UFC\/g)<\/p>\n<h2>M\u00e1s informaci\u00f3n:<\/h2>\n<p>* Peso neto: 0,1 kg<br \/>\n* Tama\u00f1o: 4,5 \u00d7 6,5 \u00d7 8 cm<br \/>\n* Pa\u00eds de origen: Rusia<br \/>\n* Conservaci\u00f3n: en lugar fresco y seco (m\u00e1x. 30 \u00b0C), fuera del alcance de los ni\u00f1os<br \/>\n* Caducidad: 2 a\u00f1os a partir de la fecha de fabricaci\u00f3n<\/p>\n<p>Equivalente alternativo en forma de gotas: Vetom 2,25 (10 ml)<\/p>\n<p>Lugar de origen : <strong>Rusia<\/strong><\/p>","protected":false},"excerpt":{"rendered":"<h5><strong>Vetom <span style=\"color: red;\">2<\/span><\/strong> c\u00e1psulas probi\u00f3ticas 50 granos (complemento alimenticio)<\/h5>\n<div class=\"plashka\">\n<p>A <strong>Vetom <span style=\"color: red;\">2<\/span><\/strong> normaliza el metabolismo, la digesti\u00f3n y la absorci\u00f3n de los componentes biol\u00f3gicamente activos de los alimentos en el tracto gastrointestinal.<\/p>\n<p>A <strong>Vetom <span style=\"color: red;\">2<\/span><\/strong> Los prpbi\u00f3ticos aumentan la eficacia de los medicamentos y reducen sus efectos secundarios negativos en el cuerpo humano.<\/p>\n<\/div>\n<p>Efecto beneficioso sobre la <strong>Bacillus amyloliquefaciens<\/strong> que se producen principalmente multiplic\u00e1ndose en el intestino grueso:<\/p>\n<ul class=\"vetom-list\">\n<li>enzimas proteol\u00edticas, amilol\u00edticas y celulosol\u00edticas,<\/li>\n<li>sustancia biol\u00f3gicamente activa que inhibe el crecimiento y el desarrollo de la microflora pat\u00f3gena y potencialmente pat\u00f3gena.<\/li>\n<\/ul>\n<p>Como consecuencia, la composici\u00f3n bacteriana del contenido intestinal se transforma en la norma de desarrollo adecuada, las paredes intestinales se limpian de residuos no digeridos, lo que contribuye a la eliminaci\u00f3n activa de toxinas del organismo, al transporte sin trabas de nutrientes biol\u00f3gicamente activos.<\/p>","protected":false},"featured_media":6598,"comment_status":"open","ping_status":"closed","template":"","meta":[],"product_brand":[],"product_cat":[22],"product_tag":[],"class_list":{"0":"post-443","1":"product","2":"type-product","3":"status-publish","4":"has-post-thumbnail","6":"product_cat-vetom-probiotikumok","8":"first","9":"instock","10":"featured","11":"taxable","12":"shipping-taxable","13":"purchasable","14":"product-type-simple"},"_links":{"self":[{"href":"https:\/\/vetomshop.hu\/es\/wp-json\/wp\/v2\/product\/443","targetHints":{"allow":["GET"]}}],"collection":[{"href":"https:\/\/vetomshop.hu\/es\/wp-json\/wp\/v2\/product"}],"about":[{"href":"https:\/\/vetomshop.hu\/es\/wp-json\/wp\/v2\/types\/product"}],"replies":[{"embeddable":true,"href":"https:\/\/vetomshop.hu\/es\/wp-json\/wp\/v2\/comments?post=443"}],"wp:featuredmedia":[{"embeddable":true,"href":"https:\/\/vetomshop.hu\/es\/wp-json\/wp\/v2\/media\/6598"}],"wp:attachment":[{"href":"https:\/\/vetomshop.hu\/es\/wp-json\/wp\/v2\/media?parent=443"}],"wp:term":[{"taxonomy":"product_brand","embeddable":true,"href":"https:\/\/vetomshop.hu\/es\/wp-json\/wp\/v2\/product_brand?post=443"},{"taxonomy":"product_cat","embeddable":true,"href":"https:\/\/vetomshop.hu\/es\/wp-json\/wp\/v2\/product_cat?post=443"},{"taxonomy":"product_tag","embeddable":true,"href":"https:\/\/vetomshop.hu\/es\/wp-json\/wp\/v2\/product_tag?post=443"}],"curies":[{"name":"wp","href":"https:\/\/api.w.org\/{rel}","templated":true}]}}