{"id":445,"date":"2019-11-12T15:06:44","date_gmt":"2019-11-12T14:06:44","guid":{"rendered":"https:\/\/vetomshop.hu\/?post_type=product&#038;p=445"},"modified":"2026-04-12T08:29:25","modified_gmt":"2026-04-12T06:29:25","slug":"vetom-3-etrend-kiegeszito","status":"publish","type":"product","link":"https:\/\/vetomshop.hu\/es\/producto\/vetom-3-etrend-kiegeszito\/","title":{"rendered":"Probi\u00f3tico Vetom <span style=\"color:red\">3<\/span><br> c\u00e1psula <span style=\"color:red\">50 granos<\/span> (complemento alimenticio)"},"content":{"rendered":"<p>Vetom 3 c\u00e1psulas probi\u00f3ticas 50 granos (complemento alimenticio)<\/p>\n<p>Sus efectos beneficiosos se deben a la acci\u00f3n del Bacillus amyloliquefaciens, que, multiplic\u00e1ndose principalmente en el colon, produce: enzimas proteol\u00edticas, amilol\u00edticas, celulol\u00edticas, sustancias biol\u00f3gicamente activas que inhiben el crecimiento y desarrollo de la microflora pat\u00f3gena y potencialmente pat\u00f3gena. Como resultado, la composici\u00f3n bacteriana del contenido intestinal se transforma en la norma de desarrollo adecuada, las paredes intestinales se limpian de residuos no digeridos, lo que contribuye a la eliminaci\u00f3n activa de toxinas del organismo, al transporte sin trabas de nutrientes biol\u00f3gicamente activos.<br \/>\nBajo la acci\u00f3n de Vetom 3, se normalizan el metabolismo, la digesti\u00f3n y la absorci\u00f3n de los componentes biol\u00f3gicamente activos de los alimentos en el tracto gastrointestinal.<br \/>\nVetom 3 aumenta la eficacia de los medicamentos y reduce sus efectos secundarios negativos en el organismo humano.<br \/>\nDosis recomendada: 1 c\u00e1psula (2*3) al d\u00eda durante 10 d\u00edas, a tomar con o despu\u00e9s de las comidas, con un poco de agua, zumo o t\u00e9.<br \/>\nVetom 3 no crea adicci\u00f3n.<br \/>\nSe recomienda repetir las curas tras una pausa de 1-2 semanas y es aconsejable cambiar a intervalos a un producto Vetom de diferente numeraci\u00f3n. .<br \/>\nDe esta manera podemos apoyar a todo nuestro cuerpo, nuestro tracto intestinal tambi\u00e9n. .<br \/>\nCaracter\u00edsticas:<br \/>\n- Posee una elevada actividad antagonista contra hongos y bacterias pat\u00f3genos y condicionalmente pat\u00f3genos, propiedades antivirales, proteol\u00edticas, amil\u00edticas y celulol\u00edticas.<br \/>\n- estimula los factores celulares y humorales de la inmunidad<br \/>\n- aumenta la resistencia inespec\u00edfica del organismo<br \/>\n- estabiliza la resistencia al\u00e9rgica<br \/>\n- normaliza el metabolismo<br \/>\n- estimula los procesos de regeneraci\u00f3n, ataca y destruye las c\u00e9lulas cancerosas y enfermas<br \/>\nAltera la membrana y el metabolismo del esqueleto celular, impidiendo el desarrollo de c\u00e9lulas cancerosas.<\/p>\n<ul>\n<li>SIN EFECTOS SECUNDARIOS<\/li>\n<li>SIN RESTRICCI\u00d3N DE EDAD<\/li>\n<li>SIN SOBREDOSIS<\/li>\n<li>NO ADICTIVO<\/li>\n<\/ul>\n<p>\u00c1rea de uso<br \/>\nSe recomienda el uso de microorganismos probi\u00f3ticos como aditivo alimentario biol\u00f3gicamente activo para la reparaci\u00f3n del tracto gastrointestinal y la restauraci\u00f3n de la microflora intestinal.<br \/>\nContraindicaciones<br \/>\nHipersensibilidad a determinados ingredientes del producto.<br \/>\nInstrucciones especiales<br \/>\nUtilizar durante el embarazo y la lactancia s\u00f3lo previa consulta m\u00e9dica. El preparado no afecta a la capacidad para conducir o manejar mecanismos potencialmente peligrosos.<br \/>\nDispensaci\u00f3n<br \/>\n10 c\u00e1psulas de 0,33 g en blisters individuales, 5 blisters en una caja de cart\u00f3n. Envueltas en papel ondulado, peso neto: 5 gr, 50 c\u00e1psulas en una caja de cart\u00f3n.<br \/>\nComposici\u00f3n<br \/>\n1 c\u00e1psula contiene: extracto de ma\u00edz - 133 mg; f\u00e9cula de patata - 100 mg; sacarosa (az\u00facar en polvo) - 67 mg, probi\u00f3tico desecado Bacillus amyloliquefaciens VKPM B - 10641 cultivo de cepa bacteriana (DSM 24613), 1\u00d7109 KTJ\/g - 30 mg de unidad formadora de colonias.<\/p>\n<p>Peso :0,1 kg<br \/>\nDimensiones: 4,5 x 6,5 x 8 cm<br \/>\nLugar de origen : Rusia<\/p>\n<p>Compro Probi\u00f3ticos Directamente De F\u00e1brica Al Mejor Precio , -Calidad Premium.<br \/>\n\u201eCemmedic Europe Kft\u201d \u00a1Distribuidor Oficial de Vetom Probiotics en Hungr\u00eda!<\/p>","protected":false},"excerpt":{"rendered":"<h5><strong>Vetom <span style=\"color: red;\">3<\/span><\/strong> c\u00e1psulas probi\u00f3ticas 50 granos (complemento alimenticio)<\/h5>\n<div class=\"plashka\">\n<p>A <strong>Vetom <span style=\"color: red;\">3<\/span><\/strong> normaliza el metabolismo, la digesti\u00f3n y la absorci\u00f3n de los componentes biol\u00f3gicamente activos de los alimentos en el tracto gastrointestinal.<\/p>\n<p>A <strong>Vetom <span style=\"color: red;\">3<\/span><\/strong> aumenta la eficacia de los medicamentos y reduce sus efectos secundarios negativos en el organismo humano.<\/p>\n<\/div>\n<p>Efecto beneficioso sobre la <strong>Bacillus amyloliquefaciens<\/strong> que se producen principalmente multiplic\u00e1ndose en el intestino grueso:<\/p>\n<ul class=\"vetom-list\">\n<li>enzimas proteol\u00edticas, amilol\u00edticas y celulosol\u00edticas,<\/li>\n<li>sustancias biol\u00f3gicamente activas que inhiben el crecimiento y el desarrollo de la microflora pat\u00f3gena y potencialmente pat\u00f3gena.<\/li>\n<\/ul>\n<p>Como consecuencia, la composici\u00f3n bacteriana del contenido intestinal se transforma en la norma de desarrollo adecuada, las paredes intestinales se limpian de residuos no digeridos, lo que contribuye a la eliminaci\u00f3n activa de toxinas del organismo, al transporte sin trabas de nutrientes biol\u00f3gicamente activos.<\/p>\n<p><strong>Dosificaci\u00f3n<\/strong>se recomienda tomar 1 c\u00e1psula (2*3) al d\u00eda durante 10 d\u00edas con o despu\u00e9s de las comidas, con un poco de agua, zumo o t\u00e9.<\/p>\n<p>Se recomienda repetir las curas tras una pausa de 1-2 semanas y cambiar a intervalos a un producto Vetom numerado diferente.<br \/>\nDe esta manera podemos apoyar todo nuestro cuerpo y nuestro sistema intestinal.<\/p>\n<p>A <strong>Vetom <span style=\"color: red;\">3<\/span><\/strong> no crea adicci\u00f3n.<\/p>\n<h5>Caracter\u00edsticas:<\/h5>\n<ul class=\"vetom-list\">\n<li>Posee una elevada actividad antagonista contra hongos y bacterias pat\u00f3genos y condicionalmente pat\u00f3genos, propiedades antivirales, proteol\u00edticas, amil\u00edticas y celulol\u00edticas.<\/li>\n<li>estimula los factores celulares y humorales de la inmunidad<\/li>\n<li>aumenta la resistencia inespec\u00edfica del organismo<\/li>\n<li>estabiliza la resistencia al\u00e9rgica<\/li>\n<li>normaliza el metabolismo<\/li>\n<li>estimula los procesos de regeneraci\u00f3n, ataca y destruye las c\u00e9lulas cancerosas y enfermas<\/li>\n<\/ul>\n<div class=\"plashka\">Altera la membrana y el metabolismo del esqueleto celular, impidiendo el desarrollo de c\u00e9lulas cancerosas.<\/div>","protected":false},"featured_media":6599,"comment_status":"open","ping_status":"closed","template":"","meta":[],"product_brand":[],"product_cat":[22],"product_tag":[],"class_list":{"0":"post-445","1":"product","2":"type-product","3":"status-publish","4":"has-post-thumbnail","6":"product_cat-vetom-probiotikumok","8":"first","9":"instock","10":"featured","11":"taxable","12":"shipping-taxable","13":"purchasable","14":"product-type-simple"},"_links":{"self":[{"href":"https:\/\/vetomshop.hu\/es\/wp-json\/wp\/v2\/product\/445","targetHints":{"allow":["GET"]}}],"collection":[{"href":"https:\/\/vetomshop.hu\/es\/wp-json\/wp\/v2\/product"}],"about":[{"href":"https:\/\/vetomshop.hu\/es\/wp-json\/wp\/v2\/types\/product"}],"replies":[{"embeddable":true,"href":"https:\/\/vetomshop.hu\/es\/wp-json\/wp\/v2\/comments?post=445"}],"wp:featuredmedia":[{"embeddable":true,"href":"https:\/\/vetomshop.hu\/es\/wp-json\/wp\/v2\/media\/6599"}],"wp:attachment":[{"href":"https:\/\/vetomshop.hu\/es\/wp-json\/wp\/v2\/media?parent=445"}],"wp:term":[{"taxonomy":"product_brand","embeddable":true,"href":"https:\/\/vetomshop.hu\/es\/wp-json\/wp\/v2\/product_brand?post=445"},{"taxonomy":"product_cat","embeddable":true,"href":"https:\/\/vetomshop.hu\/es\/wp-json\/wp\/v2\/product_cat?post=445"},{"taxonomy":"product_tag","embeddable":true,"href":"https:\/\/vetomshop.hu\/es\/wp-json\/wp\/v2\/product_tag?post=445"}],"curies":[{"name":"wp","href":"https:\/\/api.w.org\/{rel}","templated":true}]}}