{"id":449,"date":"2019-11-12T15:17:02","date_gmt":"2019-11-12T14:17:02","guid":{"rendered":"https:\/\/vetomshop.hu\/?post_type=product&#038;p=449"},"modified":"2026-04-12T08:29:02","modified_gmt":"2026-04-12T06:29:02","slug":"vetom-1-23-probiotikum-csepp","status":"publish","type":"product","link":"https:\/\/vetomshop.hu\/es\/producto\/vetom-1-23-probiotikum-csepp\/","title":{"rendered":"Probi\u00f3tico Vetom <span style=\"color: red\">1.23<\/span><br>drop <span style=\"color: red\">10 ml<\/span> (complemento alimenticio)"},"content":{"rendered":"<h3>Vetom Probiotic 1,23 gotas 10 ml (complemento alimenticio)<\/h3>\n<p><strong>Bacillus subtilis con cepas bacterianas beneficiosas<\/strong><\/p>\n<p>Vetom 1.23 es un probi\u00f3tico l\u00edquido basado en los efectos beneficiosos del Bacillus subtilis VKPM V 10641, una cepa de bacterias que act\u00faa principalmente en el intestino grueso, donde se multiplica activamente y produce una serie de enzimas digestivas y sustancias biol\u00f3gicamente activas.<\/p>\n<p>&nbsp;<\/p>\n<h2><strong>Estos son los materiales:<\/strong><\/h2>\n<p>* suprimen el crecimiento de bacterias y hongos nocivos,<\/p>\n<p>* ayudan a limpiar las paredes intestinales de residuos no digeridos,<\/p>\n<p>* favorecen la eliminaci\u00f3n de toxinas,<\/p>\n<p>* favorecen la absorci\u00f3n eficaz de nutrientes, vitaminas y minerales.<\/p>\n<p>&nbsp;<\/p>\n<p>Vetom 1.23 mejora el equilibrio \u00e1cido-base del aparato digestivo y optimiza el metabolismo del hierro, el calcio, las prote\u00ednas, las grasas, los hidratos de carbono y otros nutrientes. Esto permite al organismo fortalecerse y regenerarse de forma natural.<\/p>\n<p>&nbsp;<\/p>\n<h2><strong>Ventajas clave:<\/strong><\/h2>\n<p>* Acci\u00f3n antibacteriana y antif\u00fangica<\/p>\n<p>* Propiedad antiviral<\/p>\n<p>* Refuerzo inmunitario, protecci\u00f3n celular<\/p>\n<p>* Favorece la regeneraci\u00f3n celular<\/p>\n<p>* Inhibe la formaci\u00f3n de c\u00e9lulas anormales, incluidas las tumorales<\/p>\n<p>* No provoca efectos secundarios, adicci\u00f3n ni sobredosis<\/p>\n<p>* Seguro de usar a cualquier edad<\/p>\n<p>&nbsp;<\/p>\n<p>&nbsp;<\/p>\n<h2><strong>Posolog\u00eda y forma de administraci\u00f3n:<\/strong><\/h2>\n<p>*Para uso oral<\/p>\n<p>*Suplemento para adultos y ni\u00f1os: se recomiendan 2 gotas durante los primeros d\u00edas, despu\u00e9s la dosis puede aumentarse gradualmente hasta 4-6 gotas. Observar las reacciones del organismo durante la toma.<\/p>\n<p>*Para enfermedades comunes: 10 gotas diarias durante 10 d\u00edas<\/p>\n<p>*Repetici\u00f3n del tratamiento: se recomienda tras 1-2 semanas de pausa<\/p>\n<p>*Se sugiere alternar con otros productos Vetom de vez en cuando para conseguir un apoyo m\u00e1s amplio para la organizaci\u00f3n.<\/p>\n<p>&nbsp;<\/p>\n<h2><strong>\u00bfCu\u00e1ndo se recomienda su uso?<\/strong><\/h2>\n<p>* despu\u00e9s de un tratamiento antibi\u00f3tico, para regenerar la flora intestinal<\/p>\n<p>*Para complementar la terapia en caso de c\u00e1ncer<\/p>\n<p>*Trastornos digestivos, diarrea, estre\u00f1imiento, molestias estomacales.<\/p>\n<p>*En estados de inmunodeficiencia<\/p>\n<p>*En caso de olor corporal o aliento desagradables<\/p>\n<p>*Tratamiento adicional de c\u00e1lculos renales, enfermedades hep\u00e1ticas, problemas gastrointestinales<\/p>\n<p>Atenci\u00f3n:<\/p>\n<p>No utilizar con antibi\u00f3ticos orales u otros probi\u00f3ticos. Puede combinarse con antibi\u00f3ticos t\u00f3picos.<\/p>\n<p>&nbsp;<\/p>\n<h2><strong>Importante:<\/strong><\/h2>\n<p>No debe tomarse con otros probi\u00f3ticos o antibi\u00f3ticos orales, especialmente sulfanilamida, agentes anticancer\u00edgenos.<\/p>\n<p>&nbsp;<\/p>\n<h2><strong>Ingredientes:<\/strong><\/h2>\n<p>*Extracto de ma\u00edz fermentado con la cepa *Bacillus subtilis* (VKPM V 10641 \/ DSM 24613)<\/p>\n<p>* Cloruro de sodio<\/p>\n<p>* Viveware<\/p>\n<p><strong>\u00a0<\/strong><\/p>\n<h2><strong>Dispensaci\u00f3n:<\/strong><\/h2>\n<p>* Frasco cuentagotas de 10 ml o botella de pl\u00e1stico<\/p>\n<p>* Puede contener sedimentos naturales, lo que no constituye un defecto de calidad.<\/p>\n<p>&nbsp;<\/p>\n<h2><strong>K\u00fcllem:<\/strong><\/h2>\n<p>L\u00edquido marr\u00f3n amarillento claro con olor caracter\u00edstico<\/p>\n<p>*Peso: 0,02 kg<\/p>\n<p>*Dimensiones: 3 \u00d7 3 \u00d7 7 cm<\/p>\n<p>*Suministro: Rusia<\/p>\n<p>&nbsp;<\/p>\n<h2>Informaci\u00f3n de almacenamiento:<\/h2>\n<p>*Almacenamiento: 0-10 \u00b0C a una humedad relativa de hasta 75%<\/p>\n<p>*Transporte y almacenamiento temporal: 10-30 \u00b0C durante 18 d\u00edas como m\u00e1ximo.<\/p>\n<p>*Despu\u00e9s del desmontaje: conservar en frigor\u00edfico (0-10 \u00b0C)<\/p>","protected":false},"excerpt":{"rendered":"<h5>Solicitar en<\/h5>\n<p>A <strong>Vetom 1.23<\/strong> utilizado como fuente suplementaria de microorganismos probi\u00f3ticos para mejorar la salud del cuerpo humano. El s\u00f3lido efecto de la <strong>Bacillus subtilis<\/strong> que se produce principalmente en el intestino grueso:<\/p>\n<ul class=\"vetom-list\">\n<li>enzimas proteol\u00edticas, amilol\u00edticas y celulol\u00edticas;<\/li>\n<li>interfer\u00f3n a-2 de gl\u00f3bulos blancos humanos;<\/li>\n<li>bacitracina y otras sustancias biol\u00f3gicamente activas para impedir el crecimiento significativo de microflora pat\u00f3gena o relativamente pat\u00f3gena.<\/li>\n<\/ul>\n<p>Como resultado de este proceso, la poblaci\u00f3n bacteriana del tracto intestinal se transforma hasta ser id\u00e9ntica a la norma evolutiva, las paredes intestinales se limpian de residuos de alimentos indigeribles, lo que facilita la eliminaci\u00f3n activa de sustancias t\u00f3xicas del organismo y el transporte sin trabas de sustancias biol\u00f3gicamente activas y nutrientes.<\/p>\n<div class=\"plashka\">A <strong>Vetom 1.23<\/strong> normaliza la digesti\u00f3n, la absorci\u00f3n y el metabolismo del hierro, calcio, grasas, prote\u00ednas, hidratos de carbono, triglic\u00e9ridos, amino\u00e1cidos, dip\u00e9ptidos, sales biliares, normaliza el medio \u00e1cido del tracto digestivo. El uso de Vetom 1.23 ayuda al cuerpo a mantener la salud.<\/div>\n<p>A <strong>Vetom 1.23<\/strong> aumenta la eficacia de los medicamentos y reduce sus efectos secundarios negativos en el organismo humano.<\/p>\n<h6>Caracter\u00edsticas:<\/h6>\n<ul class=\"vetom-list\">\n<li>Posee una elevada actividad antagonista contra hongos y bacterias pat\u00f3genos y condicionalmente pat\u00f3genos, propiedades antivirales, proteol\u00edticas, amil\u00edticas y celulol\u00edticas.<\/li>\n<li>estimula los factores celulares y humorales de la inmunidad<\/li>\n<li>aumenta la resistencia inespec\u00edfica del organismo<\/li>\n<li>estabiliza la resistencia al\u00e9rgica<\/li>\n<li>normaliza el metabolismo<\/li>\n<li>estimula los procesos de regeneraci\u00f3n, ataca y destruye las c\u00e9lulas cancerosas y enfermas<\/li>\n<\/ul>\n<div class=\"plashka\">Altera la membrana y el metabolismo del esqueleto celular, impidiendo el desarrollo de c\u00e9lulas cancerosas.<\/div>","protected":false},"featured_media":6615,"comment_status":"open","ping_status":"closed","template":"","meta":[],"product_brand":[],"product_cat":[22],"product_tag":[],"class_list":{"0":"post-449","1":"product","2":"type-product","3":"status-publish","4":"has-post-thumbnail","6":"product_cat-vetom-probiotikumok","8":"first","9":"instock","10":"featured","11":"taxable","12":"shipping-taxable","13":"purchasable","14":"product-type-simple"},"_links":{"self":[{"href":"https:\/\/vetomshop.hu\/es\/wp-json\/wp\/v2\/product\/449","targetHints":{"allow":["GET"]}}],"collection":[{"href":"https:\/\/vetomshop.hu\/es\/wp-json\/wp\/v2\/product"}],"about":[{"href":"https:\/\/vetomshop.hu\/es\/wp-json\/wp\/v2\/types\/product"}],"replies":[{"embeddable":true,"href":"https:\/\/vetomshop.hu\/es\/wp-json\/wp\/v2\/comments?post=449"}],"wp:featuredmedia":[{"embeddable":true,"href":"https:\/\/vetomshop.hu\/es\/wp-json\/wp\/v2\/media\/6615"}],"wp:attachment":[{"href":"https:\/\/vetomshop.hu\/es\/wp-json\/wp\/v2\/media?parent=449"}],"wp:term":[{"taxonomy":"product_brand","embeddable":true,"href":"https:\/\/vetomshop.hu\/es\/wp-json\/wp\/v2\/product_brand?post=449"},{"taxonomy":"product_cat","embeddable":true,"href":"https:\/\/vetomshop.hu\/es\/wp-json\/wp\/v2\/product_cat?post=449"},{"taxonomy":"product_tag","embeddable":true,"href":"https:\/\/vetomshop.hu\/es\/wp-json\/wp\/v2\/product_tag?post=449"}],"curies":[{"name":"wp","href":"https:\/\/api.w.org\/{rel}","templated":true}]}}