{"id":453,"date":"2019-11-12T15:33:21","date_gmt":"2019-11-12T14:33:21","guid":{"rendered":"https:\/\/vetomshop.hu\/?post_type=product&#038;p=453"},"modified":"2026-04-12T08:28:47","modified_gmt":"2026-04-12T06:28:47","slug":"vetom-3-22-probiotikum-csepp","status":"publish","type":"product","link":"https:\/\/vetomshop.hu\/es\/producto\/vetom-3-22-probiotikum-csepp\/","title":{"rendered":"Probi\u00f3tico Vetom <span style=\"color: red\">3.22<\/span><br>drop <span style=\"color: red\">10 ml<\/span> (complemento alimenticio)"},"content":{"rendered":"<h3>Gotas probi\u00f3ticas Vetom 3.22 (complemento alimenticio)<\/h3>\n<p>Vetom 4 es un probi\u00f3tico natural basado en los efectos beneficiosos del *Bacillus amyloliquefaciens*, una bacteria que prolifera principalmente en el *intestino grueso y delgado*, donde produce diversas enzimas (rompedoras de prote\u00ednas, almid\u00f3n y fibra) y sustancias biol\u00f3gicamente activas.<\/p>\n<h2>Estos son:<\/h2>\n<p>* inhiben el crecimiento de bacterias y hongos nocivos,<br \/>\n* ayudan a limpiar la pared intestinal de material no digerido,<br \/>\n* favorecen la absorci\u00f3n de nutrientes,<br \/>\n* ayudan a desintoxicar el organismo.<\/p>\n<p>El uso regular de Vetom 4 contribuye a una flora intestinal sana, mejora la digesti\u00f3n y ayuda al organismo a utilizar los nutrientes y la energ\u00eda.<\/p>\n<h2>Vetom 4<\/h2>\n<p>* Favorece el equilibrio natural del tracto intestinal<br \/>\n* Normaliza la digesti\u00f3n y el metabolismo<br \/>\n* Mejora la funci\u00f3n del sistema inmunitario<br \/>\n* Reduce los efectos secundarios de los medicamentos<br \/>\n* Protege el organismo a nivel celular, ayuda a prevenir el desarrollo de tumores<\/p>\n<h2>Caracter\u00edsticas ventajosas:<\/h2>\n<p>* Acci\u00f3n antibacteriana y antif\u00fangica<br \/>\n* Antiviral e inmunoestimulante<br \/>\n* Favorece la digesti\u00f3n gracias a sus propiedades productoras de enzimas<br \/>\n* Ayuda a la regeneraci\u00f3n celular<br \/>\n* Inhibe la formaci\u00f3n y proliferaci\u00f3n de c\u00e9lulas enfermas y cancerosas<br \/>\n*Sin adicci\u00f3n, sobredosis ni efectos secundarios<br \/>\n*Aplicable a todos los adultos ( mayores de 14 a\u00f1os )<\/p>\n<h2>\u00c1mbito de aplicaci\u00f3n:<\/h2>\n<p>Se recomienda como complemento alimenticio biol\u00f3gicamente activo para favorecer el funcionamiento del tracto gastrointestinal y restablecer la flora intestinal.<\/p>\n<h2>Dosificaci\u00f3n:<\/h2>\n<p>* Se recomienda tomar 1 c\u00e1psula 2-3 veces al d\u00eda durante 10 d\u00edas, antes, durante o despu\u00e9s de las comidas, con una peque\u00f1a cantidad de l\u00edquido (agua, t\u00e9 o zumo). Controlar la respuesta del organismo durante el curso del tratamiento y aumentar la dosis gradualmente si es necesario, hasta 5-10 c\u00e1psulas al d\u00eda.<\/p>\n<p>* El tratamiento puede repetirse en cualquier momento tras una pausa de 1-2 semanas. Ocasionalmente se recomienda alternar el uso con otros tipos de productos Vetom para apoyar todo el organismo.<\/p>\n<h2>Propuesta:<\/h2>\n<p>El tratamiento debe repetirse tras una pausa de 1-2 semanas. Ocasionalmente es aconsejable cambiar a otro tipo de producto Vetom para proporcionar un amplio apoyo al organismo.<\/p>\n<h2>Informaci\u00f3n importante:<\/h2>\n<p>*Contraindicaciones: hipersensibilidad a determinados ingredientes.<br \/>\n*Embarazo\/lactancia: s\u00f3lo con consulta m\u00e9dica<br \/>\n*No afecta a la conducci\u00f3n ni al uso de maquinaria peligrosa.<\/p>\n<h2>Otras informaciones:<\/h2>\n<p>* No afecta a la conducci\u00f3n ni al manejo de maquinaria peligrosa<br \/>\n* Almacenamiento: en lugar seco y fresco (m\u00e1x. 30 \u00b0C), fuera del alcance de los ni\u00f1os.<br \/>\n* Garant\u00eda: 2 a\u00f1os a partir de la fecha de fabricaci\u00f3n<br \/>\n* Presentaci\u00f3n: 10 c\u00e1psulas en bl\u00edster, 5 paquetes en una caja (50 c\u00e1psulas en total)<\/p>\n<h2>Condiciones de almacenamiento:<\/h2>\n<p>* Lugar fresco y seco (m\u00e1x. 30 \u00b0C, m\u00e1x. 75% humedad)<br \/>\n* Mantener fuera del alcance de los ni\u00f1os<br \/>\n*Periodo de garant\u00eda:** 2 a\u00f1os a partir de la fecha de fabricaci\u00f3n<br \/>\nPa\u00eds de origen: Rusia<\/p>\n<h2>Contenido de una c\u00e1psula:<\/h2>\n<p>* extracto de ma\u00edz - 133 mg<br \/>\n* F\u00e9cula de patata - 100 mg<br \/>\n* sacarosa (az\u00facar en polvo) - 67 mg<br \/>\n* **Bacillus amyloliquefaciens VKPM B-10643** cepa bacteriana probi\u00f3tica (DSM 24615) - 30 mg (1\u00d710\u2079 UFC\/g)<\/p>\n<p>Equivalente alternativo en forma de gotas: Vetom 4.24 (10 ml)<\/p>\n<p>Lugar de origen : <strong>Rusia<\/strong><\/p>","protected":false},"excerpt":{"rendered":"<h5>Solicitar en<\/h5>\n<p>En <strong>Vetom<\/strong> <span style=\"color: red; font-weight: 800;\">3.22<\/span> utilizado como fuente suplementaria de microorganismos probi\u00f3ticos para mejorar la salud del cuerpo humano. El s\u00f3lido efecto de la <strong>Bacillus myloliquefaciens<\/strong>, que se reproduce principalmente en el colon y produce enzimas proteol\u00edticas, amilol\u00edticas, celulol\u00edticas y otras sustancias biol\u00f3gicamente activas.<\/p>\n<div class=\"plashka\">Como resultado de este proceso, la poblaci\u00f3n bacteriana del tracto intestinal se transforma hasta ser id\u00e9ntica a la norma evolutiva, las paredes intestinales se limpian de residuos de alimentos indigeribles, lo que facilita la eliminaci\u00f3n activa de sustancias t\u00f3xicas del organismo y el transporte sin trabas de sustancias biol\u00f3gicamente activas y nutrientes.<\/div>\n<p>A <strong>Vetom<\/strong> <span style=\"color: red; font-weight: 800;\">3.22<\/span> aumenta la eficacia de los medicamentos y reduce sus efectos secundarios negativos en el organismo humano.<\/p>\n<h6>Caracter\u00edsticas:<\/h6>\n<ul class=\"vetom-list\">\n<li>Posee una elevada actividad antagonista contra hongos y bacterias pat\u00f3genos y condicionalmente pat\u00f3genos, propiedades antivirales, proteol\u00edticas, amil\u00edticas y celulol\u00edticas.<\/li>\n<li>estimula los factores celulares y humorales de la inmunidad<\/li>\n<li>aumenta la resistencia inespec\u00edfica del organismo<\/li>\n<li>estabiliza la resistencia al\u00e9rgica<\/li>\n<li>normaliza el metabolismo<\/li>\n<li>estimula los procesos de regeneraci\u00f3n, ataca y elimina las c\u00e9lulas cancerosas y enfermas<\/li>\n<\/ul>\n<div class=\"plashka\">A <strong>Vetom<\/strong> <span style=\"color: red; font-weight: 800;\">3.22<\/span> normaliza la digesti\u00f3n, la absorci\u00f3n y el metabolismo del hierro, el calcio, las grasas, las prote\u00ednas, los hidratos de carbono, los triglic\u00e9ridos, los amino\u00e1cidos, los dip\u00e9ptidos, las sales biliares, y normaliza el medio \u00e1cido del tubo digestivo.<\/div>","protected":false},"featured_media":6613,"comment_status":"open","ping_status":"closed","template":"","meta":[],"product_brand":[],"product_cat":[22],"product_tag":[],"class_list":{"0":"post-453","1":"product","2":"type-product","3":"status-publish","4":"has-post-thumbnail","6":"product_cat-vetom-probiotikumok","8":"first","9":"instock","10":"featured","11":"taxable","12":"shipping-taxable","13":"purchasable","14":"product-type-simple"},"_links":{"self":[{"href":"https:\/\/vetomshop.hu\/es\/wp-json\/wp\/v2\/product\/453","targetHints":{"allow":["GET"]}}],"collection":[{"href":"https:\/\/vetomshop.hu\/es\/wp-json\/wp\/v2\/product"}],"about":[{"href":"https:\/\/vetomshop.hu\/es\/wp-json\/wp\/v2\/types\/product"}],"replies":[{"embeddable":true,"href":"https:\/\/vetomshop.hu\/es\/wp-json\/wp\/v2\/comments?post=453"}],"wp:featuredmedia":[{"embeddable":true,"href":"https:\/\/vetomshop.hu\/es\/wp-json\/wp\/v2\/media\/6613"}],"wp:attachment":[{"href":"https:\/\/vetomshop.hu\/es\/wp-json\/wp\/v2\/media?parent=453"}],"wp:term":[{"taxonomy":"product_brand","embeddable":true,"href":"https:\/\/vetomshop.hu\/es\/wp-json\/wp\/v2\/product_brand?post=453"},{"taxonomy":"product_cat","embeddable":true,"href":"https:\/\/vetomshop.hu\/es\/wp-json\/wp\/v2\/product_cat?post=453"},{"taxonomy":"product_tag","embeddable":true,"href":"https:\/\/vetomshop.hu\/es\/wp-json\/wp\/v2\/product_tag?post=453"}],"curies":[{"name":"wp","href":"https:\/\/api.w.org\/{rel}","templated":true}]}}