{"id":455,"date":"2019-11-12T15:37:52","date_gmt":"2019-11-12T14:37:52","guid":{"rendered":"https:\/\/vetomshop.hu\/?post_type=product&#038;p=455"},"modified":"2026-04-12T08:28:38","modified_gmt":"2026-04-12T06:28:38","slug":"vetom-4-24-probiotikum-csepp","status":"publish","type":"product","link":"https:\/\/vetomshop.hu\/es\/producto\/vetom-4-24-probiotikum-csepp\/","title":{"rendered":"Probi\u00f3tico Vetom <span style=\"color: red\">4.24<\/span><br>drop <span style=\"color: red\">10 ml<\/span> (complemento alimenticio)"},"content":{"rendered":"<h3>Vetom 4.24 gotas probi\u00f3ticas 10 ml (complemento alimenticio)<\/h3>\n<p>Con la cepa Bacillus amyloliquefaciens VKPM B-10643 (DSM 24615)<\/p>\n<p>Vetom 4.24 es un probi\u00f3tico natural avanzado que favorece el equilibrio de la flora intestinal, mejora la digesti\u00f3n y refuerza el sistema inmunitario. El principal ingrediente activo es la bacteria *Bacillus amyloliquefaciens*, que es beneficiosa principalmente en el intestino delgado.<\/p>\n<h2>\u00bfDe qu\u00e9 sirve?<\/h2>\n<p>* Favorece el desarrollo de una flora intestinal sana<br \/>\n* Favorece la absorci\u00f3n de nutrientes (por ejemplo, hierro, calcio, prote\u00ednas, grasas, hidratos de carbono).<br \/>\n* Ayuda a **excretar toxinas del cuerpo<br \/>\n* Refuerza el sistema inmunitario, tiene efectos antivirales, antibacterianos y antif\u00fangicos<br \/>\n* Favorece la regeneraci\u00f3n celular, puede reducir la proliferaci\u00f3n de c\u00e9lulas nocivas<br \/>\n* Estabiliza el metabolismo y el equilibrio \u00e1cido del sistema digestivo<br \/>\n* Mejora el efecto de otros medicamentos, reduciendo sus efectos secundarios<\/p>\n<h2>Ventajas:<\/h2>\n<p>Sin efectos secundarios<br \/>\n\u2705 Puede utilizarse a cualquier edad<br \/>\n\u2705 No provoca habituaci\u00f3n<br \/>\n\u2705 Sobredosis no posible<\/p>\n<h2>Recomendaci\u00f3n de dosificaci\u00f3n:<\/h2>\n<p>*Suplemento para adultos y ni\u00f1os: se recomiendan 2 gotas durante los primeros d\u00edas, despu\u00e9s la dosis puede aumentarse gradualmente hasta 4-6 gotas. Observar las reacciones del organismo durante la toma.<br \/>\n*En caso de enfermedad com\u00fan: 10 gotas al d\u00eda durante 10 d\u00edas.<br \/>\n* El tratamiento puede repetirse al cabo de 1-2 semanas<br \/>\n* Se recomienda alternar con otros tipos de productos Vetom de vez en cuando (por ejemplo, Vetom 1.23, 2.25, 3.22) para garantizar un soporte intestinal completo.<\/p>\n<h2>\nImportante:<\/h2>\n<p>No debe tomarse con otros probi\u00f3ticos o antibi\u00f3ticos orales, especialmente sulfanilamida, agentes anticancer\u00edgenos.<\/p>\n<h2>Ingredientes:<\/h2>\n<p>* Extracto de ma\u00edz fermentado de Bacillus amyloliquefaciens (VKPM B-10643 \/ DSM 24615)<br \/>\n* Cloruro de sodio<br \/>\n* Viveware<\/p>\n<h2>Dispensaci\u00f3n:<\/h2>\n<p>* Frasco cuentagotas de 10 ml o botella de pl\u00e1stico<br \/>\n* Puede contener sedimentos naturales, lo que no constituye un defecto de calidad.<\/p>\n<h2>K\u00fcllem:<\/h2>\n<p>L\u00edquido marr\u00f3n amarillento claro con olor caracter\u00edstico<\/p>\n<p>*Peso: 0,02 kg<br \/>\n*Dimensiones: 3 \u00d7 3 \u00d7 7 cm<br \/>\n*Suministro: Rusia<\/p>\n<h2>Informaci\u00f3n de almacenamiento:<\/h2>\n<p>*Almacenamiento: 0-10 \u00b0C a una humedad relativa de hasta 75%<br \/>\n*Almacenamiento y conservaci\u00f3n temporal: 10-30 \u00b0C<br \/>\n*Despu\u00e9s del desmontaje: conservar en frigor\u00edfico (0-10 \u00b0C)<\/p>","protected":false},"excerpt":{"rendered":"<h5>Solicitar en<\/h5>\n<p>A <strong>Vetom<\/strong> <span style=\"color: red; font-weight: 800;\">4.24<\/span> utilizado como fuente suplementaria de microorganismos probi\u00f3ticos para mejorar la salud del cuerpo humano. El s\u00f3lido efecto de la <strong>Bacillus myloliquefaciens<\/strong>, que produce enzimas proteol\u00edticas, amilol\u00edticas, celulol\u00edticas y otras sustancias biol\u00f3gicamente activas, principalmente multiplic\u00e1ndose en el intestino delgado.<\/p>\n<div class=\"plashka\">Como resultado de este proceso, la poblaci\u00f3n bacteriana del tracto intestinal se transforma hasta ser id\u00e9ntica a la norma evolutiva, las paredes intestinales se limpian de residuos de alimentos indigeribles, lo que facilita la eliminaci\u00f3n activa de sustancias t\u00f3xicas del organismo y el transporte sin trabas de sustancias biol\u00f3gicamente activas y nutrientes.<\/div>\n<p>A <strong>Vetom<\/strong> <span style=\"color: red; font-weight: 800;\">4.24<\/span> normaliza la digesti\u00f3n, la absorci\u00f3n y el metabolismo del hierro, el calcio, las grasas, las prote\u00ednas, los hidratos de carbono, los triglic\u00e9ridos, los amino\u00e1cidos, los dip\u00e9ptidos, las sales biliares, y normaliza el medio \u00e1cido del tubo digestivo.<\/p>\n<div class=\"plashka\">A <strong>Vetom<\/strong> <span style=\"color: red; font-weight: 800;\">4.24<\/span> uso ayuda al organismo a mantenerse sano.<\/div>\n<p>A <strong>Vetom<\/strong> <span style=\"color: red; font-weight: 800;\">4.24<\/span> aumenta la eficacia de los medicamentos y reduce sus efectos secundarios negativos en el organismo humano.<\/p>\n<h6>Caracter\u00edsticas:<\/h6>\n<ul class=\"vetom-list\">\n<li>Posee una elevada actividad antagonista contra hongos y bacterias pat\u00f3genos y condicionalmente pat\u00f3genos, propiedades antivirales, proteol\u00edticas, amil\u00edticas y celulol\u00edticas.<\/li>\n<li>estimula los factores celulares y humorales de la inmunidad<\/li>\n<li>aumenta la resistencia inespec\u00edfica del organismo<\/li>\n<li>estabiliza la resistencia al\u00e9rgica<\/li>\n<li>normaliza el metabolismo<\/li>\n<li>estimula los procesos de regeneraci\u00f3n, ataca y elimina las c\u00e9lulas cancerosas y enfermas<\/li>\n<\/ul>","protected":false},"featured_media":6614,"comment_status":"open","ping_status":"closed","template":"","meta":[],"product_brand":[],"product_cat":[22],"product_tag":[],"class_list":{"0":"post-455","1":"product","2":"type-product","3":"status-publish","4":"has-post-thumbnail","6":"product_cat-vetom-probiotikumok","8":"first","9":"instock","10":"featured","11":"taxable","12":"shipping-taxable","13":"purchasable","14":"product-type-simple"},"_links":{"self":[{"href":"https:\/\/vetomshop.hu\/es\/wp-json\/wp\/v2\/product\/455","targetHints":{"allow":["GET"]}}],"collection":[{"href":"https:\/\/vetomshop.hu\/es\/wp-json\/wp\/v2\/product"}],"about":[{"href":"https:\/\/vetomshop.hu\/es\/wp-json\/wp\/v2\/types\/product"}],"replies":[{"embeddable":true,"href":"https:\/\/vetomshop.hu\/es\/wp-json\/wp\/v2\/comments?post=455"}],"wp:featuredmedia":[{"embeddable":true,"href":"https:\/\/vetomshop.hu\/es\/wp-json\/wp\/v2\/media\/6614"}],"wp:attachment":[{"href":"https:\/\/vetomshop.hu\/es\/wp-json\/wp\/v2\/media?parent=455"}],"wp:term":[{"taxonomy":"product_brand","embeddable":true,"href":"https:\/\/vetomshop.hu\/es\/wp-json\/wp\/v2\/product_brand?post=455"},{"taxonomy":"product_cat","embeddable":true,"href":"https:\/\/vetomshop.hu\/es\/wp-json\/wp\/v2\/product_cat?post=455"},{"taxonomy":"product_tag","embeddable":true,"href":"https:\/\/vetomshop.hu\/es\/wp-json\/wp\/v2\/product_tag?post=455"}],"curies":[{"name":"wp","href":"https:\/\/api.w.org\/{rel}","templated":true}]}}