{"id":4664,"date":"2023-11-11T14:33:45","date_gmt":"2023-11-11T13:33:45","guid":{"rendered":"https:\/\/vetomshop.hu\/termek\/aphrodita-medal\/"},"modified":"2023-11-11T14:33:45","modified_gmt":"2023-11-11T13:33:45","slug":"aphrodita-medal","status":"publish","type":"product","link":"https:\/\/vetomshop.hu\/es\/producto\/aphrodita-medal\/","title":{"rendered":"Colgante Afrodita"},"content":{"rendered":"<p><strong>Colgante Afrodita<\/strong><\/p>\n<p>Gracias a la tecnolog\u00eda BioTrEM, ahora es posible crear un patr\u00f3n espectral de naturaleza espec\u00edfica en un cristal especial. Cuando cuantos de energ\u00eda arbitraria -incluso calor- entran en contacto con la superficie del cristal, el generador emite se\u00f1ales extremadamente d\u00e9biles del patr\u00f3n espectral grabado en \u00e9l.<br \/>\nMientras tanto, la radiaci\u00f3n electromagn\u00e9tica del colgante interact\u00faa con el organismo vivo.<\/p>\n<div class=\"su-spoiler su-spoiler-style-defoult su-spoiler-icon-caret su-spoiler-closed\" data-scroll-offset=\"0\" data-anchor-in-url=\"no\"><div class=\"su-spoiler-title\" tabindex=\"0\" role=\"button\"><span class=\"su-spoiler-icon\"><\/span>Todos<\/div><div class=\"su-spoiler-content su-u-clearfix su-u-trim\">\n<p>Las se\u00f1ales extremadamente d\u00e9biles del colgante APHRODITE estimulan la s\u00edntesis de feromonas femeninas, las gl\u00e1ndulas especiales del cuerpo femenino producen m\u00e1s intensamente feromonas, androstenol y copulina. Cuantas m\u00e1s feromonas produzca una mujer, m\u00e1s atractiva sexualmente ser\u00e1 para los hombres. El androstenol favorece la comunicaci\u00f3n y hace que los dem\u00e1s te vean m\u00e1s joven.<\/p>\n<p>La copulina es una hormona femenina responsable del atractivo sexual.<\/p>\n<p>Al utilizar el colgante APHRODITE, se aumenta la producci\u00f3n de feromonas femeninas (androstenol y copulina), lo que a su vez aumenta la producci\u00f3n de feromonas:<\/p>\n<ul>\n<li>atraer la atenci\u00f3n de los hombres,<\/li>\n<li>despertar simpat\u00eda,<\/li>\n<li>m\u00e1s f\u00e1cil de conocer,<\/li>\n<li>lograr un mayor \u00e9xito empresarial, ganar m\u00e1s confianza,<\/li>\n<li>crean para su pareja \u201ela \u00fanica persona irresistible\u201d.<\/li>\n<\/ul>\n<p>Androstenol acelera el desarrollo de la simpat\u00eda, despierta un sentimiento de amistad en el interlocutor, crea sentimientos rom\u00e1nticos, crea un aura de juventud y regocijo, \u00a1no importa la edad que tengas!<\/p>\n<\/div><\/div>","protected":false},"excerpt":{"rendered":"<p>Aphrodita med\u00e1l A BioTrEM-technol\u00f3gi\u00e1nak k\u00f6sz\u00f6nhet\u0151en lehets\u00e9gess\u00e9 v\u00e1lt l\u00e9trehozni a speci\u00e1lis krist\u00e1lyon egy adott term\u00e9szet\u0171 spektr\u00e1lis mint\u00e1t. Amikor tetsz\u0151leges energiakvantumok \u2013 ak\u00e1r h\u0151 &#8211; \u00e9rintkezik a krist\u00e1ly fel\u00fclet\u00e9vel, a gener\u00e1tor a rajta r\u00f6gz\u00edtett spektr\u00e1lis minta extr\u00e9m gyenge jeleit bocs\u00e1jtja ki. Ek\u00f6zben a med\u00e1l elektrom\u00e1gneses sug\u00e1rz\u00e1sa k\u00f6lcs\u00f6nhat\u00e1sba ker\u00fcl az \u00e9l\u0151 szervezettel.<\/p>","protected":false},"featured_media":4663,"comment_status":"open","ping_status":"closed","template":"","meta":[],"product_brand":[],"product_cat":[33,32],"product_tag":[],"class_list":{"0":"post-4664","1":"product","2":"type-product","3":"status-publish","4":"has-post-thumbnail","6":"product_cat-egeszseg-medalok","7":"product_cat-triomed","9":"first","10":"instock","11":"taxable","12":"shipping-taxable","13":"purchasable","14":"product-type-simple"},"_links":{"self":[{"href":"https:\/\/vetomshop.hu\/es\/wp-json\/wp\/v2\/product\/4664","targetHints":{"allow":["GET"]}}],"collection":[{"href":"https:\/\/vetomshop.hu\/es\/wp-json\/wp\/v2\/product"}],"about":[{"href":"https:\/\/vetomshop.hu\/es\/wp-json\/wp\/v2\/types\/product"}],"replies":[{"embeddable":true,"href":"https:\/\/vetomshop.hu\/es\/wp-json\/wp\/v2\/comments?post=4664"}],"wp:featuredmedia":[{"embeddable":true,"href":"https:\/\/vetomshop.hu\/es\/wp-json\/wp\/v2\/media\/4663"}],"wp:attachment":[{"href":"https:\/\/vetomshop.hu\/es\/wp-json\/wp\/v2\/media?parent=4664"}],"wp:term":[{"taxonomy":"product_brand","embeddable":true,"href":"https:\/\/vetomshop.hu\/es\/wp-json\/wp\/v2\/product_brand?post=4664"},{"taxonomy":"product_cat","embeddable":true,"href":"https:\/\/vetomshop.hu\/es\/wp-json\/wp\/v2\/product_cat?post=4664"},{"taxonomy":"product_tag","embeddable":true,"href":"https:\/\/vetomshop.hu\/es\/wp-json\/wp\/v2\/product_tag?post=4664"}],"curies":[{"name":"wp","href":"https:\/\/api.w.org\/{rel}","templated":true}]}}