{"id":4666,"date":"2023-11-11T14:33:45","date_gmt":"2023-11-11T13:33:45","guid":{"rendered":"https:\/\/vetomshop.hu\/termek\/alfa-medal\/"},"modified":"2023-11-11T14:33:45","modified_gmt":"2023-11-11T13:33:45","slug":"alfa-medal","status":"publish","type":"product","link":"https:\/\/vetomshop.hu\/es\/producto\/alfa-medal\/","title":{"rendered":"Medalla Alfa"},"content":{"rendered":"<h4>Medalla ALFA de la Salud<\/h4>\n<p><strong>Funciones principales:<\/strong><\/p>\n<p>Es una herramienta complementaria para normalizar el funcionamiento de la esfera ps\u00edquica y emocional, mejora el estado de \u00e1nimo, la motivaci\u00f3n y la capacidad de actuar, reduce los efectos adversos del estr\u00e9s ps\u00edquico y emocional.<\/p>\n<p><strong>Breve descripci\u00f3n:<\/strong><\/p>\n<p>La se\u00f1al de informaci\u00f3n grabada en el Medall\u00f3n de la Salud ALFA corresponde a la vibraci\u00f3n electromagn\u00e9tica del centro que regula las esferas ps\u00edquica y emocional.<br \/>\nEs bien sabido que el estado emocional de una persona, que depende de varios factores externos e internos, est\u00e1 regulado por el sistema nervioso central.<\/p>\n<div class=\"su-spoiler su-spoiler-style-defoult su-spoiler-icon-caret su-spoiler-closed\" data-scroll-offset=\"0\" data-anchor-in-url=\"no\"><div class=\"su-spoiler-title\" tabindex=\"0\" role=\"button\"><span class=\"su-spoiler-icon\"><\/span>Todos<\/div><div class=\"su-spoiler-content su-u-clearfix su-u-trim\">\nLos primeros signos de estr\u00e9s son la tensi\u00f3n emocional, los miedos, la ansiedad, la agitaci\u00f3n y el aumento de la irritabilidad. Esto puede provocar alteraciones del sue\u00f1o, con el consiguiente cansancio, mal humor general y deterioro de las funciones cognitivas (memoria, atenci\u00f3n, pensamiento).<\/p>\n<p>Los trastornos psicol\u00f3gicos y emocionales prolongados repercuten negativamente en el estado general y la reactividad del organismo. Las personas que sufren estr\u00e9s psicol\u00f3gico y emocional cr\u00f3nico son m\u00e1s propensas a resfriarse, a recaer de enfermedades cr\u00f3nicas preexistentes (cardiopat\u00eda isqu\u00e9mica, enfermedades pancre\u00e1ticas, cistitis, pielonefritis, anexitis, prostatitis, etc.).<\/p>\n<p>Los factores de estr\u00e9s son la causa de enfermedades psicosom\u00e1ticas cl\u00e1sicas como la hipertensi\u00f3n, el asma bronquial, las \u00falceras g\u00e1stricas, las \u00falceras duodenales, las enfermedades al\u00e9rgicas de la piel (eccema, neurodermatitis) y otras, incluidas las deficiencias visuales y auditivas.<\/p>\n<p><strong>\u00bfCu\u00e1ndo utilizar la Medalla ALFA de la Salud?<\/strong><\/p>\n<p>El aparato tiene un efecto positivo en el funcionamiento del organismo. Puede utilizarse como dispositivo optimizador y corrector en combinaci\u00f3n con otros m\u00e9todos para prevenir y tratar enfermedades:<\/p>\n<ul>\n<li>agitaci\u00f3n, neurastenia, problemas de adaptaci\u00f3n, acompa\u00f1ados de un estado emocional discordante,<\/li>\n<li>una alteraci\u00f3n funcional del sistema nervioso, acompa\u00f1ada de fatiga mental, irritabilidad, enlentecimiento y p\u00e9rdida de calidad del pensamiento,<\/li>\n<li>insomnio causado por ataques de p\u00e1nico,<\/li>\n<li>en las fases iniciales y recidivantes de enfermedades psicosom\u00e1ticas (asma bronquial, s\u00edndrome del intestino sensible - SII, cardiopat\u00eda isqu\u00e9mica, hipertensi\u00f3n, enfermedades de la piel y otras),<\/li>\n<li>s\u00edntomas de estr\u00e9s psicol\u00f3gico y emocional cr\u00f3nico.<\/li>\n<\/ul>\n<p>\u00a1Atenci\u00f3n, importante!<\/p>\n<p>Consulte a un m\u00e9dico en caso de marcada p\u00e9rdida de humor, inestabilidad emocional e irritabilidad, insomnio persistente que no desaparece. Adem\u00e1s del tratamiento prescrito, utilice paralelamente el Colgante ALFA Salud para reforzar la eficacia del tratamiento y las capacidades de rehabilitaci\u00f3n del organismo.<br \/>\n<\/div><\/div>","protected":false},"excerpt":{"rendered":"<p>ALFA Eg\u00e9szs\u00e9g Med\u00e1l F\u0151 funkci\u00f3i: Kieg\u00e9sz\u00edt\u0151 eszk\u00f6z a pszich\u00e9s \u00e9s \u00e9rzelmi szf\u00e9ra m\u0171k\u00f6d\u00e9s\u00e9nek normaliz\u00e1l\u00e1s\u00e1ra, hangulatjav\u00edt\u00f3, motiv\u00e1ci\u00f3 \u00e9s cselekv\u0151k\u00e9pess\u00e9g n\u00f6vel\u0151, cs\u00f6kkenti a pszich\u00e9s \u00e9s \u00e9rzelmi stressz \u00e1ldatlan hat\u00e1sait. R\u00f6vid ismertet\u0151: Az inform\u00e1ci\u00f3s jel, mely az ALFA Eg\u00e9szs\u00e9g Med\u00e1lra r\u00f6gz\u00edt\u00e9sre ker\u00fclt, megfelel a pszich\u00e9s \u00e9s \u00e9rzelmi szf\u00e9r\u00e1kat szab\u00e1lyoz\u00f3 k\u00f6zpont elektrom\u00e1gneses rezg\u00e9s\u00e9nek. K\u00f6ztudott, hogy az ember \u00e9rzelmi \u00e1llapota, [&hellip;]<\/p>\n","protected":false},"featured_media":4665,"comment_status":"open","ping_status":"closed","template":"","meta":[],"product_brand":[],"product_cat":[33,32],"product_tag":[],"class_list":{"0":"post-4666","1":"product","2":"type-product","3":"status-publish","4":"has-post-thumbnail","6":"product_cat-egeszseg-medalok","7":"product_cat-triomed","9":"first","10":"instock","11":"taxable","12":"shipping-taxable","13":"purchasable","14":"product-type-simple"},"_links":{"self":[{"href":"https:\/\/vetomshop.hu\/es\/wp-json\/wp\/v2\/product\/4666","targetHints":{"allow":["GET"]}}],"collection":[{"href":"https:\/\/vetomshop.hu\/es\/wp-json\/wp\/v2\/product"}],"about":[{"href":"https:\/\/vetomshop.hu\/es\/wp-json\/wp\/v2\/types\/product"}],"replies":[{"embeddable":true,"href":"https:\/\/vetomshop.hu\/es\/wp-json\/wp\/v2\/comments?post=4666"}],"wp:featuredmedia":[{"embeddable":true,"href":"https:\/\/vetomshop.hu\/es\/wp-json\/wp\/v2\/media\/4665"}],"wp:attachment":[{"href":"https:\/\/vetomshop.hu\/es\/wp-json\/wp\/v2\/media?parent=4666"}],"wp:term":[{"taxonomy":"product_brand","embeddable":true,"href":"https:\/\/vetomshop.hu\/es\/wp-json\/wp\/v2\/product_brand?post=4666"},{"taxonomy":"product_cat","embeddable":true,"href":"https:\/\/vetomshop.hu\/es\/wp-json\/wp\/v2\/product_cat?post=4666"},{"taxonomy":"product_tag","embeddable":true,"href":"https:\/\/vetomshop.hu\/es\/wp-json\/wp\/v2\/product_tag?post=4666"}],"curies":[{"name":"wp","href":"https:\/\/api.w.org\/{rel}","templated":true}]}}