{"id":4670,"date":"2023-11-11T14:33:46","date_gmt":"2023-11-11T13:33:46","guid":{"rendered":"https:\/\/vetomshop.hu\/termek\/antivir-medal\/"},"modified":"2023-11-11T14:33:46","modified_gmt":"2023-11-11T13:33:46","slug":"antivir-medal","status":"publish","type":"product","link":"https:\/\/vetomshop.hu\/es\/producto\/antivir-medal\/","title":{"rendered":"Medalla Antivir"},"content":{"rendered":"<h4>Medalla Antivir<\/h4>\n<p>La gripe es una enfermedad causada por el virus de la gripe, que siempre est\u00e1 causado por un tipo de virus de la gripe. La gripe A y la gripe B son los dos tipos de virus de la gripe que pueden enfermar en grandes cantidades. Los virus A pueden dividirse en subtipos en funci\u00f3n de las prote\u00ednas de su superficie (hemaglutinina - H y neuraminidasa - N), de los cuales los virus H1N1 y H3N2 son los m\u00e1s comunes desde 1977. Los virus B tienen menos probabilidades de causar una enfermedad grave. Los virus de la gripe cambian y mutan r\u00e1pidamente, dando lugar a nuevos subtipos. La protecci\u00f3n contra un subtipo proporciona poca o ninguna protecci\u00f3n contra el otro, lo que explica las epidemias estacionales que se producen cada a\u00f1o, normalmente en invierno.<\/p>\n<div class=\"su-spoiler su-spoiler-style-defoult su-spoiler-icon-caret su-spoiler-closed\" data-scroll-offset=\"0\" data-anchor-in-url=\"no\"><div class=\"su-spoiler-title\" tabindex=\"0\" role=\"button\"><span class=\"su-spoiler-icon\"><\/span>Todos<\/div><div class=\"su-spoiler-content su-u-clearfix su-u-trim\">\n<p>Los s\u00edntomas de la gripe son muy parecidos a los del resfriado com\u00fan, pero la enfermedad es m\u00e1s grave. Suele ir asociada a fiebre alta, dolor de cabeza, dolores musculares, tos seca, letargo y debilidad. El dolor de garganta es poco frecuente y s\u00f3lo 30-50% casos cursan con secreci\u00f3n nasal, congesti\u00f3n nasal. Las complicaciones son especialmente peligrosas en ni\u00f1os peque\u00f1os, ancianos y personas con enfermedades cr\u00f3nicas.<\/p>\n<p>Por eso es importante aumentar la resistencia del organismo.<\/p>\n<p><strong>\u00bfPara qui\u00e9n est\u00e1 recomendado?<\/strong><\/p>\n<ul>\n<li>Para todos aquellos que quieran mejorar su capacidad de recuperaci\u00f3n,<\/li>\n<li>que pertenecen al grupo de riesgo del virus de la gripe,<\/li>\n<li>que viajan mucho por el mundo o utilizan el transporte p\u00fablico,<\/li>\n<li>est\u00e1n constantemente en la comunidad, trabajando con la gente.<\/li>\n<\/ul>\n<p><strong>\u00a1Atenci\u00f3n, importante!<\/strong><\/p>\n<p>En caso de infecci\u00f3n por el virus de la gripe, enfermedad, fiebre o malestar, acuda al m\u00e9dico. Utilice la Medalla Antiv\u00edrica Triomed junto con el tratamiento prescrito.<br \/>\nLos ni\u00f1os menores de 6 a\u00f1os s\u00f3lo deben utilizarlo bajo la supervisi\u00f3n de sus padres.<\/p>\n<\/div><\/div>","protected":false},"excerpt":{"rendered":"<p>Antivir Med\u00e1l Az influenza v\u00edrus okozta betegs\u00e9g, k\u00f3rokoz\u00f3ja mindig az influenza v\u00edrus valamelyik fajt\u00e1ja. Az influenza A \u00e9s B az a k\u00e9t t\u00edpusa az influenza v\u00edrusoknak, amely nagysz\u00e1mbanbeteg\u00edthet meg embereket. Az A v\u00edrusokat a fel\u00fclet\u00fck\u00f6n elhelyezked\u0151 feh\u00e9rj\u00e9k (a haemaglutinin -H \u00e9s a neuraminidase \u2013 N) alapj\u00e1n alt\u00edpusokra lehet bontani, ezek k\u00f6z\u00fcl 1977 \u00f3ta t\u00f6bbnyire a [&hellip;]<\/p>\n","protected":false},"featured_media":4669,"comment_status":"open","ping_status":"closed","template":"","meta":[],"product_brand":[],"product_cat":[33,32],"product_tag":[],"class_list":{"0":"post-4670","1":"product","2":"type-product","3":"status-publish","4":"has-post-thumbnail","6":"product_cat-egeszseg-medalok","7":"product_cat-triomed","9":"first","10":"instock","11":"taxable","12":"shipping-taxable","13":"purchasable","14":"product-type-simple"},"_links":{"self":[{"href":"https:\/\/vetomshop.hu\/es\/wp-json\/wp\/v2\/product\/4670","targetHints":{"allow":["GET"]}}],"collection":[{"href":"https:\/\/vetomshop.hu\/es\/wp-json\/wp\/v2\/product"}],"about":[{"href":"https:\/\/vetomshop.hu\/es\/wp-json\/wp\/v2\/types\/product"}],"replies":[{"embeddable":true,"href":"https:\/\/vetomshop.hu\/es\/wp-json\/wp\/v2\/comments?post=4670"}],"wp:featuredmedia":[{"embeddable":true,"href":"https:\/\/vetomshop.hu\/es\/wp-json\/wp\/v2\/media\/4669"}],"wp:attachment":[{"href":"https:\/\/vetomshop.hu\/es\/wp-json\/wp\/v2\/media?parent=4670"}],"wp:term":[{"taxonomy":"product_brand","embeddable":true,"href":"https:\/\/vetomshop.hu\/es\/wp-json\/wp\/v2\/product_brand?post=4670"},{"taxonomy":"product_cat","embeddable":true,"href":"https:\/\/vetomshop.hu\/es\/wp-json\/wp\/v2\/product_cat?post=4670"},{"taxonomy":"product_tag","embeddable":true,"href":"https:\/\/vetomshop.hu\/es\/wp-json\/wp\/v2\/product_tag?post=4670"}],"curies":[{"name":"wp","href":"https:\/\/api.w.org\/{rel}","templated":true}]}}