{"id":4672,"date":"2023-11-11T14:33:46","date_gmt":"2023-11-11T13:33:46","guid":{"rendered":"https:\/\/vetomshop.hu\/termek\/aqua-medal\/"},"modified":"2023-11-11T14:33:46","modified_gmt":"2023-11-11T13:33:46","slug":"aqua-medal","status":"publish","type":"product","link":"https:\/\/vetomshop.hu\/es\/producto\/aqua-medal\/","title":{"rendered":"Medalla Aqua"},"content":{"rendered":"<p><strong>Medalla Aqua<\/strong> - El agua que da vida es vivificante, vigorizante, mantiene y activa la vida, restaurando la energ\u00eda vital.<\/p>\n<p>\u00c9ste es precisamente el objetivo del soporte de informaci\u00f3n aut\u00f3nomo AQUA -BioTrEM. Gracias a la exclusiva tecnolog\u00eda BioTrEM, el semiconductor del dispositivo contiene informaci\u00f3n codificada de naturaleza din\u00e1mica que permite conseguir el efecto enumerado. Una propiedad similar se encuentra en los recursos que, por desgracia, son cada vez m\u00e1s escasos en la Tierra y conservan milagrosamente su pureza.<\/p>\n<div class=\"su-spoiler su-spoiler-style-defoult su-spoiler-icon-caret su-spoiler-closed\" data-scroll-offset=\"0\" data-anchor-in-url=\"no\"><div class=\"su-spoiler-title\" tabindex=\"0\" role=\"button\"><span class=\"su-spoiler-icon\"><\/span>Todos<\/div><div class=\"su-spoiler-content su-u-clearfix su-u-trim\">\n<p>El desarrollo del dispositivo se hizo necesario por las condiciones cambiantes de nuestro tiempo. En los \u00faltimos a\u00f1os, el sector sanitario se ha preocupado por el aumento de la morbilidad y la mortalidad, no s\u00f3lo entre los ni\u00f1os y los ancianos, sino tambi\u00e9n entre la poblaci\u00f3n activa. Desgraciadamente, asistimos a un debilitamiento del sistema inmunitario y a una p\u00e9rdida de energ\u00eda vital, esencial para combatir las enfermedades y para la rehabilitaci\u00f3n. En otras palabras, se han da\u00f1ado o reorganizado los programas necesarios para la adaptaci\u00f3n a un entorno cambiante y para la autorregeneraci\u00f3n. Los crecientes cambios cosmof\u00edsicos exigen una r\u00e1pida capacidad de regeneraci\u00f3n y recuperaci\u00f3n de los programas gen\u00e9ticos de adaptaci\u00f3n y autorregeneraci\u00f3n da\u00f1ados. De lo contrario, la supervivencia del individuo, e incluso de toda la humanidad, puede estar en peligro.<\/p>\n<p>Agua - la cuna de la vida, que ha conservado durante mucho tiempo la matriz primaria de la vida y la orientaci\u00f3n de sus variaciones en respuesta a las influencias ambientales. El agua se adapta y transforma m\u00e1s r\u00e1pidamente en respuesta a los impactos y demandas medioambientales que los organismos biol\u00f3gicos, el entorno biol\u00f3gico. La envoltura acuosa de la Tierra siempre ha conservado los programas autorregeneradores originales y su potencial de realizaci\u00f3n, que interactuaron con el medio acuoso de los organismos para hacerse operativos. Al mismo tiempo, los ecologistas han observado que las propiedades estructurales-informativas de las aguas naturales que alimentaban la envoltura acu\u00e1tica de la Tierra se han visto comprometidas. Este da\u00f1o no s\u00f3lo se debe a cambios cosmof\u00edsicos, sino tambi\u00e9n a las acciones destructivas de la especie humana. Esto es lo que est\u00e1 impidiendo que se produzcan cambios evolutivos vitales, la continuaci\u00f3n de la vida en la Tierra.<\/p>\n<p>El complejo campo multiplano del portador de informaci\u00f3n AQUA est\u00e1 dise\u00f1ado como referencia para adaptarse a los nuevos cambios de alta frecuencia del entorno y activar los programas necesarios para la transici\u00f3n a trav\u00e9s del agua. El dispositivo estructura el campo del agua y el agua, al resonar con el medio acuoso del cuerpo (sangre, linfa, l\u00edquido intercelular, l\u00edquido de las c\u00e9lulas), lo estructura \u201ea su imagen y semejanza\u201d. En cuanto la regularidad interna del agua se eleva por encima de 60%, se activa el programa gen\u00e9tico autorregenerador del cuerpo.<br \/>\n<\/div><\/div>","protected":false},"excerpt":{"rendered":"<p>Aqua Med\u00e1l \u2013 az \u00e9letalkot\u00f3 v\u00edz \u00e9letet ad, \u00e9l\u00e9nk\u00edt, \u00e9letmeg\u00f3v\u00f3, valamint aktiv\u00e1l\u00f3, \u00e9letenergi\u00e1t vissza\u00e1ll\u00edt\u00f3 hat\u00e1ssal b\u00edr. \u00c9ppen ezt a c\u00e9lt szolg\u00e1lja az AQUA \u2013BioTrEM \u00f6n\u00e1ll\u00f3 inform\u00e1ci\u00f3hordoz\u00f3 alkalmaz\u00e1sa. Az exkluz\u00edv BioTrEM-technol\u00f3gi\u00e1nak k\u00f6sz\u00f6nhet\u0151en a k\u00e9sz\u00fcl\u00e9k f\u00e9lvezet\u0151je olyan k\u00f3dolt inform\u00e1ci\u00f3t tartalmaz, mely dinamikus term\u00e9szettel b\u00edr \u00e9s seg\u00edts\u00e9g\u00e9vel a felsorolt hat\u00e1s el\u00e9rhet\u0151v\u00e9 v\u00e1lik. Hasonl\u00f3 tulajdons\u00e1ggal rendelkeznek a F\u00f6ld\u00f6n sajnos [&hellip;]<\/p>\n","protected":false},"featured_media":4671,"comment_status":"open","ping_status":"closed","template":"","meta":[],"product_brand":[],"product_cat":[33,32],"product_tag":[],"class_list":{"0":"post-4672","1":"product","2":"type-product","3":"status-publish","4":"has-post-thumbnail","6":"product_cat-egeszseg-medalok","7":"product_cat-triomed","9":"first","10":"instock","11":"taxable","12":"shipping-taxable","13":"purchasable","14":"product-type-simple"},"_links":{"self":[{"href":"https:\/\/vetomshop.hu\/es\/wp-json\/wp\/v2\/product\/4672","targetHints":{"allow":["GET"]}}],"collection":[{"href":"https:\/\/vetomshop.hu\/es\/wp-json\/wp\/v2\/product"}],"about":[{"href":"https:\/\/vetomshop.hu\/es\/wp-json\/wp\/v2\/types\/product"}],"replies":[{"embeddable":true,"href":"https:\/\/vetomshop.hu\/es\/wp-json\/wp\/v2\/comments?post=4672"}],"wp:featuredmedia":[{"embeddable":true,"href":"https:\/\/vetomshop.hu\/es\/wp-json\/wp\/v2\/media\/4671"}],"wp:attachment":[{"href":"https:\/\/vetomshop.hu\/es\/wp-json\/wp\/v2\/media?parent=4672"}],"wp:term":[{"taxonomy":"product_brand","embeddable":true,"href":"https:\/\/vetomshop.hu\/es\/wp-json\/wp\/v2\/product_brand?post=4672"},{"taxonomy":"product_cat","embeddable":true,"href":"https:\/\/vetomshop.hu\/es\/wp-json\/wp\/v2\/product_cat?post=4672"},{"taxonomy":"product_tag","embeddable":true,"href":"https:\/\/vetomshop.hu\/es\/wp-json\/wp\/v2\/product_tag?post=4672"}],"curies":[{"name":"wp","href":"https:\/\/api.w.org\/{rel}","templated":true}]}}