{"id":4684,"date":"2023-11-11T14:33:48","date_gmt":"2023-11-11T13:33:48","guid":{"rendered":"https:\/\/vetomshop.hu\/termek\/detox-medal\/"},"modified":"2023-11-11T14:33:48","modified_gmt":"2023-11-11T13:33:48","slug":"detox-medal","status":"publish","type":"product","link":"https:\/\/vetomshop.hu\/es\/producto\/detox-medal\/","title":{"rendered":"Medall\u00f3n Detox"},"content":{"rendered":"<h4>Detox Medal es para quienes desean armonizar suavemente su cuerpo.<\/p>\n<p>La se\u00f1al espectral registrada en el Medall\u00f3n Detox favorece el funcionamiento bioenerg\u00e9tico de los \u00f3rganos y sistemas org\u00e1nicos.<\/h4>\n<p>El mayor enemigo de la juventud y la salud es un cuerpo lleno de productos de desecho. Nuestro cuerpo es un sistema biol\u00f3gico autorregulado, una de cuyas funciones m\u00e1s importantes es la desintoxicaci\u00f3n: la eliminaci\u00f3n de sustancias que el organismo no necesita. Sin embargo, la naturaleza no est\u00e1 preparada para tanta civilizaci\u00f3n, cantidades tan enormes de productos qu\u00edmicos artificiales en los alimentos, el agua y el aire. Los animales son alimentados con hormonas de crecimiento y antibi\u00f3ticos, que tambi\u00e9n entran en nuestro cuerpo. Metales pesados, nitritos, nitratos, sustancias radiactivas, dioxinas, residuos de medicamentos se acumulan en tejidos y c\u00e9lulas.<\/p>\n<div class=\"su-spoiler su-spoiler-style-defoult su-spoiler-icon-caret su-spoiler-closed\" data-scroll-offset=\"0\" data-anchor-in-url=\"no\"><div class=\"su-spoiler-title\" tabindex=\"0\" role=\"button\"><span class=\"su-spoiler-icon\"><\/span>Todos<\/div><div class=\"su-spoiler-content su-u-clearfix su-u-trim\">\n<p>Las sustancias t\u00f3xicas pueden proceder de una fuente externa, pero tambi\u00e9n pueden ser toxinas de procesos de descomposici\u00f3n internos como resultado de un problema metab\u00f3lico. Si a esto se a\u00f1ade un estilo de vida sedentario, los procesos del organismo se ralentizan a\u00fan m\u00e1s.<\/p>\n<p>Los altos niveles de estr\u00e9s tambi\u00e9n pueden agotar los \u00f3rganos implicados en la desintoxicaci\u00f3n. Al principio, s\u00f3lo el malestar es indicio de un problema, pero m\u00e1s adelante la situaci\u00f3n puede empeorar. Pueden desarrollarse enfermedades cr\u00f3nicas, que pueden tener un gran impacto en nuestra calidad de vida.<br \/>\n<\/div><\/div>","protected":false},"excerpt":{"rendered":"<p>Detox Med\u00e1l azok sz\u00e1m\u00e1ra k\u00e9sz\u00fclt, akik l\u00e1gyan szeretn\u00e9k a szervezet\u00fcket harmoniz\u00e1lni. A spektr\u00e1lis jel, mely a Detox Med\u00e1lon r\u00f6gz\u00edt\u00e9sre ker\u00fclt, t\u00e1mogatja a szervek \u00e9s szervrendszerek bioenergetikai m\u0171k\u00f6d\u00e9s\u00e9t. A fiatals\u00e1g \u00e9s az eg\u00e9szs\u00e9g legnagyobb ellens\u00e9ge a salakanyagokkal tel\u00edtett szervezet. Szervezet\u00fcnk egy \u00f6nszab\u00e1lyoz\u00f3 biol\u00f3giai rendszer, melynek egyik legfontosabb funkci\u00f3ja a m\u00e9regtelen\u00edt\u00e9s \u2013 kivezet\u00e9se azoknak az anyagoknak, melyekre [&hellip;]<\/p>\n","protected":false},"featured_media":4683,"comment_status":"open","ping_status":"closed","template":"","meta":[],"product_brand":[],"product_cat":[33,32],"product_tag":[],"class_list":{"0":"post-4684","1":"product","2":"type-product","3":"status-publish","4":"has-post-thumbnail","6":"product_cat-egeszseg-medalok","7":"product_cat-triomed","9":"first","10":"instock","11":"taxable","12":"shipping-taxable","13":"purchasable","14":"product-type-simple"},"_links":{"self":[{"href":"https:\/\/vetomshop.hu\/es\/wp-json\/wp\/v2\/product\/4684","targetHints":{"allow":["GET"]}}],"collection":[{"href":"https:\/\/vetomshop.hu\/es\/wp-json\/wp\/v2\/product"}],"about":[{"href":"https:\/\/vetomshop.hu\/es\/wp-json\/wp\/v2\/types\/product"}],"replies":[{"embeddable":true,"href":"https:\/\/vetomshop.hu\/es\/wp-json\/wp\/v2\/comments?post=4684"}],"wp:featuredmedia":[{"embeddable":true,"href":"https:\/\/vetomshop.hu\/es\/wp-json\/wp\/v2\/media\/4683"}],"wp:attachment":[{"href":"https:\/\/vetomshop.hu\/es\/wp-json\/wp\/v2\/media?parent=4684"}],"wp:term":[{"taxonomy":"product_brand","embeddable":true,"href":"https:\/\/vetomshop.hu\/es\/wp-json\/wp\/v2\/product_brand?post=4684"},{"taxonomy":"product_cat","embeddable":true,"href":"https:\/\/vetomshop.hu\/es\/wp-json\/wp\/v2\/product_cat?post=4684"},{"taxonomy":"product_tag","embeddable":true,"href":"https:\/\/vetomshop.hu\/es\/wp-json\/wp\/v2\/product_tag?post=4684"}],"curies":[{"name":"wp","href":"https:\/\/api.w.org\/{rel}","templated":true}]}}