{"id":4688,"date":"2023-11-11T14:33:49","date_gmt":"2023-11-11T13:33:49","guid":{"rendered":"https:\/\/vetomshop.hu\/termek\/eros-medal-feriaknak\/"},"modified":"2023-11-11T14:33:49","modified_gmt":"2023-11-11T13:33:49","slug":"eros-medal-feriaknak","status":"publish","type":"product","link":"https:\/\/vetomshop.hu\/es\/producto\/eros-medal-feriaknak\/","title":{"rendered":"Colgante Eros para hombre"},"content":{"rendered":"<p><strong>Funci\u00f3n principal:<\/strong><\/p>\n<p>Herramienta complementaria para la prevenci\u00f3n y el tratamiento de los trastornos de la c\u00f3pula, tratamiento complementario de la p\u00e9rdida del deseo sexual, trastornos emocionales-psicol\u00f3gicos relacionados con las relaciones sexuales, herramienta para la activaci\u00f3n de los procesos regenerativos en el tratamiento complementario de las enfermedades que afectan a la esfera genital. Se recomienda su uso en combinaci\u00f3n con la terapia recomendada por un especialista (andr\u00f3logo, sex\u00f3logo, endocrin\u00f3logo).<\/p>\n<p><strong>Con el apoyo de:<\/strong><\/p>\n<ul>\n<li>la circulaci\u00f3n sangu\u00ednea, el sistema inmunitario y el metabolismo, previniendo as\u00ed el desarrollo de enfermedades<\/li>\n<li>favorece la mejora cualitativa de las experiencias sexuales,<\/li>\n<li>favorece los procesos de regeneraci\u00f3n.<\/li>\n<\/ul>\n<div class=\"su-spoiler su-spoiler-style-defoult su-spoiler-icon-caret su-spoiler-closed\" data-scroll-offset=\"0\" data-anchor-in-url=\"no\"><div class=\"su-spoiler-title\" tabindex=\"0\" role=\"button\"><span class=\"su-spoiler-icon\"><\/span>Todos<\/div><div class=\"su-spoiler-content su-u-clearfix su-u-trim\">\n<p><strong>\u00bfCu\u00e1ndo utilizar el Colgante de Salud Eros?<\/strong><\/p>\n<p>El aparato tiene un efecto positivo sobre el funcionamiento funcional del organismo y puede utilizarse como m\u00e9todo complementario general de promoci\u00f3n, optimizaci\u00f3n y correcci\u00f3n de la salud, en combinaci\u00f3n con otros m\u00e9todos, para el tratamiento complementario y la prevenci\u00f3n de los siguientes problemas:<\/p>\n<ul>\n<li>problemas de erecci\u00f3n,<\/li>\n<li>trastornos endocrinos que afectan a la esfera sexual (diabetes, insuficiencias hipotal\u00e1micas, insuficiencias gonadales)<\/li>\n<li>s\u00edndrome de fatiga cr\u00f3nica (SFC)<\/li>\n<li>s\u00edndrome metab\u00f3lico<\/li>\n<li>Disminuci\u00f3n del nivel emocional y del estado de \u00e1nimo.<\/li>\n<\/ul>\n<\/div><\/div>","protected":false},"excerpt":{"rendered":"<p>F\u0151 funkci\u00f3ja: Kieg\u00e9sz\u00edt\u0151 eszk\u00f6z a kopul\u00e1ci\u00f3s rendelleness\u00e9gek megel\u0151z\u00e9s\u00e9re \u00e9s kezel\u00e9s\u00e9re, a nemi v\u00e1gy cs\u00f6kken\u00e9s\u00e9nek, a szexu\u00e1lis aktussal kapcsolatos \u00e9rzelmi-pszich\u00e9s rendelleness\u00e9gek kieg\u00e9sz\u00edt\u0151 kezel\u00e9s\u00e9re, a regener\u00e1ci\u00f3s folyamatok aktiv\u00e1l\u00e1s\u00e1t seg\u00edt\u0151 eszk\u00f6z a nemi szf\u00e9r\u00e1t \u00e9rint\u0151 betegs\u00e9gek kieg\u00e9sz\u00edt\u0151 kezel\u00e9s\u00e9ben. Aj\u00e1nlott a szakorvos (androl\u00f3gus, szexol\u00f3gus, endokrinol\u00f3gus) \u00e1ltal javasolt ter\u00e1pia melletti alkalmaz\u00e1sa. T\u00e1mogatja: a v\u00e9rkering\u00e9st, az immunrendszer munk\u00e1j\u00e1t, az anyagcser\u00e9t, megel\u0151zve [&hellip;]<\/p>\n","protected":false},"featured_media":4687,"comment_status":"open","ping_status":"closed","template":"","meta":[],"product_brand":[],"product_cat":[33,32],"product_tag":[],"class_list":{"0":"post-4688","1":"product","2":"type-product","3":"status-publish","4":"has-post-thumbnail","6":"product_cat-egeszseg-medalok","7":"product_cat-triomed","9":"first","10":"instock","11":"taxable","12":"shipping-taxable","13":"purchasable","14":"product-type-simple"},"_links":{"self":[{"href":"https:\/\/vetomshop.hu\/es\/wp-json\/wp\/v2\/product\/4688","targetHints":{"allow":["GET"]}}],"collection":[{"href":"https:\/\/vetomshop.hu\/es\/wp-json\/wp\/v2\/product"}],"about":[{"href":"https:\/\/vetomshop.hu\/es\/wp-json\/wp\/v2\/types\/product"}],"replies":[{"embeddable":true,"href":"https:\/\/vetomshop.hu\/es\/wp-json\/wp\/v2\/comments?post=4688"}],"wp:featuredmedia":[{"embeddable":true,"href":"https:\/\/vetomshop.hu\/es\/wp-json\/wp\/v2\/media\/4687"}],"wp:attachment":[{"href":"https:\/\/vetomshop.hu\/es\/wp-json\/wp\/v2\/media?parent=4688"}],"wp:term":[{"taxonomy":"product_brand","embeddable":true,"href":"https:\/\/vetomshop.hu\/es\/wp-json\/wp\/v2\/product_brand?post=4688"},{"taxonomy":"product_cat","embeddable":true,"href":"https:\/\/vetomshop.hu\/es\/wp-json\/wp\/v2\/product_cat?post=4688"},{"taxonomy":"product_tag","embeddable":true,"href":"https:\/\/vetomshop.hu\/es\/wp-json\/wp\/v2\/product_tag?post=4688"}],"curies":[{"name":"wp","href":"https:\/\/api.w.org\/{rel}","templated":true}]}}