{"id":4690,"date":"2023-11-11T14:33:49","date_gmt":"2023-11-11T13:33:49","guid":{"rendered":"https:\/\/vetomshop.hu\/termek\/elast-medal\/"},"modified":"2023-11-11T14:33:49","modified_gmt":"2023-11-11T13:33:49","slug":"elast-medal","status":"publish","type":"product","link":"https:\/\/vetomshop.hu\/es\/producto\/elast-medal\/","title":{"rendered":"Medalla Elast"},"content":{"rendered":"<p>Herramienta complementaria para la prevenci\u00f3n y el tratamiento de las enfermedades de los ligamentos, la activaci\u00f3n de los procesos de regeneraci\u00f3n y el tratamiento complementario de las enfermedades cr\u00f3nicas de los ligamentos.<\/p>\n<p>El efecto de la Medalla \u201eELAST\u201d est\u00e1 dirigido a restablecer los procesos metab\u00f3licos normales en las c\u00e9lulas y tejidos de los ligamentos, ralentizando el proceso de envejecimiento.<\/p>\n<p>Esta herramienta influye positivamente en el estado de las funciones corporales y puede utilizarse en combinaci\u00f3n con otros m\u00e9todos como herramienta de optimizaci\u00f3n y correcci\u00f3n:<\/p>\n<ul>\n<li>aumenta la flexibilidad de los ligamentos e incrementa la amplitud del movimiento articular en respuesta a los cambios relacionados con la edad<\/li>\n<li>reduce la probabilidad de lesiones en tendones y ligamentos<\/li>\n<li>reducir el tiempo de curaci\u00f3n tras una lesi\u00f3n de ligamentos (esguinces, desgarros)<\/li>\n<li>ralentizar los cambios articulares relacionados con la edad<\/li>\n<li>fortalecimiento de los ligamentos de los \u00f3rganos internos, evitando su prolapso (\u00fatero, intestino, ri\u00f1\u00f3n, est\u00f3mago)<\/li>\n<\/ul>\n<div class=\"su-spoiler su-spoiler-style-defoult su-spoiler-icon-caret su-spoiler-closed\" data-scroll-offset=\"0\" data-anchor-in-url=\"no\"><div class=\"su-spoiler-title\" tabindex=\"0\" role=\"button\"><span class=\"su-spoiler-icon\"><\/span>Todos<\/div><div class=\"su-spoiler-content su-u-clearfix su-u-trim\">\n<strong>Efectos:<\/strong><\/p>\n<ul>\n<li>reparaci\u00f3n de procesos metab\u00f3licos en los tejidos conjuntivos de articulaciones y \u00f3rganos internos, incluida la contractura de Dupuytren (contractura: acortamiento de tendones y\/o m\u00fasculos, encogimiento que causa deformidad y\/o constricci\u00f3n)<\/li>\n<li>ralentizar los cambios \u201erelacionados con la edad\u201d en el sistema musculoesquel\u00e9tico<\/li>\n<li>mejora la flexibilidad de m\u00fasculos y ligamentos<\/li>\n<li>acelera la recuperaci\u00f3n tras lesiones y procedimientos quir\u00fargicos, evitando la formaci\u00f3n de cicatrices \u00e1speras.<\/li>\n<\/ul>\n<\/div><\/div>","protected":false},"excerpt":{"rendered":"<p>Kieg\u00e9sz\u00edt\u0151 eszk\u00f6z a ligamentum betegs\u00e9geinek megel\u0151z\u00e9s\u00e9re \u00e9s kezel\u00e9s\u00e9re, regener\u00e1ci\u00f3s folyamatok aktiv\u00e1l\u00e1s\u00e1ra \u00e9s a ligamentum kr\u00f3nikus betegs\u00e9geinek kieg\u00e9sz\u00edt\u0151 kezel\u00e9s\u00e9re. A &#8222;ELAST&#8221; Med\u00e1l hat\u00e1sa a norm\u00e1lis anyagcsere-folyamatok helyre\u00e1ll\u00edt\u00e1s\u00e1ra ir\u00e1nyul a ligamentumok sejtjeiben \u00e9s sz\u00f6veteiben, lass\u00edtva az \u00f6reged\u00e9si folyamatokat is. Ez az eszk\u00f6z pozit\u00edv hat\u00e1ssal van a testfunkci\u00f3k \u00e1llapot\u00e1ra, az optimaliz\u00e1l\u00e1s \u00e9s korrekci\u00f3 eszk\u00f6zek\u00e9nt haszn\u00e1lhat\u00f3 egy\u00e9b m\u00f3dszerekkel is [&hellip;]<\/p>\n","protected":false},"featured_media":4689,"comment_status":"open","ping_status":"closed","template":"","meta":[],"product_brand":[],"product_cat":[33,32],"product_tag":[],"class_list":{"0":"post-4690","1":"product","2":"type-product","3":"status-publish","4":"has-post-thumbnail","6":"product_cat-egeszseg-medalok","7":"product_cat-triomed","9":"first","10":"instock","11":"taxable","12":"shipping-taxable","13":"purchasable","14":"product-type-simple"},"_links":{"self":[{"href":"https:\/\/vetomshop.hu\/es\/wp-json\/wp\/v2\/product\/4690","targetHints":{"allow":["GET"]}}],"collection":[{"href":"https:\/\/vetomshop.hu\/es\/wp-json\/wp\/v2\/product"}],"about":[{"href":"https:\/\/vetomshop.hu\/es\/wp-json\/wp\/v2\/types\/product"}],"replies":[{"embeddable":true,"href":"https:\/\/vetomshop.hu\/es\/wp-json\/wp\/v2\/comments?post=4690"}],"wp:featuredmedia":[{"embeddable":true,"href":"https:\/\/vetomshop.hu\/es\/wp-json\/wp\/v2\/media\/4689"}],"wp:attachment":[{"href":"https:\/\/vetomshop.hu\/es\/wp-json\/wp\/v2\/media?parent=4690"}],"wp:term":[{"taxonomy":"product_brand","embeddable":true,"href":"https:\/\/vetomshop.hu\/es\/wp-json\/wp\/v2\/product_brand?post=4690"},{"taxonomy":"product_cat","embeddable":true,"href":"https:\/\/vetomshop.hu\/es\/wp-json\/wp\/v2\/product_cat?post=4690"},{"taxonomy":"product_tag","embeddable":true,"href":"https:\/\/vetomshop.hu\/es\/wp-json\/wp\/v2\/product_tag?post=4690"}],"curies":[{"name":"wp","href":"https:\/\/api.w.org\/{rel}","templated":true}]}}