{"id":4704,"date":"2023-11-11T14:33:52","date_gmt":"2023-11-11T13:33:52","guid":{"rendered":"https:\/\/vetomshop.hu\/termek\/nefron-medal\/"},"modified":"2023-11-11T14:33:52","modified_gmt":"2023-11-11T13:33:52","slug":"nefron-medal","status":"publish","type":"product","link":"https:\/\/vetomshop.hu\/es\/producto\/nefron-medal\/","title":{"rendered":"Medalla Nefron"},"content":{"rendered":"<h4>Medalla Nefron de la Salud<\/h4>\n<p><strong>Funci\u00f3n principal:<\/strong><\/p>\n<p>Favorecer el funcionamiento de los ri\u00f1ones y de las v\u00edas urinarias, favoreciendo los procesos reguladores y regenerativos.<\/p>\n<p><strong>Con el apoyo de:<\/strong><\/p>\n<ul>\n<li>mejora de la circulaci\u00f3n sangu\u00ednea y del metabolismo en las v\u00edas urinarias.<\/li>\n<li>reabsorci\u00f3n, filtraci\u00f3n, regulaci\u00f3n i\u00f3nica, desintoxicaci\u00f3n, procesos metab\u00f3licos<\/li>\n<li>reparaci\u00f3n y regeneraci\u00f3n de los tejidos urinarios,<\/li>\n<li>aliviar el dolor, aliviar los espasmos, reducir la inflamaci\u00f3n,<\/li>\n<li>prevenci\u00f3n de las lesiones escler\u00f3ticas del ri\u00f1\u00f3n.<\/li>\n<\/ul>\n<p><strong>\u00bfCu\u00e1ndo se puede utilizar el Colgante de Salud Nefron?<\/strong><\/p>\n<p>El dispositivo tiene un efecto positivo sobre el funcionamiento funcional del organismo, puede utilizarse como dispositivo complementario para la optimizaci\u00f3n y correcci\u00f3n del funcionamiento funcional del organismo, para la prevenci\u00f3n y el tratamiento complementario de las siguientes enfermedades:<\/p>\n<ul>\n<li>enfermedades inflamatorias agudas y cr\u00f3nicas de los ri\u00f1ones, la vejiga y las v\u00edas urinarias,<\/li>\n<li>trastornos metab\u00f3licos (incluida la litiasis renal),<\/li>\n<li>enfermedades autoinmunes sist\u00e9micas que provocan da\u00f1os renales,<\/li>\n<li>enfermedad autoinmune de los ri\u00f1ones,<\/li>\n<li>efectos t\u00f3xicos en los ri\u00f1ones,<\/li>\n<li>lesiones escler\u00f3ticas en los ri\u00f1ones (nefroesclerosis) debidas a diabetes, hipertensi\u00f3n arterial, etc.<\/li>\n<\/ul>","protected":false},"excerpt":{"rendered":"<p>Nefron Eg\u00e9szs\u00e9g Med\u00e1l F\u0151 funkci\u00f3ja: A vese \u00e9s a h\u00fagyutak m\u0171k\u00f6d\u00e9s\u00e9nek t\u00e1mogat\u00e1sa, a szab\u00e1lyz\u00f3 \u00e9s regener\u00e1ci\u00f3s folyamatok el\u0151seg\u00edt\u00e9se. T\u00e1mogatja: a h\u00fagyutak v\u00e9rkering\u00e9s\u00e9nek javul\u00e1s\u00e1t \u00e9s anyagcser\u00e9j\u00e9t. a reabszorbci\u00f3t, a sz\u0171r\u00e9st, az ionszab\u00e1lyoz\u00e1st, a m\u00e9regtelen\u00edt\u00e9st, a metabolikus folyamatokat a h\u00fagyuti sz\u00f6vetek repar\u00e1ci\u00f3j\u00e1t \u00e9s regener\u00e1ci\u00f3j\u00e1t, a f\u00e1jdalomcsillap\u00edt\u00e1st, a g\u00f6rcsold\u00e1st, a gyullad\u00e1sok cs\u00f6kkent\u00e9s\u00e9t, a vese szklerotikus elv\u00e1ltoz\u00e1sainak megel\u0151z\u00e9s\u00e9t. Mikor [&hellip;]<\/p>\n","protected":false},"featured_media":4703,"comment_status":"open","ping_status":"closed","template":"","meta":[],"product_brand":[],"product_cat":[33,32],"product_tag":[],"class_list":{"0":"post-4704","1":"product","2":"type-product","3":"status-publish","4":"has-post-thumbnail","6":"product_cat-egeszseg-medalok","7":"product_cat-triomed","9":"first","10":"instock","11":"taxable","12":"shipping-taxable","13":"purchasable","14":"product-type-simple"},"_links":{"self":[{"href":"https:\/\/vetomshop.hu\/es\/wp-json\/wp\/v2\/product\/4704","targetHints":{"allow":["GET"]}}],"collection":[{"href":"https:\/\/vetomshop.hu\/es\/wp-json\/wp\/v2\/product"}],"about":[{"href":"https:\/\/vetomshop.hu\/es\/wp-json\/wp\/v2\/types\/product"}],"replies":[{"embeddable":true,"href":"https:\/\/vetomshop.hu\/es\/wp-json\/wp\/v2\/comments?post=4704"}],"wp:featuredmedia":[{"embeddable":true,"href":"https:\/\/vetomshop.hu\/es\/wp-json\/wp\/v2\/media\/4703"}],"wp:attachment":[{"href":"https:\/\/vetomshop.hu\/es\/wp-json\/wp\/v2\/media?parent=4704"}],"wp:term":[{"taxonomy":"product_brand","embeddable":true,"href":"https:\/\/vetomshop.hu\/es\/wp-json\/wp\/v2\/product_brand?post=4704"},{"taxonomy":"product_cat","embeddable":true,"href":"https:\/\/vetomshop.hu\/es\/wp-json\/wp\/v2\/product_cat?post=4704"},{"taxonomy":"product_tag","embeddable":true,"href":"https:\/\/vetomshop.hu\/es\/wp-json\/wp\/v2\/product_tag?post=4704"}],"curies":[{"name":"wp","href":"https:\/\/api.w.org\/{rel}","templated":true}]}}