{"id":4706,"date":"2023-11-11T14:33:52","date_gmt":"2023-11-11T13:33:52","guid":{"rendered":"https:\/\/vetomshop.hu\/termek\/odont-medal\/"},"modified":"2024-08-07T16:07:27","modified_gmt":"2024-08-07T14:07:27","slug":"odont-medal","status":"publish","type":"product","link":"https:\/\/vetomshop.hu\/es\/producto\/odont-medal\/","title":{"rendered":"Medalla Odont"},"content":{"rendered":"<h4>Medalla Odont<\/h4>\n<p>Es una ayuda para la prevenci\u00f3n y rehabilitaci\u00f3n de las enfermedades periodontales y para potenciar los procesos regenerativos.<\/p>\n<p>Periodonto: conjunto de tejidos que rodean los dientes.<\/p>\n<p>El periodonto rodea y sostiene los dientes. El periodonto proporciona un anclaje flexible para la ra\u00edz del diente. Las principales partes del periodonto son: enc\u00eda, periostio, cemento y ligamento periodontal. Su origen y funci\u00f3n son comunes.<\/p>\n<p>El efecto del colgante \u201eODONT\u201d es activar las defensas del organismo, restablecer los procesos fisiol\u00f3gicos normales en las c\u00e9lulas y tejidos del periodonto, aumentando la resistencia a los factores ambientales adversos.<\/p>\n<p>Esta herramienta tiene un efecto positivo sobre el estado de las funciones corporales y puede utilizarse como herramienta \u00f3ptima y correctora de otras afecciones como gingivitis, periodontitis, enfermedad periodontal, lesiones periodontales, Itsenko-Cushing, Elers-Danlos, Shediak Higashi, s\u00edndrome de Down, trastornos sangu\u00edneos, etc.<\/p>\n<div class=\"su-spoiler su-spoiler-style-defoult su-spoiler-icon-caret su-spoiler-closed\" data-scroll-offset=\"0\" data-anchor-in-url=\"no\"><div class=\"su-spoiler-title\" tabindex=\"0\" role=\"button\"><span class=\"su-spoiler-icon\"><\/span>Todos<\/div><div class=\"su-spoiler-content su-u-clearfix su-u-trim\">\n<strong>Efectos:<\/strong><\/p>\n<ul>\n<li>normaliza la circulaci\u00f3n sangu\u00ednea, el estado inmunitario y el metabolismo periodontal, previniendo el desarrollo de enfermedades;<\/li>\n<li>ayuda a mejorar la funci\u00f3n periodontal;<\/li>\n<li>reduce la gravedad de los fen\u00f3menos inflamatorios y degenerativos de la enfermedad periodontal;<\/li>\n<li>contribuye a acelerar los procesos de regeneraci\u00f3n y reparaci\u00f3n periodontal;<\/li>\n<li>ayuda a eliminar el mal aliento;<\/li>\n<li>ayuda a prevenir la movilidad patol\u00f3gica de los dientes.<\/li>\n<\/ul>\n<\/div><\/div>","protected":false},"excerpt":{"rendered":"<p>Odont Med\u00e1l Seg\u00e9deszk\u00f6z a periodont\u00e1lis betegs\u00e9gek megel\u0151z\u00e9s\u00e9re \u00e9s rehabilit\u00e1ci\u00f3j\u00e1ra, a regenerat\u00edv folyamatok fokoz\u00e1s\u00e1ra. A fog\u00e1gy (parodontium) &#8211; a fogakat k\u00f6r\u00fclvev\u0151 sz\u00f6vetek komplexuma. A parodontium k\u00f6r\u00fclveszi \u00e9s megt\u00e1masztja a fogakat. A fog\u00e1gy a fogak gy\u00f6ker\u00e9nek rugalmas elhorgonyz\u00e1s\u00e1t biztos\u00edtja. A parodontium f\u0151 r\u00e9szei: \u00edny, gy\u00f6k\u00e9rh\u00e1rtya, cement, fogmederny\u00falv\u00e1ny. Eredet\u00fck \u00e9s funkci\u00f3juk k\u00f6z\u00f6s. Az &#8222;ODONT&#8221; med\u00e1l hat\u00e1sa arra ir\u00e1nyul, [&hellip;]<\/p>\n","protected":false},"featured_media":4705,"comment_status":"open","ping_status":"closed","template":"","meta":[],"product_brand":[],"product_cat":[33,32],"product_tag":[],"class_list":{"0":"post-4706","1":"product","2":"type-product","3":"status-publish","4":"has-post-thumbnail","6":"product_cat-egeszseg-medalok","7":"product_cat-triomed","9":"first","10":"instock","11":"taxable","12":"shipping-taxable","13":"purchasable","14":"product-type-simple"},"_links":{"self":[{"href":"https:\/\/vetomshop.hu\/es\/wp-json\/wp\/v2\/product\/4706","targetHints":{"allow":["GET"]}}],"collection":[{"href":"https:\/\/vetomshop.hu\/es\/wp-json\/wp\/v2\/product"}],"about":[{"href":"https:\/\/vetomshop.hu\/es\/wp-json\/wp\/v2\/types\/product"}],"replies":[{"embeddable":true,"href":"https:\/\/vetomshop.hu\/es\/wp-json\/wp\/v2\/comments?post=4706"}],"wp:featuredmedia":[{"embeddable":true,"href":"https:\/\/vetomshop.hu\/es\/wp-json\/wp\/v2\/media\/4705"}],"wp:attachment":[{"href":"https:\/\/vetomshop.hu\/es\/wp-json\/wp\/v2\/media?parent=4706"}],"wp:term":[{"taxonomy":"product_brand","embeddable":true,"href":"https:\/\/vetomshop.hu\/es\/wp-json\/wp\/v2\/product_brand?post=4706"},{"taxonomy":"product_cat","embeddable":true,"href":"https:\/\/vetomshop.hu\/es\/wp-json\/wp\/v2\/product_cat?post=4706"},{"taxonomy":"product_tag","embeddable":true,"href":"https:\/\/vetomshop.hu\/es\/wp-json\/wp\/v2\/product_tag?post=4706"}],"curies":[{"name":"wp","href":"https:\/\/api.w.org\/{rel}","templated":true}]}}