{"id":4710,"date":"2023-11-11T14:33:53","date_gmt":"2023-11-11T13:33:53","guid":{"rendered":"https:\/\/vetomshop.hu\/termek\/prunus-cerasus-meggy-medal\/"},"modified":"2023-11-11T14:33:53","modified_gmt":"2023-11-11T13:33:53","slug":"prunus-cerasus-meggy-medal","status":"publish","type":"product","link":"https:\/\/vetomshop.hu\/es\/producto\/prunus-cerasus-meggy-medal\/","title":{"rendered":"Prunus cerasus - Colgante Meggy"},"content":{"rendered":"<h4>Prunus cerasus - Medalla Meggy-Streptococcus, Staphylococcus para el tratamiento adicional de infecciones<\/h4>\n<p>El Streptococcus pyogenes, tambi\u00e9n conocido como estreptococo de tipo A, es una bacteria extremadamente com\u00fan: casi nadie ha tenido nunca un dolor de garganta sin esta bacteria, en su mayor parte inofensiva, que se instala en la garganta. Pero la misma bacteria que habita en la garganta es tambi\u00e9n la causa de la escarlatina, una enfermedad infantil con fiebre y erupci\u00f3n en todo el cuerpo, a trav\u00e9s de sus toxinas secretadas en el torrente sangu\u00edneo. De hecho, las infecciones estreptoc\u00f3cicas prolongadas no tratadas pueden provocar fiebre reum\u00e1tica, una enfermedad grave que ataca las articulaciones y el coraz\u00f3n.<\/p>\n<p>El Staphylococcus aureus es una bacteria muy com\u00fan que se encuentra en casi toda nuestra piel y es uno de los agentes causantes del acn\u00e9 pustuloso y las p\u00fastulas. Aunque estas lesiones cut\u00e1neas pueden considerarse desagradables en el mejor de los casos, las afecciones cut\u00e1neas rebeldes, sobre todo en los ni\u00f1os, como for\u00fanculos o abscesos en diversas partes del cuerpo, pueden causar graves problemas, por no hablar de infecciones graves y potencialmente mortales como neumon\u00eda, meningitis, osteomielitis o pericarditis. Los estafilococos, que colonizan sobre todo nuestra piel, pueden causar todo esto si se les da la oportunidad.<\/p>\n<div class=\"su-spoiler su-spoiler-style-defoult su-spoiler-icon-caret su-spoiler-closed\" data-scroll-offset=\"0\" data-anchor-in-url=\"no\"><div class=\"su-spoiler-title\" tabindex=\"0\" role=\"button\"><span class=\"su-spoiler-icon\"><\/span>Todos<\/div><div class=\"su-spoiler-content su-u-clearfix su-u-trim\">\n<h5>\u00bfQu\u00e9 pueden causar los microbios cotidianos en el lugar equivocado?<\/h5>\n<p>La lecci\u00f3n es que una bacteria aparentemente inofensiva s\u00f3lo es relativamente inofensiva hasta que se encuentra en un lugar donde no tiene nada que hacer: especialmente en tejidos profundos y<br \/>\nal torrente sangu\u00edneo. Por ejemplo, si los estreptococos o los estafilococos llegan a los tejidos subcut\u00e1neos a trav\u00e9s de una lesi\u00f3n, pueden propagarse de forma extremadamente r\u00e1pida y destructiva a lo largo de las fascias del tejido conjuntivo que envuelven los m\u00fasculos y los nervios, lo que coloquialmente se conoce como \u201ecomecarne\u201d. Un pinchazo de aguja, una picadura de insecto o un hematoma pueden ser suficientes para que atraviesen la piel; no tiene por qu\u00e9 ser catastr\u00f3fico, basta con una herida apenas visible. El riesgo aumenta si la piel ya est\u00e1 herida -por ejemplo, tras una intervenci\u00f3n quir\u00fargica, una erupci\u00f3n aguda debida a una infecci\u00f3n v\u00edrica o una complicaci\u00f3n de la diabetes- o si el sistema inmunitario est\u00e1 debilitado.<\/p>\n<h5>\u201e\u00bfLa bacteria carn\u00edvora \u201dcome carne\"?<\/h5>\n<p>Las \u201ebacterias carn\u00edvoras\u201d no forman un grupo ex\u00f3tico y aterrador de pat\u00f3genos: en la mayor\u00eda de los casos, los microbios corrientes, mal colocados en el lugar equivocado, son la causa de enfermedades graves.<br \/>\nun proceso potencialmente mortal que implica la destrucci\u00f3n de tejidos.<\/p>\n<h5>\u00bfC\u00f3mo funciona el proceso?<\/h5>\n<p>La \u201einfecci\u00f3n carn\u00edvora\u201d, formalmente conocida como fascitis necrotizante, comienza con unos pocos s\u00edntomas caracter\u00edsticos: hinchaz\u00f3n, enrojecimiento, dolor y posiblemente ampollas en la zona afectada. Como el proceso es profundo, cuando se han formado las zonas de la piel de color viol\u00e1ceo, las ampollas sanguinolentas, ya se ha producido una destrucci\u00f3n masiva de los tejidos blandos subcut\u00e1neos.<\/p>\n<\/div><\/div>","protected":false},"excerpt":{"rendered":"<p>Prunus cerasus \u2013 Meggy Med\u00e1l-Streptococcus, Staphylococcus fert\u0151z\u00e9sek kieg\u00e9sz\u00edt\u0151 kezel\u00e9s\u00e9re A Streptococcus pyogenes, m\u00e1s nev\u00e9n az A-t\u00edpus\u00fa sztreptokokkusz rendk\u00edv\u00fcl k\u00f6z\u00f6ns\u00e9ges bakt\u00e9rium: aligha akad, akinek ne okozott volna m\u00e9g torokf\u00e1j\u00e1st ez a garatban megteleped\u0151, jobb\u00e1ra \u00e1rtalmatlan k\u00f3rokoz\u00f3. \u00c1m ugyanez a toroklak\u00f3 bakt\u00e9rium &#8211; a v\u00e9r\u00e1ramba kiv\u00e1lasztott m\u00e9reganyagai r\u00e9v\u00e9n &#8211; a skarl\u00e1t, a l\u00e1zzal \u00e9s a teljes testet [&hellip;]<\/p>\n","protected":false},"featured_media":4709,"comment_status":"open","ping_status":"closed","template":"","meta":[],"product_brand":[],"product_cat":[33,32],"product_tag":[],"class_list":{"0":"post-4710","1":"product","2":"type-product","3":"status-publish","4":"has-post-thumbnail","6":"product_cat-egeszseg-medalok","7":"product_cat-triomed","9":"first","10":"instock","11":"taxable","12":"shipping-taxable","13":"purchasable","14":"product-type-simple"},"_links":{"self":[{"href":"https:\/\/vetomshop.hu\/es\/wp-json\/wp\/v2\/product\/4710","targetHints":{"allow":["GET"]}}],"collection":[{"href":"https:\/\/vetomshop.hu\/es\/wp-json\/wp\/v2\/product"}],"about":[{"href":"https:\/\/vetomshop.hu\/es\/wp-json\/wp\/v2\/types\/product"}],"replies":[{"embeddable":true,"href":"https:\/\/vetomshop.hu\/es\/wp-json\/wp\/v2\/comments?post=4710"}],"wp:featuredmedia":[{"embeddable":true,"href":"https:\/\/vetomshop.hu\/es\/wp-json\/wp\/v2\/media\/4709"}],"wp:attachment":[{"href":"https:\/\/vetomshop.hu\/es\/wp-json\/wp\/v2\/media?parent=4710"}],"wp:term":[{"taxonomy":"product_brand","embeddable":true,"href":"https:\/\/vetomshop.hu\/es\/wp-json\/wp\/v2\/product_brand?post=4710"},{"taxonomy":"product_cat","embeddable":true,"href":"https:\/\/vetomshop.hu\/es\/wp-json\/wp\/v2\/product_cat?post=4710"},{"taxonomy":"product_tag","embeddable":true,"href":"https:\/\/vetomshop.hu\/es\/wp-json\/wp\/v2\/product_tag?post=4710"}],"curies":[{"name":"wp","href":"https:\/\/api.w.org\/{rel}","templated":true}]}}