{"id":4712,"date":"2023-11-11T14:33:54","date_gmt":"2023-11-11T13:33:54","guid":{"rendered":"https:\/\/vetomshop.hu\/termek\/biotrem-active\/"},"modified":"2023-11-11T14:33:54","modified_gmt":"2023-11-11T13:33:54","slug":"biotrem-active","status":"publish","type":"product","link":"https:\/\/vetomshop.hu\/es\/producto\/biotrem-active\/","title":{"rendered":"BioTrEM activo"},"content":{"rendered":"<p>\u0410 <strong>\u201eBioTrEM ACTIVE\u201d<\/strong> El dispositivo de terapia EMF-IK modelo 1 (en lo sucesivo, el dispositivo) es un dispositivo port\u00e1til de fisioterapia y reflexoterapia destinado a la prevenci\u00f3n de enfermedades articulares, el tratamiento y la rehabilitaci\u00f3n de pacientes que sufren trastornos musculoesquel\u00e9ticos mediante la aplicaci\u00f3n de campos electromagn\u00e9ticos de baja intensidad en la gama de frecuencias extremadamente altas a partes de la superficie de la piel humana.<\/p>\n<p>El dispositivo \u0410 puede utilizarse en programas preventivos y curativos complejos para el restablecimiento de los procesos fisiol\u00f3gicos normales en las c\u00e9lulas y tejidos del sistema de \u00f3rganos de apoyo y movimiento en caso de enfermedades de dicho sistema, para reducir el dolor y mejorar las funciones de apoyo y movimiento.<\/p>\n<div class=\"su-spoiler su-spoiler-style-defoult su-spoiler-icon-caret su-spoiler-closed\" data-scroll-offset=\"0\" data-anchor-in-url=\"no\"><div class=\"su-spoiler-title\" tabindex=\"0\" role=\"button\"><span class=\"su-spoiler-icon\"><\/span>Todos<\/div><div class=\"su-spoiler-content su-u-clearfix su-u-trim\">\n<p>Los efectos del uso del dispositivo:<\/p>\n<ul>\n<li>normaliza la circulaci\u00f3n sangu\u00ednea, el estado inmunitario y los procesos metab\u00f3licos en los \u00f3rganos\/sistemas org\u00e1nicos del aparato locomotor, previniendo el desarrollo de enfermedades en ellos;<\/li>\n<li>ayuda a mejorar las funciones de apoyo y movilidad;<\/li>\n<li>reduce las manifestaciones de inflamaci\u00f3n y congesti\u00f3n en los \u00f3rganos locomotores;<\/li>\n<li>contribuye a acelerar los procesos de regeneraci\u00f3n y reparaci\u00f3n de los tejidos del sistema de \u00f3rganos de sost\u00e9n y movimiento;<\/li>\n<li>ayuda a eliminar la inflamaci\u00f3n de las articulaciones, las membranas articulares y los \u201esacos\u201d articulares, los m\u00fasculos,<\/li>\n<li>ayuda a eliminar o compensar la deformaci\u00f3n y atrofia de huesos, ligamentos y complejo m\u00fasculo-articular.<\/li>\n<\/ul>\n<\/div><\/div>","protected":false},"excerpt":{"rendered":"<p>\u0410 \u201eBioTrEM ACTIVE\u201d modell EMF-IK ter\u00e1pi\u00e1s k\u00e9sz\u00fcl\u00e9k (a tov\u00e1bbiakban k\u00e9sz\u00fcl\u00e9k) egy hordozhat\u00f3 fizikoter\u00e1pi\u00e1s \u00e9s reflexter\u00e1pi\u00e1s eszk\u00f6z, amelynek rendeltet\u00e9se az \u00edz\u00fcleti megbeteged\u00e9sek megel\u0151z\u00e9s\u00e9re, a t\u00e1maszt\u00e1s \u00e9s mozg\u00e1s szervrendszeri betegs\u00e9gekben szenved\u0151 p\u00e1ciensek kezel\u00e9se \u00e9s rehabilit\u00e1ci\u00f3ja az ember b\u0151rfel\u00fclet\u00e9nek r\u00e9szeire ir\u00e1nyul\u00f3 extr\u00e9m magas frekvenci\u00e1s tartom\u00e1nyban m\u0171k\u00f6d\u0151 alacsonyintenzit\u00e1s\u00fa elektrom\u00e1gneses r\u00e1hat\u00e1s r\u00e9v\u00e9n. \u0410 k\u00e9sz\u00fcl\u00e9k komplex megel\u0151z\u0151 \u00e9s gy\u00f3gyul\u00e1st el\u0151seg\u00edt\u0151 programokban [&hellip;]<\/p>\n","protected":false},"featured_media":4711,"comment_status":"open","ping_status":"closed","template":"","meta":[],"product_brand":[],"product_cat":[34,32],"product_tag":[],"class_list":{"0":"post-4712","1":"product","2":"type-product","3":"status-publish","4":"has-post-thumbnail","6":"product_cat-keszulekek","7":"product_cat-triomed","9":"first","10":"instock","11":"taxable","12":"shipping-taxable","13":"purchasable","14":"product-type-simple"},"_links":{"self":[{"href":"https:\/\/vetomshop.hu\/es\/wp-json\/wp\/v2\/product\/4712","targetHints":{"allow":["GET"]}}],"collection":[{"href":"https:\/\/vetomshop.hu\/es\/wp-json\/wp\/v2\/product"}],"about":[{"href":"https:\/\/vetomshop.hu\/es\/wp-json\/wp\/v2\/types\/product"}],"replies":[{"embeddable":true,"href":"https:\/\/vetomshop.hu\/es\/wp-json\/wp\/v2\/comments?post=4712"}],"wp:featuredmedia":[{"embeddable":true,"href":"https:\/\/vetomshop.hu\/es\/wp-json\/wp\/v2\/media\/4711"}],"wp:attachment":[{"href":"https:\/\/vetomshop.hu\/es\/wp-json\/wp\/v2\/media?parent=4712"}],"wp:term":[{"taxonomy":"product_brand","embeddable":true,"href":"https:\/\/vetomshop.hu\/es\/wp-json\/wp\/v2\/product_brand?post=4712"},{"taxonomy":"product_cat","embeddable":true,"href":"https:\/\/vetomshop.hu\/es\/wp-json\/wp\/v2\/product_cat?post=4712"},{"taxonomy":"product_tag","embeddable":true,"href":"https:\/\/vetomshop.hu\/es\/wp-json\/wp\/v2\/product_tag?post=4712"}],"curies":[{"name":"wp","href":"https:\/\/api.w.org\/{rel}","templated":true}]}}