{"id":4714,"date":"2023-11-11T14:33:54","date_gmt":"2023-11-11T13:33:54","guid":{"rendered":"https:\/\/vetomshop.hu\/termek\/triomed-compact\/"},"modified":"2023-11-11T14:33:54","modified_gmt":"2023-11-11T13:33:54","slug":"triomed-compact","status":"publish","type":"product","link":"https:\/\/vetomshop.hu\/es\/producto\/triomed-compact\/","title":{"rendered":"Triomed compacto"},"content":{"rendered":"<h4>Alivio del dolor, reducci\u00f3n de la inflamaci\u00f3n, rehabilitaci\u00f3n, cuidados quiropr\u00e1cticos, primeros auxilios, enfermedades cr\u00f3nicas, electrosmog, estr\u00e9s, fototerapia<\/h4>\n<p>Sistema de innovaci\u00f3n para la protecci\u00f3n de la salud y la recuperaci\u00f3n - <strong>Triomed compacto.<\/strong><\/p>\n<p>Casi a diario o\u00edmos que nuestro entorno es cada vez m\u00e1s agresivo.<\/p>\n<p>Las sustancias qu\u00edmicas presentes en los alimentos y el agua, la contaminaci\u00f3n atmosf\u00e9rica y el ritmo de vida cada vez m\u00e1s acelerado someten a nuestro organismo a graves tensiones. Las enfermedades de la civilizaci\u00f3n, consecuencia de la evoluci\u00f3n de los factores ambientales y los h\u00e1bitos alimentarios, las condiciones de trabajo y el estr\u00e9s, tambi\u00e9n pueden ser motivo de grave preocupaci\u00f3n. Curarlas es un gran reto para los m\u00e9dicos, que a menudo se ven impotentes ante este desaf\u00edo. A menudo, tras largas investigaciones, se nos da un nombre en lat\u00edn que suena bien (o m\u00e1s bien mal) para el diagn\u00f3stico y se nos aconseja vivir con \u00e9l.<\/p>\n<p>Pero, \u00bfes agradable vivir la vida en una condici\u00f3n tan desafortunada, pasando d\u00e9cadas entre la enfermedad y la muerte? \u00bfCu\u00e1nto dolor, resignaci\u00f3n, energ\u00eda, dinero, tiempo, decepci\u00f3n acompa\u00f1an al paciente a lo largo del camino? \u00bfCu\u00e1ntos planes incumplidos, metas, carreras, deseos se tiran por la borda porque a partir de entonces todo gira en torno a la enfermedad?<\/p>\n<div class=\"su-spoiler su-spoiler-style-defoult su-spoiler-icon-caret su-spoiler-closed\" data-scroll-offset=\"0\" data-anchor-in-url=\"no\"><div class=\"su-spoiler-title\" tabindex=\"0\" role=\"button\"><span class=\"su-spoiler-icon\"><\/span>Todos<\/div><div class=\"su-spoiler-content su-u-clearfix su-u-trim\">\n<p>La pregunta: \u00bfpodemos estar sanos si no cambiamos<\/p>\n<p>\u00bfSobre las causas profundas de las enfermedades y las soluciones parciales?<\/p>\n<p>Conozca un sistema complejo y \u00fanico en su g\u00e9nero.<\/p>\n<p>Nuestras herramientas pueden tratar sus enfermedades, mejorar su calidad de vida, ayudarle a adaptarse a un entorno cambiante y en constante evoluci\u00f3n y modificarlo.<\/p>\n<p>\u00a1No s\u00f3lo en el caso de diversas enfermedades, dolores, inflamaciones, procesos autoinmunes, mal humor, podemos lograr excelentes resultados, sino tambi\u00e9n eliminar las causas profundas! Todo esto se hace por el dispositivo que se comunica con su cuerpo, cada impulso es una respuesta a su condici\u00f3n actual.<\/p>\n<p>Biorretroalimentaci\u00f3n - gama de radiofrecuencias.<\/p>\n<p>\u00a1Protecci\u00f3n sanitaria sist\u00e9mica! \u00a1Enfoque \u00fanico!<\/p>\n<p>Con s\u00f3lo pulsar un bot\u00f3n:<\/p>\n<ul>\n<li>Mejore su entorno ecol\u00f3gico: terapia milim\u00e9trica en toda la plaza,<\/li>\n<li>Mejora la calidad del agua y de los alimentos: restablece la regularidad del agua y del agua de los alimentos, reduciendo los efectos nocivos.<\/li>\n<li>Alivia el estr\u00e9s en el trabajo y en otros lugares y aumenta nuestra capacidad de recuperaci\u00f3n.<\/li>\n<\/ul>\n<p>El siguiente paso: \u00a1aplicarlo como remedio para resolver tus problemas!<\/p>\n<p>Triomed Compact - \u00a1el Pro!<\/p>\n<p><strong>Experiencia:<\/strong> Tambi\u00e9n he tenido muy buenas experiencias con Triomed y Compact. Cuando nos encontramos enfermos, nos curamos completamente incluso de los g\u00e9rmenes m\u00e1s rebeldes en dos o tres d\u00edas sin medicaci\u00f3n. Estoy embarazada y en una de mis ecograf\u00edas el m\u00e9dico detect\u00f3 un quiste en el cr\u00e1neo de nuestro beb\u00e9. Me asegur\u00f3 que nada ir\u00eda mal y me qued\u00e9 completamente tranquila, sabiendo que despu\u00e9s de unos pocos tratamientos el quiste all\u00ed se absorber\u00eda por completo. \u00a1Y as\u00ed fue! Sin duda, no habr\u00eda sido una madre tranquila si no hubiera conocido la existencia de estos dispositivos. Estoy muy contenta de haber encontrado estos dispositivos antes de que naciera el beb\u00e9.<\/p>\n<p>Atenci\u00f3n El aparato no sustituye a un tratamiento m\u00e9dico.<\/p>\n<p>Cada modo aplica un programa espec\u00edfico<\/p>\n<p>EL TRIOMED COMPACT FUNCIONA EN OCHO MODOS.<\/p>\n<p>Cada modo aplica un programa espec\u00edfico y \u00fanico.<\/p>\n<\/div><\/div>","protected":false},"excerpt":{"rendered":"<p>F\u00e1jdalomcsillap\u00edt\u00e1s, gyullad\u00e1s cs\u00f6kkent\u00e9s, lugos\u00edt\u00e1s, rehabilit\u00e1ci\u00f3, oki kezel\u00e9s, els\u0151seg\u00e9ly, kr\u00f3nikus betegs\u00e9gek, elektroszmog, stressz, f\u00e9nyter\u00e1pia Az eg\u00e9szs\u00e9g v\u00e9delm\u00e9nek \u00e9s vissza\u00e1ll\u00edt\u00e1s\u00e1nak innov\u00e1ci\u00f3s rendszere \u2013 Triomed compact. Szinte naponta hallunk arr\u00f3l, hogy k\u00f6rnyezet\u00fcnk egyre agressz\u00edvebb\u00e9 v\u00e1lt. Az \u00e9lelmiszerekben \u00e9s a v\u00edzben tal\u00e1lhat\u00f3 vegyszerek, a leveg\u0151 szennyezetts\u00e9ge, az egyre gyorsabb \u00e9lettemp\u00f3 komoly kih\u00edv\u00e1sok el\u00e9 \u00e1ll\u00edtja szervezet\u00fcnket. Komoly aggodalomra adhatnak okot [&hellip;]<\/p>\n","protected":false},"featured_media":4713,"comment_status":"open","ping_status":"closed","template":"","meta":[],"product_brand":[],"product_cat":[34,32],"product_tag":[],"class_list":{"0":"post-4714","1":"product","2":"type-product","3":"status-publish","4":"has-post-thumbnail","6":"product_cat-keszulekek","7":"product_cat-triomed","9":"first","10":"instock","11":"taxable","12":"shipping-taxable","13":"purchasable","14":"product-type-simple"},"_links":{"self":[{"href":"https:\/\/vetomshop.hu\/es\/wp-json\/wp\/v2\/product\/4714","targetHints":{"allow":["GET"]}}],"collection":[{"href":"https:\/\/vetomshop.hu\/es\/wp-json\/wp\/v2\/product"}],"about":[{"href":"https:\/\/vetomshop.hu\/es\/wp-json\/wp\/v2\/types\/product"}],"replies":[{"embeddable":true,"href":"https:\/\/vetomshop.hu\/es\/wp-json\/wp\/v2\/comments?post=4714"}],"wp:featuredmedia":[{"embeddable":true,"href":"https:\/\/vetomshop.hu\/es\/wp-json\/wp\/v2\/media\/4713"}],"wp:attachment":[{"href":"https:\/\/vetomshop.hu\/es\/wp-json\/wp\/v2\/media?parent=4714"}],"wp:term":[{"taxonomy":"product_brand","embeddable":true,"href":"https:\/\/vetomshop.hu\/es\/wp-json\/wp\/v2\/product_brand?post=4714"},{"taxonomy":"product_cat","embeddable":true,"href":"https:\/\/vetomshop.hu\/es\/wp-json\/wp\/v2\/product_cat?post=4714"},{"taxonomy":"product_tag","embeddable":true,"href":"https:\/\/vetomshop.hu\/es\/wp-json\/wp\/v2\/product_tag?post=4714"}],"curies":[{"name":"wp","href":"https:\/\/api.w.org\/{rel}","templated":true}]}}