{"id":4716,"date":"2023-11-11T14:33:55","date_gmt":"2023-11-11T13:33:55","guid":{"rendered":"https:\/\/vetomshop.hu\/termek\/triomed-mmw\/"},"modified":"2023-11-11T14:33:55","modified_gmt":"2023-11-11T13:33:55","slug":"triomed-mmw","status":"publish","type":"product","link":"https:\/\/vetomshop.hu\/es\/producto\/triomed-mmw\/","title":{"rendered":"Triomed MMW"},"content":{"rendered":"<h4>TRIOMED UNIVERSAL - EL ESPECIALISTA EN ENFERMEDADES<\/h4>\n<p>\u00bfCu\u00e1l es la clave de la recuperaci\u00f3n? \u00bfCu\u00e1l es la soluci\u00f3n a la mir\u00edada de problemas de salud?<\/p>\n<p>La respuesta es sencilla, pero la soluci\u00f3n s\u00f3lo pudo encontrarse en el moderno mundo actual de los inventos inform\u00e1ticos, cuando se cre\u00f3 un generador semiconductor superr\u00e1pido basado en SiGe que genera se\u00f1ales id\u00e9nticas a las de c\u00e9lulas y organismos. Esta innovaci\u00f3n ha permitido la comunicaci\u00f3n biol\u00f3gica entre un dispositivo y un ser humano. La innovaci\u00f3n m\u00e9dica se ha patentado como tecnolog\u00eda BioTrEM.<br \/>\nVeamos un ejemplo cotidiano. Cualquier profesional sanitario sabe que, aunque el t\u00edo Hansel y la t\u00eda Gretel padecen hipertensi\u00f3n, la \u00fanica similitud entre las afecciones de ambas personas radica en sus s\u00edntomas. No tienen nada en com\u00fan, ni en su aparici\u00f3n ni en otros par\u00e1metros como la edad, el sexo, los antecedentes, la causa o el curso de la enfermedad. Pero ambas personas toman el mismo medicamento, porque hasta ahora los proveedores de soluciones no han tenido medios para tratar a estas dos personas de forma diferente.<\/p>\n<p>El dispositivo Triomed Universal es \u00fanico en el sentido de que trata a cada persona de forma diferente gracias a sus emisores conectables espec\u00edficos para cada enfermedad, como el emisor especial de Cardiolog\u00eda, que se coordina con el paciente en cada momento del tratamiento. La frecuencia del Cardiology Conectable a Triomed Universal corresponde a la frecuencia saludable del sistema cardiovascular, utilizando estas sutiles se\u00f1ales para sintonizar el cuerpo de nuevo con un funcionamiento saludable. Esto personaliza el tratamiento, adapt\u00e1ndose a los cambios que se producen en el cuerpo de una persona, aline\u00e1ndose con \u00e9l en cada momento.<\/p>\n<div class=\"su-spoiler su-spoiler-style-defoult su-spoiler-icon-caret su-spoiler-closed\" data-scroll-offset=\"0\" data-anchor-in-url=\"no\"><div class=\"su-spoiler-title\" tabindex=\"0\" role=\"button\"><span class=\"su-spoiler-icon\"><\/span>Todos<\/div><div class=\"su-spoiler-content su-u-clearfix su-u-trim\">\n<p><strong>Biorretroalimentaci\u00f3n por radiofrecuencia<\/strong><\/p>\n<p>Esta invenci\u00f3n innovadora es lo que hace que esta gama sea tan \u00fanica, \u00a1tan eficaz!<\/p>\n<p>Pi\u00e9nselo: \u00bfconocemos alg\u00fan dispositivo que siga todos nuestros movimientos, que sea controlado autom\u00e1ticamente por nosotros, independientemente de nuestra conciencia, y que -\u00a1seamos sinceros! - puede enga\u00f1arnos?<\/p>\n<p>El TRIOMED UNIVERSAL dispone de dos emisores de \u00faltima generaci\u00f3n en el paquete b\u00e1sico, que pueden utilizarse tanto para el tratamiento como para la prevenci\u00f3n de enfermedades. El aparato puede activar un gran n\u00famero de programas y subprogramas: casi mil. Para ello, el aparato puede ampliarse con 11 cabezales enchufables bajo demanda, que a\u00f1aden nuevas funciones y capacidades al aparato b\u00e1sico. Una herramienta excelente para m\u00e9dicos, instituciones sanitarias, curanderos y el complemento perfecto para su farmacia dom\u00e9stica.<\/p>\n<p><strong>Es f\u00e1cil de usar, se podr\u00eda decir: \u00a1un juego de ni\u00f1os!<\/strong><\/p>\n<p>El aparato est\u00e1 clasificado como dispositivo m\u00e9dico de estimulaci\u00f3n electromagn\u00e9tica activa, destinado a la prevenci\u00f3n y el tratamiento de afecciones patol\u00f3gicas mediante la aplicaci\u00f3n de radiaciones electromagn\u00e9ticas infrarrojas (IV) y de alta frecuencia extrema de baja intensidad a trav\u00e9s de la piel. Contribuye a acelerar el proceso de curaci\u00f3n, reducir la cantidad y los efectos secundarios de la medicaci\u00f3n y lograr resultados cl\u00ednicos positivos en pacientes con escasa tolerancia a la medicaci\u00f3n. El dispositivo puede utilizarse en instituciones sanitarias o en el hogar.<br \/>\nEl dispositivo tiene efectos antiinflamatorios, analg\u00e9sicos y antiedematosos. Otros efectos cl\u00ednico-fisiol\u00f3gicos se manifiestan en los procesos de regeneraci\u00f3n celular, la mejora de la resistencia del organismo, la mejora de la hemodin\u00e1mica, el alivio del estr\u00e9s y la normalizaci\u00f3n de la regulaci\u00f3n del sistema nervioso aut\u00f3nomo.<\/p>\n<\/div><\/div>","protected":false},"excerpt":{"rendered":"<p>TRIOMED UNIVERSAL \u2013 A BETEGS\u00c9GEK SPECIALIST\u00c1JA Mi a gy\u00f3gyul\u00e1s kulcsa? Mi lenne a megold\u00e1s a sz\u00e1mtalan eg\u00e9szs\u00e9g\u00fcgyi probl\u00e9m\u00e1ra? A v\u00e1lasz egyszer\u0171, de a megold\u00e1s csak a mai modern, informatikai tal\u00e1lm\u00e1nyokkal b\u0151velked\u0151 vil\u00e1gunkban tudott megval\u00f3sulni, mikor is siker\u00fclt l\u00e9trehozni egy olyan szupergyors f\u00e9lvezet\u0151 SiGe alap\u00fa gener\u00e1tort, mely a sejtekkel, szervezettel azonos jeleket gener\u00e1l. Ennek az innov\u00e1ci\u00f3nak [&hellip;]<\/p>\n","protected":false},"featured_media":4715,"comment_status":"open","ping_status":"closed","template":"","meta":[],"product_brand":[],"product_cat":[34,32],"product_tag":[],"class_list":{"0":"post-4716","1":"product","2":"type-product","3":"status-publish","4":"has-post-thumbnail","6":"product_cat-keszulekek","7":"product_cat-triomed","9":"first","10":"instock","11":"taxable","12":"shipping-taxable","13":"purchasable","14":"product-type-simple"},"_links":{"self":[{"href":"https:\/\/vetomshop.hu\/es\/wp-json\/wp\/v2\/product\/4716","targetHints":{"allow":["GET"]}}],"collection":[{"href":"https:\/\/vetomshop.hu\/es\/wp-json\/wp\/v2\/product"}],"about":[{"href":"https:\/\/vetomshop.hu\/es\/wp-json\/wp\/v2\/types\/product"}],"replies":[{"embeddable":true,"href":"https:\/\/vetomshop.hu\/es\/wp-json\/wp\/v2\/comments?post=4716"}],"wp:featuredmedia":[{"embeddable":true,"href":"https:\/\/vetomshop.hu\/es\/wp-json\/wp\/v2\/media\/4715"}],"wp:attachment":[{"href":"https:\/\/vetomshop.hu\/es\/wp-json\/wp\/v2\/media?parent=4716"}],"wp:term":[{"taxonomy":"product_brand","embeddable":true,"href":"https:\/\/vetomshop.hu\/es\/wp-json\/wp\/v2\/product_brand?post=4716"},{"taxonomy":"product_cat","embeddable":true,"href":"https:\/\/vetomshop.hu\/es\/wp-json\/wp\/v2\/product_cat?post=4716"},{"taxonomy":"product_tag","embeddable":true,"href":"https:\/\/vetomshop.hu\/es\/wp-json\/wp\/v2\/product_tag?post=4716"}],"curies":[{"name":"wp","href":"https:\/\/api.w.org\/{rel}","templated":true}]}}