{"id":4722,"date":"2023-11-11T14:33:56","date_gmt":"2023-11-11T13:33:56","guid":{"rendered":"https:\/\/vetomshop.hu\/termek\/egeszseges-vese-jelado\/"},"modified":"2023-11-11T14:33:56","modified_gmt":"2023-11-11T13:33:56","slug":"egeszseges-vese-jelado","status":"publish","type":"product","link":"https:\/\/vetomshop.hu\/es\/producto\/egeszseges-vese-jelado\/","title":{"rendered":"Faro de ri\u00f1\u00f3n sano"},"content":{"rendered":"<h4>Ri\u00f1\u00f3n sano irradiando 15 s.<\/h4>\n<p>Tiempo de funcionamiento del emisor 11 minutos<br \/>\nCorresponde a la frecuencia del ri\u00f1\u00f3n y de las v\u00edas urinarias.<\/p>\n<p>Se recomienda su uso en la prevenci\u00f3n y el tratamiento complementario de las enfermedades renales y de las v\u00edas urinarias<br \/>\nMejora la circulaci\u00f3n sangu\u00ednea y el metabolismo en las nefronas (unidades funcionales de los ri\u00f1ones) y las v\u00edas urinarias.<\/p>\n<ul>\n<li>Mejora la reabsorci\u00f3n renal, la filtraci\u00f3n, la s\u00edntesis, la regulaci\u00f3n i\u00f3nica, la desintoxicaci\u00f3n y los procesos metab\u00f3licos.<\/li>\n<li>Estimula los procesos de regeneraci\u00f3n y reparaci\u00f3n del tejido renal y de las v\u00edas urinarias.<\/li>\n<li>Efecto antiespasm\u00f3dico.<\/li>\n<li>Efecto analg\u00e9sico.<\/li>\n<li>Efecto antiinflamatorio.<\/li>\n<li>Previene las lesiones escler\u00f3ticas.<\/li>\n<\/ul>\n<p>Se recomienda la aplicaci\u00f3n en puntos y zonas biol\u00f3gicamente activos.<\/p>\n<div class=\"su-spoiler su-spoiler-style-defoult su-spoiler-icon-caret su-spoiler-closed\" data-scroll-offset=\"0\" data-anchor-in-url=\"no\"><div class=\"su-spoiler-title\" tabindex=\"0\" role=\"button\"><span class=\"su-spoiler-icon\"><\/span>Todos<\/div><div class=\"su-spoiler-content su-u-clearfix su-u-trim\">\n<p>La radiaci\u00f3n se recomienda para la prevenci\u00f3n y el tratamiento complementario de las siguientes enfermedades:<\/p>\n<ul>\n<li>inflamaci\u00f3n renal aguda y cr\u00f3nica, inflamaci\u00f3n de la vejiga, enfermedades inflamatorias de las v\u00edas urinarias,<\/li>\n<li>Trastornos metab\u00f3licos (incluida la formaci\u00f3n de c\u00e1lculos renales),<\/li>\n<li>en las enfermedades autoinmunes - cuando los ri\u00f1ones est\u00e1n afectados, y en la enfermedad renal autoinmune,<\/li>\n<li>en caso de enfermedad renal causada por sustancias t\u00f3xicas<\/li>\n<\/ul>\n<\/div><\/div>","protected":false},"excerpt":{"rendered":"<p>Eg\u00e9szs\u00e9ges vese sug\u00e1rz\u00f3 15 sz. A sug\u00e1rz\u00f3 m\u0171k\u00f6d\u00e9si ideje 11 perc Megfelel a vesesz\u00f6vet \u00e9s a h\u00fagyutak frekvenci\u00e1j\u00e1nak. Alkalmaz\u00e1sa javasolt a vesebetegs\u00e9gek \u00e9s a h\u00fagyutak megbeteged\u00e9seinek megel\u0151z\u00e9s\u00e9ben \u00e9s kieg\u00e9sz\u00edt\u0151 kezel\u00e9s\u00e9ben Jav\u00edtja a nefronok (a vese funkcion\u00e1lis egys\u00e9geinek) \u00e9s a h\u00fagyutak v\u00e9rkering\u00e9s\u00e9t \u00e9s anyagcsere folyamatait. Jav\u00edtja a vese reabszorbci\u00f3s, filtr\u00e1ci\u00f3s, szintetikus, ionszab\u00e1lyz\u00f3, m\u00e9regtelen\u00edt\u0151 \u00e9s metabolikus folyamatait. [&hellip;]<\/p>\n","protected":false},"featured_media":4721,"comment_status":"open","ping_status":"closed","template":"","meta":[],"product_brand":[],"product_cat":[35,32],"product_tag":[],"class_list":{"0":"post-4722","1":"product","2":"type-product","3":"status-publish","4":"has-post-thumbnail","6":"product_cat-csatlakoztathato-jeladok","7":"product_cat-triomed","9":"first","10":"instock","11":"taxable","12":"shipping-taxable","13":"purchasable","14":"product-type-simple"},"_links":{"self":[{"href":"https:\/\/vetomshop.hu\/es\/wp-json\/wp\/v2\/product\/4722","targetHints":{"allow":["GET"]}}],"collection":[{"href":"https:\/\/vetomshop.hu\/es\/wp-json\/wp\/v2\/product"}],"about":[{"href":"https:\/\/vetomshop.hu\/es\/wp-json\/wp\/v2\/types\/product"}],"replies":[{"embeddable":true,"href":"https:\/\/vetomshop.hu\/es\/wp-json\/wp\/v2\/comments?post=4722"}],"wp:featuredmedia":[{"embeddable":true,"href":"https:\/\/vetomshop.hu\/es\/wp-json\/wp\/v2\/media\/4721"}],"wp:attachment":[{"href":"https:\/\/vetomshop.hu\/es\/wp-json\/wp\/v2\/media?parent=4722"}],"wp:term":[{"taxonomy":"product_brand","embeddable":true,"href":"https:\/\/vetomshop.hu\/es\/wp-json\/wp\/v2\/product_brand?post=4722"},{"taxonomy":"product_cat","embeddable":true,"href":"https:\/\/vetomshop.hu\/es\/wp-json\/wp\/v2\/product_cat?post=4722"},{"taxonomy":"product_tag","embeddable":true,"href":"https:\/\/vetomshop.hu\/es\/wp-json\/wp\/v2\/product_tag?post=4722"}],"curies":[{"name":"wp","href":"https:\/\/api.w.org\/{rel}","templated":true}]}}