{"id":4724,"date":"2023-11-11T14:33:57","date_gmt":"2023-11-11T13:33:57","guid":{"rendered":"https:\/\/vetomshop.hu\/termek\/gyulladascsokkento-jelado\/"},"modified":"2023-11-11T14:33:57","modified_gmt":"2023-11-11T13:33:57","slug":"gyulladascsokkento-jelado","status":"publish","type":"product","link":"https:\/\/vetomshop.hu\/es\/producto\/gyulladascsokkento-jelado\/","title":{"rendered":"Baliza antiinflamatoria"},"content":{"rendered":"<h4>Radiador antiinflamatorio, n\u00ba 26.<\/h4>\n<p>Tiempo de funcionamiento: 13 minutos<\/p>\n<p><strong>Impacto:<\/strong><\/p>\n<p>Act\u00faa sobre el sistema inmunitario, con una frecuencia que coincide con la del sistema linf\u00e1tico y algunas estructuras del sistema nervioso aut\u00f3nomo (cadenas perif\u00e9ricas, segmentarias, suprasegmentarias).<\/p>\n<ul>\n<li>Mejora la circulaci\u00f3n linf\u00e1tica,<\/li>\n<li>la calidad de los linfocitos,<\/li>\n<li>acelera la eliminaci\u00f3n de sustancias t\u00f3xicas del l\u00edquido intercelular,<\/li>\n<li>acelera la cicatrizaci\u00f3n de heridas y la regeneraci\u00f3n de c\u00e9lulas y tejidos,<\/li>\n<li>ayuda a desintoxicar el organismo,<\/li>\n<li>tiene un efecto antiedematoso,<\/li>\n<li>efecto analg\u00e9sico,<\/li>\n<li>efecto potenciador del sistema inmunitario,<\/li>\n<li>efecto antiinflamatorio,<\/li>\n<li>elimina las cicatrices,<\/li>\n<li>activa la funci\u00f3n de la m\u00e9dula \u00f3sea,<\/li>\n<li>aumenta la resistencia del organismo,<\/li>\n<li>estructuras agua.<\/li>\n<\/ul>\n<div class=\"su-spoiler su-spoiler-style-defoult su-spoiler-icon-caret su-spoiler-closed\" data-scroll-offset=\"0\" data-anchor-in-url=\"no\"><div class=\"su-spoiler-title\" tabindex=\"0\" role=\"button\"><span class=\"su-spoiler-icon\"><\/span>Todos<\/div><div class=\"su-spoiler-content su-u-clearfix su-u-trim\">\n<p>Zonas de aplicaci\u00f3n recomendadas: zonas de superficie linf\u00e1tica, proyecciones de ganglios linf\u00e1ticos, superficies de heridas, lugares biol\u00f3gicamente activos (MTD).<\/p>\n<p>Aplicable a:<\/p>\n<ul>\n<li>desintoxicar el organismo<\/li>\n<li>acelerar el proceso de regeneraci\u00f3n tras intervenciones quir\u00fargicas o fracturas<\/li>\n<li>normalizaci\u00f3n del hemograma tras quimioterapia y radioterapia<\/li>\n<li>en la fase de rehabilitaci\u00f3n tras enfermedades graves y esfuerzos f\u00edsicos<\/li>\n<li>regulaci\u00f3n del sistema inmunitario en enfermedades agudas y cr\u00f3nicas<\/li>\n<li>ralentizaci\u00f3n de la circulaci\u00f3n linf\u00e1tica de diversos or\u00edgenes (incluido el edema), procesos inflamatorios<\/li>\n<li>en cosm\u00e9tica: mejora de la circulaci\u00f3n linf\u00e1tica de la piel<\/li>\n<li>eliminaci\u00f3n de intoxicaciones por diversas causas (alcohol, estupefacientes, alimentos, sustancias qu\u00edmicas, enfermedades graves)<\/li>\n<li>en las reacciones al\u00e9rgicas.<\/li>\n<\/ul>\n<\/div><\/div>","protected":false},"excerpt":{"rendered":"<p>Gyullad\u00e1scs\u00f6kkent\u0151 sug\u00e1rz\u00f3, 26. sz. M\u0171k\u00f6d\u00e9s\u00e9nek ideje: 13 perc Hat\u00e1sa: Hat az immunrendszerre, rezg\u00e9se megegyezik a nyirokrendszer frekvenci\u00e1j\u00e1val, valamint a vegetat\u00edv idegrendszer n\u00e9h\u00e1ny strukt\u00far\u00e1j\u00e1val (perif\u00e9ri\u00e1s, szegment\u00e1lis, szegmens feletti l\u00e1ncok). Jav\u00edtja a nyirokkering\u00e9st, a limfocit\u00e1k min\u0151s\u00e9g\u00e9t, gyors\u00edtja a toxikus anyagok ki\u00fcr\u00edt\u00e9s\u00e9t a sejtk\u00f6zti folyad\u00e9kb\u00f3l, gyors\u00edtja a sebek begy\u00f3gyul\u00e1s\u00e1t, a sejtek \u00e9s sz\u00f6vetek regener\u00e1l\u00f3d\u00e1s\u00e1t, el\u0151seg\u00edti a szervezet m\u00e9regtelen\u00edt\u00e9s\u00e9t, [&hellip;]<\/p>\n","protected":false},"featured_media":4723,"comment_status":"open","ping_status":"closed","template":"","meta":[],"product_brand":[],"product_cat":[35,32],"product_tag":[],"class_list":{"0":"post-4724","1":"product","2":"type-product","3":"status-publish","4":"has-post-thumbnail","6":"product_cat-csatlakoztathato-jeladok","7":"product_cat-triomed","9":"first","10":"instock","11":"taxable","12":"shipping-taxable","13":"purchasable","14":"product-type-simple"},"_links":{"self":[{"href":"https:\/\/vetomshop.hu\/es\/wp-json\/wp\/v2\/product\/4724","targetHints":{"allow":["GET"]}}],"collection":[{"href":"https:\/\/vetomshop.hu\/es\/wp-json\/wp\/v2\/product"}],"about":[{"href":"https:\/\/vetomshop.hu\/es\/wp-json\/wp\/v2\/types\/product"}],"replies":[{"embeddable":true,"href":"https:\/\/vetomshop.hu\/es\/wp-json\/wp\/v2\/comments?post=4724"}],"wp:featuredmedia":[{"embeddable":true,"href":"https:\/\/vetomshop.hu\/es\/wp-json\/wp\/v2\/media\/4723"}],"wp:attachment":[{"href":"https:\/\/vetomshop.hu\/es\/wp-json\/wp\/v2\/media?parent=4724"}],"wp:term":[{"taxonomy":"product_brand","embeddable":true,"href":"https:\/\/vetomshop.hu\/es\/wp-json\/wp\/v2\/product_brand?post=4724"},{"taxonomy":"product_cat","embeddable":true,"href":"https:\/\/vetomshop.hu\/es\/wp-json\/wp\/v2\/product_cat?post=4724"},{"taxonomy":"product_tag","embeddable":true,"href":"https:\/\/vetomshop.hu\/es\/wp-json\/wp\/v2\/product_tag?post=4724"}],"curies":[{"name":"wp","href":"https:\/\/api.w.org\/{rel}","templated":true}]}}