{"id":4726,"date":"2023-11-11T14:33:58","date_gmt":"2023-11-11T13:33:58","guid":{"rendered":"https:\/\/vetomshop.hu\/termek\/infravoros-jelado\/"},"modified":"2023-11-11T14:33:58","modified_gmt":"2023-11-11T13:33:58","slug":"infravoros-jelado","status":"publish","type":"product","link":"https:\/\/vetomshop.hu\/es\/producto\/infravoros-jelado\/","title":{"rendered":"Baliza de infrarrojos"},"content":{"rendered":"<h4>Emisor de infrarrojos IV<\/h4>\n<p>Radiaci\u00f3n infrarroja (radiaci\u00f3n IV) - radiaci\u00f3n electromagn\u00e9tica, parte de los rayos del Sol. Los rayos IV tienen efectos antiinflamatorios, antiespasm\u00f3dicos, dispersantes (absorci\u00f3n), analg\u00e9sicos.<\/p>\n<p><strong>Las ventajas del radiador intravenoso Triomed Universal:<\/strong><\/p>\n<p>Gracias a los nuevos materiales y tecnolog\u00edas, hemos logrado crear una fuente de radiaci\u00f3n IV pulsada de baja intensidad y acci\u00f3n modulada que funciona en un programa espec\u00edfico, que puede utilizarse para ejercer un efecto de informaci\u00f3n energ\u00e9tica principalmente a nivel celular, y a nivel de los constituyentes de la c\u00e9lula.<\/p>\n<p>Proporciona energ\u00eda a la c\u00e9lula a trav\u00e9s de la resonancia, lo que activa los procesos metab\u00f3licos y aumenta los niveles de energ\u00eda en caso de deficiencia de ox\u00edgeno.<br \/>\nEstos procesos, adem\u00e1s de ser positivos en s\u00ed mismos, ayudan al organismo a milimetrar la terapia y, en muchos casos, aumentan su eficacia.<\/p>\n<p>La radioterapia IV est\u00e1 indicada para: enfermedades inflamatorias no purulentas cr\u00f3nicas y post-agudas (pre-agudas) de los \u00f3rganos internos, heridas que cicatrizan mal y heridas causadas por trombosis, enfermedades dolorosas del sistema nervioso perif\u00e9rico, tratamiento post-operatorio de quemaduras y congelaciones, disfunci\u00f3n vegetativa, simpatalgia.<\/p>\n<p>Contraindicaciones para el uso de la radioterapia IV: neoplasias benignas o malignas, fase activa de la tuberculosis, hipertensi\u00f3n en estadio III, hemorragias y trastornos circulatorios de grado IIIII.<\/p>\n<div class=\"su-spoiler su-spoiler-style-defoult su-spoiler-icon-caret su-spoiler-closed\" data-scroll-offset=\"0\" data-anchor-in-url=\"no\"><div class=\"su-spoiler-title\" tabindex=\"0\" role=\"button\"><span class=\"su-spoiler-icon\"><\/span>Todos<\/div><div class=\"su-spoiler-content su-u-clearfix su-u-trim\"><strong>Los principales efectos cl\u00ednicos del irradiador Triomed Universal IV:<\/strong><\/p>\n<ul>\n<li>mejora la circulaci\u00f3n sangu\u00ednea,<\/li>\n<li>normaliza la microcirculaci\u00f3n,<\/li>\n<li>optimiza la actividad de los sistemas nervioso, hormonal e inmunitario,<\/li>\n<li>ayuda a la regeneraci\u00f3n celular.<\/li>\n<\/ul>\n<p><strong>Modo de empleo:<\/strong><\/p>\n<ul>\n<li>El diodo de luz infrarroja se utiliza para incidir en los puntos y zonas que hay que preparar, o \u201ecalentar\u201d, antes del tratamiento milim\u00e9trico especial. El tratamiento dura 5 minutos por zona.<\/li>\n<li>Puede utilizarse para favorecer la absorci\u00f3n de las cicatrices durante 10 minutos al d\u00eda durante 2 semanas.<\/li>\n<li>Para el tratamiento de enfermedades inflamatorias cr\u00f3nicas y lentas (en el foco de la enfermedad). El tratamiento dura 10 minutos, aplicado en el \u00f3rgano afectado, durante 2 semanas.<\/li>\n<li>En la diabetes de tipo II para favorecer la sensibilidad a la insulina y favorecer la producci\u00f3n de insulina. Tratar la proyecci\u00f3n del p\u00e1ncreas durante 5 minutos al d\u00eda durante 2 semanas.<\/li>\n<li>Para favorecer la cicatrizaci\u00f3n de heridas diversas y tr\u00f3ficas, se recomienda tratar la zona de los ojos y el foco de los tumores durante 5 minutos a lo largo de 2 semanas antes de la terapia milim\u00e9trica.<\/li>\n<\/ul>\n<\/div><\/div>","protected":false},"excerpt":{"rendered":"<p>Infrav\u00f6r\u00f6s sug\u00e1rz\u00f3 IV Az infrav\u00f6r\u00f6s sug\u00e1rz\u00e1s (IV-sug\u00e1rz\u00e1s) \u2013 elektrom\u00e1gneses sug\u00e1rz\u00e1s, a Nap sugarainak r\u00e9sze. Az IV-sugarak gyullad\u00e1scs\u00f6kkent\u0151, g\u00f6rcsold\u00f3, sz\u00e9toszlat\u00f3 (felsz\u00edv\u00f3d\u00e1st el\u0151seg\u00edt\u0151), f\u00e1jdalomcsillap\u00edt\u00f3 hat\u00e1ssal rendelkeznek. A Triomed Universal k\u00e9sz\u00fcl\u00e9k IV-sug\u00e1rz\u00f3j\u00e1nak el\u0151nyei: Az \u00faj anyagoknak \u00e9s technol\u00f3gi\u00e1knak k\u00f6sz\u00f6nhet\u0151en siker\u00fclt l\u00e9trehozni olyan speci\u00e1lis programban m\u0171k\u00f6d\u0151 alacsony intenzit\u00e1s\u00fa pulz\u00e1l\u00f3, modul\u00e1lt hat\u00e1s\u00fa IV-sug\u00e1rz\u00f3t, mely seg\u00edts\u00e9g\u00e9vel els\u0151sorban energoinform\u00e1ci\u00f3s hat\u00e1st tudunk gyakorolni [&hellip;]<\/p>\n","protected":false},"featured_media":4725,"comment_status":"open","ping_status":"closed","template":"","meta":[],"product_brand":[],"product_cat":[35,32],"product_tag":[],"class_list":{"0":"post-4726","1":"product","2":"type-product","3":"status-publish","4":"has-post-thumbnail","6":"product_cat-csatlakoztathato-jeladok","7":"product_cat-triomed","9":"first","10":"instock","11":"taxable","12":"shipping-taxable","13":"purchasable","14":"product-type-simple"},"_links":{"self":[{"href":"https:\/\/vetomshop.hu\/es\/wp-json\/wp\/v2\/product\/4726","targetHints":{"allow":["GET"]}}],"collection":[{"href":"https:\/\/vetomshop.hu\/es\/wp-json\/wp\/v2\/product"}],"about":[{"href":"https:\/\/vetomshop.hu\/es\/wp-json\/wp\/v2\/types\/product"}],"replies":[{"embeddable":true,"href":"https:\/\/vetomshop.hu\/es\/wp-json\/wp\/v2\/comments?post=4726"}],"wp:featuredmedia":[{"embeddable":true,"href":"https:\/\/vetomshop.hu\/es\/wp-json\/wp\/v2\/media\/4725"}],"wp:attachment":[{"href":"https:\/\/vetomshop.hu\/es\/wp-json\/wp\/v2\/media?parent=4726"}],"wp:term":[{"taxonomy":"product_brand","embeddable":true,"href":"https:\/\/vetomshop.hu\/es\/wp-json\/wp\/v2\/product_brand?post=4726"},{"taxonomy":"product_cat","embeddable":true,"href":"https:\/\/vetomshop.hu\/es\/wp-json\/wp\/v2\/product_cat?post=4726"},{"taxonomy":"product_tag","embeddable":true,"href":"https:\/\/vetomshop.hu\/es\/wp-json\/wp\/v2\/product_tag?post=4726"}],"curies":[{"name":"wp","href":"https:\/\/api.w.org\/{rel}","templated":true}]}}