{"id":4728,"date":"2023-11-11T14:33:58","date_gmt":"2023-11-11T13:33:58","guid":{"rendered":"https:\/\/vetomshop.hu\/termek\/kardiologiai-jelado\/"},"modified":"2023-11-11T14:33:58","modified_gmt":"2023-11-11T13:33:58","slug":"kardiologiai-jelado","status":"publish","type":"product","link":"https:\/\/vetomshop.hu\/es\/producto\/kardiologiai-jelado\/","title":{"rendered":"Baliza cardiol\u00f3gica"},"content":{"rendered":"<h4>Radiador de cardiolog\u00eda \u211612<\/h4>\n<p>Tiempo de funcionamiento12 minutos.<\/p>\n<p>La frecuencia del emisor cardiol\u00f3gico corresponde a la frecuencia del sistema cardiovascular. Puede utilizarse como terapia complementaria o con fines preventivos.<\/p>\n<p><strong>Promueve:<\/strong><\/p>\n<ul>\n<li>el m\u00fasculo card\u00edaco,<\/li>\n<li>mejorar la permeabilidad del coraz\u00f3n,<\/li>\n<li>la plenitud del latido,<\/li>\n<li>para aumentar la eyecci\u00f3n de sangre,<\/li>\n<li>mejorar la calidad del m\u00fasculo card\u00edaco,<\/li>\n<li>mejorar la microcirculaci\u00f3n,<\/li>\n<li>menor incidencia de vasoespasmo (arteria coronaria).<\/li>\n<\/ul>\n<div class=\"su-spoiler su-spoiler-style-defoult su-spoiler-icon-caret su-spoiler-closed\" data-scroll-offset=\"0\" data-anchor-in-url=\"no\"><div class=\"su-spoiler-title\" tabindex=\"0\" role=\"button\"><span class=\"su-spoiler-icon\"><\/span>Todos<\/div><div class=\"su-spoiler-content su-u-clearfix su-u-trim\">\n<strong>Puede utilizarse como terapia coadyuvante en las siguientes enfermedades:<\/strong><\/p>\n<ul>\n<li>Cardiopat\u00eda isqu\u00e9mica (incluida la estenocardia),<\/li>\n<li>en el postratamiento de un infarto de miocardio,<\/li>\n<li>por alteraciones del ritmo card\u00edaco,<\/li>\n<li>para todas las enfermedades que afectan al m\u00fasculo card\u00edaco y al endocardio,<\/li>\n<li>hipertensi\u00f3n arterial (todos),<\/li>\n<li>colesterol alto de baja densidad y aterosclerosis de los vasos sangu\u00edneos.<\/li>\n<\/ul>\n<\/div><\/div>","protected":false},"excerpt":{"rendered":"<p>Kardiol\u00f3giai sug\u00e1rz\u00f3 \u211612 M\u0171k\u00f6d\u00e9si ideje12 perc. A kardiol\u00f3giai sug\u00e1rz\u00f3 frekvenci\u00e1ja a sz\u00edv- \u00e9s \u00e9rrendszer frekvenci\u00e1j\u00e1nak felel meg. Alkalmazhat\u00f3 kieg\u00e9sz\u00edt\u0151 ter\u00e1piak\u00e9nt, vagy megel\u0151z\u00e9s c\u00e9lj\u00e1b\u00f3l. El\u0151seg\u00edti: a sz\u00edvizom m\u0171k\u00f6d\u00e9s\u00e9t, a sz\u00edv \u00e1tereszt\u0151k\u00e9pess\u00e9g\u00e9nek jav\u00edt\u00e1s\u00e1t, a sz\u00edv dobog\u00e1s\u00e1nak teljess\u00e9g\u00e9t, a v\u00e9rkil\u00f6k\u0151d\u00e9s fokoz\u00e1s\u00e1t, a sz\u00edvizom min\u0151s\u00e9g\u00e9nek jav\u00edt\u00e1s\u00e1t, a mikrokering\u00e9s jav\u00edt\u00e1s\u00e1t, az \u00e9rg\u00f6rcs\u00f6k (sz\u00edvkoszor\u00fa\u00e9r) el\u0151fordul\u00e1s\u00e1nak cs\u00f6kken\u00e9s\u00e9t.<\/p>","protected":false},"featured_media":4727,"comment_status":"open","ping_status":"closed","template":"","meta":[],"product_brand":[],"product_cat":[35,32],"product_tag":[],"class_list":{"0":"post-4728","1":"product","2":"type-product","3":"status-publish","4":"has-post-thumbnail","6":"product_cat-csatlakoztathato-jeladok","7":"product_cat-triomed","9":"first","10":"instock","11":"taxable","12":"shipping-taxable","13":"purchasable","14":"product-type-simple"},"_links":{"self":[{"href":"https:\/\/vetomshop.hu\/es\/wp-json\/wp\/v2\/product\/4728","targetHints":{"allow":["GET"]}}],"collection":[{"href":"https:\/\/vetomshop.hu\/es\/wp-json\/wp\/v2\/product"}],"about":[{"href":"https:\/\/vetomshop.hu\/es\/wp-json\/wp\/v2\/types\/product"}],"replies":[{"embeddable":true,"href":"https:\/\/vetomshop.hu\/es\/wp-json\/wp\/v2\/comments?post=4728"}],"wp:featuredmedia":[{"embeddable":true,"href":"https:\/\/vetomshop.hu\/es\/wp-json\/wp\/v2\/media\/4727"}],"wp:attachment":[{"href":"https:\/\/vetomshop.hu\/es\/wp-json\/wp\/v2\/media?parent=4728"}],"wp:term":[{"taxonomy":"product_brand","embeddable":true,"href":"https:\/\/vetomshop.hu\/es\/wp-json\/wp\/v2\/product_brand?post=4728"},{"taxonomy":"product_cat","embeddable":true,"href":"https:\/\/vetomshop.hu\/es\/wp-json\/wp\/v2\/product_cat?post=4728"},{"taxonomy":"product_tag","embeddable":true,"href":"https:\/\/vetomshop.hu\/es\/wp-json\/wp\/v2\/product_tag?post=4728"}],"curies":[{"name":"wp","href":"https:\/\/api.w.org\/{rel}","templated":true}]}}