{"id":4730,"date":"2023-11-11T14:33:58","date_gmt":"2023-11-11T13:33:58","guid":{"rendered":"https:\/\/vetomshop.hu\/termek\/oxigenizalo-jelado\/"},"modified":"2023-11-11T14:33:58","modified_gmt":"2023-11-11T13:33:58","slug":"oxigenizalo-jelado","status":"publish","type":"product","link":"https:\/\/vetomshop.hu\/es\/producto\/oxigenizalo-jelado\/","title":{"rendered":"Transmisor de ox\u00edgeno"},"content":{"rendered":"<h4>Emisor de ox\u00edgeno, n\u00ba 11.<\/h4>\n<p><strong>Tiempo de funcionamiento:<\/strong> 10 minutos.<\/p>\n<p>La longitud de onda corresponde a las frecuencias de la cadena respiratoria (hemoglobina sangu\u00ednea, mitocondrias, fermentos), mejora el transporte y la utilizaci\u00f3n del ox\u00edgeno, aumenta la s\u00edntesis de ATP, favorece la respiraci\u00f3n celular en los tejidos. La frecuencia baja corresponde a la frecuencia del sistema inmunitario.<\/p>\n<ul>\n<li>Mejora la microcirculaci\u00f3n,<\/li>\n<li>Tiene un efecto inmunomodulador,<\/li>\n<li>Reduce la deficiencia de ox\u00edgeno en los tejidos, oxigena los tejidos, tiene un efecto disgregante (impide la agregaci\u00f3n de eritrocitos y otras c\u00e9lulas sangu\u00edneas), reduce la coagulaci\u00f3n de la sangre,<\/li>\n<li>Favorece la cicatrizaci\u00f3n de las heridas,<\/li>\n<li>Ayuda a eliminar las cicatrices,<\/li>\n<li>Tiene un efecto analg\u00e9sico,<\/li>\n<li>Ayuda a desintoxicar el organismo,<\/li>\n<li>Efecto antiespasm\u00f3dico,<\/li>\n<li>Favorece la formaci\u00f3n de la sangre, normaliza el hemograma,<\/li>\n<li>mejora la microcirculaci\u00f3n,<\/li>\n<li>Tiene un efecto inmunomodulador,<\/li>\n<li>Reduce la deficiencia de ox\u00edgeno en los tejidos, los enriquece con ox\u00edgeno,<\/li>\n<li>Tiene un efecto disgregante (impide la agregaci\u00f3n de eritrocitos y otras c\u00e9lulas sangu\u00edneas), reduce la coagulaci\u00f3n de la sangre,<\/li>\n<li>Favorece la cicatrizaci\u00f3n de las heridas,<\/li>\n<li>Ayuda a eliminar las cicatrices,<\/li>\n<li>Tiene un efecto analg\u00e9sico,<\/li>\n<li>Ayuda a desintoxicar el organismo,<\/li>\n<li>Efecto antiespasm\u00f3dico,<\/li>\n<li>Favorece la formaci\u00f3n de la sangre, normaliza el hemograma,<\/li>\n<li>Tiene un efecto rejuvenecedor,<\/li>\n<li>Estructura el agua.<\/li>\n<\/ul>\n<div class=\"su-spoiler su-spoiler-style-defoult su-spoiler-icon-caret su-spoiler-closed\" data-scroll-offset=\"0\" data-anchor-in-url=\"no\"><div class=\"su-spoiler-title\" tabindex=\"0\" role=\"button\"><span class=\"su-spoiler-icon\"><\/span>Todos<\/div><div class=\"su-spoiler-content su-u-clearfix su-u-trim\">\n<p>\u00c1rea de aplicaci\u00f3n recomendada: zonas de grandes vasos sangu\u00edneos - venas, arterias, puntos biol\u00f3gicamente activos.<\/p>\n<p><strong>Aplicable a:<\/strong><\/p>\n<ul>\n<li>normalizar el sistema inmunitario en enfermedades agudas y cr\u00f3nicas,<\/li>\n<li>Mejorar el bienestar general, la resistencia y la concentraci\u00f3n en caso de estr\u00e9s f\u00edsico y mental,<\/li>\n<li>prevenci\u00f3n de infarto de miocardio, accidente cerebrovascular,<\/li>\n<li>cuidados tras un infarto o un ictus,<\/li>\n<li>acelerar los procesos de regeneraci\u00f3n,<\/li>\n<li>tratamiento de heridas y cicatrices postoperatorias,<\/li>\n<li>gesti\u00f3n de fracturas,<\/li>\n<li>normalizaci\u00f3n del recuento sangu\u00edneo,<\/li>\n<li>despu\u00e9s de la radioterapia,<\/li>\n<li>rehabilitaci\u00f3n tras una enfermedad grave y un trabajo f\u00edsico intenso,<\/li>\n<li>estimular la circulaci\u00f3n cerebral,2<\/li>\n<li>en cosm\u00e9tica: ayuda a la piel a absorber los nutrientes,<\/li>\n<li>para deportistas: aumenta la resistencia,<\/li>\n<li>ayuda a los escolares y estudiantes a aprender,<\/li>\n<li>para contrarrestar los efectos nocivos de los ordenadores,<\/li>\n<li>en el tratamiento del estr\u00e9s y del s\u00edndrome de fatiga cr\u00f3nica,<\/li>\n<li>en el campo de la cosm\u00e9tica para mejorar el estado de la piel,<\/li>\n<li>tratamiento o prevenci\u00f3n de enfermedades animales<\/li>\n<\/ul>\n<\/div><\/div>","protected":false},"excerpt":{"rendered":"<p>Oxig\u00e9n sug\u00e1rz\u00f3, 11. sz. M\u0171k\u00f6d\u00e9si ideje: 10 perc. A hull\u00e1mhossz megfelel a l\u00e9gz\u00e9si l\u00e1nc frekvenci\u00e1inak (a v\u00e9r hemoglobinja, mitokondriumok, fermentumok), javul az oxig\u00e9n sz\u00e1ll\u00edt\u00e1sa \u00e9s hasznos\u00edt\u00e1sa, n\u00f6vekszik ATP-szint\u00e9zis, el\u0151seg\u00edti a sz\u00f6vetben a sejtek l\u00e9gz\u00e9s\u00e9t. Az alacsony frekvencia megfelel az immunrendszer frekvenci\u00e1j\u00e1nak. Jav\u00edtja a mikrokering\u00e9st, Immun-modul\u00e1ci\u00f3s hat\u00e1sa van, Cs\u00f6kkenti az oxig\u00e9nhi\u00e1nyt a sz\u00f6vetekben, oxig\u00e9nnel d\u00fas\u00edtja a [&hellip;]<\/p>\n","protected":false},"featured_media":4729,"comment_status":"open","ping_status":"closed","template":"","meta":[],"product_brand":[],"product_cat":[35,32],"product_tag":[],"class_list":{"0":"post-4730","1":"product","2":"type-product","3":"status-publish","4":"has-post-thumbnail","6":"product_cat-csatlakoztathato-jeladok","7":"product_cat-triomed","9":"first","10":"instock","11":"taxable","12":"shipping-taxable","13":"purchasable","14":"product-type-simple"},"_links":{"self":[{"href":"https:\/\/vetomshop.hu\/es\/wp-json\/wp\/v2\/product\/4730","targetHints":{"allow":["GET"]}}],"collection":[{"href":"https:\/\/vetomshop.hu\/es\/wp-json\/wp\/v2\/product"}],"about":[{"href":"https:\/\/vetomshop.hu\/es\/wp-json\/wp\/v2\/types\/product"}],"replies":[{"embeddable":true,"href":"https:\/\/vetomshop.hu\/es\/wp-json\/wp\/v2\/comments?post=4730"}],"wp:featuredmedia":[{"embeddable":true,"href":"https:\/\/vetomshop.hu\/es\/wp-json\/wp\/v2\/media\/4729"}],"wp:attachment":[{"href":"https:\/\/vetomshop.hu\/es\/wp-json\/wp\/v2\/media?parent=4730"}],"wp:term":[{"taxonomy":"product_brand","embeddable":true,"href":"https:\/\/vetomshop.hu\/es\/wp-json\/wp\/v2\/product_brand?post=4730"},{"taxonomy":"product_cat","embeddable":true,"href":"https:\/\/vetomshop.hu\/es\/wp-json\/wp\/v2\/product_cat?post=4730"},{"taxonomy":"product_tag","embeddable":true,"href":"https:\/\/vetomshop.hu\/es\/wp-json\/wp\/v2\/product_tag?post=4730"}],"curies":[{"name":"wp","href":"https:\/\/api.w.org\/{rel}","templated":true}]}}