{"id":4732,"date":"2023-11-11T14:33:59","date_gmt":"2023-11-11T13:33:59","guid":{"rendered":"https:\/\/vetomshop.hu\/termek\/specialis-111-es-jelado\/"},"modified":"2024-07-31T10:25:20","modified_gmt":"2024-07-31T08:25:20","slug":"specialis-111-es-jelado","status":"publish","type":"product","link":"https:\/\/vetomshop.hu\/es\/producto\/specialis-111-es-jelado\/","title":{"rendered":"Baliza especial 111"},"content":{"rendered":"<h4>Emisor especial de registro de informaci\u00f3n 111<\/h4>\n<p><strong>Tiempo de funcionamiento del emisor:<\/strong> 15 mp<\/p>\n<p>Su finalidad es \u201ecaptar\u201d informaci\u00f3n (el espectro de ondas electromagn\u00e9ticas de una gama determinada) y \u201etransferirla\u201d a un portador de informaci\u00f3n elegido (por ejemplo, el agua) o a una zona biol\u00f3gicamente activa, con el fin de optimizar las reservas funcionales y aumentar la capacidad de adaptaci\u00f3n del organismo, que puede haberse visto da\u00f1ada por agresiones medioambientales, enfermedades u otras causas.<\/p>\n<p>Para \u201egrabar\u201d la informaci\u00f3n, conecte el emisor 111 al Triomed, ac\u00e9rquelo al objeto con su superficie plana y pulse el bot\u00f3n \u201eStart\u201d. Comienza la cuenta atr\u00e1s - 15 segundos. S\u00f3lo cuando haya transcurrido el tiempo programado, retire el emisor del objeto. Durante este tiempo, la informaci\u00f3n sobre el objeto se \u201ealmacena\u201d en el emisor, que permanece inalterada hasta que el emisor se conecta a la red el\u00e9ctrica (hasta que se pone en marcha el aparato).<\/p>\n<div class=\"su-spoiler su-spoiler-style-defoult su-spoiler-icon-caret su-spoiler-closed\" data-scroll-offset=\"0\" data-anchor-in-url=\"no\"><div class=\"su-spoiler-title\" tabindex=\"0\" role=\"button\"><span class=\"su-spoiler-icon\"><\/span>Todos<\/div><div class=\"su-spoiler-content su-u-clearfix su-u-trim\">\nPara \u201etransferir\u201d la informaci\u00f3n al agua, acerque el emisor lo m\u00e1s posible al agua (el cristal no debe tener m\u00e1s de 2 mm de grosor) y la superficie del agua debe estar m\u00e1s alta que el borde superior del emisor. El agua debe estar limpia y sin \u00e1cido carb\u00f3nico ni otros aditivos. Beba unos sorbos del agua \u201einformativa\u201d preparada inmediatamente, antes de transferirla a otro recipiente o almacenarla durante un periodo m\u00e1s largo.<\/p>\n<p>Si desea conservar la se\u00f1al original durante mucho tiempo para evitar una conexi\u00f3n accidental con el Triomed, marque el transmisor con un signo distintivo.<br \/>\n<\/div><\/div>","protected":false},"excerpt":{"rendered":"<p>Speci\u00e1lis 111 sz. inform\u00e1ci\u00f3t r\u00f6gz\u00edt\u0151 sug\u00e1rz\u00f3 A sug\u00e1rz\u00f3 m\u0171k\u00f6d\u00e9si ideje: 15 mp Rendeltet\u00e9se: az inform\u00e1ci\u00f3 (az adott tartom\u00e1ny elektrom\u00e1gneses hull\u00e1mspektrum\u00e1nak) \u201er\u00f6gz\u00edt\u00e9se\u201d, valamint \u201e\u00e1tvitele\u201d a kiv\u00e1lasztott inform\u00e1ci\u00f3hordoz\u00f3ra (pl. v\u00edzre) vagy biol\u00f3giailag akt\u00edv z\u00f3n\u00e1ra a funkcion\u00e1lis tartal\u00e9kok optimaliz\u00e1ci\u00f3ja \u00e9s a szervezet adapt\u00e1ci\u00f3s lehet\u0151s\u00e9geinek n\u00f6vel\u00e9se c\u00e9lj\u00e1b\u00f3l, melyek a k\u00f6rnyezet k\u00e1ros hat\u00e1sai, betegs\u00e9g, vagy egy\u00e9b okok miatt s\u00e9r\u00fcltek. Az [&hellip;]<\/p>\n","protected":false},"featured_media":4731,"comment_status":"open","ping_status":"closed","template":"","meta":[],"product_brand":[],"product_cat":[35,32],"product_tag":[],"class_list":{"0":"post-4732","1":"product","2":"type-product","3":"status-publish","4":"has-post-thumbnail","6":"product_cat-csatlakoztathato-jeladok","7":"product_cat-triomed","9":"first","10":"instock","11":"taxable","12":"shipping-taxable","13":"purchasable","14":"product-type-simple"},"_links":{"self":[{"href":"https:\/\/vetomshop.hu\/es\/wp-json\/wp\/v2\/product\/4732","targetHints":{"allow":["GET"]}}],"collection":[{"href":"https:\/\/vetomshop.hu\/es\/wp-json\/wp\/v2\/product"}],"about":[{"href":"https:\/\/vetomshop.hu\/es\/wp-json\/wp\/v2\/types\/product"}],"replies":[{"embeddable":true,"href":"https:\/\/vetomshop.hu\/es\/wp-json\/wp\/v2\/comments?post=4732"}],"wp:featuredmedia":[{"embeddable":true,"href":"https:\/\/vetomshop.hu\/es\/wp-json\/wp\/v2\/media\/4731"}],"wp:attachment":[{"href":"https:\/\/vetomshop.hu\/es\/wp-json\/wp\/v2\/media?parent=4732"}],"wp:term":[{"taxonomy":"product_brand","embeddable":true,"href":"https:\/\/vetomshop.hu\/es\/wp-json\/wp\/v2\/product_brand?post=4732"},{"taxonomy":"product_cat","embeddable":true,"href":"https:\/\/vetomshop.hu\/es\/wp-json\/wp\/v2\/product_cat?post=4732"},{"taxonomy":"product_tag","embeddable":true,"href":"https:\/\/vetomshop.hu\/es\/wp-json\/wp\/v2\/product_tag?post=4732"}],"curies":[{"name":"wp","href":"https:\/\/api.w.org\/{rel}","templated":true}]}}