{"id":4737,"date":"2023-11-11T14:33:59","date_gmt":"2023-11-11T13:33:59","guid":{"rendered":"https:\/\/vetomshop.hu\/termek\/trio-men-jelado\/"},"modified":"2023-11-11T14:33:59","modified_gmt":"2023-11-11T13:33:59","slug":"trio-men-jelado","status":"publish","type":"product","link":"https:\/\/vetomshop.hu\/es\/producto\/trio-men-jelado\/","title":{"rendered":"Baliza tr\u00edo de hombres"},"content":{"rendered":"<h4>Emisor especial Trio-men<\/h4>\n<p>Para los hombres, n\u00ba 23.<\/p>\n<p>Est\u00e1 indicado para: optimizar las reservas funcionales y la capacidad del cuerpo humano para adaptarse a las influencias negativas del entorno, el estilo de vida o las enfermedades.<br \/>\nCategor\u00eda de empleados: hombres.<\/p>\n<p><strong>Impacto:<\/strong> efecto reforzador general espec\u00edfico de cada sexo (nivel psicoemocional, regulaci\u00f3n neurohumoral).<\/p>\n<p><strong>Mecanismo de acci\u00f3n:<\/strong> El programa (frecuencia portadora, modulaci\u00f3n de baja frecuencia y par\u00e1metros de amplitud) se ha dise\u00f1ado espec\u00edficamente para el \u00f3rgano masculino con el fin de ayudarlo cuando se utiliza en un sistema.<\/p>\n<p>Utilizando la cura radiante Trio-men 23. podemos normalizar los procesos tr\u00f3ficos y metab\u00f3licos en tejidos y c\u00e9lulas, regenerar su estructura, mejorar el funcionamiento del organismo tanto sist\u00e9micamente como en su conjunto, aumentar la resistencia espec\u00edfica del organismo.<\/p>\n<p>Los resultados positivos se deben a la retroalimentaci\u00f3n por biorresonancia de las c\u00e9lulas, el sistema fisiol\u00f3gico at\u00f3mico y el sistema regulador neurohumoral, as\u00ed como a la activaci\u00f3n del mecanismo de adaptaci\u00f3n (s\u00edndrome general de adaptaci\u00f3n).<\/p>\n<div class=\"su-spoiler su-spoiler-style-defoult su-spoiler-icon-caret su-spoiler-closed\" data-scroll-offset=\"0\" data-anchor-in-url=\"no\"><div class=\"su-spoiler-title\" tabindex=\"0\" role=\"button\"><span class=\"su-spoiler-icon\"><\/span>Todos<\/div><div class=\"su-spoiler-content su-u-clearfix su-u-trim\">\n<strong>Recomendado para:<\/strong><\/p>\n<ol>\n<li>Para la reducci\u00f3n de la capacidad de trabajo y el mal humor, la inestabilidad psicoemocional, el insomnio como consecuencia de la fatiga cr\u00f3nica.<\/li>\n<li>Enfermedades de la pr\u00f3stata, menopausia masculina.<\/li>\n<li>Resfriados comunes y gripe.<\/li>\n<li>Debilitamiento general del sistema inmunitario tras una enfermedad grave, para rehabilitaci\u00f3n.<\/li>\n<\/ol>\n<\/div><\/div>","protected":false},"excerpt":{"rendered":"<p>Speci\u00e1lis Trio-men sug\u00e1rz\u00f3 F\u00e9rfiak sz\u00e1m\u00e1ra, 23. sz. Javallott: a funkcion\u00e1lis tartal\u00e9kok \u00e9s az emberi szervezet adapt\u00e1ci\u00f3s lehet\u0151s\u00e9geinek optimiz\u00e1l\u00e1s\u00e1hoz, melyek a negat\u00edv k\u00f6rnyezeti hat\u00e1sok, \u00e9letm\u00f3d vagy betegs\u00e9g k\u00f6vetkezt\u00e9ben l\u00e9ptek fel. Az alkalmaz\u00f3k kateg\u00f3ri\u00e1ja: f\u00e9rfiak. Hat\u00e1sa: a nemi hovatartoz\u00e1st figyelembe vev\u0151 \u00e1ltal\u00e1nos er\u0151s\u00edt\u0151 hat\u00e1s (pszichoemocion\u00e1lis szint, neurohumor\u00e1lis regul\u00e1ci\u00f3). Hat\u00e1smechanizmus: A program (hordoz\u00f3 frekvencia, alacsony frekvenci\u00e1j\u00fa modul\u00e1ci\u00f3 \u00e9s [&hellip;]<\/p>\n","protected":false},"featured_media":4736,"comment_status":"open","ping_status":"closed","template":"","meta":[],"product_brand":[],"product_cat":[35,32],"product_tag":[],"class_list":{"0":"post-4737","1":"product","2":"type-product","3":"status-publish","4":"has-post-thumbnail","6":"product_cat-csatlakoztathato-jeladok","7":"product_cat-triomed","9":"first","10":"instock","11":"taxable","12":"shipping-taxable","13":"purchasable","14":"product-type-simple"},"_links":{"self":[{"href":"https:\/\/vetomshop.hu\/es\/wp-json\/wp\/v2\/product\/4737","targetHints":{"allow":["GET"]}}],"collection":[{"href":"https:\/\/vetomshop.hu\/es\/wp-json\/wp\/v2\/product"}],"about":[{"href":"https:\/\/vetomshop.hu\/es\/wp-json\/wp\/v2\/types\/product"}],"replies":[{"embeddable":true,"href":"https:\/\/vetomshop.hu\/es\/wp-json\/wp\/v2\/comments?post=4737"}],"wp:featuredmedia":[{"embeddable":true,"href":"https:\/\/vetomshop.hu\/es\/wp-json\/wp\/v2\/media\/4736"}],"wp:attachment":[{"href":"https:\/\/vetomshop.hu\/es\/wp-json\/wp\/v2\/media?parent=4737"}],"wp:term":[{"taxonomy":"product_brand","embeddable":true,"href":"https:\/\/vetomshop.hu\/es\/wp-json\/wp\/v2\/product_brand?post=4737"},{"taxonomy":"product_cat","embeddable":true,"href":"https:\/\/vetomshop.hu\/es\/wp-json\/wp\/v2\/product_cat?post=4737"},{"taxonomy":"product_tag","embeddable":true,"href":"https:\/\/vetomshop.hu\/es\/wp-json\/wp\/v2\/product_tag?post=4737"}],"curies":[{"name":"wp","href":"https:\/\/api.w.org\/{rel}","templated":true}]}}