{"id":4739,"date":"2023-11-11T14:34:00","date_gmt":"2023-11-11T13:34:00","guid":{"rendered":"https:\/\/vetomshop.hu\/termek\/trio-women-jelado\/"},"modified":"2023-11-11T14:34:00","modified_gmt":"2023-11-11T13:34:00","slug":"trio-women-jelado","status":"publish","type":"product","link":"https:\/\/vetomshop.hu\/es\/producto\/trio-women-jelado\/","title":{"rendered":"Baliza tr\u00edo de mujeres"},"content":{"rendered":"<h4>Radiador especial Tr\u00edo-Mujeres<\/h4>\n<p>Para las mujeres, n\u00ba 8.<\/p>\n<p>Recomendado: para optimizar las reservas funcionales y la capacidad de adaptaci\u00f3n del cuerpo humano como consecuencia de influencias ambientales negativas, el estilo de vida o las enfermedades.<\/p>\n<p><strong>Recomendado para: <\/strong>para ni\u00f1as, mujeres.<\/p>\n<p><strong>Impacto:<\/strong> efecto general promotor de la salud teniendo en cuenta las caracter\u00edsticas del organismo femenino (esfera psicoemocional, regulaci\u00f3n neurohumoral).<\/p>\n<p><strong>Mecanismo de acci\u00f3n:<\/strong> El programa (frecuencia portadora, modulaci\u00f3n de baja frecuencia y par\u00e1metros de amplitud) se ha dise\u00f1ado espec\u00edficamente para ayudar al cuerpo femenino cuando se utiliza en un sistema.<\/p>\n<p>La aplicaci\u00f3n de la radioterapia en un tratamiento normaliza los procesos tr\u00f3ficos y metab\u00f3licos de las c\u00e9lulas y los tejidos, los regenera, tiene un efecto armonizador general sobre los \u00f3rganos, los sistemas org\u00e1nicos y el organismo en su conjunto, y aumenta la resistencia inespec\u00edfica del organismo. Los resultados positivos se deben a la retroalimentaci\u00f3n de biorresonancia de las c\u00e9lulas, el sistema fisiol\u00f3gico at\u00f3mico y el sistema regulador neurogumoral, por un lado, y a la activaci\u00f3n del mecanismo de adaptaci\u00f3n (s\u00edndrome general de adaptaci\u00f3n), por otro.<\/p>\n<div class=\"su-spoiler su-spoiler-style-defoult su-spoiler-icon-caret su-spoiler-closed\" data-scroll-offset=\"0\" data-anchor-in-url=\"no\"><div class=\"su-spoiler-title\" tabindex=\"0\" role=\"button\"><span class=\"su-spoiler-icon\"><\/span>Todos<\/div><div class=\"su-spoiler-content su-u-clearfix su-u-trim\">\n<p><strong>Recomendado para:<\/strong><\/p>\n<ol>\n<li>Para la reducci\u00f3n de la capacidad de trabajo y el mal humor, la inestabilidad psicoemocional, el insomnio como consecuencia de la fatiga cr\u00f3nica.<\/li>\n<li>Para el tratamiento y la prevenci\u00f3n de los trastornos genitales femeninos y los s\u00edntomas desagradables que acompa\u00f1an a la menopausia, y para reforzar la fertilidad y la salud sexual.<\/li>\n<li>Com\u00fan en los resfriados.<\/li>\n<li>Prevenci\u00f3n espec\u00edfica de la gripe y los resfriados.<\/li>\n<li>Debilitamiento del sistema inmunitario durante la recuperaci\u00f3n o rehabilitaci\u00f3n tras una enfermedad.<\/li>\n<\/ol>\n<\/div><\/div>","protected":false},"excerpt":{"rendered":"<p>Speci\u00e1lis Trio-Women sug\u00e1rz\u00f3 N\u0151k sz\u00e1m\u00e1ra, 8.sz. Javasolt: a funkcion\u00e1lis tartal\u00e9kok \u00e9s az emberi szervezet adapt\u00e1ci\u00f3s lehet\u0151s\u00e9geinek optimiz\u00e1l\u00e1s\u00e1hoz, melyek a negat\u00edv k\u00f6rnyezeti hat\u00e1sok, \u00e9letm\u00f3d vagy betegs\u00e9g k\u00f6vetkezt\u00e9ben l\u00e9ptek fel. Aj\u00e1nlott: l\u00e1nyok, n\u0151k sz\u00e1m\u00e1ra. Hat\u00e1sa: a n\u0151i szervezet jellemz\u0151it figyelembe vev\u0151 (pszicho-emocion\u00e1lis szf\u00e9ra, neurohumor\u00e1lis szab\u00e1lyoz\u00e1s) \u00e1ltal\u00e1nos eg\u00e9szs\u00e9gmeger\u0151s\u00edt\u0151 hat\u00e1s. Hat\u00e1smechanizmus: A program (hordoz\u00f3 frekvencia, alacsony frekvenci\u00e1j\u00fa modul\u00e1ci\u00f3 \u00e9s [&hellip;]<\/p>\n","protected":false},"featured_media":4738,"comment_status":"open","ping_status":"closed","template":"","meta":[],"product_brand":[],"product_cat":[35,32],"product_tag":[],"class_list":{"0":"post-4739","1":"product","2":"type-product","3":"status-publish","4":"has-post-thumbnail","6":"product_cat-csatlakoztathato-jeladok","7":"product_cat-triomed","9":"first","10":"instock","11":"taxable","12":"shipping-taxable","13":"purchasable","14":"product-type-simple"},"_links":{"self":[{"href":"https:\/\/vetomshop.hu\/es\/wp-json\/wp\/v2\/product\/4739","targetHints":{"allow":["GET"]}}],"collection":[{"href":"https:\/\/vetomshop.hu\/es\/wp-json\/wp\/v2\/product"}],"about":[{"href":"https:\/\/vetomshop.hu\/es\/wp-json\/wp\/v2\/types\/product"}],"replies":[{"embeddable":true,"href":"https:\/\/vetomshop.hu\/es\/wp-json\/wp\/v2\/comments?post=4739"}],"wp:featuredmedia":[{"embeddable":true,"href":"https:\/\/vetomshop.hu\/es\/wp-json\/wp\/v2\/media\/4738"}],"wp:attachment":[{"href":"https:\/\/vetomshop.hu\/es\/wp-json\/wp\/v2\/media?parent=4739"}],"wp:term":[{"taxonomy":"product_brand","embeddable":true,"href":"https:\/\/vetomshop.hu\/es\/wp-json\/wp\/v2\/product_brand?post=4739"},{"taxonomy":"product_cat","embeddable":true,"href":"https:\/\/vetomshop.hu\/es\/wp-json\/wp\/v2\/product_cat?post=4739"},{"taxonomy":"product_tag","embeddable":true,"href":"https:\/\/vetomshop.hu\/es\/wp-json\/wp\/v2\/product_tag?post=4739"}],"curies":[{"name":"wp","href":"https:\/\/api.w.org\/{rel}","templated":true}]}}