{"id":4741,"date":"2023-11-11T14:34:00","date_gmt":"2023-11-11T13:34:00","guid":{"rendered":"https:\/\/vetomshop.hu\/termek\/sigma-medal\/"},"modified":"2023-11-11T14:34:00","modified_gmt":"2023-11-11T13:34:00","slug":"sigma-medal","status":"publish","type":"product","link":"https:\/\/vetomshop.hu\/es\/producto\/sigma-medal\/","title":{"rendered":"Medalla Sigma"},"content":{"rendered":"<p>A <strong>Medalla sanitaria SIGMA<\/strong> es restablecer los procesos fisiol\u00f3gicos normales de los fol\u00edculos pilosos, aumentar su resistencia a los factores ambientales adversos y al aumento del estr\u00e9s, prolongar la fase de crecimiento del cabello y aumentar as\u00ed la densidad capilar general.<\/p>\n<p><strong>Efectos:<\/strong><\/p>\n<ul>\n<li>normaliza la circulaci\u00f3n sangu\u00ednea, el estado inmunitario y el metabolismo en los fol\u00edculos pilosos, impidiendo el desarrollo de atrofia;<\/li>\n<li>reduce la gravedad de los procesos inflamatorios en la piel y los fol\u00edculos pilosos;<\/li>\n<li>contribuye a normalizar los procesos metab\u00f3licos de la piel y del organismo en su conjunto; previene el desarrollo de la alopecia areata (ca\u00edda irregular del cabello).<\/li>\n<\/ul>\n<p>El colgante de salud SIGMA tiene un efecto positivo sobre el estado de las funciones corporales, puede utilizarse como herramienta de optimizaci\u00f3n y correcci\u00f3n en combinaci\u00f3n con otros tratamientos para la alopecia areata (ca\u00edda irregular del cabello)<br \/>\ny otros m\u00e9todos de prevenci\u00f3n.<\/p>\n<div class=\"su-spoiler su-spoiler-style-defoult su-spoiler-icon-caret su-spoiler-closed\" data-scroll-offset=\"0\" data-anchor-in-url=\"no\"><div class=\"su-spoiler-title\" tabindex=\"0\" role=\"button\"><span class=\"su-spoiler-icon\"><\/span>Todos<\/div><div class=\"su-spoiler-content su-u-clearfix su-u-trim\">\n<p><strong>Tipos de ca\u00edda del cabello en parches:<\/strong><\/p>\n<p>En funci\u00f3n del grado de ca\u00edda del cabello, la ca\u00edda del cabello en parches se divide en los siguientes tipos:<\/p>\n<ul>\n<li>Alopecia areata unilocular: el pelo se cae en una sola zona<\/li>\n<li>Alopecia areata multilocular: m\u00faltiples manchas cicatriciales<\/li>\n<li>Alopecia areata subtotal: el cabello se cae en casi todo el cuero cabelludo3<\/li>\n<li>Alopecia areata total: se caen todos los cabellos del cuero cabelludo Alopecia areata universal: la ca\u00edda del cabello afecta al cuero cabelludo y a todo el cuerpo<\/li>\n<li>Tipo ofi\u00e1sico: forma espec\u00edfica de alopecia areata, caracterizada por la ca\u00edda del cabello principalmente en las zonas externas del cuero cabelludo, generalmente en la parte posterior de la cabeza, a veces en las<br \/>\nde las sienes o la frente.<\/li>\n<\/ul>\n<p>Adem\u00e1s de los tipos mencionados, el Medall\u00f3n SIGMA puede utilizarse en casos de ca\u00edda del cabello causada por quimioterapia, radioterapia o disfunci\u00f3n endocrina.<\/p>\n<\/div><\/div>","protected":false},"excerpt":{"rendered":"<p>A SIGMA Eg\u00e9szs\u00e9g Med\u00e1l feladata a sz\u0151rt\u00fcsz\u0151k norm\u00e1l fiziol\u00f3giai folyamatainak helyre\u00e1ll\u00edt\u00e1sa, a kedvez\u0151tlen k\u00f6rnyezeti t\u00e9nyez\u0151kkel \u00e9s a megn\u00f6vekedett stresszterhel\u00e9ssel szembeni ellen\u00e1ll\u00f3 k\u00e9pess\u00e9g\u00fck n\u00f6vel\u00e9se, a hajn\u00f6veked\u00e9s szakasz\u00e1nak meghosszabb\u00edt\u00e1sa, ez\u00e1ltal a teljes hajs\u0171r\u0171s\u00e9g n\u00f6vel\u00e9se. Hat\u00e1sok: normaliz\u00e1lja a v\u00e9rkering\u00e9st, az immun\u00e1llapotot \u00e9s az anyagcser\u00e9t a sz\u0151rt\u00fcsz\u0151kben, megel\u0151zve az atr\u00f3fia kialakul\u00e1s\u00e1t; cs\u00f6kkenti a b\u0151r \u00e9s a sz\u0151rt\u00fcsz\u0151k gyullad\u00e1sos folyamatainak [&hellip;]<\/p>\n","protected":false},"featured_media":4740,"comment_status":"open","ping_status":"closed","template":"","meta":[],"product_brand":[],"product_cat":[33,32],"product_tag":[],"class_list":{"0":"post-4741","1":"product","2":"type-product","3":"status-publish","4":"has-post-thumbnail","6":"product_cat-egeszseg-medalok","7":"product_cat-triomed","9":"first","10":"instock","11":"taxable","12":"shipping-taxable","13":"purchasable","14":"product-type-simple"},"_links":{"self":[{"href":"https:\/\/vetomshop.hu\/es\/wp-json\/wp\/v2\/product\/4741","targetHints":{"allow":["GET"]}}],"collection":[{"href":"https:\/\/vetomshop.hu\/es\/wp-json\/wp\/v2\/product"}],"about":[{"href":"https:\/\/vetomshop.hu\/es\/wp-json\/wp\/v2\/types\/product"}],"replies":[{"embeddable":true,"href":"https:\/\/vetomshop.hu\/es\/wp-json\/wp\/v2\/comments?post=4741"}],"wp:featuredmedia":[{"embeddable":true,"href":"https:\/\/vetomshop.hu\/es\/wp-json\/wp\/v2\/media\/4740"}],"wp:attachment":[{"href":"https:\/\/vetomshop.hu\/es\/wp-json\/wp\/v2\/media?parent=4741"}],"wp:term":[{"taxonomy":"product_brand","embeddable":true,"href":"https:\/\/vetomshop.hu\/es\/wp-json\/wp\/v2\/product_brand?post=4741"},{"taxonomy":"product_cat","embeddable":true,"href":"https:\/\/vetomshop.hu\/es\/wp-json\/wp\/v2\/product_cat?post=4741"},{"taxonomy":"product_tag","embeddable":true,"href":"https:\/\/vetomshop.hu\/es\/wp-json\/wp\/v2\/product_tag?post=4741"}],"curies":[{"name":"wp","href":"https:\/\/api.w.org\/{rel}","templated":true}]}}