{"id":4745,"date":"2023-11-11T14:34:01","date_gmt":"2023-11-11T13:34:01","guid":{"rendered":"https:\/\/vetomshop.hu\/termek\/solo-medal\/"},"modified":"2023-11-11T14:34:01","modified_gmt":"2023-11-11T13:34:01","slug":"solo-medal","status":"publish","type":"product","link":"https:\/\/vetomshop.hu\/es\/producto\/solo-medal\/","title":{"rendered":"Colgante Solo"},"content":{"rendered":"<h4>Medalla SOLO de la Salud<\/h4>\n<p><strong>Funciones principales:<\/strong><\/p>\n<p>La Medalla Solo es una herramienta complementaria para apoyar los mecanismos de defensa del organismo y activar el sistema inmunitario.<\/p>\n<p>Es muy \u00fatil para las infecciones v\u00edricas y bacterianas.<\/p>\n<p><strong>Impacto:<\/strong><\/p>\n<ul>\n<li>para reforzar el sistema inmunitario y reducir la respuesta a los al\u00e9rgenos,<\/li>\n<li>apoyar la recuperaci\u00f3n de enfermedades v\u00edricas,<\/li>\n<li>apoyar la eliminaci\u00f3n de sustancias t\u00f3xicas,<\/li>\n<li>favorecen la acci\u00f3n antibacteriana y antiv\u00edrica.<\/li>\n<\/ul>\n<p><strong>\u00bfCu\u00e1ndo utilizarlo?<\/strong><\/p>\n<div class=\"su-spoiler su-spoiler-style-defoult su-spoiler-icon-caret su-spoiler-closed\" data-scroll-offset=\"0\" data-anchor-in-url=\"no\"><div class=\"su-spoiler-title\" tabindex=\"0\" role=\"button\"><span class=\"su-spoiler-icon\"><\/span>Todos<\/div><div class=\"su-spoiler-content su-u-clearfix su-u-trim\">\nEl Colgante Solo tiene un efecto positivo en el funcionamiento funcional del organismo y puede utilizarse como herramienta correctiva y optimizadora adicional en la prevenci\u00f3n y el tratamiento de las siguientes enfermedades:<\/p>\n<ul>\n<li>para las enfermedades respiratorias bacterianas y v\u00edricas superiores;<\/li>\n<li>en enfermedades inflamatorias, casos de naturaleza bacteriano-al\u00e9rgica, rinitis, faringitis, laringitis, bronquitis;<\/li>\n<li>en las fases iniciales de las enfermedades autoinmunes (asma bronquial, bronquitis asm\u00e1tica, artritis reumatoide, pielonefritis y glumerulonefritis - nefritis, enfermedad tiroidea autoinmune, cardiopat\u00eda valvular por reumatismo, enfermedad vascular endotelial, dermatitis estreptoc\u00f3cica y estafiloc\u00f3cica).<\/li>\n<\/ul>\n<p>Advertencia importante: si desarrolla s\u00edntomas de enfermedades de las v\u00edas respiratorias superiores e inferiores, acuda al m\u00e9dico. Utilice Solo Medal como herramienta complementaria a los m\u00e9todos de tratamiento recomendados por su m\u00e9dico para favorecer su recuperaci\u00f3n.<\/p>\n<\/div><\/div>","protected":false},"excerpt":{"rendered":"<p>SOLO Eg\u00e9szs\u00e9g Med\u00e1l F\u0151 funkci\u00f3i: A Solo Med\u00e1l kieg\u00e9sz\u00edt\u0151 eszk\u00f6z, mely a szervezet v\u00e9dekez\u0151 mechanizmusait \u00e9s az immunrendszer aktiv\u00e1l\u00e1s\u00e1t t\u00e1mogatja. V\u00edrusos \u00e9s bakteri\u00e1lis fert\u0151z\u00e9sek eset\u00e9n ny\u00fajtja a legnagyobb seg\u00edts\u00e9get. Hat\u00e1sa: immunrendszer er\u0151s\u00edt\u00e9s\u00e9nek t\u00e1mogat\u00e1sa, az allerg\u00e9nekre val\u00f3 cs\u00f6kkent reakci\u00f3 el\u00e9r\u00e9s\u00e9nek t\u00e1mogat\u00e1sa, a v\u00edrusos megbeteged\u00e9sek gy\u00f3gyul\u00e1s\u00e1nak t\u00e1mogat\u00e1sa, a toxikus anyagok kivezet\u00e9s\u00e9nek t\u00e1mogat\u00e1sa, antibakteri\u00e1lis \u00e9s v\u00edrus\u00f6l\u0151 hat\u00e1s t\u00e1mogat\u00e1sa. [&hellip;]<\/p>\n","protected":false},"featured_media":4744,"comment_status":"open","ping_status":"closed","template":"","meta":[],"product_brand":[],"product_cat":[33,32],"product_tag":[],"class_list":{"0":"post-4745","1":"product","2":"type-product","3":"status-publish","4":"has-post-thumbnail","6":"product_cat-egeszseg-medalok","7":"product_cat-triomed","9":"first","10":"instock","11":"taxable","12":"shipping-taxable","13":"purchasable","14":"product-type-simple"},"_links":{"self":[{"href":"https:\/\/vetomshop.hu\/es\/wp-json\/wp\/v2\/product\/4745","targetHints":{"allow":["GET"]}}],"collection":[{"href":"https:\/\/vetomshop.hu\/es\/wp-json\/wp\/v2\/product"}],"about":[{"href":"https:\/\/vetomshop.hu\/es\/wp-json\/wp\/v2\/types\/product"}],"replies":[{"embeddable":true,"href":"https:\/\/vetomshop.hu\/es\/wp-json\/wp\/v2\/comments?post=4745"}],"wp:featuredmedia":[{"embeddable":true,"href":"https:\/\/vetomshop.hu\/es\/wp-json\/wp\/v2\/media\/4744"}],"wp:attachment":[{"href":"https:\/\/vetomshop.hu\/es\/wp-json\/wp\/v2\/media?parent=4745"}],"wp:term":[{"taxonomy":"product_brand","embeddable":true,"href":"https:\/\/vetomshop.hu\/es\/wp-json\/wp\/v2\/product_brand?post=4745"},{"taxonomy":"product_cat","embeddable":true,"href":"https:\/\/vetomshop.hu\/es\/wp-json\/wp\/v2\/product_cat?post=4745"},{"taxonomy":"product_tag","embeddable":true,"href":"https:\/\/vetomshop.hu\/es\/wp-json\/wp\/v2\/product_tag?post=4745"}],"curies":[{"name":"wp","href":"https:\/\/api.w.org\/{rel}","templated":true}]}}