{"id":4755,"date":"2023-11-11T14:34:03","date_gmt":"2023-11-11T13:34:03","guid":{"rendered":"https:\/\/vetomshop.hu\/termek\/menedzser-kartya\/"},"modified":"2023-11-11T14:34:03","modified_gmt":"2023-11-11T13:34:03","slug":"menedzser-kartya","status":"publish","type":"product","link":"https:\/\/vetomshop.hu\/es\/producto\/menedzser-kartya\/","title":{"rendered":"Tarjeta de administrador"},"content":{"rendered":"<h4>\u00bfPara qu\u00e9 sirve la TARJETA MENEDZSER?<\/h4>\n<p><strong>TARJETA DE ADMINISTRADOR<\/strong> - un dispositivo para la prevenci\u00f3n y el tratamiento de la fatiga cr\u00f3nica y el s\u00edndrome de sobrecarga de trabajo, para aumentar la capacidad de trabajo, activar los procesos de regeneraci\u00f3n tras cargas de trabajo estresantes y aumentar la inmunidad.<\/p>\n<p>El funcionamiento de la TARJETA MENEDZSER apoya los procesos cognitivos. Su objetivo es activar los procesos de memoria, lo que permite la memorizaci\u00f3n inmediata de la informaci\u00f3n necesaria, aumentar la velocidad del pensamiento, restaurar el curso normal de los procesos fisiol\u00f3gicos en las c\u00e9lulas y tejidos del sistema nervioso central, el aumento de su estabilidad frente a los efectos nocivos del mundo exterior.<\/p>\n<p><strong>Efectos:<\/strong><\/p>\n<ul>\n<li>favorece la circulaci\u00f3n sangu\u00ednea y los procesos metab\u00f3licos en el sistema nervioso central y ayuda a restablecer las funciones del sistema nervioso central;<\/li>\n<li>ayuda a mejorar la memoria, permiti\u00e9ndole absorber m\u00e1s informaci\u00f3n;<\/li>\n<li>favorece la concentraci\u00f3n,<\/li>\n<li>reduce la fatiga durante la actividad;<\/li>\n<li>reduce la tensi\u00f3n neuroemocional durante el uso del ordenador;<\/li>\n<li>armoniza la actitud emocional-ps\u00edquica;<\/li>\n<li>mejora la intuici\u00f3n,<\/li>\n<li>ayuda a prevenir el desarrollo de estr\u00e9s cr\u00f3nico y fatiga.<\/li>\n<\/ul>\n<div class=\"su-spoiler su-spoiler-style-defoult su-spoiler-icon-caret su-spoiler-closed\" data-scroll-offset=\"0\" data-anchor-in-url=\"no\"><div class=\"su-spoiler-title\" tabindex=\"0\" role=\"button\"><span class=\"su-spoiler-icon\"><\/span>Todos<\/div><div class=\"su-spoiler-content su-u-clearfix su-u-trim\">\n<strong>Con la ayuda de:<\/strong><\/p>\n<ul>\n<li>se centrar\u00e1 en lo principal,<\/li>\n<li>fomenta una actitud positiva ante la vida y el desarrollo de la determinaci\u00f3n,<\/li>\n<li>te ayuda a centrarte en el \u00e9xito y el prop\u00f3sito,<\/li>\n<li>favorece la sensaci\u00f3n de logro, la confianza en uno mismo y la fe en el \u00e9xito del objetivo.<\/li>\n<\/ul>\n<\/div><\/div>","protected":false},"excerpt":{"rendered":"<p>Mire szolg\u00e1l a MENEDZSER K\u00c1RTYA? MENEDZSER K\u00c1RTYA \u2013 a kr\u00f3nikus f\u00e1rad\u00e9konys\u00e1g \u00e9s a t\u00falhajszolts\u00e1g szindr\u00f3m\u00e1ja megel\u0151z\u00e9s\u00e9re \u00e9s kezel\u00e9s\u00e9re, a munkab\u00edr\u00e1s n\u00f6vel\u00e9s\u00e9re, az \u00e1tv\u00e9szelt stressz-megterhel\u00e9seket k\u00f6vet\u0151 regener\u00e1ci\u00f3s folyamatok aktiviz\u00e1l\u00e1s\u00e1ra, az immunit\u00e1s n\u00f6vel\u00e9s\u00e9re szolg\u00e1l\u00f3 k\u00e9sz\u00fcl\u00e9k. A MENEDZSER K\u00c1RTYA m\u0171k\u00f6d\u00e9se a kognit\u00edv folyamatok m\u0171k\u00f6d\u00e9s\u00e9t t\u00e1mogatja. Az eml\u00e9kez\u00e9s folyamatainak aktiviz\u00e1l\u00e1s\u00e1ra, a sz\u00fcks\u00e9ges inform\u00e1ci\u00f3 azonnali memoriz\u00e1l\u00e1s\u00e1nak lehet\u0151s\u00e9g\u00e9re, a gondolkod\u00e1s sebess\u00e9g\u00e9nek [&hellip;]<\/p>\n","protected":false},"featured_media":4754,"comment_status":"open","ping_status":"closed","template":"","meta":[],"product_brand":[],"product_cat":[33,32],"product_tag":[],"class_list":{"0":"post-4755","1":"product","2":"type-product","3":"status-publish","4":"has-post-thumbnail","6":"product_cat-egeszseg-medalok","7":"product_cat-triomed","9":"first","10":"instock","11":"taxable","12":"shipping-taxable","13":"purchasable","14":"product-type-simple"},"_links":{"self":[{"href":"https:\/\/vetomshop.hu\/es\/wp-json\/wp\/v2\/product\/4755","targetHints":{"allow":["GET"]}}],"collection":[{"href":"https:\/\/vetomshop.hu\/es\/wp-json\/wp\/v2\/product"}],"about":[{"href":"https:\/\/vetomshop.hu\/es\/wp-json\/wp\/v2\/types\/product"}],"replies":[{"embeddable":true,"href":"https:\/\/vetomshop.hu\/es\/wp-json\/wp\/v2\/comments?post=4755"}],"wp:featuredmedia":[{"embeddable":true,"href":"https:\/\/vetomshop.hu\/es\/wp-json\/wp\/v2\/media\/4754"}],"wp:attachment":[{"href":"https:\/\/vetomshop.hu\/es\/wp-json\/wp\/v2\/media?parent=4755"}],"wp:term":[{"taxonomy":"product_brand","embeddable":true,"href":"https:\/\/vetomshop.hu\/es\/wp-json\/wp\/v2\/product_brand?post=4755"},{"taxonomy":"product_cat","embeddable":true,"href":"https:\/\/vetomshop.hu\/es\/wp-json\/wp\/v2\/product_cat?post=4755"},{"taxonomy":"product_tag","embeddable":true,"href":"https:\/\/vetomshop.hu\/es\/wp-json\/wp\/v2\/product_tag?post=4755"}],"curies":[{"name":"wp","href":"https:\/\/api.w.org\/{rel}","templated":true}]}}