{"id":5820,"date":"2024-06-01T18:26:31","date_gmt":"2024-06-01T16:26:31","guid":{"rendered":"https:\/\/vetomshop.hu\/?post_type=product&#038;p=5820"},"modified":"2026-04-12T08:27:56","modified_gmt":"2026-04-12T06:27:56","slug":"vetom-1-1-probiotikum-por-500-g-etrend-kiegeszito","status":"publish","type":"product","link":"https:\/\/vetomshop.hu\/es\/producto\/vetom-1-1-probiotikum-por-500-g-etrend-kiegeszito\/","title":{"rendered":"Vetom <span style=\"color:red\">1.1<\/span> probi\u00f3tico <br>por <span style=\"color:red\">500 g<\/span> (complemento alimenticio)"},"content":{"rendered":"<p>Los efectos beneficiosos de la <strong>Bacillus subtilis<\/strong> bacterias beneficiosas que proliferan principalmente en el intestino grueso y producen: enzimas proteol\u00edticas, amilol\u00edticas, celulol\u00edticas; interfer\u00f3n a-2 de los leucocitos humanos; bacitracina mg, que inhibe el crecimiento y desarrollo de la microflora pat\u00f3gena y potencialmente pat\u00f3gena; y otras sustancias biol\u00f3gicamente activas.<\/p>\n<p>Como consecuencia, la composici\u00f3n bacteriana del contenido intestinal se transforma en la norma de desarrollo adecuada, las paredes intestinales se limpian de residuos no digeridos, lo que contribuye a la eliminaci\u00f3n activa de toxinas del organismo, al transporte sin trabas de nutrientes biol\u00f3gicamente activos.<\/p>\n<p>Bajo la acci\u00f3n de Vetom 1.1, se normalizan el metabolismo, la digesti\u00f3n y la absorci\u00f3n de los componentes biol\u00f3gicamente activos de los alimentos en el tracto gastrointestinal.<\/p>\n<p>Un producto que encanta a los ni\u00f1os, es deliciosamente dulce e incluso se puede comer solo.<\/p>\n<p>Vetom 1.1 aumenta la eficacia de los medicamentos y reduce sus efectos secundarios negativos en el cuerpo humano.<\/p>\n<p>No es un medicamento.<\/p>\n<p><strong>Efectos farmacol\u00f3gicos<\/strong>inmunomodulador, antiv\u00edrico, antiproliferativo, bactericida, fungicida, anticlamidiano.<\/p>\n<h5>Caracter\u00edsticas:<\/h5>\n<ul>\n<li>Posee una elevada actividad antagonista contra hongos y bacterias pat\u00f3genos y condicionalmente pat\u00f3genos, propiedades antivirales, proteol\u00edticas, amil\u00edticas y celulol\u00edticas.<\/li>\n<li>estimula los factores celulares y humorales de la inmunidad<\/li>\n<li>aumenta la resistencia inespec\u00edfica del organismo<\/li>\n<li>estabiliza la resistencia al\u00e9rgica<\/li>\n<li>normaliza el metabolismo<\/li>\n<\/ul>\n<p>- SIN EFECTOS SECUNDARIOS<br \/>\n- SIN RESTRICCI\u00d3N DE EDAD<br \/>\n- SIN SOBREDOSIS<br \/>\n- NO ADICTIVO<\/p>\n<h5>\u00c1rea de uso<\/h5>\n<p>Se recomienda el uso de microorganismos probi\u00f3ticos como aditivo alimentario biol\u00f3gicamente activo para la reparaci\u00f3n del tracto gastrointestinal y la restauraci\u00f3n de la microflora intestinal.<\/p>\n<p><em><strong>Dosificaci\u00f3n:<\/strong><\/em> sugerido para 10 d\u00edas , 3-5 cucharaditas de polvo al d\u00eda antes , durante o despu\u00e9s de las comidas , solo ( tambi\u00e9n se puede beber con agua o zumo) .<\/p>\n<p>Vetom 1.1 no crea adicci\u00f3n.<\/p>\n<p>Se recomienda repetir las curas tras una pausa de 1-2 semanas, y es aconsejable cambiar a intervalos a un producto Vetom de diferente numeraci\u00f3n.<\/p>\n<h5>Contraindicaciones<\/h5>\n<p>Hipersensibilidad a determinados ingredientes del producto.<\/p>\n<p>No tome Vetom 1.1 al mismo tiempo que antibi\u00f3ticos y otros probi\u00f3ticos.<\/p>\n<h5>Instrucciones especiales<\/h5>\n<p>Utilizar durante el embarazo y la lactancia s\u00f3lo previa consulta m\u00e9dica.<\/p>\n<p>La preparaci\u00f3n no afecta a la capacidad para conducir o manejar mecanismos potencialmente peligrosos.<\/p>\n<h5>Dispensaci\u00f3n<\/h5>\n<p><strong>En polvo, envasado en tarros polim\u00e9ricos<\/strong><\/p>\n<h5><strong>Ingredientes:<\/strong><\/h5>\n<p>Vetom 1.1. es un aditivo biol\u00f3gicamente activo utilizado como fuente adicional de microorganismos probi\u00f3ticos.1 raci\u00f3n de complemento alimenticio - 5 g que ,<\/p>\n<p>contiene: extracto de ma\u00edz - 2000 mg; f\u00e9cula de patata - 1500 mg; az\u00facar en polvo - 1000 mg; cultivo seco de microorganismos probi\u00f3ticos Bacillus subtilis B-10641 (DSM 24613) cepa 1\u00d7108 UFC\/g - 500 mg. Vetom 1.1 se administra por v\u00eda oral.<\/p>\n<p>Contenido por 100 g de producto (valores medios): grasa - m\u00e1ximo 0,1 g, prote\u00ednas - m\u00e1ximo 1,0 g, hidratos de carbono - m\u00ednimo 98,9 g. Valor energ\u00e9tico - m\u00e1ximo 400 Kcal.<\/p>\n<h5>Condiciones de almacenamiento<\/h5>\n<p>Puede almacenarse a una humedad relativa del 75 % por debajo de 30\u00b0C.<\/p>\n<h5>Caducidad<\/h5>\n<p>2 a\u00f1os a partir de la fecha de fabricaci\u00f3n. No consumir despu\u00e9s de la fecha de caducidad.<\/p>\n<p>Peso neto - 500 g<\/p>\n<p>Peso bruto - 547 g<\/p>","protected":false},"excerpt":{"rendered":"<p>Los efectos beneficiosos de la <strong>Bacillus subtilis<\/strong> bacterias beneficiosas, que se producen principalmente multiplic\u00e1ndose en el intestino grueso:<\/p>\n<ul class=\"vetom-list\">\n<li>enzimas proteol\u00edticas, amilol\u00edticas y celulosol\u00edticas;<\/li>\n<li>interfer\u00f3n a-2 en leucocitos humanos;<\/li>\n<li>mg de bacitracina, que inhiben el crecimiento y el desarrollo de la microflora pat\u00f3gena y potencialmente pat\u00f3gena;<\/li>\n<li>y otras sustancias biol\u00f3gicamente activas.<\/li>\n<\/ul>\n<p>Como consecuencia, la composici\u00f3n bacteriana del contenido intestinal se transforma en la norma de desarrollo adecuada, las paredes intestinales se limpian de residuos no digeridos, lo que contribuye a la eliminaci\u00f3n activa de toxinas del organismo, al transporte sin trabas de nutrientes biol\u00f3gicamente activos.<\/p>\n<div class=\"plashka\">A <strong>Vetom <span style=\"color: red;\">1.1<\/span><\/strong> normaliza el metabolismo, la digesti\u00f3n y la absorci\u00f3n de los componentes biol\u00f3gicamente activos de los alimentos en el tracto gastrointestinal.<\/div>\n<p>Un producto apto para ni\u00f1os, deliciosamente dulce y que puede comerse solo.<\/p>\n<p>A <strong>Vetom <span style=\"color: red;\">1.1<\/span><\/strong> aumenta la eficacia de los medicamentos y reduce sus efectos secundarios negativos en el organismo humano.<\/p>\n<p>No es un medicamento.<\/p>\n<div class=\"plashka\"><strong>Efectos farmacol\u00f3gicos<\/strong>inmunomodulador, antiv\u00edrico, antiproliferativo, bactericida, fungicida, anticlamidiano.<\/div>\n<h5>Caracter\u00edsticas:<\/h5>\n<ul class=\"vetom-list\">\n<li>Posee una elevada actividad antagonista contra hongos y bacterias pat\u00f3genos y condicionalmente pat\u00f3genos, propiedades antivirales, proteol\u00edticas, amil\u00edticas y celulol\u00edticas.<\/li>\n<li>estimula los factores celulares y humorales de la inmunidad<\/li>\n<li>aumenta la resistencia inespec\u00edfica del organismo<\/li>\n<li>estabiliza la resistencia al\u00e9rgica<\/li>\n<li>normaliza el metabolismo<\/li>\n<\/ul>","protected":false},"featured_media":5821,"comment_status":"open","ping_status":"closed","template":"","meta":[],"product_brand":[],"product_cat":[22],"product_tag":[],"class_list":{"0":"post-5820","1":"product","2":"type-product","3":"status-publish","4":"has-post-thumbnail","6":"product_cat-vetom-probiotikumok","8":"first","9":"instock","10":"featured","11":"taxable","12":"shipping-taxable","13":"purchasable","14":"product-type-simple"},"_links":{"self":[{"href":"https:\/\/vetomshop.hu\/es\/wp-json\/wp\/v2\/product\/5820","targetHints":{"allow":["GET"]}}],"collection":[{"href":"https:\/\/vetomshop.hu\/es\/wp-json\/wp\/v2\/product"}],"about":[{"href":"https:\/\/vetomshop.hu\/es\/wp-json\/wp\/v2\/types\/product"}],"replies":[{"embeddable":true,"href":"https:\/\/vetomshop.hu\/es\/wp-json\/wp\/v2\/comments?post=5820"}],"wp:featuredmedia":[{"embeddable":true,"href":"https:\/\/vetomshop.hu\/es\/wp-json\/wp\/v2\/media\/5821"}],"wp:attachment":[{"href":"https:\/\/vetomshop.hu\/es\/wp-json\/wp\/v2\/media?parent=5820"}],"wp:term":[{"taxonomy":"product_brand","embeddable":true,"href":"https:\/\/vetomshop.hu\/es\/wp-json\/wp\/v2\/product_brand?post=5820"},{"taxonomy":"product_cat","embeddable":true,"href":"https:\/\/vetomshop.hu\/es\/wp-json\/wp\/v2\/product_cat?post=5820"},{"taxonomy":"product_tag","embeddable":true,"href":"https:\/\/vetomshop.hu\/es\/wp-json\/wp\/v2\/product_tag?post=5820"}],"curies":[{"name":"wp","href":"https:\/\/api.w.org\/{rel}","templated":true}]}}