{"id":6957,"date":"2025-07-26T15:40:40","date_gmt":"2025-07-26T13:40:40","guid":{"rendered":"https:\/\/vetomshop.hu\/?post_type=product&#038;p=6957"},"modified":"2025-12-31T14:57:45","modified_gmt":"2025-12-31T13:57:45","slug":"bioseptin-probiotikus-kenocs-60-g","status":"publish","type":"product","link":"https:\/\/vetomshop.hu\/es\/producto\/bioseptin-probiotikus-kenocs-60-g\/","title":{"rendered":"Pomada probi\u00f3tica Bioseptin <span style=\"color:red\">60<\/span> g"},"content":{"rendered":"<p><span style=\"font-size: x-large;\"><b>Bioseptin pomada probi\u00f3tica 60 g<\/b><\/span><\/p>\n<p><span style=\"font-size: x-large;\">La pomada Bioseptin tiene propiedades antis\u00e9pticas, antiinflamatorias y rompeprote\u00ednas. Contiene esporas bacterianas de Bacillus subtilis y Bacillus licheniformis que son eficaces contra una amplia gama de pat\u00f3genos. Destruyen las bacterias pat\u00f3genas en la superficie de la herida, ya sea en un entorno con o sin demanda de ox\u00edgeno, especialmente los tipos Gram positivos. Ayudan a descomponer el tejido muerto y las bacterias nocivas, evitando la reinfecci\u00f3n y acelerando la cicatrizaci\u00f3n de la herida. La pomada no produce irritaci\u00f3n ni reacciones al\u00e9rgicas.<\/span><\/p>\n<p><span style=\"font-size: x-large;\"><b>Composici\u00f3n y presentaci\u00f3n:<\/b><\/span><\/p>\n<p><span style=\"font-size: x-large;\">La pomada contiene esporas de las dos cepas bacterianas en una base de agar (gel) y alcohol et\u00edlico. No contiene ingredientes modificados gen\u00e9ticamente. Cada gramo de pomada contiene al menos un mill\u00f3n de c\u00e9lulas bacterianas vivas.<\/span><\/p>\n<p>Varios pa\u00edses de la organizaci\u00f3n internacional han introducido conjuntamente una prohibici\u00f3n comercial (embargo) sobre los productos cosm\u00e9ticos, por lo que la pomada Bioseptin se ha registrado como medicamento veterinario en Hungr\u00eda. .<\/p>\n<p><span style=\"font-size: x-large;\"><b>Modo de empleo:<\/b><\/span><\/p>\n<p><span style=\"font-size: x-large;\">Debe aplicarse externamente, con una fina capa sobre la zona da\u00f1ada de la piel, 1 \u00f3 2 veces al d\u00eda hasta que se cure. No es necesario vendar la zona tratada.<\/span><\/p>\n<p><span style=\"font-size: x-large;\"><b>Cu\u00e1ndo no usar:<\/b><\/span><\/p>\n<p><span style=\"font-size: x-large;\">\u00a0 \u00a0Si es sensible a alguno de los ingredientes de este producto, no se recomienda su uso. Tampoco debe utilizarse en combinaci\u00f3n con antibi\u00f3ticos, sulfonamidas u otros preparados a base de bacterias.<\/span><\/p>\n<p><span style=\"font-size: x-large;\"><b>Informaci\u00f3n importante:<\/b><\/span><\/p>\n<p><span style=\"font-size: x-large;\"><span style=\"color: #127622;\"><b>En los seres humanos, el uso de pomada:<\/b><\/span><\/span><\/p>\n<p><span style=\"font-size: large;\">Aplicar una fina capa 1-2 veces al d\u00eda sobre la zona afectada hasta que la herida est\u00e9 curada.<\/span><\/p>\n<p><span style=\"font-size: large;\">La sobredosificaci\u00f3n no es posible.<\/span><\/p>\n<p><span style=\"font-size: x-large;\"><span style=\"color: #127622;\"><b>Para los animales, la aplicaci\u00f3n de pomada:<\/b><\/span><\/span><\/p>\n<p><span style=\"font-size: x-large;\">Una vez que los animales han sido tratados, no hay tiempo de espera antes de que su carne u otros productos (por ejemplo, huevos, leche) puedan utilizarse como alimento, es decir, pueden consumirse inmediatamente.<\/span><\/p>\n<p><span style=\"font-size: x-large;\"><b>\u00c1reas de uso:<\/b><\/span><\/p>\n<p><span style=\"font-size: x-large;\">Puede utilizarse para tratar heridas, tejidos infectados o muertos, quemaduras y dermatitis en diversas especies de animales: dom\u00e9sticos, de granja, salvajes, de peleter\u00eda y aves de corral.<\/span><\/p>\n<p><span style=\"font-size: x-large;\"><b>Efectos secundarios:<\/b><\/span><\/p>\n<p><span style=\"font-size: x-large;\">Con un uso adecuado, los efectos secundarios son raros o inexistentes.<\/span><\/p>\n<p><span style=\"font-size: x-large;\"><b>Almacenamiento :<\/b><\/span><\/p>\n<p><span style=\"font-size: x-large;\">La pomada debe conservarse en un lugar fresco (0-10 \u00b0C), seco y oscuro, fuera del alcance de ni\u00f1os y animales. Debe permanecer a 20 \u00b0C un m\u00e1ximo de 2 semanas durante el transporte. Puede utilizarse durante 2 a\u00f1os a partir de la fecha de fabricaci\u00f3n.<\/span><\/p>","protected":false},"excerpt":{"rendered":"<p>A <strong>Pomada Bioseptin<\/strong> propiedades antis\u00e9pticas, antiinflamatorias y proteol\u00edticas. Contiene <strong>Bacillus subtilis<\/strong> y <strong>Bacillus licheniformis<\/strong> Las esporas bacterianas son eficaces contra una amplia gama de pat\u00f3genos. Eliminan las bacterias pat\u00f3genas en la superficie de la herida, tanto si viven en un entorno con o sin demanda de ox\u00edgeno, especialmente los tipos Gram positivos. Ayudan a descomponer el tejido muerto y las bacterias nocivas, evitando la reinfecci\u00f3n y acelerando la cicatrizaci\u00f3n de la herida. La pomada no produce irritaci\u00f3n ni reacciones al\u00e9rgicas.<\/p>\n<div class=\"plashka\">\n<h5>Propiedades y mecanismo de acci\u00f3n:<br \/>\nBioseptin - pomada con propiedades para el cuidado de la piel, antis\u00e9pticas, antiinflamatorias y proteol\u00edticas.<\/h5>\n<\/div>","protected":false},"featured_media":6958,"comment_status":"open","ping_status":"closed","template":"","meta":[],"product_brand":[],"product_cat":[22],"product_tag":[],"class_list":{"0":"post-6957","1":"product","2":"type-product","3":"status-publish","4":"has-post-thumbnail","6":"product_cat-vetom-probiotikumok","8":"first","9":"outofstock","10":"taxable","11":"shipping-taxable","12":"purchasable","13":"product-type-simple"},"_links":{"self":[{"href":"https:\/\/vetomshop.hu\/es\/wp-json\/wp\/v2\/product\/6957","targetHints":{"allow":["GET"]}}],"collection":[{"href":"https:\/\/vetomshop.hu\/es\/wp-json\/wp\/v2\/product"}],"about":[{"href":"https:\/\/vetomshop.hu\/es\/wp-json\/wp\/v2\/types\/product"}],"replies":[{"embeddable":true,"href":"https:\/\/vetomshop.hu\/es\/wp-json\/wp\/v2\/comments?post=6957"}],"wp:featuredmedia":[{"embeddable":true,"href":"https:\/\/vetomshop.hu\/es\/wp-json\/wp\/v2\/media\/6958"}],"wp:attachment":[{"href":"https:\/\/vetomshop.hu\/es\/wp-json\/wp\/v2\/media?parent=6957"}],"wp:term":[{"taxonomy":"product_brand","embeddable":true,"href":"https:\/\/vetomshop.hu\/es\/wp-json\/wp\/v2\/product_brand?post=6957"},{"taxonomy":"product_cat","embeddable":true,"href":"https:\/\/vetomshop.hu\/es\/wp-json\/wp\/v2\/product_cat?post=6957"},{"taxonomy":"product_tag","embeddable":true,"href":"https:\/\/vetomshop.hu\/es\/wp-json\/wp\/v2\/product_tag?post=6957"}],"curies":[{"name":"wp","href":"https:\/\/api.w.org\/{rel}","templated":true}]}}