{"id":7344,"date":"2026-01-20T14:50:44","date_gmt":"2026-01-20T13:50:44","guid":{"rendered":"https:\/\/vetomshop.hu\/?post_type=product&#038;p=7344"},"modified":"2026-03-03T07:55:43","modified_gmt":"2026-03-03T06:55:43","slug":"vektor-animals-1-2-vetom-1-2-probiotikum-por-formajaban-3-bakteriumtorzzsel-allatok-szamara-belflora-es-immunitas-1x5-g","status":"publish","type":"product","link":"https:\/\/vetomshop.hu\/es\/producto\/vektor-animals-1-2-vetom-1-2-probiotikum-por-formajaban-3-bakteriumtorzzsel-allatok-szamara-belflora-es-immunitas-1x5-g\/","title":{"rendered":"Vektor Animals 1.2 (Vetom 1.2) - Probi\u00f3tico en polvo con 3 cepas de bacterias para animales (flora intestinal e inmunidad) <span style=\"color:red\">1\u00d75 g<\/span>"},"content":{"rendered":"<h3>Vektor Animals 1.2 (Vetom 1.2) - Probi\u00f3tico de amplio espectro (3 cepas)<\/h3>\n<div class=\"plashka\">A <strong>Vector Animales <span style=\"color: red;\">1.2<\/span><\/strong> una f\u00f3rmula reforzada que <strong>tres tipos de cepas bacterianas activas<\/strong> incluyen. Es una formulaci\u00f3n universal: es adecuada para mam\u00edferos, aves, peces, reptiles y abejas para restaurar la resistencia natural.<\/div>\n<h5>Principios activos - La triple protecci\u00f3n<\/h5>\n<p>La eficacia del producto est\u00e1 garantizada por una combinaci\u00f3n de las siguientes cepas bacterianas especialmente seleccionadas:<\/p>\n<ul class=\"vetom-list\">\n<li>Bacillus subtilis VKPM B-10641<\/li>\n<li>Bacillus amyloliquefaciens VKPM B-10642<\/li>\n<li>Bacillus amyloliquefaciens VKPM B-10643<\/li>\n<\/ul>\n<h5>\u00bfPara qui\u00e9n est\u00e1 recomendado? (Animales destinatarios)<\/h5>\n<p>El producto es \u00fanico porque puede utilizarse para casi todas las especies animales:<\/p>\n<ul class=\"vetom-list\">\n<li><strong>Mascotas:<\/strong> Perros, gatos (de cualquier raza), roedores (h\u00e1mster, cobaya, conejo, etc.).<\/li>\n<li><strong>Animales \u00fatiles:<\/strong> Ganado vacuno, porcino, ovino, caprino y equino.<\/li>\n<li><strong>Aves:<\/strong> Aves ornamentales (loro, canario) y aves de corral.<\/li>\n<li><strong>Animales especiales:<\/strong> Reptiles (tortuga, lagarto, serpiente), anfibios y peces de acuario (disueltos en agua).<\/li>\n<li><strong>Abejas:<\/strong> Reducir la mortalidad por infecciones.<\/li>\n<\/ul>\n<h5>\u00bfCu\u00e1ndo utilizarlo?<\/h5>\n<p>El producto puede utilizarse con fines profil\u00e1cticos (preventivos) y terap\u00e9uticos:<\/p>\n<ul class=\"vetom-list\">\n<li><strong>Despu\u00e9s de un curso de antibi\u00f3ticos:<\/strong> Para restablecer la flora intestinal y tratar la disbiosis.<\/li>\n<li><strong>En situaciones de estr\u00e9s:<\/strong> Durante los cambios de alimentaci\u00f3n, el transporte o el estr\u00e9s de la cr\u00eda industrial.<\/li>\n<li><strong>Refuerzo inmunitario:<\/strong> Como complemento de las vacunas para una respuesta inmunitaria m\u00e1s duradera.<\/li>\n<li><strong>Aumentar la producci\u00f3n:<\/strong> Para aumentar la producci\u00f3n de huevos en las aves de corral y estimular el aumento de peso y el crecimiento en el ganado.<\/li>\n<li><strong>Prevenci\u00f3n de enfermedades:<\/strong> Por ejemplo, para reducir las infecciones en las abejas y la inflamaci\u00f3n posparto (endometritis, mastitis) en las vacas.<\/li>\n<\/ul>\n<h5>Instrucciones de dosificaci\u00f3n<\/h5>\n<p>El polvo puede administrarse individualmente (mezclado en agua\/comida) o en grupos. <strong>Dosis b\u00e1sica: 50 mg\/kg de peso vivo.<\/strong> <\/p>\n<ul class=\"vetom-list\">\n<li><strong>Prevenci\u00f3n (cura):<\/strong> 1 vez al d\u00eda durante 15-20 d\u00edas. Repetir cada trimestre.<\/li>\n<li><strong>Terapia (en caso de enfermedad):<\/strong> 2 veces al d\u00eda (cada 8-10 horas) hasta la desaparici\u00f3n de los s\u00edntomas. En casos graves, 4 veces al d\u00eda (cada 6 horas).<\/li>\n<li><strong>Correcci\u00f3n de la inmunodeficiencia:<\/strong> 1-2 veces al d\u00eda durante 5-10 d\u00edas.<\/li>\n<li><strong>Dosificaci\u00f3n en grupo:<\/strong> 15 000 raciones por tonelada de pienso o de agua.<\/li>\n<\/ul>\n<p><em>Nota: El producto no provoca habituaci\u00f3n ni resistencia.<\/em><\/p>","protected":false},"excerpt":{"rendered":"<div class=\"plashka\">A <strong>Vector Animales <span style=\"color: red;\">1.2<\/span><\/strong> (Vetom 1.2) es un probi\u00f3tico que contiene 3 cepas de bacterias que <strong>Bacillus subtilis<\/strong> y <strong>Bacillus amyloliquefaciens<\/strong> apoya la salud animal con esporas.<\/div>\n<h5>Ventajas clave:<\/h5>\n<ul class=\"vetom-list\">\n<li><strong>Universal:<\/strong> Puede administrarse a perros, gatos, ganado e incluso peces y abejas.<\/li>\n<li><strong>El triple efecto:<\/strong> Las 3 cepas diferentes de bacterias proporcionan una protecci\u00f3n m\u00e1s amplia contra las infecciones.<\/li>\n<li><strong>Eficiencia:<\/strong> Aumenta la productividad, mejora el crecimiento y reduce la necesidad de medicamentos.<\/li>\n<li><strong>Seguridad:<\/strong> No desarrolla resistencia y es muy recomendable despu\u00e9s de un tratamiento con antibi\u00f3ticos.<\/li>\n<\/ul>","protected":false},"featured_media":7347,"comment_status":"open","ping_status":"closed","template":"","meta":[],"product_brand":[],"product_cat":[38,40],"product_tag":[],"class_list":{"0":"post-7344","1":"product","2":"type-product","3":"status-publish","4":"has-post-thumbnail","6":"product_cat-vektor-animals-vetom","7":"product_cat-vektor-animals-1-2","9":"first","10":"instock","11":"featured","12":"taxable","13":"shipping-taxable","14":"purchasable","15":"product-type-simple"},"_links":{"self":[{"href":"https:\/\/vetomshop.hu\/es\/wp-json\/wp\/v2\/product\/7344","targetHints":{"allow":["GET"]}}],"collection":[{"href":"https:\/\/vetomshop.hu\/es\/wp-json\/wp\/v2\/product"}],"about":[{"href":"https:\/\/vetomshop.hu\/es\/wp-json\/wp\/v2\/types\/product"}],"replies":[{"embeddable":true,"href":"https:\/\/vetomshop.hu\/es\/wp-json\/wp\/v2\/comments?post=7344"}],"wp:featuredmedia":[{"embeddable":true,"href":"https:\/\/vetomshop.hu\/es\/wp-json\/wp\/v2\/media\/7347"}],"wp:attachment":[{"href":"https:\/\/vetomshop.hu\/es\/wp-json\/wp\/v2\/media?parent=7344"}],"wp:term":[{"taxonomy":"product_brand","embeddable":true,"href":"https:\/\/vetomshop.hu\/es\/wp-json\/wp\/v2\/product_brand?post=7344"},{"taxonomy":"product_cat","embeddable":true,"href":"https:\/\/vetomshop.hu\/es\/wp-json\/wp\/v2\/product_cat?post=7344"},{"taxonomy":"product_tag","embeddable":true,"href":"https:\/\/vetomshop.hu\/es\/wp-json\/wp\/v2\/product_tag?post=7344"}],"curies":[{"name":"wp","href":"https:\/\/api.w.org\/{rel}","templated":true}]}}