{"id":7358,"date":"2026-01-20T16:45:04","date_gmt":"2026-01-20T15:45:04","guid":{"rendered":"https:\/\/vetomshop.hu\/?post_type=product&#038;p=7358"},"modified":"2026-03-03T07:55:22","modified_gmt":"2026-03-03T06:55:22","slug":"vektor-animals-3-vetom-3-probiotikum-por-allatoknak-bacillus-amyloliquefaciens-1x50-g","status":"publish","type":"product","link":"https:\/\/vetomshop.hu\/es\/producto\/vektor-animals-3-vetom-3-probiotikum-por-allatoknak-bacillus-amyloliquefaciens-1x50-g\/","title":{"rendered":"Vektor Animals 3 (Vetom 3) - Probi\u00f3tico en polvo para animales (Bacillus amyloliquefaciens) <span style=\"color:red\">1\u00d750 g<\/span>"},"content":{"rendered":"<h3>Vektor Animals 3 (Vetom 3) - Probi\u00f3tico con cepa bacteriana especial<\/h3>\n<div class=\"plashka\">\n<p>Vetom 3 es un probi\u00f3tico natural basado en los efectos beneficiosos de la cepa bacteriana Bacillus amyloliquefaciens. Esta bacteria act\u00faa principalmente en el intestino grueso, donde produce enzimas y sustancias activas. \u00c9stas son:<\/p>\n<p>* suprimir las bacterias y los hongos nocivos (pat\u00f3genos y condicionalmente pat\u00f3genos),<br \/>\n* ayudan a eliminar la materia no digerida del tracto intestinal,<br \/>\n* facilitan y mejoran la absorci\u00f3n de nutrientes,<br \/>\n* ayudan a desintoxicar el organismo.<\/p>\n<p>Vetom 3 ayuda a restablecer el equilibrio natural de la flora intestinal, mejora la digesti\u00f3n y el metabolismo y contribuye a una utilizaci\u00f3n m\u00e1s eficaz de los nutrientes.<\/p>\n<h2>Ventajas:<\/h2>\n<p>* Propiedades antibacterianas y antif\u00fangicas<br \/>\n* Antiviral, productor de enzimas, apoyo digestivo<br \/>\n* Refuerza la respuesta inmunitaria celular y humoral<br \/>\n* Aumenta la resistencia del organismo<br \/>\n* Ayuda a reducir las reacciones al\u00e9rgicas<br \/>\n* Favorece la renovaci\u00f3n celular, puede inhibir la formaci\u00f3n de c\u00e9lulas tumorales<br \/>\n* Mejora el efecto de otros medicamentos y reduce sus efectos secundarios<br \/>\n* Protege el organismo a nivel celular, ayuda a prevenir el desarrollo de tumores<\/p>\n<h2>Sugerencia de uso:<\/h2>\n<p><strong>Dosis recomendada:<\/strong><br \/>\n* Se recomienda tomar 1 c\u00e1psula 2-3 veces al d\u00eda durante 10 d\u00edas, antes, durante o despu\u00e9s de las comidas, con una peque\u00f1a cantidad de l\u00edquido (agua, t\u00e9 o zumo). Controlar la respuesta del organismo durante el curso del tratamiento y aumentar la dosis gradualmente si es necesario, hasta 5-10 c\u00e1psulas al d\u00eda.<\/p>\n<p>*El tratamiento puede repetirse en cualquier momento tras una pausa de 1-2 semanas. Es aconsejable alternar con otro tipo de producto Vetom de vez en cuando para favorecer plenamente la salud del organismo y del tracto intestinal.<\/p>\n<h2>Caracter\u00edsticas principales:<\/h2>\n<p>*Sin efectos secundarios<br \/>\n*Sin restricciones de edad<br \/>\n*No tomar sobredosis<br \/>\n*Sin adicci\u00f3n<\/p>\n<h2>\u00c1rea de uso:<\/h2>\n<p>Se recomienda como complemento alimenticio biol\u00f3gicamente activo para mejorar el estado del tracto gastrointestinal y restablecer el equilibrio de la flora intestinal.<\/p>\n<h2>Contraindicaciones:<\/h2>\n<p>No se recomienda el producto si es al\u00e9rgico o hipersensible a alguno de sus ingredientes.<\/p>\n<h2>Informaci\u00f3n importante:<\/h2>\n<p>* Utilizar durante el embarazo y la lactancia s\u00f3lo bajo consejo m\u00e9dico.<br \/>\n* No afecta a la conducci\u00f3n ni al manejo de maquinaria peligrosa<\/p>\n<h2>Dosis y composici\u00f3n:<\/h2>\n<p>* 10 c\u00e1psulas en bl\u00edster, 5 envases en cart\u00f3n (50 c\u00e1psulas en total)<br \/>\n* Peso neto: 0,1 kg<br \/>\n* Tama\u00f1o: 4,5 \u00d7 6,5 \u00d7 8 cm<\/p>\n<h2>Contenido de una c\u00e1psula:<\/h2>\n<p>* extracto de ma\u00edz: 133 mg<br \/>\n* F\u00e9cula de patata: 100 mg<br \/>\n* sacarosa (az\u00facar en polvo): 67 mg<br \/>\n* Cultivo bacteriano de Bacillus amyloliquefaciens* (DSM 24613) - 30 mg (1\u00d710\u2079 UFC\/g)<\/p>\n<p>Equivalente alternativo en forma de gotas: Vetom 3.22 (10 ml)<\/p>\n<p>Pa\u00eds de origen: <strong>Rusia<\/strong><\/p>\n<\/div>","protected":false},"excerpt":{"rendered":"<div class=\"plashka\">A <strong>Vector Animales <span style=\"color: red;\">3<\/span><\/strong> (Vetom 3) <strong>Bacillus amyloliquefaciens<\/strong> un probi\u00f3tico que contiene esporas que ayudan a mantener un sistema digestivo sano y a reforzar el sistema inmunitario.<\/div>\n<h5>Ventajas clave:<\/h5>\n<ul class=\"vetom-list\">\n<li><strong>Protecci\u00f3n de la flora intestinal:<\/strong> Especialmente eficaz tras el tratamiento con antibi\u00f3ticos.<\/li>\n<li><strong>Un amplio espectro:<\/strong> Puede administrarse a cualquier especie animal, desde peces hasta caballos.<\/li>\n<li><strong>Econ\u00f3mico:<\/strong> Mejora el aprovechamiento del pienso y reduce el riesgo de enfermedades.<\/li>\n<li><strong>Es seguro:<\/strong> Todo natural, sin efectos secundarios.<\/li>\n<\/ul>","protected":false},"featured_media":7359,"comment_status":"open","ping_status":"closed","template":"","meta":[],"product_brand":[],"product_cat":[38,41],"product_tag":[],"class_list":{"0":"post-7358","1":"product","2":"type-product","3":"status-publish","4":"has-post-thumbnail","6":"product_cat-vektor-animals-vetom","7":"product_cat-vektor-animals-3","9":"first","10":"instock","11":"featured","12":"taxable","13":"shipping-taxable","14":"purchasable","15":"product-type-simple"},"_links":{"self":[{"href":"https:\/\/vetomshop.hu\/es\/wp-json\/wp\/v2\/product\/7358","targetHints":{"allow":["GET"]}}],"collection":[{"href":"https:\/\/vetomshop.hu\/es\/wp-json\/wp\/v2\/product"}],"about":[{"href":"https:\/\/vetomshop.hu\/es\/wp-json\/wp\/v2\/types\/product"}],"replies":[{"embeddable":true,"href":"https:\/\/vetomshop.hu\/es\/wp-json\/wp\/v2\/comments?post=7358"}],"wp:featuredmedia":[{"embeddable":true,"href":"https:\/\/vetomshop.hu\/es\/wp-json\/wp\/v2\/media\/7359"}],"wp:attachment":[{"href":"https:\/\/vetomshop.hu\/es\/wp-json\/wp\/v2\/media?parent=7358"}],"wp:term":[{"taxonomy":"product_brand","embeddable":true,"href":"https:\/\/vetomshop.hu\/es\/wp-json\/wp\/v2\/product_brand?post=7358"},{"taxonomy":"product_cat","embeddable":true,"href":"https:\/\/vetomshop.hu\/es\/wp-json\/wp\/v2\/product_cat?post=7358"},{"taxonomy":"product_tag","embeddable":true,"href":"https:\/\/vetomshop.hu\/es\/wp-json\/wp\/v2\/product_tag?post=7358"}],"curies":[{"name":"wp","href":"https:\/\/api.w.org\/{rel}","templated":true}]}}