{"id":7360,"date":"2026-01-19T16:48:29","date_gmt":"2026-01-19T15:48:29","guid":{"rendered":"https:\/\/vetomshop.hu\/?post_type=product&#038;p=7360"},"modified":"2026-03-03T07:54:36","modified_gmt":"2026-03-03T06:54:36","slug":"vektor-animals-3-vetom-3-probiotikum-por-allatoknak-bacillus-amyloliquefaciens-1x5-g","status":"publish","type":"product","link":"https:\/\/vetomshop.hu\/es\/producto\/vektor-animals-3-vetom-3-probiotikum-por-allatoknak-bacillus-amyloliquefaciens-1x5-g\/","title":{"rendered":"Vektor Animals 3 (Vetom 3) - Probi\u00f3tico en polvo para animales (Bacillus amyloliquefaciens) <span style=\"color:red\">1\u00d75 g<\/span>"},"content":{"rendered":"<h3>Vektor Animals 3 (Vetom 3) - Probi\u00f3tico con cepa bacteriana especial<\/h3>\n<div class=\"plashka\">A <strong>Vector Animales <span style=\"color: red;\">3<\/span><\/strong> (Vetom 3) es un preparado probi\u00f3tico que <strong>Bacillus amyloliquefaciens<\/strong> (VKPM B-10642) restablece el equilibrio de la flora intestinal con el poder de una cepa bacteriana. Universal para todas las especies de animales, incluidas las abejas y los peces de acuario.<\/div>\n<h5>Principio activo y mecanismo de acci\u00f3n<\/h5>\n<p>Se basa en una bacteria especial que forma esporas:<\/p>\n<ul class=\"vetom-list\">\n<li><strong>Bacillus amyloliquefaciens<\/strong> VKPM B-10642 (DSM 24614)<\/li>\n<\/ul>\n<p>Esta cepa es activa en el colon, produciendo enzimas proteol\u00edticas, amilol\u00edticas y celulol\u00edticas que ayudan a descomponer y absorber los nutrientes e inhiben la multiplicaci\u00f3n de pat\u00f3genos.<\/p>\n<h5>\u00bfCu\u00e1ndo se recomienda su uso?<\/h5>\n<p>El producto es una excelente terapia preventiva y coadyuvante para:<\/p>\n<ul class=\"vetom-list\">\n<li><strong>Despu\u00e9s de un curso de antibi\u00f3ticos:<\/strong> Para regenerar la flora intestinal da\u00f1ada por los medicamentos.<\/li>\n<li><strong>Para la indigesti\u00f3n:<\/strong> En caso de diarrea, disbiosis o estr\u00e9s provocado por un cambio de alimentaci\u00f3n.<\/li>\n<li><strong>Refuerzo inmunitario:<\/strong> Aumentar la eficacia de las vacunas y los tratamientos farmacol\u00f3gicos.<\/li>\n<li><strong>Maximizar la producci\u00f3n:<\/strong> Mejorar el aumento de peso y la conversi\u00f3n alimenticia del ganado.<\/li>\n<li><strong>En abejas:<\/strong> Aumentar la resistencia de las colonias y reducir la mortalidad por infecciones.<\/li>\n<\/ul>\n<h5>Animales objetivo<\/h5>\n<p>Ampliamente aplicable:<\/p>\n<ul class=\"vetom-list\">\n<li><strong>Mascotas:<\/strong> Perros, gatos, roedores.<\/li>\n<li><strong>Animales \u00fatiles:<\/strong> Vacuno, porcino, ovino, caprino, equino y aves de corral.<\/li>\n<li><strong>Animales ex\u00f3ticos:<\/strong> Reptiles, anfibios, peces ornamentales (disueltos en agua).<\/li>\n<\/ul>\n<h5>Recomendaci\u00f3n de dosificaci\u00f3n<\/h5>\n<p>El polvo debe mezclarse en agua, pienso o premezcla. <strong>Dosis b\u00e1sica: 50 mg\/kg de peso vivo.<\/strong><\/p>\n<ul class=\"vetom-list\">\n<li><strong>Prevenci\u00f3n (cura):<\/strong> 1 vez al d\u00eda durante 15-20 d\u00edas. Repetir 3-4 veces al a\u00f1o.<\/li>\n<li><strong>Terapia:<\/strong> 2 veces al d\u00eda (cada 8-10 horas) hasta la desaparici\u00f3n de los s\u00edntomas. En casos graves, la frecuencia puede aumentarse a 4 veces al d\u00eda (cada 6 horas).<\/li>\n<li><strong>Correcci\u00f3n de la inmunodeficiencia:<\/strong> 1-2 veces al d\u00eda durante 5-10 d\u00edas.<\/li>\n<li><strong>Dosificaci\u00f3n en grupo:<\/strong> 15 000 raciones por tonelada de pienso.<\/li>\n<\/ul>\n<h5>Informaci\u00f3n importante<\/h5>\n<ul class=\"vetom-list\">\n<li>No provoca resistencia ni habituaci\u00f3n.<\/li>\n<li>Se desconocen los s\u00edntomas de sobredosis.<\/li>\n<li>No hay tiempo de espera para la comida.<\/li>\n<\/ul>","protected":false},"excerpt":{"rendered":"<div class=\"plashka\">A <strong>Vector Animales <span style=\"color: red;\">3<\/span><\/strong> (Vetom 3) <strong>Bacillus amyloliquefaciens<\/strong> un probi\u00f3tico que contiene esporas que ayudan a mantener un sistema digestivo sano y a reforzar el sistema inmunitario.<\/div>\n<h5>Ventajas clave:<\/h5>\n<ul class=\"vetom-list\">\n<li><strong>Protecci\u00f3n de la flora intestinal:<\/strong> Especialmente eficaz tras el tratamiento con antibi\u00f3ticos.<\/li>\n<li><strong>Un amplio espectro:<\/strong> Puede administrarse a cualquier especie animal, desde peces hasta caballos.<\/li>\n<li><strong>Econ\u00f3mico:<\/strong> Mejora el aprovechamiento del pienso y reduce el riesgo de enfermedades.<\/li>\n<li><strong>Es seguro:<\/strong> Todo natural, sin efectos secundarios.<\/li>\n<\/ul>","protected":false},"featured_media":7359,"comment_status":"open","ping_status":"closed","template":"","meta":[],"product_brand":[],"product_cat":[38,41],"product_tag":[],"class_list":{"0":"post-7360","1":"product","2":"type-product","3":"status-publish","4":"has-post-thumbnail","6":"product_cat-vektor-animals-vetom","7":"product_cat-vektor-animals-3","9":"first","10":"instock","11":"featured","12":"taxable","13":"shipping-taxable","14":"purchasable","15":"product-type-simple"},"_links":{"self":[{"href":"https:\/\/vetomshop.hu\/es\/wp-json\/wp\/v2\/product\/7360","targetHints":{"allow":["GET"]}}],"collection":[{"href":"https:\/\/vetomshop.hu\/es\/wp-json\/wp\/v2\/product"}],"about":[{"href":"https:\/\/vetomshop.hu\/es\/wp-json\/wp\/v2\/types\/product"}],"replies":[{"embeddable":true,"href":"https:\/\/vetomshop.hu\/es\/wp-json\/wp\/v2\/comments?post=7360"}],"wp:featuredmedia":[{"embeddable":true,"href":"https:\/\/vetomshop.hu\/es\/wp-json\/wp\/v2\/media\/7359"}],"wp:attachment":[{"href":"https:\/\/vetomshop.hu\/es\/wp-json\/wp\/v2\/media?parent=7360"}],"wp:term":[{"taxonomy":"product_brand","embeddable":true,"href":"https:\/\/vetomshop.hu\/es\/wp-json\/wp\/v2\/product_brand?post=7360"},{"taxonomy":"product_cat","embeddable":true,"href":"https:\/\/vetomshop.hu\/es\/wp-json\/wp\/v2\/product_cat?post=7360"},{"taxonomy":"product_tag","embeddable":true,"href":"https:\/\/vetomshop.hu\/es\/wp-json\/wp\/v2\/product_tag?post=7360"}],"curies":[{"name":"wp","href":"https:\/\/api.w.org\/{rel}","templated":true}]}}