{"id":7379,"date":"2026-01-20T17:30:45","date_gmt":"2026-01-20T16:30:45","guid":{"rendered":"https:\/\/vetomshop.hu\/?post_type=product&#038;p=7379"},"modified":"2026-04-27T03:16:23","modified_gmt":"2026-04-27T01:16:23","slug":"bioseptin-probiotikus-sebkezelo-kenocs-60-g","status":"publish","type":"product","link":"https:\/\/vetomshop.hu\/es\/producto\/bioseptin-probiotikus-sebkezelo-kenocs-60-g\/","title":{"rendered":"Bioseptin - Pomada probi\u00f3tica para el tratamiento de heridas en animales (Bacillus amyloliquefaciens) - <span style=\"color:red\">60 g<\/span>"},"content":{"rendered":"<h3>Bioseptin - Pomada probi\u00f3tica para el tratamiento de heridas en animales<\/h3>\n<div class=\"plashka\">A <strong>Bioseptin<\/strong> una pomada probi\u00f3tica \u00fanica para uso externo. En directo en <strong>Bacillus amyloliquefaciens<\/strong> contiene bacterias que limpian de forma natural las heridas, inhiben la inflamaci\u00f3n y forman una barrera biol\u00f3gica en la piel da\u00f1ada.<\/div>\n<h5>Principio activo y mecanismo de acci\u00f3n<\/h5>\n<p>La pomada contiene dos cepas industriales especiales de bacterias (VKPM B-10642 y B-10643), que act\u00faan penetrando en la herida:<\/p>\n<ul class=\"vetom-list\">\n<li><strong>Limpieza de heridas (Lisis):<\/strong> Producen enzimas proteol\u00edticas que disuelven (lisan) el tejido muerto y necr\u00f3tico, limpiando la herida.<\/li>\n<li><strong>Formaci\u00f3n en biopel\u00edculas:<\/strong> Las bacterias crean una fina biopel\u00edcula que impide que los pat\u00f3genos externos penetren en la cavidad de la herida (por lo que no se necesita ap\u00f3sito).<\/li>\n<li><strong>Efecto antis\u00e9ptico:<\/strong> Inhiben el crecimiento de bacterias causantes de pus y otras bacterias pat\u00f3genas.<\/li>\n<li><strong>Reducir la inflamaci\u00f3n:<\/strong> Aceleran la regeneraci\u00f3n y calman la zona da\u00f1ada.<\/li>\n<\/ul>\n<h5>\u00c1mbitos de aplicaci\u00f3n<\/h5>\n<p>El producto puede utilizarse para todas las especies de animales (mascotas, animales de granja, animales salvajes, aves):<\/p>\n<ul class=\"vetom-list\">\n<li>Tratamiento de heridas cortantes y abrasivas.<\/li>\n<li>Para curar quemaduras.<\/li>\n<li>Para inflamaciones de la piel (dermatitis) y otras lesiones cut\u00e1neas.<\/li>\n<li>Para el cuidado de heridas ulcerosas que no cicatrizan.<\/li>\n<\/ul>\n<h5>Instrucciones de uso<\/h5>\n<p>S\u00f3lo para uso externo.<\/p>\n<ul class=\"vetom-list\">\n<li><strong>Dosificaci\u00f3n:<\/strong> Aplicar una fina capa sobre la superficie da\u00f1ada 1-2 veces al d\u00eda.<\/li>\n<li><strong>Duraci\u00f3n:<\/strong> El tratamiento debe continuarse hasta la recuperaci\u00f3n completa.<\/li>\n<li><strong>Encuadernaci\u00f3n:<\/strong> Heridas tratadas con Bioseptin <strong>no es necesario vendar<\/strong>, ya que el biofilm que se forma protege la zona.<\/li>\n<\/ul>\n<h5>Seguridad y almacenamiento<\/h5>\n<ul class=\"vetom-list\">\n<li><strong>Es seguro:<\/strong> Tambi\u00e9n puede utilizarse en animales gestantes y lactantes. No se conocen efectos secundarios.<\/li>\n<li><strong>Contraindicaciones:<\/strong> No utilizar al mismo tiempo que pomadas que contengan antibi\u00f3ticos o sulfonamidas.<\/li>\n<li><strong>Almacenamiento:<\/strong> Refrigerar sin abrir (0-10 \u00b0C). <strong>Una vez abierto, almacenado a temperatura ambiente, \u00a1puede utilizarse durante 15 d\u00edas!<\/strong><\/li>\n<\/ul>","protected":false},"excerpt":{"rendered":"<div class=\"plashka\">A <strong>Bioseptin<\/strong> La pomada probi\u00f3tica cura heridas, quemaduras e inflamaciones cut\u00e1neas con flora bacteriana viva. Una alternativa natural a los antis\u00e9pticos tradicionales.<\/div>\n<h5>Ventajas clave:<\/h5>\n<ul class=\"vetom-list\">\n<li><strong>Curaci\u00f3n natural de heridas:<\/strong> Elimina el tejido muerto y regenera la piel.<\/li>\n<li><strong>Vendas invisibles:<\/strong> Forma una biopel\u00edcula en la herida, por lo que no se necesita ap\u00f3sito.<\/li>\n<li><strong>Universal:<\/strong> Seguro para perros, gatos, caballos y otros animales.<\/li>\n<li><strong>Suave:<\/strong> No pica, antiinflamatorio.<\/li>\n<\/ul>","protected":false},"featured_media":7380,"comment_status":"open","ping_status":"closed","template":"","meta":[],"product_brand":[],"product_cat":[42,38],"product_tag":[],"class_list":{"0":"post-7379","1":"product","2":"type-product","3":"status-publish","4":"has-post-thumbnail","6":"product_cat-bioseptin-kenocs","7":"product_cat-vektor-animals-vetom","9":"first","10":"outofstock","11":"featured","12":"taxable","13":"shipping-taxable","14":"purchasable","15":"product-type-simple"},"_links":{"self":[{"href":"https:\/\/vetomshop.hu\/es\/wp-json\/wp\/v2\/product\/7379","targetHints":{"allow":["GET"]}}],"collection":[{"href":"https:\/\/vetomshop.hu\/es\/wp-json\/wp\/v2\/product"}],"about":[{"href":"https:\/\/vetomshop.hu\/es\/wp-json\/wp\/v2\/types\/product"}],"replies":[{"embeddable":true,"href":"https:\/\/vetomshop.hu\/es\/wp-json\/wp\/v2\/comments?post=7379"}],"wp:featuredmedia":[{"embeddable":true,"href":"https:\/\/vetomshop.hu\/es\/wp-json\/wp\/v2\/media\/7380"}],"wp:attachment":[{"href":"https:\/\/vetomshop.hu\/es\/wp-json\/wp\/v2\/media?parent=7379"}],"wp:term":[{"taxonomy":"product_brand","embeddable":true,"href":"https:\/\/vetomshop.hu\/es\/wp-json\/wp\/v2\/product_brand?post=7379"},{"taxonomy":"product_cat","embeddable":true,"href":"https:\/\/vetomshop.hu\/es\/wp-json\/wp\/v2\/product_cat?post=7379"},{"taxonomy":"product_tag","embeddable":true,"href":"https:\/\/vetomshop.hu\/es\/wp-json\/wp\/v2\/product_tag?post=7379"}],"curies":[{"name":"wp","href":"https:\/\/api.w.org\/{rel}","templated":true}]}}