{"id":7735,"date":"2026-05-15T18:50:18","date_gmt":"2026-05-15T16:50:18","guid":{"rendered":"https:\/\/vetomshop.hu\/?post_type=product&#038;p=7735"},"modified":"2026-05-15T18:55:41","modified_gmt":"2026-05-15T16:55:41","slug":"zalmanov-fele-terpentin-furdok-feher-emulzio-125-ml","status":"publish","type":"product","link":"https:\/\/vetomshop.hu\/es\/producto\/zalmanov-fele-terpentin-furdok-feher-emulzio-125-ml\/","title":{"rendered":"Zalmanov-f\u00e9le terpentin f\u00fcrd\u0151k. Feh\u00e9r emulzi\u00f3 <span style=\"color:red\">(125 ml)<\/span>"},"content":{"rendered":"<h2>ZALMANOV-F\u00c9LE TERPENTIN F\u00dcRD\u0150K<\/h2>\n<h3>Wellness c\u00e9l\u00fa f\u00fcrd\u0151adal\u00e9k<\/h3>\n<p><strong>(FEH\u00c9R EMULZI\u00d3)<\/strong><\/p>\n<p>Az A.S. Zalmanov n\u00e9vhez kapcsol\u00f3d\u00f3 term\u00e9kvonal egy k\u00fcl\u00f6nleges, hagyom\u00e1nyokra \u00e9p\u00fcl\u0151 eur\u00f3pai wellness ir\u00e1nyzat r\u00e9szek\u00e9nt ismert, amely a 20. sz\u00e1zad eleji kelet-eur\u00f3pai f\u00fcrd\u0151kult\u00fara \u00f6r\u00f6ks\u00e9g\u00e9b\u0151l mer\u00edt inspir\u00e1ci\u00f3t.<\/p>\n<p>A m\u00e1rka a h\u00edres orvos, Alexander Solomonovich Zalmanov elm\u00e9leteihez k\u00f6thet\u0151 f\u00fcrd\u0151emulzi\u00f3ir\u00f3l v\u00e1lt ismertt\u00e9, amelyek a modern wellness \u00e9s balneoter\u00e1pi\u00e1s alkalmaz\u00e1sok vil\u00e1g\u00e1ban is elterjedtek.<\/p>\n<h2>Term\u00e9kek \u00e9s felhaszn\u00e1l\u00e1s<\/h2>\n<p>A legismertebb k\u00e9sz\u00edtm\u00e9nyek a feh\u00e9r \u00e9s a s\u00e1rga f\u00fcrd\u0151emulzi\u00f3k, amelyek k\u00fcl\u00f6nb\u00f6z\u0151 n\u00f6v\u00e9nyi \u00e9s arom\u00e1s komponensek felhaszn\u00e1l\u00e1s\u00e1val k\u00e9sz\u00fclnek. A term\u00e9keket meleg f\u00fcrd\u0151v\u00edzhez adagolva haszn\u00e1lj\u00e1k, els\u0151sorban a relax\u00e1ci\u00f3s \u00e9s wellness c\u00e9l\u00fa f\u00fcrd\u0151ritu\u00e1l\u00e9k r\u00e9szek\u00e9nt.<\/p>\n<h2>El\u00e9rhet\u0151s\u00e9g \u00e9s elterjedts\u00e9g<\/h2>\n<p>Az A.S. Zalmanov term\u00e9kek t\u00f6bb eur\u00f3pai orsz\u00e1gban is el\u00e9rhet\u0151k k\u00fcl\u00f6nb\u00f6z\u0151 gy\u00e1rt\u00f3i \u00e9s forgalmaz\u00f3i form\u00e1ban, \u00e9s a term\u00e9szetes alap\u00fa wellness k\u00e9sz\u00edtm\u00e9nyek kateg\u00f3ri\u00e1j\u00e1ban szerepelnek.<\/p>\n<h2>Fontos megjegyz\u00e9s<\/h2>\n<p>A term\u00e9kek a hat\u00e1lyos eur\u00f3pai szab\u00e1lyoz\u00e1soknak megfelel\u0151en ker\u00fclnek forgalomba, \u00e9s els\u0151dlegesen wellness \u00e9s kozmetikai c\u00e9l\u00fa felhaszn\u00e1l\u00e1sra szolg\u00e1lnak.<\/p>\n<ul>\n<li>\u00e9l\u00e9nk\u00edt\u0151, friss\u00edt\u0151 hat\u00e1s<\/li>\n<li>hozz\u00e1j\u00e1rul a b\u0151r komfort\u00e9rzet\u00e9nek jav\u00edt\u00e1s\u00e1hoz<\/li>\n<li>t\u00e1mogatja a b\u0151r term\u00e9szetes meg\u00fajul\u00e1s\u00e1t<\/li>\n<li>seg\u00edti a relax\u00e1ci\u00f3t \u00e9s a k\u00f6z\u00e9rzet javul\u00e1s\u00e1t<\/li>\n<li>a b\u0151r megjelen\u00e9s\u00e9nek feszesebb hat\u00e1s\u00e1t seg\u00edtheti<\/li>\n<li>wellness programok kieg\u00e9sz\u00edt\u00e9s\u00e9re<\/li>\n<\/ul>\n<h3>Descripci\u00f3n:<\/h3>\n<p>A feh\u00e9r emulzi\u00f3 meleg\u00edt\u0151, \u00e9l\u00e9nk\u00edt\u0151 \u00e9rzetet biztos\u00edt\u00f3 f\u00fcrd\u0151adal\u00e9k.<br \/>\nHaszn\u00e1lata sor\u00e1n el\u0151seg\u00edti a b\u0151r v\u00e9rkering\u00e9si \u00e9rzet\u00e9nek fokoz\u00f3d\u00e1s\u00e1t, friss\u00edt\u0151 hat\u00e1ssal van a b\u0151rre, \u00e9s kellemes k\u00f6z\u00e9rzetet biztos\u00edt. A rendszeres alkalmaz\u00e1s hozz\u00e1j\u00e1rulhat a b\u0151r t\u00f3nus\u00e1nak \u00e9s megjelen\u00e9s\u00e9nek jav\u00edt\u00e1s\u00e1hoz.<\/p>\n<h3>\u00d6sszet\u00e9tel:<\/h3>\n<p>terebintolaj (\u00e9l\u0151gyant\u00e1s terpentin), tiszt\u00edtott v\u00edz, babaszappan, szalicilsav.<br \/>\nINCI: GTS Turpentine Oil, Distilled Water, Baby Soap, Salicylic Acid<\/p>\n<h3>Alkalmaz\u00e1si m\u00f3d:<\/h3>\n<p><strong>Els\u0151 f\u00fcrd\u0151:<\/strong> 5 ml.<br \/>\nMinden tov\u00e1bbi f\u00fcrd\u0151n\u00e9l az adag 5 ml-rel n\u00f6velhet\u0151.<br \/>\nAlaposan keverje el.<\/p>\n<p><strong>A f\u00fcrd\u0151v\u00edz h\u0151m\u00e9rs\u00e9klete:<\/strong> 37\u00b0C, fokozatosan emelhet\u0151 39\u201342\u00b0C-ra.<\/p>\n<p><strong>Duraci\u00f3n:<\/strong> 10\u201315 perc.<\/p>\n<h3>Advertencia:<\/h3>\n<p>K\u00fcls\u0151leges haszn\u00e1latra. Nem kozmetikai kezel\u00e9s helyettes\u00edt\u00e9s\u00e9re.<br \/>\nEgy\u00e9ni \u00e9rz\u00e9kenys\u00e9g eset\u00e9n haszn\u00e1lata nem javasolt.Nem gy\u00f3gyszer. K\u00fcls\u0151leges haszn\u00e1latra.<br \/>\nNem tartalmaz GMO-t, tart\u00f3s\u00edt\u00f3szert \u00e9s sz\u00ednez\u00e9ket.<\/p>\n<p><strong>Almacenamiento: <\/strong>eredeti csomagol\u00e1s , sz\u00e1raz, f\u00e9nyt\u0151l \u00e9s gyermekekt\u0151l v\u00e9dett helyen, szobah\u0151m\u00e9rs\u00e9kleten.<br \/>\nMin\u0151s\u00e9gmeg\u0151rz\u00e9si id\u0151: 24 h\u00f3nap a gy\u00e1rt\u00e1s d\u00e1tum\u00e1t\u00f3l.<\/p>\n<h3>Fabricante:<\/h3>\n<p><em>\u0422\u041e\u0412 \u201e\u0422.\u0412.\u041a. \u0413\u0420\u0423\u041f\u201d<\/em><br \/>\nDr Pirogov laborat\u00f3rium<br \/>\n<a href=\"http:\/\/www.doctor-pirogov.com\/\" target=\"_blank\" rel=\"noopener noreferrer nofollow\">www.doctor-pirogov.co<\/a><\/p>","protected":false},"excerpt":{"rendered":"<h3>Wellness c\u00e9l\u00fa f\u00fcrd\u0151adal\u00e9k<\/h3>\n<p><strong>(FEH\u00c9R EMULZI\u00d3)<\/strong><\/p>\n<p>A gyant\u00e1b\u00f3l nyert terpentin alap\u00fa terpentinf\u00fcrd\u0151ket (A. S. Zalmanov m\u00f3dszere szerint) gy\u00f3gy\u00edt\u00f3 hat\u00e1s el\u00e9r\u00e9se \u00e9rdek\u00e9ben adj\u00e1k a v\u00edzhez.<\/p>\n<div class=\"plashka\">Seg\u00edtenek jav\u00edtani az eg\u00e9szs\u00e9gi \u00e1llapotot, hat\u00e1ssal vannak a test sejtjeire, meghosszabb\u00edtva azok m\u0171k\u00f6d\u00e9si idej\u00e9t, \u00e9s ez\u00e1ltal az \u00e9lettartamot is.<\/div>\n<p>Az emulzi\u00f3 receptj\u00e9t a h\u00edres term\u00e9szetgy\u00f3gy\u00e1sz, Zalmanov aj\u00e1nl\u00e1sai alapj\u00e1n \u00e1ll\u00edtott\u00e1k \u00f6ssze.<\/p>","protected":false},"featured_media":7733,"comment_status":"open","ping_status":"closed","template":"","meta":[],"product_brand":[],"product_cat":[43],"product_tag":[],"class_list":{"0":"post-7735","1":"product","2":"type-product","3":"status-publish","4":"has-post-thumbnail","6":"product_cat-wellness-celu-furdoadalek","8":"first","9":"outofstock","10":"taxable","11":"shipping-taxable","12":"purchasable","13":"product-type-simple"},"_links":{"self":[{"href":"https:\/\/vetomshop.hu\/es\/wp-json\/wp\/v2\/product\/7735","targetHints":{"allow":["GET"]}}],"collection":[{"href":"https:\/\/vetomshop.hu\/es\/wp-json\/wp\/v2\/product"}],"about":[{"href":"https:\/\/vetomshop.hu\/es\/wp-json\/wp\/v2\/types\/product"}],"replies":[{"embeddable":true,"href":"https:\/\/vetomshop.hu\/es\/wp-json\/wp\/v2\/comments?post=7735"}],"wp:featuredmedia":[{"embeddable":true,"href":"https:\/\/vetomshop.hu\/es\/wp-json\/wp\/v2\/media\/7733"}],"wp:attachment":[{"href":"https:\/\/vetomshop.hu\/es\/wp-json\/wp\/v2\/media?parent=7735"}],"wp:term":[{"taxonomy":"product_brand","embeddable":true,"href":"https:\/\/vetomshop.hu\/es\/wp-json\/wp\/v2\/product_brand?post=7735"},{"taxonomy":"product_cat","embeddable":true,"href":"https:\/\/vetomshop.hu\/es\/wp-json\/wp\/v2\/product_cat?post=7735"},{"taxonomy":"product_tag","embeddable":true,"href":"https:\/\/vetomshop.hu\/es\/wp-json\/wp\/v2\/product_tag?post=7735"}],"curies":[{"name":"wp","href":"https:\/\/api.w.org\/{rel}","templated":true}]}}