{"id":1020,"date":"2020-02-17T14:15:30","date_gmt":"2020-02-17T14:15:30","guid":{"rendered":"https:\/\/vetomshop.hu\/?page_id=1020"},"modified":"2024-09-26T18:57:13","modified_gmt":"2024-09-26T16:57:13","slug":"gyakori-kerdesek","status":"publish","type":"page","link":"https:\/\/vetomshop.hu\/et\/gyakori-kerdesek\/","title":{"rendered":"Korduma kippuvad k\u00fcsimused"},"content":{"rendered":"<div class=\"wpb-content-wrapper\">\n<div  data-mk-stretch-content=\"true\" class=\"wpb_row vc_row vc_row-fluid jupiter-donut- mk-fullwidth-false  attched-false     js-master-row  mk-grid\">\n\t\t\t\t\n<div class=\"vc_col-sm-12 wpb_column column_container  jupiter-donut- _ jupiter-donut-height-full\">\n\t\n<div data-style=\"accordion-style\" data-initialindex=\"0\" id=\"mk-accordion-2\" class=\"mk-accordion mobile-false fancy-style\">\n\t<div class=\"wpb_accordion_wrapper\">\n\t\t\n<div id=\"\"class=\"mk-accordion-single\">\n\n\t<div class=\"mk-accordion-tab\">\n\t\t<i><svg  class=\"mk-svg-icon\" data-name=\"mk-icon-medkit\" data-cacheid=\"icon-69f789016a21f\" xmlns=\"http:\/\/www.w3.org\/2000\/svg\" viewbox=\"0 0 1792 1792\"><path d=\"M1280 1120v-192q0-14-9-23t-23-9h-224v-224q0-14-9-23t-23-9h-192q-14 0-23 9t-9 23v224h-224q-14 0-23 9t-9 23v192q0 14 9 23t23 9h224v224q0 14 9 23t23 9h192q14 0 23-9t9-23v-224h224q14 0 23-9t9-23zm-640-736h512v-128h-512v128zm-384 0v1280h-32q-92 0-158-66t-66-158v-832q0-92 66-158t158-66h32zm1184 0v1280h-1088v-1280h160v-160q0-40 28-68t68-28h576q40 0 68 28t28 68v160h160zm352 224v832q0 92-66 158t-158 66h-32v-1280h32q92 0 158 66t66 158z\"\/><\/svg><\/i>\t\t<span>Mis on Vetom?<\/span>\n\t\t<svg  class=\"mk-svg-icon\" data-name=\"mk-icon-chevron-right\" data-cacheid=\"icon-69f789016a36a\" style=\" height:13px; width: 9.2857142857143px; \"  xmlns=\"http:\/\/www.w3.org\/2000\/svg\" viewbox=\"0 0 1280 1792\"><path d=\"M1107 877l-742 742q-19 19-45 19t-45-19l-166-166q-19-19-19-45t19-45l531-531-531-531q-19-19-19-45t19-45l166-166q19-19 45-19t45 19l742 742q19 19 19 45t-19 45z\"\/><\/svg>\t<\/div>\n\n\t<div class=\"mk-accordion-pane\">\n\t\t\t<div class=\"vc_custom_1716651722549\">\n\n<div id=\"text-block-3\" class=\"mk-text-block  jupiter-donut-\">\n\n\t\n\t<p><span style=\"color: #a58904;\"><strong>VETOM<\/strong><\/span>\u00a0- v\u00e4ga v\u00f5imas probiootikum, mis taastab ja s\u00e4ilitab soole limaskesta struktuuri ja mao mikrofloora.<\/p>\n<p><img loading=\"lazy\" decoding=\"async\" class=\"size-full wp-image-623 aligncenter\" src=\"https:\/\/vetomshop.hu\/wp-content\/uploads\/2024\/05\/vetom-laboratorium.jpg\" alt=\"\" width=\"1464\" height=\"560\" \/><\/p>\n<p><strong><span style=\"color: #a58904;\">Kuidas Vetom v\u00f5itleb viirus- ja bakteriaalsete infektsioonide vastu?<\/span><\/strong><\/p>\n<p>Vetomi toimeaine on Bacillus subtilis t\u00fcvi VKPM B 10641. Sellesse liiki kuuluvad bakterid p\u00e4rsivad spetsiifiliselt mikrofloora kasvu ja arengut v\u00e4ljaspool seedetrakti otsese antagonismi kaudu nakkusetekitajatele ja kaudselt organismi immuuns\u00fcsteemi optimeerimise kaudu inimese leukots\u00fc\u00fctide interferoon \u03b1-2 tootmise kaudu.<\/p>\n<p>Interferoon - valgumolekul, mis tagab viirusevastase immuunsuse!<\/p>\n<p>Interferooni peamine toimemehhanism - arengu ja jagunemise p\u00e4rssimine. F\u00fcsioloogilistes annustes reguleerib see toime viiruste replikatsiooni.<\/p>\n<p>Terve keha reageerib viiruste sissetungile interferoonide tootmisega, mis takistavad hilisemat nakkuse arengut.<\/p>\n<p><img loading=\"lazy\" decoding=\"async\" class=\"size-full wp-image-5647 aligncenter\" src=\"https:\/\/vetomshop.hu\/wp-content\/uploads\/2024\/05\/laborator.jpg\" alt=\"\" width=\"1000\" height=\"534\" srcset=\"https:\/\/vetomshop.hu\/wp-content\/uploads\/2024\/05\/laborator.jpg 1000w, https:\/\/vetomshop.hu\/wp-content\/uploads\/2024\/05\/laborator-300x160.jpg 300w, https:\/\/vetomshop.hu\/wp-content\/uploads\/2024\/05\/laborator-768x410.jpg 768w, https:\/\/vetomshop.hu\/wp-content\/uploads\/2024\/05\/laborator-600x320.jpg 600w\" sizes=\"auto, (max-width: 1000px) 100vw, 1000px\" \/>Kuna Vetom stimuleerib interferooni tootmist, kasutatakse seda ka viiruste ja infektsioonide, sealhulgas koronaviiruse vastu v\u00f5itlemiseks:<\/p>\n<ul>\n<li>SARS (rinoviirus, koronaviirusinfektsioon, gripi- ja parainfluentsaviirused);<\/li>\n<li>nakkushaigused - erinevad herpese vormid (viiruslik keratokonjunktiviit ja keratiit, keratouveiit, genitaalherpes, v\u00f6\u00f6tohatis);<\/li>\n<li>\u00e4ge ja krooniline viirushepatiit (A, B, C, D (delta)).<\/li>\n<\/ul>\n\n\t<div class=\"clearboth\"><\/div>\n<\/div>\n\n\t<\/div>\n\n\t\t<div class=\"clearboth\"><\/div>\n\t<\/div>\n\n<\/div>\n\n<div id=\"\"class=\"mk-accordion-single\">\n\n\t<div class=\"mk-accordion-tab\">\n\t\t<i><svg  class=\"mk-svg-icon\" data-name=\"mk-icon-medkit\" data-cacheid=\"icon-69f789016abd5\" xmlns=\"http:\/\/www.w3.org\/2000\/svg\" viewbox=\"0 0 1792 1792\"><path d=\"M1280 1120v-192q0-14-9-23t-23-9h-224v-224q0-14-9-23t-23-9h-192q-14 0-23 9t-9 23v224h-224q-14 0-23 9t-9 23v192q0 14 9 23t23 9h224v224q0 14 9 23t23 9h192q14 0 23-9t9-23v-224h224q14 0 23-9t9-23zm-640-736h512v-128h-512v128zm-384 0v1280h-32q-92 0-158-66t-66-158v-832q0-92 66-158t158-66h32zm1184 0v1280h-1088v-1280h160v-160q0-40 28-68t68-28h576q40 0 68 28t28 68v160h160zm352 224v832q0 92-66 158t-158 66h-32v-1280h32q92 0 158 66t66 158z\"\/><\/svg><\/i>\t\t<span>Kas Vetom sobib lastele?<\/span>\n\t\t<svg  class=\"mk-svg-icon\" data-name=\"mk-icon-chevron-right\" data-cacheid=\"icon-69f789016acb4\" style=\" height:13px; width: 9.2857142857143px; \"  xmlns=\"http:\/\/www.w3.org\/2000\/svg\" viewbox=\"0 0 1280 1792\"><path d=\"M1107 877l-742 742q-19 19-45 19t-45-19l-166-166q-19-19-19-45t19-45l531-531-531-531q-19-19-19-45t19-45l166-166q19-19 45-19t45 19l742 742q19 19 19 45t-19 45z\"\/><\/svg>\t<\/div>\n\n\t<div class=\"mk-accordion-pane\">\n\t\t\t<div class=\"vc_custom_1675849573805\">\n\n<div id=\"text-block-4\" class=\"mk-text-block  jupiter-donut-\">\n\n\t\n\t<p><img loading=\"lazy\" decoding=\"async\" class=\"size-full wp-image-612 aligncenter\" src=\"\/\/vetom-egeszsegshop.hu\/wp-content\/uploads\/2023\/02\/probio-dity.jpg\" alt=\"\" width=\"1105\" height=\"600\" \/><\/p>\n<p>Probiootikumil ei ole vanusepiirangut, seega v\u00f5ivad seda v\u00f5tta nii t\u00e4iskasvanud kui ka lapsed.<\/p>\n<p>V\u00f5ite kasutada probiootikumide vedelat vormi: 1-2 tilka 2-3 korda p\u00e4evas, lahjendatuna v\u00e4heses vees. Eelistatavalt kuurina 10-14 p\u00e4eva.<\/p>\n<p>V\u00f5i antakse pulbrina, 1 g pulbrit 10 kg lapse kehakaalu kohta, 2-3 korda p\u00e4evas. Pulbrit v\u00f5ib lahjendada v\u00e4ikeses koguses vedelikus.<\/p>\n<p>Eelistatavalt 10-14 p\u00e4eva kestev kuur.<\/p>\n\n\t<div class=\"clearboth\"><\/div>\n<\/div>\n\n\t<\/div>\n\n\t\t<div class=\"clearboth\"><\/div>\n\t<\/div>\n\n<\/div>\n\n<div id=\"\"class=\"mk-accordion-single\">\n\n\t<div class=\"mk-accordion-tab\">\n\t\t<i><svg  class=\"mk-svg-icon\" data-name=\"mk-icon-medkit\" data-cacheid=\"icon-69f789016b06e\" xmlns=\"http:\/\/www.w3.org\/2000\/svg\" viewbox=\"0 0 1792 1792\"><path d=\"M1280 1120v-192q0-14-9-23t-23-9h-224v-224q0-14-9-23t-23-9h-192q-14 0-23 9t-9 23v224h-224q-14 0-23 9t-9 23v192q0 14 9 23t23 9h224v224q0 14 9 23t23 9h192q14 0 23-9t9-23v-224h224q14 0 23-9t9-23zm-640-736h512v-128h-512v128zm-384 0v1280h-32q-92 0-158-66t-66-158v-832q0-92 66-158t158-66h32zm1184 0v1280h-1088v-1280h160v-160q0-40 28-68t68-28h576q40 0 68 28t28 68v160h160zm352 224v832q0 92-66 158t-158 66h-32v-1280h32q92 0 158 66t66 158z\"\/><\/svg><\/i>\t\t<span>Kuidas v\u00f5tta Vetom tooteid?<\/span>\n\t\t<svg  class=\"mk-svg-icon\" data-name=\"mk-icon-chevron-right\" data-cacheid=\"icon-69f789016b10c\" style=\" height:13px; width: 9.2857142857143px; \"  xmlns=\"http:\/\/www.w3.org\/2000\/svg\" viewbox=\"0 0 1280 1792\"><path d=\"M1107 877l-742 742q-19 19-45 19t-45-19l-166-166q-19-19-19-45t19-45l531-531-531-531q-19-19-19-45t19-45l166-166q19-19 45-19t45 19l742 742q19 19 19 45t-19 45z\"\/><\/svg>\t<\/div>\n\n\t<div class=\"mk-accordion-pane\">\n\t\t\t<div class=\"vc_custom_1716651401497\">\n\n<div id=\"text-block-5\" class=\"mk-text-block  jupiter-donut-\">\n\n\t\n\t<p>Maksimaalse toime saavutamiseks v\u00f5tke Vetom \u00fcks tund enne s\u00f6\u00f6ki koos v\u00e4ikese koguse puhta veega. Soovitatav on v\u00e4listada alkoholi ja v\u00fcrtsikaid toiduaineid v\u00f5tmise ajal. Annuse ja manustamissageduse valimisel tuleb silmas pidada, et terapeutiline toime ei s\u00f5ltu otseselt korraga manustatud ravimi kogusest, vaid manustamise sagedusest kuurikuuris - mida sagedamini manustatakse, seda tugevam on toime.<\/p>\n<p><img decoding=\"async\" class=\"alignnone size-full wp-image-5645\" src=\"https:\/\/vetomshop.hu\/wp-content\/uploads\/2024\/05\/gettyimages.jpg\" alt=\"\" width=\"100%\" srcset=\"https:\/\/vetomshop.hu\/wp-content\/uploads\/2024\/05\/gettyimages.jpg 1920w, https:\/\/vetomshop.hu\/wp-content\/uploads\/2024\/05\/gettyimages-300x171.jpg 300w, https:\/\/vetomshop.hu\/wp-content\/uploads\/2024\/05\/gettyimages-1024x585.jpg 1024w, https:\/\/vetomshop.hu\/wp-content\/uploads\/2024\/05\/gettyimages-768x438.jpg 768w, https:\/\/vetomshop.hu\/wp-content\/uploads\/2024\/05\/gettyimages-1536x877.jpg 1536w, https:\/\/vetomshop.hu\/wp-content\/uploads\/2024\/05\/gettyimages-1320x754.jpg 1320w, https:\/\/vetomshop.hu\/wp-content\/uploads\/2024\/05\/gettyimages-600x343.jpg 600w\" sizes=\"(max-width: 1920px) 100vw, 1920px\" \/><\/p>\n<p>\u00dcks annus peaks sisaldama v\u00e4hemalt 5 miljonit mikroorganismi, nt v\u00e4hemalt 5 g pulbrit (umbes 1 teelusikat\u00e4is), 1 kotike v\u00f5i 1 kapsel. Kui te v\u00f5tate Vetom'i vedelal kujul, siis 1 annus = 1 tilk.<\/p>\n<p><span style=\"color: #a58904;\"><strong>\u00dcleannustamine ei avalda negatiivset m\u00f5ju.<\/strong><\/span><\/p>\n<p>Ennetav annustamine tervetele inimestele v\u00f5imalike haiguste ennetamiseks<em>:\u00a0<\/em><\/p>\n<ul>\n<li>V\u00f5tke Vetom <span style=\"color: #ff0000;\">1.1<\/span>-et v\u00f5i Veto <span style=\"color: #ff0000;\">1.23<\/span>-(valige ise preparaat - oluline on toimeaine olemasolu - Bacillus subtilis VKPM B-10641 (DSM 24613) t\u00fcvi) 10-14 p\u00e4eva jooksul, mitu korda p\u00e4evas 7-10 korda, umbes v\u00f5rdsete vaheaegadega.N\u00e4iteks v\u00f5tate seda 2 n\u00e4dalat, siis teete 3 n\u00e4dalase pausi ja kordate ravi uuesti. .<\/li>\n<li>Korrake kuuri v\u00e4hemalt 2 korda aastas, eelistatavalt perioodil enne k\u00fclmetushaiguste suuremat t\u00f5en\u00e4osust.<\/li>\n<li>Soovitatav Vetomile <span style=\"color: #ff0000;\">1.1<\/span> kapsel - tilgavorm Vetom <span style=\"color: #ff0000;\">1.23<\/span> tarvitada Vetom'i kuuride vahelisel ajal. <span style=\"color: #ff0000;\">3<\/span>-at ja <span style=\"color: #ff0000;\">4<\/span>-(v\u00f5i ma v\u00f5tan <span style=\"color: #ff0000;\">2<\/span>-t) 2-3 annust p\u00e4evas 10-14 p\u00e4eva jooksul.<\/li>\n<li>Vetomi pulbri v\u00f5i kapslite asemel v\u00f5ite v\u00f5tta vedelat probiootikumi, mida iga\u00fcks v\u00f5ib v\u00f5tta: Vetom <span style=\"color: #ff0000;\">1.23<\/span> Vetom <span style=\"color: #ff0000;\">3.22<\/span>, Vetom <span style=\"color: #ff0000;\">4.24<\/span> v\u00f5i I Veto <span style=\"color: #ff0000;\">2.25<\/span>, Vetom <span style=\"color: #ff0000;\">2.26<\/span>.<\/li>\n<\/ul>\n<p>Kui teil on t\u00f5esti hea immuunsus, siis 1 -2 kursust 10-14 p\u00e4eva Vetomit. <span style=\"color: #ff0000;\">1.1<\/span> te ei m\u00e4rka p\u00e4rast ravi mingeid erilisi m\u00f5jusid.<\/p>\n<p><strong><span style=\"color: #a58904;\">Terapeutiline korjamine:<\/span><\/strong><\/p>\n<ul>\n<li>V\u00f5tke Vetom <span style=\"color: #ff0000;\">1.1<\/span> kapslid v\u00f5i Vetom <span style=\"color: #ff0000;\">1.23<\/span> 10 tilka p\u00e4evas (10 kapslit - 10 tilka) 10-14 p\u00e4eva jooksul. Siis min 14 p\u00e4eva paus .<\/li>\n<li>Ravikuuri tuleks korrata 1 kuni 2 kuu p\u00e4rast .<\/li>\n<li>Vetom <span style=\"color: #ff0000;\">1.1<\/span> (Vetom <span style=\"color: #ff0000;\">1.23<\/span> ) ravi vahel proovida Vetom <span style=\"color: #ff0000;\">3<\/span>-at ja <span style=\"color: #ff0000;\">4<\/span>-(v\u00f5i ma v\u00f5tan <span style=\"color: #ff0000;\">2<\/span>-) v\u00f5ib tarbida iga p\u00e4ev 10-14 p\u00e4eva jooksul.<\/li>\n<li>Et teil oleks parem tunne, Vetom <span style=\"color: #ff0000;\">1.1<\/span> t\u00f6\u00f6tlemisvahemikku tuleks suurendada 2-3 korda aastas. Sellest tulenevalt on Vetom <span style=\"color: #ff0000;\">2<\/span> Samuti v\u00f5ib 3. ja 4. annuse v\u00f5tmise sagedust aja jooksul j\u00e4rk-j\u00e4rgult v\u00e4hendada 10 annuselt 2-3 annuseni.<\/li>\n<\/ul>\n\n\t<div class=\"clearboth\"><\/div>\n<\/div>\n\n\t<\/div>\n\n\t\t<div class=\"clearboth\"><\/div>\n\t<\/div>\n\n<\/div>\n\n<div id=\"\"class=\"mk-accordion-single\">\n\n\t<div class=\"mk-accordion-tab\">\n\t\t<i><svg  class=\"mk-svg-icon\" data-name=\"mk-icon-medkit\" data-cacheid=\"icon-69f789016be83\" xmlns=\"http:\/\/www.w3.org\/2000\/svg\" viewbox=\"0 0 1792 1792\"><path d=\"M1280 1120v-192q0-14-9-23t-23-9h-224v-224q0-14-9-23t-23-9h-192q-14 0-23 9t-9 23v224h-224q-14 0-23 9t-9 23v192q0 14 9 23t23 9h224v224q0 14 9 23t23 9h192q14 0 23-9t9-23v-224h224q14 0 23-9t9-23zm-640-736h512v-128h-512v128zm-384 0v1280h-32q-92 0-158-66t-66-158v-832q0-92 66-158t158-66h32zm1184 0v1280h-1088v-1280h160v-160q0-40 28-68t68-28h576q40 0 68 28t28 68v160h160zm352 224v832q0 92-66 158t-158 66h-32v-1280h32q92 0 158 66t66 158z\"\/><\/svg><\/i>\t\t<span>Milline Vetom on parim?<\/span>\n\t\t<svg  class=\"mk-svg-icon\" data-name=\"mk-icon-chevron-right\" data-cacheid=\"icon-69f789016bf62\" style=\" height:13px; width: 9.2857142857143px; \"  xmlns=\"http:\/\/www.w3.org\/2000\/svg\" viewbox=\"0 0 1280 1792\"><path d=\"M1107 877l-742 742q-19 19-45 19t-45-19l-166-166q-19-19-19-45t19-45l531-531-531-531q-19-19-19-45t19-45l166-166q19-19 45-19t45 19l742 742q19 19 19 45t-19 45z\"\/><\/svg>\t<\/div>\n\n\t<div class=\"mk-accordion-pane\">\n\t\t\t<div class=\"vc_custom_1727369822448\">\n\n<div id=\"text-block-6\" class=\"mk-text-block  jupiter-donut-\">\n\n\t\n\t<p><img decoding=\"async\" class=\"wp-image-621 aligncenter\" src=\"https:\/\/vetomshop.hu\/wp-content\/uploads\/2024\/05\/nutrigenomics.jpg\" alt=\"\" width=\"100%\" \/><\/p>\n<p>On v\u00f5imatu kindlaks teha, milline neist probiootikumidest on parem. Neid kasutatakse peaaegu samade haiguste puhul, kuid igal Vetomil on erinev m\u00f5ju.  Nad t\u00e4iendavad \u00fcksteist.<\/p>\n<p>K\u00f5ik s\u00f5ltub keha individuaalsetest omadustest ja seisundist . Parim lahendus oleks kasutada k\u00f5iki Vetom tooteid t\u00e4ies mahus.<\/p>\n<p>4 erinevat kapslit moodustavad tegelikult 1 suure terviku.<\/p>\n\n\t<div class=\"clearboth\"><\/div>\n<\/div>\n\n\t<\/div>\n\n\t\t<div class=\"clearboth\"><\/div>\n\t<\/div>\n\n<\/div>\n\n<div id=\"\"class=\"mk-accordion-single\">\n\n\t<div class=\"mk-accordion-tab\">\n\t\t<i><svg  class=\"mk-svg-icon\" data-name=\"mk-icon-medkit\" data-cacheid=\"icon-69f789016c308\" xmlns=\"http:\/\/www.w3.org\/2000\/svg\" viewbox=\"0 0 1792 1792\"><path d=\"M1280 1120v-192q0-14-9-23t-23-9h-224v-224q0-14-9-23t-23-9h-192q-14 0-23 9t-9 23v224h-224q-14 0-23 9t-9 23v192q0 14 9 23t23 9h224v224q0 14 9 23t23 9h192q14 0 23-9t9-23v-224h224q14 0 23-9t9-23zm-640-736h512v-128h-512v128zm-384 0v1280h-32q-92 0-158-66t-66-158v-832q0-92 66-158t158-66h32zm1184 0v1280h-1088v-1280h160v-160q0-40 28-68t68-28h576q40 0 68 28t28 68v160h160zm352 224v832q0 92-66 158t-158 66h-32v-1280h32q92 0 158 66t66 158z\"\/><\/svg><\/i>\t\t<span>Millises pakendis on Vetom saadaval?<\/span>\n\t\t<svg  class=\"mk-svg-icon\" data-name=\"mk-icon-chevron-right\" data-cacheid=\"icon-69f789016c3e5\" style=\" height:13px; width: 9.2857142857143px; \"  xmlns=\"http:\/\/www.w3.org\/2000\/svg\" viewbox=\"0 0 1280 1792\"><path d=\"M1107 877l-742 742q-19 19-45 19t-45-19l-166-166q-19-19-19-45t19-45l531-531-531-531q-19-19-19-45t19-45l166-166q19-19 45-19t45 19l742 742q19 19 19 45t-19 45z\"\/><\/svg>\t<\/div>\n\n\t<div class=\"mk-accordion-pane\">\n\t\t\t<div class=\"vc_custom_1716650901197\">\n\n<div id=\"text-block-7\" class=\"mk-text-block  jupiter-donut-\">\n\n\t\n\t<p><strong>Millises pakendis on Vetom saadaval?<\/strong><\/p>\n<p>Vetom on saadaval kolmes ravimvormis:<\/p>\n<ul>\n<li>Pulber 5, 500 g pakend<\/li>\n<li>Kapslid 50 tera pakendis<\/li>\n<li>Vedelik 10 ml<\/li>\n<\/ul>\n<p><img loading=\"lazy\" decoding=\"async\" class=\"wp-image-625 aligncenter\" src=\"https:\/\/vetomshop.hu\/wp-content\/uploads\/2024\/05\/biotech-deepdive.webp\" alt=\"\" width=\"869\" height=\"365\" \/><\/p>\n\n\t<div class=\"clearboth\"><\/div>\n<\/div>\n\n\t<\/div>\n\n\t\t<div class=\"clearboth\"><\/div>\n\t<\/div>\n\n<\/div>\n\n<div id=\"\"class=\"mk-accordion-single\">\n\n\t<div class=\"mk-accordion-tab\">\n\t\t<i><svg  class=\"mk-svg-icon\" data-name=\"mk-icon-medkit\" data-cacheid=\"icon-69f789016c884\" xmlns=\"http:\/\/www.w3.org\/2000\/svg\" viewbox=\"0 0 1792 1792\"><path d=\"M1280 1120v-192q0-14-9-23t-23-9h-224v-224q0-14-9-23t-23-9h-192q-14 0-23 9t-9 23v224h-224q-14 0-23 9t-9 23v192q0 14 9 23t23 9h224v224q0 14 9 23t23 9h192q14 0 23-9t9-23v-224h224q14 0 23-9t9-23zm-640-736h512v-128h-512v128zm-384 0v1280h-32q-92 0-158-66t-66-158v-832q0-92 66-158t158-66h32zm1184 0v1280h-1088v-1280h160v-160q0-40 28-68t68-28h576q40 0 68 28t28 68v160h160zm352 224v832q0 92-66 158t-158 66h-32v-1280h32q92 0 158 66t66 158z\"\/><\/svg><\/i>\t\t<span>Mille poolest erinevad probiootikumid seemnetest?<\/span>\n\t\t<svg  class=\"mk-svg-icon\" data-name=\"mk-icon-chevron-right\" data-cacheid=\"icon-69f789016c96a\" style=\" height:13px; width: 9.2857142857143px; \"  xmlns=\"http:\/\/www.w3.org\/2000\/svg\" viewbox=\"0 0 1280 1792\"><path d=\"M1107 877l-742 742q-19 19-45 19t-45-19l-166-166q-19-19-19-45t19-45l531-531-531-531q-19-19-19-45t19-45l166-166q19-19 45-19t45 19l742 742q19 19 19 45t-19 45z\"\/><\/svg>\t<\/div>\n\n\t<div class=\"mk-accordion-pane\">\n\t\t\t<div class=\"vc_custom_1722780911439\">\n\n<div id=\"text-block-8\" class=\"mk-text-block  jupiter-donut-\">\n\n\t\n\t<h3><span style=\"color: #a58904;\">Vetom probiootikumid v\u00f5ivad erineda ka oma bakteriaalsete koostisosade ja pakendite poolest.<\/span><\/h3>\n<p><span style=\"color: #a58904;\"><strong>Probiootiliste mikroorganismide erinevus Vetomi toodetes:<\/strong><\/span><\/p>\n<p>Legendaarsed VETOMi probiootikumid on olnud tootmises juba \u00fcle 20 aasta, kuid v\u00e4hesed teavad, miks kursus koosneb 4 numbrist ja milles seisneb nende erinevus.<\/p>\n<p><img loading=\"lazy\" decoding=\"async\" class=\"size-full wp-image-623 aligncenter\" src=\"https:\/\/vetomshop.hu\/wp-content\/uploads\/2024\/05\/tech-biotechnology.webp\" alt=\"\" width=\"1464\" height=\"560\" \/><\/p>\n<p>Nii et nad p\u00fc\u00fcavad seda v\u00e4lja selgitada.<\/p>\n<p>\u2713 A VETOM <span style=\"color: #ff0000;\">1<\/span> kapslite ja tilkade kujul <span style=\"color: #ff0000;\">1.23<\/span> t\u00f6\u00f6tab nagu luude k\u00f5ige ts\u00fcstilisemas osas j\u00e4mesooles. See stimuleerib interferooni tootmist.<\/p>\n<p>Peensoole l\u00fcmfis\u00f5lmede organellid on sageli puhkeolekus stressi, antibiootikumravi, keskkonnategurite jms t\u00f5ttu.<\/p>\n<p>VETOM <span style=\"color: #ff0000;\">1.1<\/span> Bakteritel on oma koostises plasmiidid, mis \u00e4ratavad need organellid, sundides meid tootma oma interferooni keha hetkeseisundile vastavas koguses.<\/p>\n<p>\u2713 A VETOM <span style=\"color: #ff0000;\">2<\/span> kapslite ja tilkade kujul <span style=\"color: #ff0000;\">2.25<\/span> v\u00f5i <span style=\"color: #ff0000;\">2.26<\/span> See sisaldab 2 bakterit\u00fcve, millest \u00fcks j\u00e4tkab j\u00e4mesoole desinfitseerimist ja teine t\u00f6\u00f6tab peensooles (k\u00f5rvaldades patogeense taimestiku katsed \u201ep\u00f5geneda\u201d j\u00e4mesoolest peensoolde).<\/p>\n<p>\u2713 A VETOM <span style=\"color: #ff0000;\">3<\/span> kapslite ja tilkade kujul <span style=\"color: #ff0000;\">3.22<\/span>\u00a0 \u201ek\u00f5ige agressiivsem\u201d, see puhastab k\u00e4\u00e4rsoole.<\/p>\n<p>\u2713 A VETOM <span style=\"color: #ff0000;\">4<\/span> kapslite ja tilkade kujul <span style=\"color: #ff0000;\">4.24<\/span> on k\u00f5ige kiirem ja p\u00f5hjalikum, see t\u00e4idab seda, mida esimesed 3 VETOMi ei teinud, toimides \u201eparandava\u201d t\u00fcvena.<\/p>\n<p>Seega k\u00f5rvaldatakse k\u00f5ikide VETOMide j\u00e4rjestikuse kasutamisega m\u00e4danikuprotsessid soolestikus, kuna see avaldab p\u00fcsivat m\u00f5ju allesj\u00e4\u00e4nud patogeensele taimestikule.<\/p>\n<p>K\u00f5hun\u00e4\u00e4rme ja maksa vabastamisega v\u00f5imaldame kehal ise parandada s\u00fcsteemi, parandada ainevahetust ja toetada \u00fcldist immuunsust.<\/p>\n<p>Tervist!<\/p>\n<p>VETOM <span style=\"color: #ff0000;\">1.1<\/span> tolm, Vetom <span style=\"color: #ff0000;\">1.1<\/span> kapsel, Vetom <span style=\"color: #ff0000;\">1.23<\/span> tilk - sisaldab bakterit\u00fcve Subtilis Bacilluis B-10641<\/p>\n<p>VETOM <span style=\"color: #ff0000;\">2<\/span>, Vetom <span style=\"color: #ff0000;\">2<\/span> kapsel, Vetom <span style=\"color: #ff0000;\">2.25<\/span>\u00a0 Bacillus amyloliquefaciens t\u00fcvi B-10642 (Dsm 24614) ja Bacillus amyloliquefaciens t\u00fcvi B-10643 (Dsm 24615).<\/p>\n<p>Vetom <span style=\"color: #ff0000;\">2.26<\/span>\u00a0 tilk sisaldab Bacillus Subtilis 10641 ja Bacillus amylolique faciens 10643<\/p>\n<p>VETOM <span style=\"color: #ff0000;\">3<\/span>, Vetom <span style=\"color: #ff0000;\">3<\/span> kapsel, Vetom <span style=\"color: #ff0000;\">3.22<\/span> tilk - Bacillus amyloliquefaciens t\u00fcvi B-10642 (Dsm 24614)<\/p>\n<p>VETOM <span style=\"color: #ff0000;\">4<\/span>, Vetom <span style=\"color: #ff0000;\">4<\/span> kapslid v\u00f5i Vetom <span style=\"color: #ff0000;\">4.24<\/span> tilk - Bacillus amyloliquefaciens t\u00fcvi B-10643 (Dsm 24614)<\/p>\n<p>Toote pakend: 500 g pulbri plastpakendites, 50 g pulbri kapslitena v\u00f5i 10 ml vedeliku kujul.<\/p>\n<p>V\u00e4hihaigetele, diabeetikutele, v\u00e4ga halbade seedeprobleemidega patsientidele soovitatakse seda tarbida vedeliku kujul. <span style=\"color: #ff0000;\">1.23<\/span>,Vetom <span style=\"color: #ff0000;\">2.26<\/span>, Vetom <span style=\"color: #ff0000;\">3.22<\/span>, Vetom <span style=\"color: #ff0000;\">4.24<\/span>)<\/p>\n<p>Vetom <span style=\"color: #ff0000;\">1.23<\/span>, Vetom <span style=\"color: #ff0000;\">2.25<\/span>, Vetom <span style=\"color: #ff0000;\">2.26<\/span>, Vetom <span style=\"color: #ff0000;\">3.22<\/span>, Vetom <span style=\"color: #ff0000;\">4.24<\/span> preparaadid on oma toime poolest identsed. Need sisaldavad erinevaid mikroorganisme, mis toimivad soolestikus ja toimetavad erinevaid bioloogiliselt aktiivseid aineid \u00fcmbritsevatesse organitesse. Selle tulemusena on nende \u00fcldine m\u00f5ju inimkehale erinev. Maksimaalse positiivse toime saavutamiseks on soovitatav kasutada k\u00f5iki Vetom tooteid vaheldumisi, et puhastada soolestikku ja patogeensed s\u00fcsteemid tervikuna.<\/p>\n\n\t<div class=\"clearboth\"><\/div>\n<\/div>\n\n\t<\/div>\n\n\t\t<div class=\"clearboth\"><\/div>\n\t<\/div>\n\n<\/div>\n\t<\/div>\n<\/div>\n\n\n\t<div class=\"vc_custom_1675852632641\">\n\n<div id=\"text-block-9\" class=\"mk-text-block  jupiter-donut-\">\n\n\t\n\t<hr \/>\n<h3 style=\"padding-left: 40px;\"><span style=\"color: #9c810c;\"><strong>VETOMi probiootikume saate tellida meie veebisaidil<\/strong>:<\/span><\/h3>\n<p style=\"padding-left: 80px;\"><a href=\"https:\/\/vetomshop.hu\/et\/\">Vetomshop.hu<\/a><\/p>\n<p style=\"padding-left: 80px;\"><a href=\"https:\/\/vetom-egeszsegshop.hu\" target=\"_blank\" rel=\"noopener noreferrer nofollow\">Vetomegeszsegshop.hu<\/a><\/p>\n<p style=\"padding-left: 80px;\"><a href=\"https:\/\/www.facebook.com\/Vetomshop.hu\" target=\"_blank\" rel=\"noopener noreferrer nofollow\">Facebook (Vetom-Ungari)<\/a><\/p>\n<p style=\"padding-left: 40px;\">Emag<\/p>\n<hr \/>\n\n\t<div class=\"clearboth\"><\/div>\n<\/div>\n\n\t<\/div>\n<\/div>\n\t<\/div>\n\n<\/div>","protected":false},"excerpt":{"rendered":"Mi az a Vetom? VETOM\u00a0\u2014 egy nagyon er\u0151s probiotikum, amely helyre\u00e1ll\u00edtja \u00e9s meg\u0151rzi a b\u00e9lny\u00e1lkah\u00e1rtya szerkezet\u00e9t \u00e9s a gyomor mikrofl\u00f3r\u00e1j\u00e1t. Hogyan harcol a Vetom a v\u00edrusos \u00e9s bakteri\u00e1lis fert\u0151z\u00e9sekkel? A Vetom k\u00e9sz\u00edtm\u00e9ny hat\u00f3anyaga a Bacillus subtilis VKPM B 10641 t\u00f6rzs. Az ezen fajokhoz tartoz\u00f3 bakt\u00e9riumok kifejezetten elnyomj\u00e1k a gyomor-b\u00e9l traktuson k\u00edv\u00fcli mikrofl\u00f3ra n\u00f6veked\u00e9s\u00e9t \u00e9s fejl\u0151d\u00e9s\u00e9t [...]","protected":false},"author":1,"featured_media":0,"parent":0,"menu_order":0,"comment_status":"closed","ping_status":"closed","template":"","meta":{"footnotes":""},"class_list":["post-1020","page","type-page","status-publish","hentry"],"_links":{"self":[{"href":"https:\/\/vetomshop.hu\/et\/wp-json\/wp\/v2\/pages\/1020","targetHints":{"allow":["GET"]}}],"collection":[{"href":"https:\/\/vetomshop.hu\/et\/wp-json\/wp\/v2\/pages"}],"about":[{"href":"https:\/\/vetomshop.hu\/et\/wp-json\/wp\/v2\/types\/page"}],"author":[{"embeddable":true,"href":"https:\/\/vetomshop.hu\/et\/wp-json\/wp\/v2\/users\/1"}],"replies":[{"embeddable":true,"href":"https:\/\/vetomshop.hu\/et\/wp-json\/wp\/v2\/comments?post=1020"}],"version-history":[{"count":0,"href":"https:\/\/vetomshop.hu\/et\/wp-json\/wp\/v2\/pages\/1020\/revisions"}],"wp:attachment":[{"href":"https:\/\/vetomshop.hu\/et\/wp-json\/wp\/v2\/media?parent=1020"}],"curies":[{"name":"wp","href":"https:\/\/api.w.org\/{rel}","templated":true}]}}